{"id":34782,"date":"2023-11-03T11:15:57","date_gmt":"2023-11-03T14:15:57","guid":{"rendered":"https:\/\/wpclub.pro\/?post_type=product&#038;p=34782"},"modified":"2024-10-03T12:54:06","modified_gmt":"2024-10-03T15:54:06","slug":"edura-online-courses-and-education-theme","status":"publish","type":"product","link":"https:\/\/wpclub.pro\/en\/item\/edura-online-courses-and-education-theme\/","title":{"rendered":"Edura Online Courses and Education Theme 2.0.0"},"content":{"rendered":"<p>] css=\u00bb.vc_custom_1629733467375{margin-right: 15px !important;padding-top: 30px !important;padding-right: 30px !important;padding-bottom: 30px !important;padding-left: 30px !important;background-color: #f4f4f4 !important;border-radius: 5px !important;}\u00bb width=\u00bb1\/1&#8243; mobile_bg_img_hidden=\u00bbno\u00bb tablet_bg_img_hidden=\u00bbno\u00bb woodmart_parallax=\u00bb0&#8243; woodmart_sticky_column=\u00bbfalse\u00bb parallax_scroll=\u00bbno\u00bb mobile_reset_margin=\u00bbno\u00bb tablet_reset_margin=\u00bbno\u00bb]_text woodmart_inline=\u00bbno\u00bb text_larger=\u00bbno\u00bb]<\/p>\n<h2><strong>Edura Online Courses and Education Theme<\/strong><\/h2>\n<p>&nbsp;<\/p>\n<p>Edura\u00a0WordPress Theme es un tema educativo f\u00e1cil de personalizar y completamente creado con Elementor.\u00a0Todo es Arrastrar y Soltar y no necesitas escribir una sola l\u00ednea de c\u00f3digo.\u00a0Es totalmente compatible con el complemento Tutor LMS Pro.\u00a0Tiene soporte completo para WooCommerce, Zoom, Gesti\u00f3n de eventos, MailChimp, Contact Form 7, CMB2, Redux Framework, One Click Demo Import, GDPR Complaint, WPML, Yoast SEO y Cookie Notice.<\/p>\n<h4><strong>Edura es totalmente compatible<\/strong><\/h4>\n<p>Edura sobre un marco robusto que garantiza su perfecto funcionamiento. Eligieron utilizar el marco Underscores, por lo que este tema es totalmente responsivo y compatible con dispositivos m\u00f3viles.\u00a0Tambi\u00e9n es totalmente compatible con la \u00faltima\u00a0versi\u00f3n\u00a0de Bootstrap .\u00a0Por lo tanto, sus usuarios pueden utilizar los dispositivos que quieran.<\/p>\n<h4 id=\"item-description__-features\">Caracter\u00edsticas\u00a0de Edura Theme:<\/h4>\n<ul>\n<li>Complemento LMS Tutor Pro<\/li>\n<li>Reuni\u00f3n Zoom integrada<\/li>\n<li>Venta de contenido de cursos de v\u00eddeo en l\u00ednea<\/li>\n<li>Complemento m\u00e1s popular\u00a0<em>LMS Pro<\/em>\u00a0Tutor<\/li>\n<li>Integr\u00e9 la\u00a0reuni\u00f3n de Zoom<\/li>\n<li>Inicio de sesi\u00f3n y registro de tutores<\/li>\n<li>Inicio de sesi\u00f3n y registro de instructor<\/li>\n<li>Cursos Acceso e Inscripci\u00f3n<\/li>\n<li>Generador de p\u00e1ginas de arrastrar y soltar incluido \u2013 Elementor<\/li>\n<li>Responsivo y compatible con dispositivos m\u00f3viles.<\/li>\n<li>Compatible con SEO<\/li>\n<li>Combinaciones de colores ilimitadas.<\/li>\n<li>Personalizador incluido para que puedas cambiar la opci\u00f3n del tema en tiempo real<\/li>\n<li>Potente panel de administraci\u00f3n de Redux.<\/li>\n<li>Good y GTMartix tienen una velocidad de p\u00e1gina m\u00e1s r\u00e1pida<\/li>\n<li>WooCommerce integrado<\/li>\n<li>Importador de demostraci\u00f3n con un clic<\/li>\n<li>Dise\u00f1o limpio, moderno y de tendencia.<\/li>\n<li>\u00a1Actualizaciones gratuitas de por vida!<\/li>\n<li>Tema infantil incluido.<\/li>\n<li>Admite todos los navegadores modernos Chrome, Safari, Firefox, IE11+.<\/li>\n<li>Compatible con traducci\u00f3n WPML (tambi\u00e9n se incluye el archivo pot)<\/li>\n<li>Soporte r\u00e1pido y r\u00e1pido<\/li>\n<li>Fuente web de Google<\/li>\n<li>Basado completamente en capas<\/li>\n<li>Grupo y capas bien organizados.<\/li>\n<li>Todos los archivos de ilustraci\u00f3n incluidos.<\/li>\n<li>Personalizaci\u00f3n total<\/li>\n<li>Impresionante dise\u00f1o de cartera.<\/li>\n<li>Dise\u00f1o creativo<\/li>\n<li>Borrar dise\u00f1o de blog.<\/li>\n<li>Interfaz de usuario moderna y dise\u00f1o \u00fanico<\/li>\n<li>Listo para codificar<\/li>\n<li>Buena combinaci\u00f3n de colores<\/li>\n<li>Capas bien organizadas<\/li>\n<li>P\u00edxel perfecto<\/li>\n<li>Basado en el marco Bootstrap 5<\/li>\n<li>C\u00f3digo optimizado para SEO<\/li>\n<li>Soporte de megamen\u00fa<\/li>\n<li>Fuente Impresionante 5 Pro<\/li>\n<li>Dise\u00f1o limpio y moderno<\/li>\n<li>Control deslizante moderno y elegante<\/li>\n<li>Animaci\u00f3n creativa<\/li>\n<li>Filtrado de is\u00f3topos<\/li>\n<li>Compatibilidad del navegador<\/li>\n<li>\u00a1GUAU Animaci\u00f3n!<\/li>\n<li>Archivo SASS incluido<\/li>\n<li>100% Responsivo<\/li>\n<li>F\u00e1cil de personalizar<\/li>\n<li>C\u00f3digo validado W3<\/li>\n<\/ul>\n<p>y mas!<\/p>\n<p>Adquiera ahora Edura Online Courses and Education Theme.[\/vc_column_text][\/vc_column][\/vc_row] css=\u00bb.vc_custom_1629733150529{margin-top: 30px !important;}\u00bb mobile_bg_img_hidden=\u00bbno\u00bb tablet_bg_img_hidden=\u00bbno\u00bb woodmart_parallax=\u00bb0&#8243; woodmart_gradient_switch=\u00bbno\u00bb row_reverse_mobile=\u00bb0&#8243; row_reverse_tablet=\u00bb0&#8243; woodmart_disable_overflow=\u00bb0&#8243;] css=\u00bb.vc_custom_1629733167411{background-color: #f4f4f4 !important;border-radius: 5px !important;}\u00bb mobile_bg_img_hidden=\u00bbno\u00bb tablet_bg_img_hidden=\u00bbno\u00bb woodmart_parallax=\u00bb0&#8243; woodmart_sticky_column=\u00bbfalse\u00bb parallax_scroll=\u00bbno\u00bb mobile_reset_margin=\u00bbno\u00bb tablet_reset_margin=\u00bbno\u00bb]_text woodmart_inline=\u00bbno\u00bb text_larger=\u00bbno\u00bb]<\/p>\n<p style=\"text-align: center;\">Los productos publicados en el sitio son distribuimos bajo licenciamiento <a href=\"https:\/\/www.gnu.org\/licenses\/licenses.es.html\" target=\"_blank\" rel=\"noopener\" data-schema-attribute=\"\"><strong>GPL \/ GNU<\/strong><\/a>. Recuerda siempre revisar nuestros <strong><a href=\"https:\/\/wpclub.pro\/terminos-de-uso\/\" target=\"_blank\" rel=\"noopener\" data-schema-attribute=\"\">T\u00e9rminos de Uso<\/a><\/strong> y <strong><a href=\"https:\/\/wpclub.pro\/politica-de-privacidad\/\" target=\"_blank\" rel=\"noopener\" data-schema-attribute=\"\">Pol\u00edtica de Privacidad<\/a><\/strong>.<\/p>\n<p>[\/vc_column_text][\/vc_column][\/vc_row]<\/p>\n","protected":false},"excerpt":{"rendered":"<p>] css=\u00bb.vc_custom_1629733467375{margin-right: 15px !important;padding-top: 30px !important;padding-right: 30px !important;padding-bottom: 30px !important;padding-left: 30px !important;background-color: #f4f4f4 !important;border-radius: 5px !important;}\u00bb width=\u00bb1\/1&#8243; mobile_bg_img_hidden=\u00bbno\u00bb tablet_bg_img_hidden=\u00bbno\u00bb woodmart_parallax=\u00bb0&#8243;<\/p>","protected":false},"featured_media":34783,"comment_status":"closed","ping_status":"closed","template":"","meta":{"_acf_changed":false},"product_brand":[],"product_cat":[15],"product_tag":[486],"class_list":{"0":"post-34782","1":"product","2":"type-product","3":"status-publish","4":"has-post-thumbnail","6":"product_cat-wordpress-themes","7":"product_tag-temas-para-educacion-y-formacion","8":"pa_autores-themeforest","10":"first","11":"instock","12":"sale","13":"downloadable","14":"virtual","15":"sold-individually","16":"purchasable","17":"product-type-simple"},"acf":[],"_links":{"self":[{"href":"https:\/\/wpclub.pro\/en\/wp-json\/wp\/v2\/product\/34782","targetHints":{"allow":["GET"]}}],"collection":[{"href":"https:\/\/wpclub.pro\/en\/wp-json\/wp\/v2\/product"}],"about":[{"href":"https:\/\/wpclub.pro\/en\/wp-json\/wp\/v2\/types\/product"}],"replies":[{"embeddable":true,"href":"https:\/\/wpclub.pro\/en\/wp-json\/wp\/v2\/comments?post=34782"}],"version-history":[{"count":0,"href":"https:\/\/wpclub.pro\/en\/wp-json\/wp\/v2\/product\/34782\/revisions"}],"wp:featuredmedia":[{"embeddable":true,"href":"https:\/\/wpclub.pro\/en\/wp-json\/wp\/v2\/media\/34783"}],"wp:attachment":[{"href":"https:\/\/wpclub.pro\/en\/wp-json\/wp\/v2\/media?parent=34782"}],"wp:term":[{"taxonomy":"product_brand","embeddable":true,"href":"https:\/\/wpclub.pro\/en\/wp-json\/wp\/v2\/product_brand?post=34782"},{"taxonomy":"product_cat","embeddable":true,"href":"https:\/\/wpclub.pro\/en\/wp-json\/wp\/v2\/product_cat?post=34782"},{"taxonomy":"product_tag","embeddable":true,"href":"https:\/\/wpclub.pro\/en\/wp-json\/wp\/v2\/product_tag?post=34782"}],"curies":[{"name":"wp","href":"https:\/\/api.w.org\/{rel}","templated":true}]}}