{"id":34914,"date":"2023-11-08T11:35:08","date_gmt":"2023-11-08T14:35:08","guid":{"rendered":"https:\/\/wpclub.pro\/?post_type=product&#038;p=34914"},"modified":"2025-08-22T20:19:42","modified_gmt":"2025-08-23T00:19:42","slug":"gmaper-google-maps-for-elementor","status":"publish","type":"product","link":"https:\/\/wpclub.pro\/en\/item\/gmaper-google-maps-for-elementor\/","title":{"rendered":"GMaper Google Maps for Elementor 1.0.5"},"content":{"rendered":"<p>] css=\u00bb.vc_custom_1629733467375{margin-right: 15px !important;padding-top: 30px !important;padding-right: 30px !important;padding-bottom: 30px !important;padding-left: 30px !important;background-color: #f4f4f4 !important;border-radius: 5px !important;}\u00bb width=\u00bb1\/1&#8243; mobile_bg_img_hidden=\u00bbno\u00bb tablet_bg_img_hidden=\u00bbno\u00bb woodmart_parallax=\u00bb0&#8243; woodmart_sticky_column=\u00bbfalse\u00bb parallax_scroll=\u00bbno\u00bb mobile_reset_margin=\u00bbno\u00bb tablet_reset_margin=\u00bbno\u00bb]_text woodmart_inline=\u00bbno\u00bb text_larger=\u00bbno\u00bb]<\/p>\n<h2><strong>GMaper Google Maps for Elementor<\/strong><\/h2>\n<p>&nbsp;<\/p>\n<p>Gmaper es un complemento de WordPress para agregar mapas extendidos de Google sin utilizar iframes ni conocimientos de c\u00f3digo.\u00a0Proporciona un proceso f\u00e1cil y r\u00e1pido para crear marcadores, leyendas, estilos de mapas ilimitados y personalizar otras configuraciones.<\/p>\n<p>El widget de mapa puede mejorar cualquier sitio, ya sea un blog de viajeros que visitan lugares de todo el mundo, una empresa comercial con m\u00faltiples ubicaciones o una agencia de bienes ra\u00edces que muestra las caracter\u00edsticas clave del \u00e1rea.<\/p>\n<h4>Completo y con muchas opciones<\/h4>\n<p>GMaper Google Maps for Elementor incluye muchas funciones \u00fatiles para cubrir la mayor\u00eda de sus necesidades al crear su propio bloque de ubicaci\u00f3n. Puede crear la cantidad requerida de marcadores especificando la longitud y la latitud, usar una imagen personalizada como marcador, agregar t\u00edtulo y descripci\u00f3n, personalizar sus estilos de visualizaci\u00f3n de acuerdo con los requisitos.<\/p>\n<p>El Gmaper proporciona m\u00e1s informaci\u00f3n con leyendas, explicaci\u00f3n para sus visitantes sobre la ubicaci\u00f3n o interpretaci\u00f3n del mapa.\u00a0Administre varias opciones de visualizaci\u00f3n de mapas mediante alternancias simples como tipo de mapa, vista de calle, controles de zoom, mostrar leyenda, superposici\u00f3n y muchas otras.\u00a0Adem\u00e1s, puede especificar el tipo de mapa y seleccionar uno de los estilos de visualizaci\u00f3n disponibles o utilizar uno personalizado mediante c\u00f3digo JSON.<\/p>\n<h3 id=\"item-description__features-of-the-gmaper-plugin-for-elementor\"><strong>Caracter\u00edsticas de GMaper Google Maps for Elementor<\/strong><\/h3>\n<ul>\n<li>Admite la detecci\u00f3n autom\u00e1tica de la ubicaci\u00f3n del usuario<\/li>\n<li>Usar longitud y latitud para especificar una ubicaci\u00f3n<\/li>\n<li>Admite cuatro tipos de mapas: mapa de carreteras, sat\u00e9lite, terreno, h\u00edbrido<\/li>\n<li>Incluye leyendas de mapas.<\/li>\n<li>M\u00faltiples marcadores para un mapa<\/li>\n<li>Muchas opciones de mapas muestran configuraciones<\/li>\n<li>Capacidad para crear mapas ilimitados<\/li>\n<li>6 estilos de visualizaci\u00f3n de mapas predefinidos<\/li>\n<li>Admite estilo de mapa personalizado<\/li>\n<li>Responsivo y amigable para cualquier dispositivo<\/li>\n<li>Fuentes, colores, bordes, fondos, etc. personalizables.<\/li>\n<li>Configuraci\u00f3n de capacidad de respuesta<\/li>\n<li>Funciona bien con todos los temas de WordPress creados en Elementor<\/li>\n<li>Totalmente compatible con SEO<\/li>\n<li>Archivo pot incluido para una traducci\u00f3n r\u00e1pida en cualquier idioma<\/li>\n<li>Perfecto para direcci\u00f3n RTL<\/li>\n<li>Instalaci\u00f3n r\u00e1pida y sin problemas<\/li>\n<li>Probado y compatible hasta WordPress 5+<\/li>\n<li>Ligero y r\u00e1pido<\/li>\n<li>Todos los principales navegadores son compatibles con Chrome, Firefox, Safari, Opera y Edge.<\/li>\n<li>F\u00e1cil de usar y personalizar con una interfaz de usuario moderna<\/li>\n<li>Gu\u00eda de instalaci\u00f3n y manual de usuario detallado<\/li>\n<\/ul>\n<p>&nbsp;<\/p>\n<p>Adquiera ahora GMaper Google Maps for Elementor.[\/vc_column_text][\/vc_column][\/vc_row] css=\u00bb.vc_custom_1629733150529{margin-top: 30px !important;}\u00bb mobile_bg_img_hidden=\u00bbno\u00bb tablet_bg_img_hidden=\u00bbno\u00bb woodmart_parallax=\u00bb0&#8243; woodmart_gradient_switch=\u00bbno\u00bb row_reverse_mobile=\u00bb0&#8243; row_reverse_tablet=\u00bb0&#8243; woodmart_disable_overflow=\u00bb0&#8243;] css=\u00bb.vc_custom_1629733167411{background-color: #f4f4f4 !important;border-radius: 5px !important;}\u00bb mobile_bg_img_hidden=\u00bbno\u00bb tablet_bg_img_hidden=\u00bbno\u00bb woodmart_parallax=\u00bb0&#8243; woodmart_sticky_column=\u00bbfalse\u00bb parallax_scroll=\u00bbno\u00bb mobile_reset_margin=\u00bbno\u00bb tablet_reset_margin=\u00bbno\u00bb]_text woodmart_inline=\u00bbno\u00bb text_larger=\u00bbno\u00bb]<\/p>\n<p style=\"text-align: center;\">Los productos publicados en el sitio son distribuimos bajo licenciamiento <a href=\"https:\/\/www.gnu.org\/licenses\/licenses.es.html\" target=\"_blank\" rel=\"noopener\" data-schema-attribute=\"\"><strong>GPL \/ GNU<\/strong><\/a>. Recuerda siempre revisar nuestros <strong><a href=\"https:\/\/wpclub.pro\/terminos-de-uso\/\" target=\"_blank\" rel=\"noopener\" data-schema-attribute=\"\">T\u00e9rminos de Uso<\/a><\/strong> y <strong><a href=\"https:\/\/wpclub.pro\/politica-de-privacidad\/\" target=\"_blank\" rel=\"noopener\" data-schema-attribute=\"\">Pol\u00edtica de Privacidad<\/a><\/strong>.<\/p>\n<p>[\/vc_column_text][\/vc_column][\/vc_row]<\/p>\n","protected":false},"excerpt":{"rendered":"<p>] css=\u00bb.vc_custom_1629733467375{margin-right: 15px !important;padding-top: 30px !important;padding-right: 30px !important;padding-bottom: 30px !important;padding-left: 30px !important;background-color: #f4f4f4 !important;border-radius: 5px !important;}\u00bb width=\u00bb1\/1&#8243; mobile_bg_img_hidden=\u00bbno\u00bb tablet_bg_img_hidden=\u00bbno\u00bb woodmart_parallax=\u00bb0&#8243;<\/p>","protected":false},"featured_media":34917,"comment_status":"closed","ping_status":"closed","template":"","meta":{"_acf_changed":false},"product_brand":[],"product_cat":[67],"product_tag":[183],"class_list":{"0":"post-34914","1":"product","2":"type-product","3":"status-publish","4":"has-post-thumbnail","6":"product_cat-wordpress-plugins","7":"product_tag-plugins-para-descargas-y-mapas","8":"pa_autores-codecanyon","10":"first","11":"instock","12":"sale","13":"downloadable","14":"virtual","15":"sold-individually","16":"purchasable","17":"product-type-simple"},"acf":[],"_links":{"self":[{"href":"https:\/\/wpclub.pro\/en\/wp-json\/wp\/v2\/product\/34914","targetHints":{"allow":["GET"]}}],"collection":[{"href":"https:\/\/wpclub.pro\/en\/wp-json\/wp\/v2\/product"}],"about":[{"href":"https:\/\/wpclub.pro\/en\/wp-json\/wp\/v2\/types\/product"}],"replies":[{"embeddable":true,"href":"https:\/\/wpclub.pro\/en\/wp-json\/wp\/v2\/comments?post=34914"}],"version-history":[{"count":0,"href":"https:\/\/wpclub.pro\/en\/wp-json\/wp\/v2\/product\/34914\/revisions"}],"wp:featuredmedia":[{"embeddable":true,"href":"https:\/\/wpclub.pro\/en\/wp-json\/wp\/v2\/media\/34917"}],"wp:attachment":[{"href":"https:\/\/wpclub.pro\/en\/wp-json\/wp\/v2\/media?parent=34914"}],"wp:term":[{"taxonomy":"product_brand","embeddable":true,"href":"https:\/\/wpclub.pro\/en\/wp-json\/wp\/v2\/product_brand?post=34914"},{"taxonomy":"product_cat","embeddable":true,"href":"https:\/\/wpclub.pro\/en\/wp-json\/wp\/v2\/product_cat?post=34914"},{"taxonomy":"product_tag","embeddable":true,"href":"https:\/\/wpclub.pro\/en\/wp-json\/wp\/v2\/product_tag?post=34914"}],"curies":[{"name":"wp","href":"https:\/\/api.w.org\/{rel}","templated":true}]}}