{"id":34929,"date":"2023-11-08T12:46:37","date_gmt":"2023-11-08T15:46:37","guid":{"rendered":"https:\/\/wpclub.pro\/?post_type=product&#038;p=34929"},"modified":"2024-10-03T12:54:05","modified_gmt":"2024-10-03T15:54:05","slug":"creativeily-superb-themes","status":"publish","type":"product","link":"https:\/\/wpclub.pro\/en\/item\/creativeily-superb-themes\/","title":{"rendered":"Creativeily Superb Themes 116.4"},"content":{"rendered":"<p>] css=\u00bb.vc_custom_1629733467375{margin-right: 15px !important;padding-top: 30px !important;padding-right: 30px !important;padding-bottom: 30px !important;padding-left: 30px !important;background-color: #f4f4f4 !important;border-radius: 5px !important;}\u00bb width=\u00bb1\/1&#8243; mobile_bg_img_hidden=\u00bbno\u00bb tablet_bg_img_hidden=\u00bbno\u00bb woodmart_parallax=\u00bb0&#8243; woodmart_sticky_column=\u00bbfalse\u00bb parallax_scroll=\u00bbno\u00bb mobile_reset_margin=\u00bbno\u00bb tablet_reset_margin=\u00bbno\u00bb]_text woodmart_inline=\u00bbno\u00bb text_larger=\u00bbno\u00bb]<\/p>\n<h2><strong>Creativeily Superb Themes<\/strong><\/h2>\n<p>&nbsp;<\/p>\n<p>Sencillo, bonito, f\u00e1cil de usar y totalmente personalizable. Creativeily es ultrarr\u00e1pido y est\u00e1 optimizado para SEO para ayudarte a ocupar el puesto n\u00famero 1 en Google y conseguir visitantes f\u00e1cilmente.<\/p>\n<h4><strong>Funciones premium<\/strong><\/h4>\n<p>Aproveche al m\u00e1ximo las funciones premium de Creativeily y cree un sitio web hermoso f\u00e1cilmente, sin necesidad de codificaci\u00f3n.<\/p>\n<ul>\n<li><strong>Obtenga tr\u00e1fico gratis<\/strong><br \/>\nObtenga tr\u00e1fico gratuito ocupando el puesto n\u00famero 1 en Google con un tema ultrarr\u00e1pido y optimizado para SEO.<\/li>\n<li><strong>Dise\u00f1o con 1 clic<\/strong><br \/>\n\u00bfNo tienes ganas de dise\u00f1ar tu sitio web? El tema ofrece importaci\u00f3n de dise\u00f1o de sitios web con 1 clic. prueba ahora.<\/li>\n<li><strong>Personaliza todo<\/strong><br \/>\nHaga que su sitio web sea \u00fanico y se adapte a su marca. Personaliza todo, desde colores hasta fuentes.<\/li>\n<\/ul>\n<h3><strong>Todas las funciones premium que necesitar\u00e1s<\/strong><\/h3>\n<p>Utilice Creativeily y desbloquee todas las funciones que necesitar\u00e1 para crear su sitio web.<\/p>\n<ul>\n<li>Personalizar logotipo y t\u00edtulo\/eslogan<\/li>\n<li>Color de fondo del encabezado<\/li>\n<li>Listo para la traducci\u00f3n<\/li>\n<li>Imagen de encabezado \u00fanica para todas las p\u00e1ginas<\/li>\n<li>Totalmente optimizado para SEO<\/li>\n<li>Personalizar todas las fuentes<\/li>\n<li>Personaliza todos los colores<\/li>\n<li>Contenido de demostraci\u00f3n importable<\/li>\n<li>Reemplazar texto de derechos de autor<\/li>\n<li>Compatible con elementos<\/li>\n<li>Acceda a todos los temas infantiles<\/li>\n<li>Atenci\u00f3n al cliente y documentaci\u00f3n<\/li>\n<li>Soporte para m\u00faltiples sitios web<\/li>\n<li>Ocultar logotipo<\/li>\n<li>Ocultar texto del encabezado<\/li>\n<li>Ocultar navegaci\u00f3n<\/li>\n<li>Eliminar &#8216;Etiqueta&#8217; del t\u00edtulo de la p\u00e1gina de etiquetas<\/li>\n<li>Eliminar &#8216;Autor&#8217; del t\u00edtulo de la p\u00e1gina del autor<\/li>\n<li>Eliminar &#8216;Categor\u00eda&#8217; del t\u00edtulo de la p\u00e1gina del autor<\/li>\n<li>Imagen de encabezado de p\u00e1gina 404 personalizada<\/li>\n<li>Imagen de encabezado de p\u00e1gina de categor\u00edas<\/li>\n<li>Imagen de encabezado de publicaciones predeterminadas<\/li>\n<li>Imagen de encabezado de p\u00e1gina<\/li>\n<\/ul>\n<p>&nbsp;<\/p>\n<p>Adquiera ahora Creativeily Superb Themes.[\/vc_column_text][\/vc_column][\/vc_row] css=\u00bb.vc_custom_1629733150529{margin-top: 30px !important;}\u00bb mobile_bg_img_hidden=\u00bbno\u00bb tablet_bg_img_hidden=\u00bbno\u00bb woodmart_parallax=\u00bb0&#8243; woodmart_gradient_switch=\u00bbno\u00bb row_reverse_mobile=\u00bb0&#8243; row_reverse_tablet=\u00bb0&#8243; woodmart_disable_overflow=\u00bb0&#8243;] css=\u00bb.vc_custom_1629733167411{background-color: #f4f4f4 !important;border-radius: 5px !important;}\u00bb mobile_bg_img_hidden=\u00bbno\u00bb tablet_bg_img_hidden=\u00bbno\u00bb woodmart_parallax=\u00bb0&#8243; woodmart_sticky_column=\u00bbfalse\u00bb parallax_scroll=\u00bbno\u00bb mobile_reset_margin=\u00bbno\u00bb tablet_reset_margin=\u00bbno\u00bb]_text woodmart_inline=\u00bbno\u00bb text_larger=\u00bbno\u00bb]<\/p>\n<p style=\"text-align: center;\">Los productos publicados en el sitio son distribuimos bajo licenciamiento <a href=\"https:\/\/www.gnu.org\/licenses\/licenses.es.html\" target=\"_blank\" rel=\"noopener\" data-schema-attribute=\"\"><strong>GPL \/ GNU<\/strong><\/a>. Recuerda siempre revisar nuestros <strong><a href=\"https:\/\/wpclub.pro\/terminos-de-uso\/\" target=\"_blank\" rel=\"noopener\" data-schema-attribute=\"\">T\u00e9rminos de Uso<\/a><\/strong> y <strong><a href=\"https:\/\/wpclub.pro\/politica-de-privacidad\/\" target=\"_blank\" rel=\"noopener\" data-schema-attribute=\"\">Pol\u00edtica de Privacidad<\/a><\/strong>.<\/p>\n<p>[\/vc_column_text][\/vc_column][\/vc_row]<\/p>\n","protected":false},"excerpt":{"rendered":"<p>] css=\u00bb.vc_custom_1629733467375{margin-right: 15px !important;padding-top: 30px !important;padding-right: 30px !important;padding-bottom: 30px !important;padding-left: 30px !important;background-color: #f4f4f4 !important;border-radius: 5px !important;}\u00bb width=\u00bb1\/1&#8243; mobile_bg_img_hidden=\u00bbno\u00bb tablet_bg_img_hidden=\u00bbno\u00bb woodmart_parallax=\u00bb0&#8243;<\/p>","protected":false},"featured_media":34930,"comment_status":"closed","ping_status":"closed","template":"","meta":{"_acf_changed":false},"product_brand":[],"product_cat":[15],"product_tag":[420],"class_list":{"0":"post-34929","1":"product","2":"type-product","3":"status-publish","4":"has-post-thumbnail","6":"product_cat-wordpress-themes","7":"product_tag-temas-para-agencias-digitales-y-creativas","8":"pa_autores-superb-themes","10":"first","11":"instock","12":"sale","13":"downloadable","14":"virtual","15":"sold-individually","16":"purchasable","17":"product-type-simple"},"acf":[],"_links":{"self":[{"href":"https:\/\/wpclub.pro\/en\/wp-json\/wp\/v2\/product\/34929","targetHints":{"allow":["GET"]}}],"collection":[{"href":"https:\/\/wpclub.pro\/en\/wp-json\/wp\/v2\/product"}],"about":[{"href":"https:\/\/wpclub.pro\/en\/wp-json\/wp\/v2\/types\/product"}],"replies":[{"embeddable":true,"href":"https:\/\/wpclub.pro\/en\/wp-json\/wp\/v2\/comments?post=34929"}],"version-history":[{"count":0,"href":"https:\/\/wpclub.pro\/en\/wp-json\/wp\/v2\/product\/34929\/revisions"}],"wp:featuredmedia":[{"embeddable":true,"href":"https:\/\/wpclub.pro\/en\/wp-json\/wp\/v2\/media\/34930"}],"wp:attachment":[{"href":"https:\/\/wpclub.pro\/en\/wp-json\/wp\/v2\/media?parent=34929"}],"wp:term":[{"taxonomy":"product_brand","embeddable":true,"href":"https:\/\/wpclub.pro\/en\/wp-json\/wp\/v2\/product_brand?post=34929"},{"taxonomy":"product_cat","embeddable":true,"href":"https:\/\/wpclub.pro\/en\/wp-json\/wp\/v2\/product_cat?post=34929"},{"taxonomy":"product_tag","embeddable":true,"href":"https:\/\/wpclub.pro\/en\/wp-json\/wp\/v2\/product_tag?post=34929"}],"curies":[{"name":"wp","href":"https:\/\/api.w.org\/{rel}","templated":true}]}}