{"id":34979,"date":"2023-11-09T11:16:45","date_gmt":"2023-11-09T14:16:45","guid":{"rendered":"https:\/\/wpclub.pro\/?post_type=product&#038;p=34979"},"modified":"2024-10-03T12:54:05","modified_gmt":"2024-10-03T15:54:05","slug":"pisces-multi-concept-creative-theme","status":"publish","type":"product","link":"https:\/\/wpclub.pro\/en\/item\/pisces-multi-concept-creative-theme\/","title":{"rendered":"Pisces Multi Concept Creative Theme 2.4.0"},"content":{"rendered":"<p>] css=\u00bb.vc_custom_1629733467375{margin-right: 15px !important;padding-top: 30px !important;padding-right: 30px !important;padding-bottom: 30px !important;padding-left: 30px !important;background-color: #f4f4f4 !important;border-radius: 5px !important;}\u00bb width=\u00bb1\/1&#8243; mobile_bg_img_hidden=\u00bbno\u00bb tablet_bg_img_hidden=\u00bbno\u00bb woodmart_parallax=\u00bb0&#8243; woodmart_sticky_column=\u00bbfalse\u00bb parallax_scroll=\u00bbno\u00bb mobile_reset_margin=\u00bbno\u00bb tablet_reset_margin=\u00bbno\u00bb]_text woodmart_inline=\u00bbno\u00bb text_larger=\u00bbno\u00bb]<\/p>\n<h2><strong>Pisces Multi Concept Creative Theme<\/strong><\/h2>\n<p>&nbsp;<\/p>\n<p>Pisces es un tema vers\u00e1til que se puede utilizar para una variedad de prop\u00f3sitos creativos. Incluye m\u00faltiples dise\u00f1os conceptuales, dise\u00f1os y funciones personalizables y una est\u00e9tica moderna y limpia. Ya sea que sea un profesional independiente o propietario de un negocio, Pisces puede ayudarlo a crear una presencia digital profesional y llamativa.<\/p>\n<h3 id=\"item-description__general-features\"><strong>Caracter\u00edsticas generales de Pisces Multi Concept Creative Theme<\/strong><\/h3>\n<ul>\n<li>20 demostraciones \u00fanicas, organizadas individualmente y bien administradas como conjuntos diferentes.\u00a0Puede mezclar a\u00fan m\u00e1s cualquier componente en cualquier variante.\u00a0Completa libertad creativa para ti.<\/li>\n<li>6+ Dise\u00f1o de encabezado<\/li>\n<li>Dise\u00f1o m\u00f3vil de encabezado definitivo<\/li>\n<li>Dise\u00f1o de pie de p\u00e1gina definitivo<\/li>\n<li>M\u00e1s de 10 combinaciones de dise\u00f1o de blog (mamposter\u00eda, ce\u00f1ido, control deslizante\u2026.)<\/li>\n<li>M\u00e1s de 10 combinaciones de dise\u00f1os de portafolios (mamposter\u00eda, ce\u00f1ida, control deslizante\u2026.)<\/li>\n<li>M\u00e1s de 6 dise\u00f1os de elementos individuales de cartera<\/li>\n<li>5+ estilo de visualizaci\u00f3n de testimonios<\/li>\n<li>M\u00e1s de 5 estilos de visualizaci\u00f3n de miembros del equipo<\/li>\n<li>02 Pr\u00f3ximamente Estilo<\/li>\n<li>Soporte de una p\u00e1gina<\/li>\n<li>Listo para retina<\/li>\n<li>Velocidad del optimizador<\/li>\n<li>Soporte RTL<\/li>\n<li>MegaMen\u00fa listo<\/li>\n<li>Instalaci\u00f3n de demostraci\u00f3n con un clic<\/li>\n<li>Cambiar el dise\u00f1o del encabezado (men\u00fa principal\/pie de p\u00e1gina) de una p\u00e1gina a otra (publicaci\u00f3n a publicaci\u00f3n&#8230;)<\/li>\n<li>Potente interfaz de administraci\u00f3n<\/li>\n<li>Altamente personalizable<\/li>\n<li>Complemento responsivo de WordPress Slider Revolution (valor de $ 26)<\/li>\n<li>Creador de p\u00e1ginas WPBakery (valor de $46)<\/li>\n<li>Creador de p\u00e1ginas de arrastrar y soltar f\u00e1cil de usar<\/li>\n<li>Logotipo de encabezado separado para las versiones est\u00e1ndar, fija y m\u00f3vil<\/li>\n<li>Formatos de publicaci\u00f3n personalizados: Galer\u00eda, Cita, Enlace, Audio, Video<\/li>\n<li>Soporte de tipo de publicaci\u00f3n personalizada<\/li>\n<\/ul>\n<ul>\n<li>portafolio<\/li>\n<li>Testimonial<\/li>\n<li>Nuestro equipo<\/li>\n<li>Bloque personalizado<\/li>\n<li>Funcionalidad de compartir en redes sociales<\/li>\n<li>Widget de iconos sociales<\/li>\n<li>C\u00f3digos cortos de cartera<\/li>\n<li>M\u00faltiples opciones de p\u00e1gina<\/li>\n<li>Secciones de fondo de paralaje<\/li>\n<li>Google Maps se integra<\/li>\n<li>Opciones de estilo para elementos.<\/li>\n<li>Personalizaci\u00f3n de p\u00e1gina 404<\/li>\n<li>Volver arriba<\/li>\n<li>Tema infantil incluido para ayudarte a aprovecharlo al m\u00e1ximo.<\/li>\n<li>\u00bfOpciones de tema impulsadas por WordPress?\u00a0Personalizador<\/li>\n<li>Contenido de demostraci\u00f3n con im\u00e1genes reales.<\/li>\n<li>y m\u00e1s<\/li>\n<\/ul>\n<p>&nbsp;<\/p>\n<p>Adquiera ahora Pisces Multi Concept Creative Theme.[\/vc_column_text][\/vc_column][\/vc_row] css=\u00bb.vc_custom_1629733150529{margin-top: 30px !important;}\u00bb mobile_bg_img_hidden=\u00bbno\u00bb tablet_bg_img_hidden=\u00bbno\u00bb woodmart_parallax=\u00bb0&#8243; woodmart_gradient_switch=\u00bbno\u00bb row_reverse_mobile=\u00bb0&#8243; row_reverse_tablet=\u00bb0&#8243; woodmart_disable_overflow=\u00bb0&#8243;] css=\u00bb.vc_custom_1629733167411{background-color: #f4f4f4 !important;border-radius: 5px !important;}\u00bb mobile_bg_img_hidden=\u00bbno\u00bb tablet_bg_img_hidden=\u00bbno\u00bb woodmart_parallax=\u00bb0&#8243; woodmart_sticky_column=\u00bbfalse\u00bb parallax_scroll=\u00bbno\u00bb mobile_reset_margin=\u00bbno\u00bb tablet_reset_margin=\u00bbno\u00bb]_text woodmart_inline=\u00bbno\u00bb text_larger=\u00bbno\u00bb]<\/p>\n<p style=\"text-align: center;\">Los productos publicados en el sitio son distribuimos bajo licenciamiento <a href=\"https:\/\/www.gnu.org\/licenses\/licenses.es.html\" target=\"_blank\" rel=\"noopener\" data-schema-attribute=\"\"><strong>GPL \/ GNU<\/strong><\/a>. Recuerda siempre revisar nuestros <strong><a href=\"https:\/\/wpclub.pro\/terminos-de-uso\/\" target=\"_blank\" rel=\"noopener\" data-schema-attribute=\"\">T\u00e9rminos de Uso<\/a><\/strong> y <strong><a href=\"https:\/\/wpclub.pro\/politica-de-privacidad\/\" target=\"_blank\" rel=\"noopener\" data-schema-attribute=\"\">Pol\u00edtica de Privacidad<\/a><\/strong>.<\/p>\n<p>[\/vc_column_text][\/vc_column][\/vc_row]<\/p>\n","protected":false},"excerpt":{"rendered":"<p>] css=\u00bb.vc_custom_1629733467375{margin-right: 15px !important;padding-top: 30px !important;padding-right: 30px !important;padding-bottom: 30px !important;padding-left: 30px !important;background-color: #f4f4f4 !important;border-radius: 5px !important;}\u00bb width=\u00bb1\/1&#8243; mobile_bg_img_hidden=\u00bbno\u00bb tablet_bg_img_hidden=\u00bbno\u00bb woodmart_parallax=\u00bb0&#8243;<\/p>","protected":false},"featured_media":34980,"comment_status":"closed","ping_status":"closed","template":"","meta":{"_acf_changed":false},"product_brand":[],"product_cat":[15],"product_tag":[420],"class_list":{"0":"post-34979","1":"product","2":"type-product","3":"status-publish","4":"has-post-thumbnail","6":"product_cat-wordpress-themes","7":"product_tag-temas-para-agencias-digitales-y-creativas","8":"pa_autores-themeforest","10":"first","11":"instock","12":"sale","13":"downloadable","14":"virtual","15":"sold-individually","16":"purchasable","17":"product-type-simple"},"acf":[],"_links":{"self":[{"href":"https:\/\/wpclub.pro\/en\/wp-json\/wp\/v2\/product\/34979","targetHints":{"allow":["GET"]}}],"collection":[{"href":"https:\/\/wpclub.pro\/en\/wp-json\/wp\/v2\/product"}],"about":[{"href":"https:\/\/wpclub.pro\/en\/wp-json\/wp\/v2\/types\/product"}],"replies":[{"embeddable":true,"href":"https:\/\/wpclub.pro\/en\/wp-json\/wp\/v2\/comments?post=34979"}],"version-history":[{"count":0,"href":"https:\/\/wpclub.pro\/en\/wp-json\/wp\/v2\/product\/34979\/revisions"}],"wp:featuredmedia":[{"embeddable":true,"href":"https:\/\/wpclub.pro\/en\/wp-json\/wp\/v2\/media\/34980"}],"wp:attachment":[{"href":"https:\/\/wpclub.pro\/en\/wp-json\/wp\/v2\/media?parent=34979"}],"wp:term":[{"taxonomy":"product_brand","embeddable":true,"href":"https:\/\/wpclub.pro\/en\/wp-json\/wp\/v2\/product_brand?post=34979"},{"taxonomy":"product_cat","embeddable":true,"href":"https:\/\/wpclub.pro\/en\/wp-json\/wp\/v2\/product_cat?post=34979"},{"taxonomy":"product_tag","embeddable":true,"href":"https:\/\/wpclub.pro\/en\/wp-json\/wp\/v2\/product_tag?post=34979"}],"curies":[{"name":"wp","href":"https:\/\/api.w.org\/{rel}","templated":true}]}}