{"id":35172,"date":"2023-11-16T10:42:33","date_gmt":"2023-11-16T13:42:33","guid":{"rendered":"https:\/\/wpclub.pro\/?post_type=product&#038;p=35172"},"modified":"2025-08-22T17:08:18","modified_gmt":"2025-08-22T21:08:18","slug":"creative-timeline-for-wordpress","status":"publish","type":"product","link":"https:\/\/wpclub.pro\/en\/item\/creative-timeline-for-wordpress\/","title":{"rendered":"Creative Timeline for WordPress 1.0.2"},"content":{"rendered":"<p>] css=\u00bb.vc_custom_1629733467375{margin-right: 15px !important;padding-top: 30px !important;padding-right: 30px !important;padding-bottom: 30px !important;padding-left: 30px !important;background-color: #f4f4f4 !important;border-radius: 5px !important;}\u00bb width=\u00bb1\/1&#8243; mobile_bg_img_hidden=\u00bbno\u00bb tablet_bg_img_hidden=\u00bbno\u00bb woodmart_parallax=\u00bb0&#8243; woodmart_sticky_column=\u00bbfalse\u00bb parallax_scroll=\u00bbno\u00bb mobile_reset_margin=\u00bbno\u00bb tablet_reset_margin=\u00bbno\u00bb]_text woodmart_inline=\u00bbno\u00bb text_larger=\u00bbno\u00bb]<\/p>\n<h2><strong>Creative Timeline for WordPress<\/strong><\/h2>\n<p>&nbsp;<\/p>\n<p>Creative Timeline for WordPress es un Complemento de WordPress para mostrar su l\u00ednea de tiempo de la mejor manera. Es una forma eficaz y f\u00e1cil de usar de embellecer sus publicaciones personalizadas de WordPress en su sitio web con un concepto de l\u00ednea de tiempo.<\/p>\n<p>Este complemento le ayuda a mostrar su l\u00ednea de tiempo de manera elegante y hacer que su sitio se vea m\u00e1s atractivo. Se trata de crear hermosas l\u00edneas de tiempo para sus publicaciones personalizadas de WordPress con plantillas existentes sin demasiado esfuerzo.<\/p>\n<h4><strong>C\u00f3modo de usar y con m\u00faltiples opciones<\/strong><\/h4>\n<p>Creative Timeline for WordPress permite mostrar la fecha de la publicaci\u00f3n, la imagen de la publicaci\u00f3n, el t\u00edtulo de la publicaci\u00f3n, la descripci\u00f3n de la publicaci\u00f3n, el bot\u00f3n, los \u00edconos para compartir en redes sociales, los comentarios, el autor, etc. Puede mostrar la l\u00ednea de tiempo creativa en cualquier lugar mediante un c\u00f3digo corto.<\/p>\n<p>Puede utilizar Creative Timeline for WordPress con 2 estilos y m\u00e1s de 35 opciones inteligentes. Es \u00fatil para mostrar contenidos complejos de forma estructural. Este complemento de l\u00ednea de tiempo tiene su propio generador de c\u00f3digos cortos que facilita su uso con cualquier creador de p\u00e1ginas de WordPress.<\/p>\n<h4 id=\"item-description__where-is-the-creative-timeline-plugin-useful\"><strong>\u00bfD\u00f3nde es \u00fatil el complemento Creative Timeline for WordPress?<\/strong><\/h4>\n<p>Complemento Creative Timeline \u00fatil para todos los sitios web de WordPress.\u00a0A continuaci\u00f3n se muestra una peque\u00f1a lista para qu\u00e9 fines puede comenzar a utilizar el complemento Creative Timeline.<\/p>\n<ul>\n<li>Historia de la Compa\u00f1\u00eda<\/li>\n<li>Biograf\u00eda del autor<\/li>\n<li>Publicaciones personalizadas de WordPress<\/li>\n<li>Nueva l\u00ednea argumental<\/li>\n<li>Cualquier l\u00ednea de tiempo de contenido<\/li>\n<li>Lista de quehaceres<\/li>\n<li>Cronolog\u00eda del evento<\/li>\n<li>Etc.<\/li>\n<\/ul>\n<h3 id=\"item-description__features\"><strong>Caracter\u00edsticas:<\/strong><\/h3>\n<ul>\n<li>Modo Horizontal<\/li>\n<li>2 estilos preestablecidos<\/li>\n<li>Agregar contenidos<\/li>\n<li>Configuraciones de estilo flexibles<\/li>\n<li>Opciones: Fecha, Imagen, T\u00edtulo, Descripci\u00f3n, Bot\u00f3n, \u00cdconos para compartir en redes sociales, Comentarios, Autor, etc.<\/li>\n<li>Efecto de desplazamiento del bot\u00f3n<\/li>\n<li>Personaliza el color de todos los contenidos.<\/li>\n<li>Funciona con todos los temas de WordPress<\/li>\n<li>Compatible con SEO<\/li>\n<li>Listo para traducci\u00f3n (archivo .pot incluido)<\/li>\n<li>Probado y compatible con WordPress 4.9 y superior<\/li>\n<li>Ligero<\/li>\n<li>Funciona bien con la compatibilidad del navegador<\/li>\n<li>Dise\u00f1o 100% responsivo<\/li>\n<li>F\u00e1cil de personalizar<\/li>\n<li>Bien documentada<\/li>\n<\/ul>\n<p>y m\u00e1s<\/p>\n<p>&nbsp;<\/p>\n<p>Adquiera ahora Creative Timeline for WordPress.[\/vc_column_text][\/vc_column][\/vc_row] css=\u00bb.vc_custom_1629733150529{margin-top: 30px !important;}\u00bb mobile_bg_img_hidden=\u00bbno\u00bb tablet_bg_img_hidden=\u00bbno\u00bb woodmart_parallax=\u00bb0&#8243; woodmart_gradient_switch=\u00bbno\u00bb row_reverse_mobile=\u00bb0&#8243; row_reverse_tablet=\u00bb0&#8243; woodmart_disable_overflow=\u00bb0&#8243;] css=\u00bb.vc_custom_1629733167411{background-color: #f4f4f4 !important;border-radius: 5px !important;}\u00bb mobile_bg_img_hidden=\u00bbno\u00bb tablet_bg_img_hidden=\u00bbno\u00bb woodmart_parallax=\u00bb0&#8243; woodmart_sticky_column=\u00bbfalse\u00bb parallax_scroll=\u00bbno\u00bb mobile_reset_margin=\u00bbno\u00bb tablet_reset_margin=\u00bbno\u00bb]_text woodmart_inline=\u00bbno\u00bb text_larger=\u00bbno\u00bb]<\/p>\n<p style=\"text-align: center;\">Los productos publicados en el sitio son distribuimos bajo licenciamiento <a href=\"https:\/\/www.gnu.org\/licenses\/licenses.es.html\" target=\"_blank\" rel=\"noopener\" data-schema-attribute=\"\"><strong>GPL \/ GNU<\/strong><\/a>. Recuerda siempre revisar nuestros <strong><a href=\"https:\/\/wpclub.pro\/terminos-de-uso\/\" target=\"_blank\" rel=\"noopener\" data-schema-attribute=\"\">T\u00e9rminos de Uso<\/a><\/strong> y <strong><a href=\"https:\/\/wpclub.pro\/politica-de-privacidad\/\" target=\"_blank\" rel=\"noopener\" data-schema-attribute=\"\">Pol\u00edtica de Privacidad<\/a><\/strong>.<\/p>\n<p>[\/vc_column_text][\/vc_column][\/vc_row]<\/p>\n","protected":false},"excerpt":{"rendered":"<p>] css=\u00bb.vc_custom_1629733467375{margin-right: 15px !important;padding-top: 30px !important;padding-right: 30px !important;padding-bottom: 30px !important;padding-left: 30px !important;background-color: #f4f4f4 !important;border-radius: 5px !important;}\u00bb width=\u00bb1\/1&#8243; mobile_bg_img_hidden=\u00bbno\u00bb tablet_bg_img_hidden=\u00bbno\u00bb woodmart_parallax=\u00bb0&#8243;<\/p>","protected":false},"featured_media":35173,"comment_status":"closed","ping_status":"closed","template":"","meta":{"_acf_changed":false},"product_brand":[],"product_cat":[67],"product_tag":[141],"class_list":{"0":"post-35172","1":"product","2":"type-product","3":"status-publish","4":"has-post-thumbnail","6":"product_cat-wordpress-plugins","7":"product_tag-plugins-para-tablas-y-graficos","8":"pa_autores-codecanyon","10":"first","11":"instock","12":"sale","13":"downloadable","14":"virtual","15":"sold-individually","16":"purchasable","17":"product-type-simple"},"acf":[],"_links":{"self":[{"href":"https:\/\/wpclub.pro\/en\/wp-json\/wp\/v2\/product\/35172","targetHints":{"allow":["GET"]}}],"collection":[{"href":"https:\/\/wpclub.pro\/en\/wp-json\/wp\/v2\/product"}],"about":[{"href":"https:\/\/wpclub.pro\/en\/wp-json\/wp\/v2\/types\/product"}],"replies":[{"embeddable":true,"href":"https:\/\/wpclub.pro\/en\/wp-json\/wp\/v2\/comments?post=35172"}],"version-history":[{"count":0,"href":"https:\/\/wpclub.pro\/en\/wp-json\/wp\/v2\/product\/35172\/revisions"}],"wp:featuredmedia":[{"embeddable":true,"href":"https:\/\/wpclub.pro\/en\/wp-json\/wp\/v2\/media\/35173"}],"wp:attachment":[{"href":"https:\/\/wpclub.pro\/en\/wp-json\/wp\/v2\/media?parent=35172"}],"wp:term":[{"taxonomy":"product_brand","embeddable":true,"href":"https:\/\/wpclub.pro\/en\/wp-json\/wp\/v2\/product_brand?post=35172"},{"taxonomy":"product_cat","embeddable":true,"href":"https:\/\/wpclub.pro\/en\/wp-json\/wp\/v2\/product_cat?post=35172"},{"taxonomy":"product_tag","embeddable":true,"href":"https:\/\/wpclub.pro\/en\/wp-json\/wp\/v2\/product_tag?post=35172"}],"curies":[{"name":"wp","href":"https:\/\/api.w.org\/{rel}","templated":true}]}}