{"id":35585,"date":"2023-11-28T12:11:04","date_gmt":"2023-11-28T15:11:04","guid":{"rendered":"https:\/\/wpclub.pro\/?post_type=product&#038;p=35585"},"modified":"2025-08-21T13:55:07","modified_gmt":"2025-08-21T17:55:07","slug":"builty-construction-wordpress-theme","status":"publish","type":"product","link":"https:\/\/wpclub.pro\/en\/item\/builty-construction-wordpress-theme\/","title":{"rendered":"Builty Construction WordPress Theme 1.3.0"},"content":{"rendered":"<p>] css=\u00bb.vc_custom_1629733467375{margin-right: 15px !important;padding-top: 30px !important;padding-right: 30px !important;padding-bottom: 30px !important;padding-left: 30px !important;background-color: #f4f4f4 !important;border-radius: 5px !important;}\u00bb width=\u00bb1\/1&#8243; mobile_bg_img_hidden=\u00bbno\u00bb tablet_bg_img_hidden=\u00bbno\u00bb woodmart_parallax=\u00bb0&#8243; woodmart_sticky_column=\u00bbfalse\u00bb parallax_scroll=\u00bbno\u00bb mobile_reset_margin=\u00bbno\u00bb tablet_reset_margin=\u00bbno\u00bb]_text woodmart_inline=\u00bbno\u00bb text_larger=\u00bbno\u00bb]<\/p>\n<h2><strong>Builty Construction WordPress Theme<\/strong><\/h2>\n<p>&nbsp;<\/p>\n<p>Builty es un tema de WordPress para construcci\u00f3n m\u00e1s adecuado para f\u00e1bricas industriales y empresas de construcci\u00f3n, empresas de nueva creaci\u00f3n de arquitectura, empresas de construcci\u00f3n, fontaneros, pintores, ingenier\u00eda o maquinaria y cualquier empresa corporativa que necesite una forma eficaz de promocionar su empresa de construcci\u00f3n.<\/p>\n<p>El tema Builty incluye: Demostraci\u00f3n predise\u00f1ada, m\u00e1s de 3 p\u00e1ginas de inicio \u00fanicas, Elementor Builder de encabezado y pie de p\u00e1gina, instalaci\u00f3n de demostraci\u00f3n con un solo clic, Elementor Page Builder con widgets integrados personalizados, tienda WooCommerce con m\u00faltiples m\u00e9todos de pago en l\u00ednea, formularios de llamado a la acci\u00f3n y ventanas emergentes y otros. caracter\u00edsticas premium. Lanza con \u00e9xito un sitio web corporativo moderno de Construcci\u00f3n o Industrial con Builty.<\/p>\n<h3 id=\"item-description__all-features\"><strong>Todas las caracter\u00edsticas de Builty Construction WordPress Theme:<\/strong><\/h3>\n<ul>\n<li>Creador de p\u00e1ginas Visual Arrastrar y soltar Elementor<\/li>\n<li>Soporte del complemento WooCommerce<\/li>\n<li>M\u00faltiples pasarelas de pago (proporcionadas por WooCommerce)<\/li>\n<li>Generador de encabezados y pies de p\u00e1gina personalizados<\/li>\n<li>Instalaci\u00f3n de demostraci\u00f3n con un clic<\/li>\n<li>Opciones avanzadas de tema<\/li>\n<li>Compatible con las \u00faltimas versiones de WordPress y WooCommerce<\/li>\n<li>Multiling\u00fce con WPML, Polylang, TranslatePress<\/li>\n<li>M\u00e1s de 20 p\u00e1ginas predise\u00f1adas<\/li>\n<li>M\u00e1s de 50 widgets personalizados de Elementor<\/li>\n<li>Cuadr\u00edcula y listado de proyectos con p\u00e1ginas individuales personalizadas<\/li>\n<li>Sliders y carruseles de proyectos<\/li>\n<li>Servicios, listado de miembros del equipo con p\u00e1ginas individuales personalizadas<\/li>\n<li>Formularios de llamado a la acci\u00f3n y ventanas emergentes con WPForms y CF7<\/li>\n<li>Hermosos Carruseles Animados con Servicios, Equipo, Productos, Noticias y Proyectos<\/li>\n<li>Dise\u00f1o moderno y \u00fanico<\/li>\n<li>Incre\u00edbles animaciones Clip Path y Parallax<\/li>\n<li>M\u00e1s de 2 dise\u00f1os de p\u00e1ginas de blogs<\/li>\n<li>Planes de precios<\/li>\n<li>Cronolog\u00eda de la historia de la empresa<\/li>\n<li>Carrusel de equipo y personal<\/li>\n<li>Carrusel de testimonios<\/li>\n<li>Carrusel de productos WooCommerce<\/li>\n<li>Carrusel de \u00faltimas noticias<\/li>\n<li>Lista de preguntas frecuentes y formularios de comentarios<\/li>\n<li>Galer\u00eda de fotos<\/li>\n<li>Carrusel de premios y certificados<\/li>\n<li>Presentaciones de empresa y widgets de v\u00eddeo<\/li>\n<li>Complemento ACF Pro incluido<\/li>\n<li>Soporte del complemento WPForms<\/li>\n<li>P\u00f3ngase en contacto con el soporte del complemento Formulario 7<\/li>\n<li>Soporte WPML<\/li>\n<li>F\u00e1cil personalizaci\u00f3n<\/li>\n<li>Iconos de fuentes impresionantes<\/li>\n<li>mapas de Google<\/li>\n<li>Fuentes de Google m\u00e1s de 1000<\/li>\n<li>Basado en Bootstrap 5<\/li>\n<li>Responsivo y listo para retina<\/li>\n<li>Widgets listos<\/li>\n<li>Contenido de demostraci\u00f3n incluido<\/li>\n<li>Soporte de localizaci\u00f3n (archivo .pot incluido)<\/li>\n<li>Soporte de temas Child<\/li>\n<li>Documentaci\u00f3n incluida<\/li>\n<li>\u00a1Y m\u00e1s funciones pr\u00f3ximamente!<\/li>\n<\/ul>\n<p>[\/vc_column_text][\/vc_column][\/vc_row] css=\u00bb.vc_custom_1629733150529{margin-top: 30px !important;}\u00bb mobile_bg_img_hidden=\u00bbno\u00bb tablet_bg_img_hidden=\u00bbno\u00bb woodmart_parallax=\u00bb0&#8243; woodmart_gradient_switch=\u00bbno\u00bb row_reverse_mobile=\u00bb0&#8243; row_reverse_tablet=\u00bb0&#8243; woodmart_disable_overflow=\u00bb0&#8243;] css=\u00bb.vc_custom_1629733167411{background-color: #f4f4f4 !important;border-radius: 5px !important;}\u00bb mobile_bg_img_hidden=\u00bbno\u00bb tablet_bg_img_hidden=\u00bbno\u00bb woodmart_parallax=\u00bb0&#8243; woodmart_sticky_column=\u00bbfalse\u00bb parallax_scroll=\u00bbno\u00bb mobile_reset_margin=\u00bbno\u00bb tablet_reset_margin=\u00bbno\u00bb]_text woodmart_inline=\u00bbno\u00bb text_larger=\u00bbno\u00bb]<\/p>\n<p style=\"text-align: center;\">Los productos publicados en el sitio son distribuimos bajo licenciamiento <a href=\"https:\/\/www.gnu.org\/licenses\/licenses.es.html\" target=\"_blank\" rel=\"noopener\" data-schema-attribute=\"\"><strong>GPL \/ GNU<\/strong><\/a>. Recuerda siempre revisar nuestros <strong><a href=\"https:\/\/wpclub.pro\/terminos-de-uso\/\" target=\"_blank\" rel=\"noopener\" data-schema-attribute=\"\">T\u00e9rminos de Uso<\/a><\/strong> y <strong><a href=\"https:\/\/wpclub.pro\/politica-de-privacidad\/\" target=\"_blank\" rel=\"noopener\" data-schema-attribute=\"\">Pol\u00edtica de Privacidad<\/a><\/strong>.<\/p>\n<p>[\/vc_column_text][\/vc_column][\/vc_row]<\/p>\n","protected":false},"excerpt":{"rendered":"<p>] css=\u00bb.vc_custom_1629733467375{margin-right: 15px !important;padding-top: 30px !important;padding-right: 30px !important;padding-bottom: 30px !important;padding-left: 30px !important;background-color: #f4f4f4 !important;border-radius: 5px !important;}\u00bb width=\u00bb1\/1&#8243; mobile_bg_img_hidden=\u00bbno\u00bb tablet_bg_img_hidden=\u00bbno\u00bb woodmart_parallax=\u00bb0&#8243;<\/p>","protected":false},"featured_media":35586,"comment_status":"closed","ping_status":"closed","template":"","meta":{"_acf_changed":false},"product_brand":[],"product_cat":[15],"product_tag":[553],"class_list":{"0":"post-35585","1":"product","2":"type-product","3":"status-publish","4":"has-post-thumbnail","6":"product_cat-wordpress-themes","7":"product_tag-temas-para-construccion-y-bienes-raices","8":"pa_autores-themeforest","10":"first","11":"instock","12":"sale","13":"downloadable","14":"virtual","15":"sold-individually","16":"purchasable","17":"product-type-simple"},"acf":[],"_links":{"self":[{"href":"https:\/\/wpclub.pro\/en\/wp-json\/wp\/v2\/product\/35585","targetHints":{"allow":["GET"]}}],"collection":[{"href":"https:\/\/wpclub.pro\/en\/wp-json\/wp\/v2\/product"}],"about":[{"href":"https:\/\/wpclub.pro\/en\/wp-json\/wp\/v2\/types\/product"}],"replies":[{"embeddable":true,"href":"https:\/\/wpclub.pro\/en\/wp-json\/wp\/v2\/comments?post=35585"}],"version-history":[{"count":0,"href":"https:\/\/wpclub.pro\/en\/wp-json\/wp\/v2\/product\/35585\/revisions"}],"wp:featuredmedia":[{"embeddable":true,"href":"https:\/\/wpclub.pro\/en\/wp-json\/wp\/v2\/media\/35586"}],"wp:attachment":[{"href":"https:\/\/wpclub.pro\/en\/wp-json\/wp\/v2\/media?parent=35585"}],"wp:term":[{"taxonomy":"product_brand","embeddable":true,"href":"https:\/\/wpclub.pro\/en\/wp-json\/wp\/v2\/product_brand?post=35585"},{"taxonomy":"product_cat","embeddable":true,"href":"https:\/\/wpclub.pro\/en\/wp-json\/wp\/v2\/product_cat?post=35585"},{"taxonomy":"product_tag","embeddable":true,"href":"https:\/\/wpclub.pro\/en\/wp-json\/wp\/v2\/product_tag?post=35585"}],"curies":[{"name":"wp","href":"https:\/\/api.w.org\/{rel}","templated":true}]}}