{"id":35689,"date":"2023-11-30T16:55:39","date_gmt":"2023-11-30T19:55:39","guid":{"rendered":"https:\/\/wpclub.pro\/?post_type=product&#038;p=35689"},"modified":"2024-10-03T12:54:00","modified_gmt":"2024-10-03T15:54:00","slug":"motopress-coachzee-theme","status":"publish","type":"product","link":"https:\/\/wpclub.pro\/en\/item\/motopress-coachzee-theme\/","title":{"rendered":"MotoPress CoachZee Theme 1.1.2"},"content":{"rendered":"<p>] css=\u00bb.vc_custom_1629733467375{margin-right: 15px !important;padding-top: 30px !important;padding-right: 30px !important;padding-bottom: 30px !important;padding-left: 30px !important;background-color: #f4f4f4 !important;border-radius: 5px !important;}\u00bb width=\u00bb1\/1&#8243; mobile_bg_img_hidden=\u00bbno\u00bb tablet_bg_img_hidden=\u00bbno\u00bb woodmart_parallax=\u00bb0&#8243; woodmart_sticky_column=\u00bbfalse\u00bb parallax_scroll=\u00bbno\u00bb mobile_reset_margin=\u00bbno\u00bb tablet_reset_margin=\u00bbno\u00bb]_text woodmart_inline=\u00bbno\u00bb text_larger=\u00bbno\u00bb]<\/p>\n<h2><strong>MotoPress CoachZee Theme<\/strong><\/h2>\n<p>&nbsp;<\/p>\n<h4><strong>MotoPress CoachZee Theme: el tema de entrenamiento multiprop\u00f3sito de WordPress<\/strong><\/h4>\n<p>&nbsp;<\/p>\n<p>Un tema de entrenamiento de WordPress multiprop\u00f3sito de pr\u00f3xima generaci\u00f3n con el complemento premium de programaci\u00f3n de citas integrado sin costo. El tema est\u00e1 equipado con un paquete de dise\u00f1os de demostraci\u00f3n inspirados en los negocios para terapeutas, instructores de manejo, entrenadores de vida, maestros y asesores de salud. Creado con la \u00faltima tecnolog\u00eda de bloques de WordPress, el tema CoachZee es lo que necesita para personalizar profundamente y lanzar su sitio web de reserva de citas en unos sencillos pasos.<\/p>\n<h3><strong>Aspectos destacados del tema MotoPress CoachZee Theme<\/strong><\/h3>\n<p>Una plantilla de sitio web de coach de vida de WordPress integral con programaci\u00f3n de citas automatizada las 24 horas, los 7 d\u00edas de la semana.<\/p>\n<ul>\n<li>Servicios y ubicaciones ilimitados<\/li>\n<li>Miembros del personal ilimitados<\/li>\n<li>Horario personal flexible<\/li>\n<li>Cualquier duraci\u00f3n de la cita<\/li>\n<li>Citas grupales e individuales<\/li>\n<li>Tiempo de reserva de reserva<\/li>\n<li>Asistente de reservas responsivo<\/li>\n<li>Campos del asistente editables<\/li>\n<li>Procesamiento de pagos en l\u00ednea<\/li>\n<li>Correos electr\u00f3nicos automatizados<\/li>\n<li>Gesti\u00f3n de pagos y clientes<\/li>\n<li>Reserva de citas m\u00faltiples<\/li>\n<li>Y m\u00e1s!<\/li>\n<\/ul>\n<p>&nbsp;<\/p>\n<p>Adquiera ahora MotoPress CoachZee Theme.[\/vc_column_text][\/vc_column][\/vc_row] css=\u00bb.vc_custom_1629733150529{margin-top: 30px !important;}\u00bb mobile_bg_img_hidden=\u00bbno\u00bb tablet_bg_img_hidden=\u00bbno\u00bb woodmart_parallax=\u00bb0&#8243; woodmart_gradient_switch=\u00bbno\u00bb row_reverse_mobile=\u00bb0&#8243; row_reverse_tablet=\u00bb0&#8243; woodmart_disable_overflow=\u00bb0&#8243;] css=\u00bb.vc_custom_1629733167411{background-color: #f4f4f4 !important;border-radius: 5px !important;}\u00bb mobile_bg_img_hidden=\u00bbno\u00bb tablet_bg_img_hidden=\u00bbno\u00bb woodmart_parallax=\u00bb0&#8243; woodmart_sticky_column=\u00bbfalse\u00bb parallax_scroll=\u00bbno\u00bb mobile_reset_margin=\u00bbno\u00bb tablet_reset_margin=\u00bbno\u00bb]_text woodmart_inline=\u00bbno\u00bb text_larger=\u00bbno\u00bb]<\/p>\n<p style=\"text-align: center;\">Los productos publicados en el sitio son distribuimos bajo licenciamiento <a href=\"https:\/\/www.gnu.org\/licenses\/licenses.es.html\" target=\"_blank\" rel=\"noopener\" data-schema-attribute=\"\"><strong>GPL \/ GNU<\/strong><\/a>. Recuerda siempre revisar nuestros <strong><a href=\"https:\/\/wpclub.pro\/terminos-de-uso\/\" target=\"_blank\" rel=\"noopener\" data-schema-attribute=\"\">T\u00e9rminos de Uso<\/a><\/strong> y <strong><a href=\"https:\/\/wpclub.pro\/politica-de-privacidad\/\" target=\"_blank\" rel=\"noopener\" data-schema-attribute=\"\">Pol\u00edtica de Privacidad<\/a><\/strong>.<\/p>\n<p>[\/vc_column_text][\/vc_column][\/vc_row]<\/p>\n","protected":false},"excerpt":{"rendered":"<p>] css=\u00bb.vc_custom_1629733467375{margin-right: 15px !important;padding-top: 30px !important;padding-right: 30px !important;padding-bottom: 30px !important;padding-left: 30px !important;background-color: #f4f4f4 !important;border-radius: 5px !important;}\u00bb width=\u00bb1\/1&#8243; mobile_bg_img_hidden=\u00bbno\u00bb tablet_bg_img_hidden=\u00bbno\u00bb woodmart_parallax=\u00bb0&#8243;<\/p>","protected":false},"featured_media":35690,"comment_status":"closed","ping_status":"closed","template":"","meta":{"_acf_changed":false},"product_brand":[],"product_cat":[15],"product_tag":[177,171],"class_list":{"0":"post-35689","1":"product","2":"type-product","3":"status-publish","4":"has-post-thumbnail","6":"product_cat-wordpress-themes","7":"product_tag-otros-productos-miscelaneos","8":"product_tag-plugins-para-reservas-y-citas","9":"pa_autores-motopress","11":"first","12":"instock","13":"sale","14":"downloadable","15":"virtual","16":"sold-individually","17":"purchasable","18":"product-type-simple"},"acf":[],"_links":{"self":[{"href":"https:\/\/wpclub.pro\/en\/wp-json\/wp\/v2\/product\/35689","targetHints":{"allow":["GET"]}}],"collection":[{"href":"https:\/\/wpclub.pro\/en\/wp-json\/wp\/v2\/product"}],"about":[{"href":"https:\/\/wpclub.pro\/en\/wp-json\/wp\/v2\/types\/product"}],"replies":[{"embeddable":true,"href":"https:\/\/wpclub.pro\/en\/wp-json\/wp\/v2\/comments?post=35689"}],"version-history":[{"count":0,"href":"https:\/\/wpclub.pro\/en\/wp-json\/wp\/v2\/product\/35689\/revisions"}],"wp:featuredmedia":[{"embeddable":true,"href":"https:\/\/wpclub.pro\/en\/wp-json\/wp\/v2\/media\/35690"}],"wp:attachment":[{"href":"https:\/\/wpclub.pro\/en\/wp-json\/wp\/v2\/media?parent=35689"}],"wp:term":[{"taxonomy":"product_brand","embeddable":true,"href":"https:\/\/wpclub.pro\/en\/wp-json\/wp\/v2\/product_brand?post=35689"},{"taxonomy":"product_cat","embeddable":true,"href":"https:\/\/wpclub.pro\/en\/wp-json\/wp\/v2\/product_cat?post=35689"},{"taxonomy":"product_tag","embeddable":true,"href":"https:\/\/wpclub.pro\/en\/wp-json\/wp\/v2\/product_tag?post=35689"}],"curies":[{"name":"wp","href":"https:\/\/api.w.org\/{rel}","templated":true}]}}