{"id":35775,"date":"2024-08-21T12:26:14","date_gmt":"2024-08-21T16:26:14","guid":{"rendered":"https:\/\/wpclub.pro\/?post_type=product&#038;p=35775"},"modified":"2025-08-21T12:15:42","modified_gmt":"2025-08-21T16:15:42","slug":"motopress-ciestra-theme","status":"publish","type":"product","link":"https:\/\/wpclub.pro\/en\/item\/motopress-ciestra-theme\/","title":{"rendered":"MotoPress Ciestra Theme 1.7.0"},"content":{"rendered":"<p>] css=\u00bb.vc_custom_1629733467375{margin-right: 15px !important;padding-top: 30px !important;padding-right: 30px !important;padding-bottom: 30px !important;padding-left: 30px !important;background-color: #f4f4f4 !important;border-radius: 5px !important;}\u00bb width=\u00bb1\/1&#8243; mobile_bg_img_hidden=\u00bbno\u00bb tablet_bg_img_hidden=\u00bbno\u00bb woodmart_parallax=\u00bb0&#8243; woodmart_sticky_column=\u00bbfalse\u00bb parallax_scroll=\u00bbno\u00bb mobile_reset_margin=\u00bbno\u00bb tablet_reset_margin=\u00bbno\u00bb]_text woodmart_inline=\u00bbno\u00bb text_larger=\u00bbno\u00bb]<\/p>\n<h2><strong>MotoPress Ciestra Theme<\/strong><\/h2>\n<p>&nbsp;<\/p>\n<h4><strong>MotoPress Ciestra Theme \u2013 Tema profesional de WordPress para sitio web de alquiler de propiedades<\/strong><\/h4>\n<p>&nbsp;<\/p>\n<p>Clasifique su sitio web en un puesto m\u00e1s alto en la competencia local con MotoPress Ciestra Theme, el mejor tema de WordPress para alquiler de propiedades. Ofrece m\u00e1s de lo que cabr\u00eda esperar: propiedad visual absolutamente intuitiva y edici\u00f3n de sitios web para no t\u00e9cnicos, el mejor sistema de reservas de WordPress integrado, experiencia m\u00f3vil impecable para reservas, herramientas SEO sencillas e incluso sincronizaci\u00f3n autom\u00e1tica con OTA externas.<\/p>\n<p>Empleamos s\u00f3lo las pr\u00e1cticas de dise\u00f1o m\u00e1s inteligentes y la mejor funcionalidad de su clase para el sitio web de su propiedad de alquiler.<\/p>\n<h3><strong>Aspectos destacados del tema MotoPress Ciestra Theme<\/strong><\/h3>\n<p>El tema de WordPress MotoPress Ciestra Theme es una de las plantillas de sitios web de alquiler de propiedades m\u00e1s populares, optimizada tanto para una sola propiedad de alquiler como para un hotel que se puede reservar por habitaci\u00f3n. Para crear una \u00fanica propiedad de alquiler, debe configurar el alojamiento y cambiar el formulario de b\u00fasqueda al formulario de reserva en la p\u00e1gina de inicio.<\/p>\n<ul>\n<li>Precios estacionales<\/li>\n<li>Propiedades y reservas ilimitadas<\/li>\n<li>Procesamiento de pagos en l\u00ednea<\/li>\n<li>Gestor de canales OTA<\/li>\n<li>Calendario de reservas<\/li>\n<li>Extras y Paquetes<\/li>\n<li>impuestos y pagos<\/li>\n<li>Filtros de b\u00fasqueda personalizados<\/li>\n<li>Correos electr\u00f3nicos automatizados<\/li>\n<li>Estad\u00edsticas de ingresos y reservas<\/li>\n<li>Cupones de descuento<\/li>\n<li>Calendarios de disponibilidad<\/li>\n<li>Facturas en PDF<\/li>\n<li>Solicitudes de pago automatizadas<\/li>\n<li>Rese\u00f1as de propiedades<\/li>\n<li>Pasarelas de pago de WooCommerce<\/li>\n<li>Integraci\u00f3n de Mailchimp<\/li>\n<li>Correos electr\u00f3nicos personalizados<\/li>\n<li>Formulario de pago personalizado<\/li>\n<\/ul>\n<p>&nbsp;<\/p>\n<p>Adquiera ahora MotoPress Ciestra Theme.[\/vc_column_text][\/vc_column][\/vc_row] css=\u00bb.vc_custom_1629733150529{margin-top: 30px !important;}\u00bb mobile_bg_img_hidden=\u00bbno\u00bb tablet_bg_img_hidden=\u00bbno\u00bb woodmart_parallax=\u00bb0&#8243; woodmart_gradient_switch=\u00bbno\u00bb row_reverse_mobile=\u00bb0&#8243; row_reverse_tablet=\u00bb0&#8243; woodmart_disable_overflow=\u00bb0&#8243;] css=\u00bb.vc_custom_1629733167411{background-color: #f4f4f4 !important;border-radius: 5px !important;}\u00bb mobile_bg_img_hidden=\u00bbno\u00bb tablet_bg_img_hidden=\u00bbno\u00bb woodmart_parallax=\u00bb0&#8243; woodmart_sticky_column=\u00bbfalse\u00bb parallax_scroll=\u00bbno\u00bb mobile_reset_margin=\u00bbno\u00bb tablet_reset_margin=\u00bbno\u00bb]_text woodmart_inline=\u00bbno\u00bb text_larger=\u00bbno\u00bb]<\/p>\n<p style=\"text-align: center;\">Los productos publicados en el sitio son distribuimos bajo licenciamiento <a href=\"https:\/\/www.gnu.org\/licenses\/licenses.es.html\" target=\"_blank\" rel=\"noopener\" data-schema-attribute=\"\"><strong>GPL \/ GNU<\/strong><\/a>. Recuerda siempre revisar nuestros <strong><a href=\"https:\/\/wpclub.pro\/terminos-de-uso\/\" target=\"_blank\" rel=\"noopener\" data-schema-attribute=\"\">T\u00e9rminos de Uso<\/a><\/strong> y <strong><a href=\"https:\/\/wpclub.pro\/politica-de-privacidad\/\" target=\"_blank\" rel=\"noopener\" data-schema-attribute=\"\">Pol\u00edtica de Privacidad<\/a><\/strong>.<\/p>\n<p>[\/vc_column_text][\/vc_column][\/vc_row]<\/p>\n","protected":false},"excerpt":{"rendered":"<p>] css=\u00bb.vc_custom_1629733467375{margin-right: 15px !important;padding-top: 30px !important;padding-right: 30px !important;padding-bottom: 30px !important;padding-left: 30px !important;background-color: #f4f4f4 !important;border-radius: 5px !important;}\u00bb width=\u00bb1\/1&#8243; mobile_bg_img_hidden=\u00bbno\u00bb tablet_bg_img_hidden=\u00bbno\u00bb woodmart_parallax=\u00bb0&#8243;<\/p>","protected":false},"featured_media":35776,"comment_status":"closed","ping_status":"closed","template":"","meta":{"_acf_changed":false},"product_brand":[],"product_cat":[15],"product_tag":[553],"class_list":{"0":"post-35775","1":"product","2":"type-product","3":"status-publish","4":"has-post-thumbnail","6":"product_cat-wordpress-themes","7":"product_tag-temas-para-construccion-y-bienes-raices","8":"pa_autores-motopress","10":"first","11":"instock","12":"sale","13":"downloadable","14":"virtual","15":"sold-individually","16":"purchasable","17":"product-type-simple"},"acf":[],"_links":{"self":[{"href":"https:\/\/wpclub.pro\/en\/wp-json\/wp\/v2\/product\/35775","targetHints":{"allow":["GET"]}}],"collection":[{"href":"https:\/\/wpclub.pro\/en\/wp-json\/wp\/v2\/product"}],"about":[{"href":"https:\/\/wpclub.pro\/en\/wp-json\/wp\/v2\/types\/product"}],"replies":[{"embeddable":true,"href":"https:\/\/wpclub.pro\/en\/wp-json\/wp\/v2\/comments?post=35775"}],"version-history":[{"count":0,"href":"https:\/\/wpclub.pro\/en\/wp-json\/wp\/v2\/product\/35775\/revisions"}],"wp:featuredmedia":[{"embeddable":true,"href":"https:\/\/wpclub.pro\/en\/wp-json\/wp\/v2\/media\/35776"}],"wp:attachment":[{"href":"https:\/\/wpclub.pro\/en\/wp-json\/wp\/v2\/media?parent=35775"}],"wp:term":[{"taxonomy":"product_brand","embeddable":true,"href":"https:\/\/wpclub.pro\/en\/wp-json\/wp\/v2\/product_brand?post=35775"},{"taxonomy":"product_cat","embeddable":true,"href":"https:\/\/wpclub.pro\/en\/wp-json\/wp\/v2\/product_cat?post=35775"},{"taxonomy":"product_tag","embeddable":true,"href":"https:\/\/wpclub.pro\/en\/wp-json\/wp\/v2\/product_tag?post=35775"}],"curies":[{"name":"wp","href":"https:\/\/api.w.org\/{rel}","templated":true}]}}