{"id":36290,"date":"2023-12-20T11:07:45","date_gmt":"2023-12-20T14:07:45","guid":{"rendered":"https:\/\/wpclub.pro\/?post_type=product&#038;p=36290"},"modified":"2024-10-03T12:53:57","modified_gmt":"2024-10-03T15:53:57","slug":"wp-job-manager-extensify","status":"publish","type":"product","link":"https:\/\/wpclub.pro\/en\/item\/wp-job-manager-extensify\/","title":{"rendered":"WP Job Manager Extensify 1.0.4"},"content":{"rendered":"<p>] css=\u00bb.vc_custom_1629733467375{margin-right: 15px !important;padding-top: 30px !important;padding-right: 30px !important;padding-bottom: 30px !important;padding-left: 30px !important;background-color: #f4f4f4 !important;border-radius: 5px !important;}\u00bb width=\u00bb1\/1&#8243; mobile_bg_img_hidden=\u00bbno\u00bb tablet_bg_img_hidden=\u00bbno\u00bb woodmart_parallax=\u00bb0&#8243; woodmart_sticky_column=\u00bbfalse\u00bb parallax_scroll=\u00bbno\u00bb mobile_reset_margin=\u00bbno\u00bb tablet_reset_margin=\u00bbno\u00bb]_text woodmart_inline=\u00bbno\u00bb text_larger=\u00bbno\u00bb]<\/p>\n<h2><strong>WP Job Manager Extensify<\/strong><\/h2>\n<p>&nbsp;<\/p>\n<p>Funciones de listados de insignias vistos recientemente y listados de controles deslizantes vistos recientemente<\/p>\n<h4><strong>Seguimiento de usuarios con listados &#8216;vistos recientemente&#8217;<\/strong><\/h4>\n<p>La funci\u00f3n Listados de insignias y Listados deslizantes \u00abVistos recientemente\u00bb de Extensify se puede utilizar para personalizar su experiencia de usuario y aumentar la participaci\u00f3n. Tambi\u00e9n multiplica las posibilidades de que realicen una compra al recordarles a sus clientes lo que vieron recientemente.<\/p>\n<h4><strong>Flexibilidad de ubicaciones autom\u00e1ticas y personalizadas<\/strong><\/h4>\n<p>WP Job Manager Extensify simplifica el proceso de administraci\u00f3n de ubicaciones en su bolsa de trabajo o sitio web de listado y directorio. Al ofrecer detecci\u00f3n de ubicaci\u00f3n autom\u00e1tica, ubicaci\u00f3n de marcadores predeterminada y localizaci\u00f3n visual, se asegura de que sus usuarios puedan acceder a la informaci\u00f3n que necesitan r\u00e1pidamente.<\/p>\n<h4><strong>Personalice formularios de trabajo con campos adicionales<\/strong><\/h4>\n<p>\u00a1Destaca entre la multitud personalizando tu formulario de solicitud de empleo hoy! Con la funci\u00f3n Editor de campos de formulario WP Job Manager de Extensify, puede crear sin problemas formularios de solicitud de empleo profesionales que se alineen mejor con sus objetivos de contrataci\u00f3n.<\/p>\n<p>&nbsp;<\/p>\n<p>Adquiera ahora WP Job Manager Extensify.[\/vc_column_text][\/vc_column][\/vc_row] css=\u00bb.vc_custom_1629733150529{margin-top: 30px !important;}\u00bb mobile_bg_img_hidden=\u00bbno\u00bb tablet_bg_img_hidden=\u00bbno\u00bb woodmart_parallax=\u00bb0&#8243; woodmart_gradient_switch=\u00bbno\u00bb row_reverse_mobile=\u00bb0&#8243; row_reverse_tablet=\u00bb0&#8243; woodmart_disable_overflow=\u00bb0&#8243;] css=\u00bb.vc_custom_1629733167411{background-color: #f4f4f4 !important;border-radius: 5px !important;}\u00bb mobile_bg_img_hidden=\u00bbno\u00bb tablet_bg_img_hidden=\u00bbno\u00bb woodmart_parallax=\u00bb0&#8243; woodmart_sticky_column=\u00bbfalse\u00bb parallax_scroll=\u00bbno\u00bb mobile_reset_margin=\u00bbno\u00bb tablet_reset_margin=\u00bbno\u00bb]_text woodmart_inline=\u00bbno\u00bb text_larger=\u00bbno\u00bb]<\/p>\n<p style=\"text-align: center;\">Los productos publicados en el sitio son distribuimos bajo licenciamiento <a href=\"https:\/\/www.gnu.org\/licenses\/licenses.es.html\" target=\"_blank\" rel=\"noopener\" data-schema-attribute=\"\"><strong>GPL \/ GNU<\/strong><\/a>. Recuerda siempre revisar nuestros <strong><a href=\"https:\/\/wpclub.pro\/terminos-de-uso\/\" target=\"_blank\" rel=\"noopener\" data-schema-attribute=\"\">T\u00e9rminos de Uso<\/a><\/strong> y <strong><a href=\"https:\/\/wpclub.pro\/politica-de-privacidad\/\" target=\"_blank\" rel=\"noopener\" data-schema-attribute=\"\">Pol\u00edtica de Privacidad<\/a><\/strong>.<\/p>\n<p>[\/vc_column_text][\/vc_column][\/vc_row]<\/p>\n","protected":false},"excerpt":{"rendered":"<p><strong>Version<\/strong>: 2.9.8 &#8211; <strong>Publication Date<\/strong>: 02 de Mayo, 2022<\/p>\n<p><strong>Author<\/strong>: <a href=\"https:\/\/wpjobmanager.com\/add-ons\/wc-paid-listings\/\" target=\"_blank\" rel=\"nofollow noopener\">Go to Site<\/a><\/p>","protected":false},"featured_media":36291,"comment_status":"closed","ping_status":"closed","template":"","meta":{"_acf_changed":false},"product_brand":[],"product_cat":[67],"product_tag":[177],"class_list":{"0":"post-36290","1":"product","2":"type-product","3":"status-publish","4":"has-post-thumbnail","6":"product_cat-wordpress-plugins","7":"product_tag-otros-productos-miscelaneos","8":"pa_autores-astoundify","10":"first","11":"instock","12":"sale","13":"downloadable","14":"virtual","15":"sold-individually","16":"purchasable","17":"product-type-simple"},"acf":[],"_links":{"self":[{"href":"https:\/\/wpclub.pro\/en\/wp-json\/wp\/v2\/product\/36290","targetHints":{"allow":["GET"]}}],"collection":[{"href":"https:\/\/wpclub.pro\/en\/wp-json\/wp\/v2\/product"}],"about":[{"href":"https:\/\/wpclub.pro\/en\/wp-json\/wp\/v2\/types\/product"}],"replies":[{"embeddable":true,"href":"https:\/\/wpclub.pro\/en\/wp-json\/wp\/v2\/comments?post=36290"}],"version-history":[{"count":0,"href":"https:\/\/wpclub.pro\/en\/wp-json\/wp\/v2\/product\/36290\/revisions"}],"wp:featuredmedia":[{"embeddable":true,"href":"https:\/\/wpclub.pro\/en\/wp-json\/wp\/v2\/media\/36291"}],"wp:attachment":[{"href":"https:\/\/wpclub.pro\/en\/wp-json\/wp\/v2\/media?parent=36290"}],"wp:term":[{"taxonomy":"product_brand","embeddable":true,"href":"https:\/\/wpclub.pro\/en\/wp-json\/wp\/v2\/product_brand?post=36290"},{"taxonomy":"product_cat","embeddable":true,"href":"https:\/\/wpclub.pro\/en\/wp-json\/wp\/v2\/product_cat?post=36290"},{"taxonomy":"product_tag","embeddable":true,"href":"https:\/\/wpclub.pro\/en\/wp-json\/wp\/v2\/product_tag?post=36290"}],"curies":[{"name":"wp","href":"https:\/\/api.w.org\/{rel}","templated":true}]}}