{"id":36326,"date":"2024-12-10T15:49:36","date_gmt":"2024-12-10T18:49:36","guid":{"rendered":"https:\/\/wpclub.pro\/?post_type=product&#038;p=36326"},"modified":"2025-09-04T12:59:04","modified_gmt":"2025-09-04T16:59:04","slug":"bwd-clear-pdf-view-addon-for-elementor","status":"publish","type":"product","link":"https:\/\/wpclub.pro\/en\/item\/bwd-clear-pdf-view-addon-for-elementor\/","title":{"rendered":"BWD Clear PDF View Addon For Elementor 1.6"},"content":{"rendered":"<div data-elementor-type=\"product-post\" data-elementor-id=\"36326\" class=\"elementor elementor-36326\" data-elementor-post-type=\"product\">\n\t\t\t\t<div class=\"wd-negative-gap elementor-element elementor-element-25a3a0be e-flex e-con-boxed e-con e-parent\" data-id=\"25a3a0be\" data-element_type=\"container\" data-e-type=\"container\">\n\t\t\t\t\t<div class=\"e-con-inner\">\n\t\t\t\t<div class=\"elementor-element elementor-element-760d9e54 color-scheme-inherit text-left elementor-widget elementor-widget-text-editor\" data-id=\"760d9e54\" data-element_type=\"widget\" data-e-type=\"widget\" data-widget_type=\"text-editor.default\">\n\t\t\t\t<div class=\"elementor-widget-container\">\n\t\t\t\t\t\t\t\t\t<h2><strong>BWD Clear PDF View Addon For Elementor<\/strong><\/h2><p>Mejore su experiencia con Elementor con el complemento BWD Clear PDF View, la soluci\u00f3n definitiva para transformar sus pantallas PDF. Perfectamente integrado con Elementor, este poderoso complemento ofrece una personalizaci\u00f3n incomparable, lo que le permite personalizar la apariencia de sus archivos PDF sin esfuerzo.<\/p><h3><strong>Mejore la experiencia<\/strong><\/h3><p>D\u00edgale adi\u00f3s a las distracciones, ya que BWD Clear PDF View Addon For Elementor garantiza una experiencia de lectura atractiva y ordenada para su audiencia. Tome el control de las opciones de configuraci\u00f3n avanzadas, desde niveles de zoom hasta navegaci\u00f3n de p\u00e1ginas, para brindar un toque personalizado. Centr\u00e1ndose en la velocidad y la eficiencia, optimice el rendimiento de su sitio web y proporcione a los usuarios tiempos de carga de PDF ultrarr\u00e1pidos.<\/p><p>BWD Clear PDF View Addon For Elementor es la opci\u00f3n preferida para quienes exigen claridad, personalizaci\u00f3n y una integraci\u00f3n perfecta con Elementor. \u00a1Desc\u00e1rguelo ahora y sea testigo del siguiente nivel de visualizaci\u00f3n de PDF en su sitio web!<\/p><h3 id=\"item-description__main-features\"><strong>Principales caracter\u00edsticas:<\/strong><\/h3><ul><li>URL y archivos compatibles<\/li><li>Opci\u00f3n de icono<\/li><li>bot\u00f3n descargar<\/li><li>Opciones avanzadas<\/li><li>F\u00e1cil de usar: no se requiere codificaci\u00f3n<\/li><li>Responsivo y compatible con SEO<\/li><li>Perfecto para Elementor 2.5 y superior<\/li><li>C\u00f3digo limpio y optimizado<\/li><li>Archivo pot incluido para una traducci\u00f3n r\u00e1pida en cualquier idioma<\/li><li>Funciona bien con todos los temas de WordPress creados en Elementor<\/li><li>Compatibilidad entre navegadores<\/li><li>Codificaci\u00f3n de validaci\u00f3n W3C<\/li><li>Bien documentada<\/li><li>Compatible con la \u00faltima versi\u00f3n de WordPress<\/li><\/ul><p>Adquiera ahora BWD Clear PDF View Addon For Elementor.<\/p>\t\t\t\t\t\t\t\t<\/div>\n\t\t\t\t<\/div>\n\t\t\t\t\t<\/div>\n\t\t\t\t<\/div>\n\t\t\t\t<\/div>","protected":false},"excerpt":{"rendered":"<p>BWD Clear PDF View Addon For Elementor Mejore su experiencia con Elementor con el complemento BWD Clear PDF View, la<\/p>","protected":false},"featured_media":58409,"comment_status":"closed","ping_status":"closed","template":"","meta":{"_acf_changed":false},"product_brand":[],"product_cat":[67],"product_tag":[505],"class_list":{"0":"post-36326","1":"product","2":"type-product","3":"status-publish","4":"has-post-thumbnail","6":"product_cat-wordpress-plugins","7":"product_tag-addons-para-elementor","8":"pa_autores-bestwpdeveloper","10":"first","11":"instock","12":"sale","13":"downloadable","14":"virtual","15":"sold-individually","16":"purchasable","17":"product-type-simple"},"acf":[],"_links":{"self":[{"href":"https:\/\/wpclub.pro\/en\/wp-json\/wp\/v2\/product\/36326","targetHints":{"allow":["GET"]}}],"collection":[{"href":"https:\/\/wpclub.pro\/en\/wp-json\/wp\/v2\/product"}],"about":[{"href":"https:\/\/wpclub.pro\/en\/wp-json\/wp\/v2\/types\/product"}],"replies":[{"embeddable":true,"href":"https:\/\/wpclub.pro\/en\/wp-json\/wp\/v2\/comments?post=36326"}],"version-history":[{"count":0,"href":"https:\/\/wpclub.pro\/en\/wp-json\/wp\/v2\/product\/36326\/revisions"}],"wp:featuredmedia":[{"embeddable":true,"href":"https:\/\/wpclub.pro\/en\/wp-json\/wp\/v2\/media\/58409"}],"wp:attachment":[{"href":"https:\/\/wpclub.pro\/en\/wp-json\/wp\/v2\/media?parent=36326"}],"wp:term":[{"taxonomy":"product_brand","embeddable":true,"href":"https:\/\/wpclub.pro\/en\/wp-json\/wp\/v2\/product_brand?post=36326"},{"taxonomy":"product_cat","embeddable":true,"href":"https:\/\/wpclub.pro\/en\/wp-json\/wp\/v2\/product_cat?post=36326"},{"taxonomy":"product_tag","embeddable":true,"href":"https:\/\/wpclub.pro\/en\/wp-json\/wp\/v2\/product_tag?post=36326"}],"curies":[{"name":"wp","href":"https:\/\/api.w.org\/{rel}","templated":true}]}}