{"id":36507,"date":"2025-01-30T11:05:05","date_gmt":"2025-01-30T14:05:05","guid":{"rendered":"https:\/\/wpclub.pro\/?post_type=product&#038;p=36507"},"modified":"2025-08-21T14:06:52","modified_gmt":"2025-08-21T18:06:52","slug":"technico-wordpress-theme","status":"publish","type":"product","link":"https:\/\/wpclub.pro\/en\/item\/technico-wordpress-theme\/","title":{"rendered":"Technico WordPress Theme 1.4.1"},"content":{"rendered":"<div data-elementor-type=\"product-post\" data-elementor-id=\"36507\" class=\"elementor elementor-36507\" data-elementor-post-type=\"product\">\n\t\t\t\t<div class=\"wd-negative-gap elementor-element elementor-element-27e1577f e-flex e-con-boxed e-con e-parent\" data-id=\"27e1577f\" data-element_type=\"container\" data-e-type=\"container\">\n\t\t\t\t\t<div class=\"e-con-inner\">\n\t\t\t\t<div class=\"elementor-element elementor-element-378a1b4b color-scheme-inherit text-left elementor-widget elementor-widget-text-editor\" data-id=\"378a1b4b\" data-element_type=\"widget\" data-e-type=\"widget\" data-widget_type=\"text-editor.default\">\n\t\t\t\t<div class=\"elementor-widget-container\">\n\t\t\t\t\t\t\t\t\t<h2><strong>Technico WordPress Theme<\/strong><\/h2><p>El tema especializado para sitios de servicios t\u00e9cnicos y de construcci\u00f3n<\/p><h3><strong>\u00bfQu\u00e9 es Technico WordPress Theme?<\/strong><\/h3><p><br \/>Technico Theme es un tema premium de WordPress dise\u00f1ado espec\u00edficamente para empresas que operan en sectores t\u00e9cnicos y de construcci\u00f3n. Este tema es ideal para servicios de reparaci\u00f3n, remodelaci\u00f3n, electricistas, plomeros, ingenieros, arquitectos y cualquier empresa que ofrezca servicios especializados. Technico WordPress Theme proporciona una plataforma s\u00f3lida y profesional para que los negocios de servicios puedan presentar sus proyectos, servicios y detalles de contacto de una forma visualmente impactante y altamente funcional.<\/p><h3>Caracter\u00edsticas principales de Technico WordPress Theme<\/h3><ul><li><p><strong>Dise\u00f1o profesional y atractivo<\/strong><br \/>Technico Theme est\u00e1 dise\u00f1ado con un enfoque visual profesional que transmite confianza y calidad. Su estructura limpia y moderna facilita la navegaci\u00f3n, lo que permite a los visitantes encontrar r\u00e1pidamente la informaci\u00f3n que necesitan sobre los servicios ofrecidos.<\/p><\/li><li><p><strong>Secciones dedicadas para servicios y proyectos<\/strong><br \/>Este tema incluye secciones espec\u00edficas para listar servicios y proyectos, permitiendo a las empresas destacar cada \u00e1rea de su negocio. Technico Theme facilita la creaci\u00f3n de p\u00e1ginas dedicadas donde se pueden mostrar los detalles de cada servicio, respaldados por descripciones, im\u00e1genes y testimonios de clientes.<\/p><\/li><li><p><strong>Constructor de p\u00e1gina intuitivo y personalizaci\u00f3n sin c\u00f3digo<\/strong><br \/>Con Technico Theme, los usuarios pueden personalizar el dise\u00f1o de su sitio mediante un constructor de p\u00e1gina intuitivo, permitiendo modificar secciones y elementos sin necesidad de conocimientos de programaci\u00f3n. Esto agiliza la creaci\u00f3n de un sitio atractivo y \u00fanico.<\/p><\/li><li><p><strong>SEO Optimization<\/strong><br \/>Technico Theme est\u00e1 optimizado para cumplir con las mejores pr\u00e1cticas de SEO, asegurando que los contenidos y p\u00e1ginas de servicio tengan la mejor oportunidad de posicionarse en los motores de b\u00fasqueda. Adem\u00e1s, su estructura y velocidad de carga r\u00e1pida lo hacen perfecto para captar tr\u00e1fico org\u00e1nico.<\/p><\/li><li><p><strong>Responsive y adaptable a dispositivos m\u00f3viles<\/strong><br \/>Con un dise\u00f1o responsive, Technico WordPress Theme garantiza una visualizaci\u00f3n \u00f3ptima en cualquier dispositivo, ya sea computadora de escritorio, tableta o smartphone. Esto es fundamental para captar la atenci\u00f3n de clientes potenciales que realizan b\u00fasquedas desde sus m\u00f3viles.<\/p><\/li><li><p><strong>Compatibilidad con WooCommerce y otros plugins<\/strong><br \/>Technico WordPress Theme es compatible con WooCommerce, lo que permite a las empresas ofrecer productos y servicios adicionales en su sitio web. Su integraci\u00f3n con plugins populares de WordPress permite a\u00f1adir funcionalidades adicionales sin afectar el rendimiento.<\/p><\/li><\/ul><h3>Beneficios de utilizar Technico WordPress Theme en tu negocio<\/h3><ol><li><p><strong>Potencia la presencia en l\u00ednea de empresas de servicios<\/strong><br \/>Technico WordPress Theme ayuda a empresas de servicios a establecer una presencia en l\u00ednea s\u00f3lida y profesional. Gracias a su dise\u00f1o espec\u00edfico para el sector t\u00e9cnico y de construcci\u00f3n, se convierte en una herramienta ideal para aquellos que desean resaltar su experiencia y generar confianza en sus clientes.<\/p><\/li><li><p><strong>Simplifica la presentaci\u00f3n de servicios y proyectos<\/strong><br \/>Con sus secciones dedicadas, Technico WordPress Theme permite a las empresas destacar sus servicios y proyectos previos de forma organizada. La posibilidad de incluir testimonios y fotos de proyectos terminados es clave para atraer a nuevos clientes.<\/p><\/li><li><p><strong>Personalizaci\u00f3n sencilla para una imagen de marca \u00fanica<\/strong><br \/>Technico WordPress Theme ofrece flexibilidad para adaptar el sitio a la imagen de marca de la empresa. La personalizaci\u00f3n sencilla permite ajustar colores, fuentes y secciones en pocos pasos, asegurando que cada sitio sea \u00fanico y representativo.<\/p><\/li><li><p><strong>Optimizaci\u00f3n SEO para captar tr\u00e1fico org\u00e1nico<\/strong><br \/>Dise\u00f1ado con SEO en mente, Technico WordPress Theme permite que cada servicio y proyecto tenga una buena oportunidad de posicionarse en las SERPs, aumentando la visibilidad del sitio y atrayendo a m\u00e1s clientes potenciales.<\/p><\/li><li><p><strong>F\u00e1cil integraci\u00f3n de funcionalidades adicionales<\/strong><br \/>Gracias a su compatibilidad con WooCommerce y otros plugins de WordPress, Technico WordPress Theme permite a\u00f1adir funciones avanzadas, como tiendas en l\u00ednea o formularios de contacto personalizados, ampliando las capacidades del sitio.<\/p><\/li><\/ol><h3>\u00bfPor qu\u00e9 elegir Technico WordPress Theme?<\/h3><p>Technico WordPress Theme es la elecci\u00f3n ideal para empresas que buscan un tema de WordPress espec\u00edficamente dise\u00f1ado para el sector de servicios t\u00e9cnicos y de construcci\u00f3n. Su dise\u00f1o adaptado, sus opciones de personalizaci\u00f3n y su compatibilidad con plugins de WordPress aseguran que las empresas puedan crear una experiencia de usuario impactante y profesional. Adem\u00e1s, con una estructura optimizada para SEO y la capacidad de mostrar servicios y proyectos de manera efectiva, <strong>Technico WordPress Theme<\/strong> es una herramienta poderosa para mejorar la visibilidad y captar clientes en l\u00ednea.<\/p>\t\t\t\t\t\t\t\t<\/div>\n\t\t\t\t<\/div>\n\t\t\t\t\t<\/div>\n\t\t\t\t<\/div>\n\t\t\t\t<\/div>","protected":false},"excerpt":{"rendered":"<p>Technico WordPress Theme El tema especializado para sitios de servicios t\u00e9cnicos y de construcci\u00f3n \u00bfQu\u00e9 es Technico WordPress Theme? Technico<\/p>","protected":false},"featured_media":64441,"comment_status":"closed","ping_status":"closed","template":"","meta":{"_acf_changed":false},"product_brand":[],"product_cat":[15],"product_tag":[553],"class_list":{"0":"post-36507","1":"product","2":"type-product","3":"status-publish","4":"has-post-thumbnail","6":"product_cat-wordpress-themes","7":"product_tag-temas-para-construccion-y-bienes-raices","8":"pa_autores-cssigniter","10":"first","11":"instock","12":"sale","13":"downloadable","14":"virtual","15":"sold-individually","16":"purchasable","17":"product-type-simple"},"acf":[],"_links":{"self":[{"href":"https:\/\/wpclub.pro\/en\/wp-json\/wp\/v2\/product\/36507","targetHints":{"allow":["GET"]}}],"collection":[{"href":"https:\/\/wpclub.pro\/en\/wp-json\/wp\/v2\/product"}],"about":[{"href":"https:\/\/wpclub.pro\/en\/wp-json\/wp\/v2\/types\/product"}],"replies":[{"embeddable":true,"href":"https:\/\/wpclub.pro\/en\/wp-json\/wp\/v2\/comments?post=36507"}],"version-history":[{"count":0,"href":"https:\/\/wpclub.pro\/en\/wp-json\/wp\/v2\/product\/36507\/revisions"}],"wp:featuredmedia":[{"embeddable":true,"href":"https:\/\/wpclub.pro\/en\/wp-json\/wp\/v2\/media\/64441"}],"wp:attachment":[{"href":"https:\/\/wpclub.pro\/en\/wp-json\/wp\/v2\/media?parent=36507"}],"wp:term":[{"taxonomy":"product_brand","embeddable":true,"href":"https:\/\/wpclub.pro\/en\/wp-json\/wp\/v2\/product_brand?post=36507"},{"taxonomy":"product_cat","embeddable":true,"href":"https:\/\/wpclub.pro\/en\/wp-json\/wp\/v2\/product_cat?post=36507"},{"taxonomy":"product_tag","embeddable":true,"href":"https:\/\/wpclub.pro\/en\/wp-json\/wp\/v2\/product_tag?post=36507"}],"curies":[{"name":"wp","href":"https:\/\/api.w.org\/{rel}","templated":true}]}}