{"id":36542,"date":"2025-09-18T16:41:14","date_gmt":"2025-09-18T19:41:14","guid":{"rendered":"https:\/\/wpclub.pro\/?post_type=product&#038;p=36542"},"modified":"2025-09-18T16:44:32","modified_gmt":"2025-09-18T19:44:32","slug":"oikia-wordpress-theme","status":"publish","type":"product","link":"https:\/\/wpclub.pro\/en\/item\/oikia-wordpress-theme\/","title":{"rendered":"Oikia WordPress Theme 1.0.6"},"content":{"rendered":"<div data-elementor-type=\"wp-post\" data-elementor-id=\"36542\" class=\"elementor elementor-36542\">\n\t\t\t\t<div class=\"wd-negative-gap elementor-element elementor-element-b085467 e-flex e-con-boxed e-con e-parent\" data-id=\"b085467\" data-element_type=\"container\" data-e-type=\"container\">\n\t\t\t\t\t<div class=\"e-con-inner\">\n\t\t\t\t<div class=\"elementor-element elementor-element-2a827d8e color-scheme-inherit text-left elementor-widget elementor-widget-text-editor\" data-id=\"2a827d8e\" data-element_type=\"widget\" data-e-type=\"widget\" data-widget_type=\"text-editor.default\">\n\t\t\t\t<div class=\"elementor-widget-container\">\n\t\t\t\t\t\t\t\t\t<h2><strong>Oikia WordPress Theme<\/strong><\/h2><p>\u00a0El tema especializado en inmobiliarias y bienes ra\u00edces<\/p><h3><strong>\u00bfQu\u00e9 es Oikia WordPress Theme?<\/strong><\/h3><p><br \/>Oikia WordPress Theme es un tema premium de WordPress dise\u00f1ado especialmente para el sector inmobiliario, ideal para empresas de bienes ra\u00edces, agentes inmobiliarios, constructores, y desarrolladores de proyectos habitacionales que buscan una soluci\u00f3n pr\u00e1ctica y visualmente atractiva para exhibir propiedades en l\u00ednea. Este tema facilita tanto la creaci\u00f3n como la gesti\u00f3n de sitios web inmobiliarios modernos y totalmente optimizados, permitiendo que las empresas puedan captar la atenci\u00f3n de sus clientes potenciales desde cualquier dispositivo.<\/p><h3>Caracter\u00edsticas destacadas de Oikia WordPress Theme<\/h3><ul><li><p><strong>Dise\u00f1o especializado y profesional<\/strong><br \/>El Oikia WordPress Theme ofrece un dise\u00f1o visualmente impactante que est\u00e1 completamente adaptado a las necesidades del mercado inmobiliario. Con opciones de personalizaci\u00f3n avanzadas, los usuarios pueden modificar f\u00e1cilmente el dise\u00f1o para que refleje la identidad de su marca sin la necesidad de tener conocimientos t\u00e9cnicos avanzados.<\/p><\/li><li><p><strong>Sistema de gesti\u00f3n de propiedades<\/strong><br \/>Este tema incorpora un sistema intuitivo de gesti\u00f3n de propiedades, facilitando la creaci\u00f3n, edici\u00f3n y categorizaci\u00f3n de propiedades en venta o alquiler. Gracias a su panel de control, puedes agregar descripciones detalladas, im\u00e1genes, mapas de ubicaci\u00f3n y especificaciones adicionales de cada propiedad, todo en un solo lugar.<\/p><\/li><li><p><strong>Totalmente responsive y optimizado para dispositivos m\u00f3viles<\/strong><br \/>Dada la alta demanda de b\u00fasquedas desde dispositivos m\u00f3viles en el sector inmobiliario, Oikia WordPress Theme es responsive, asegurando una experiencia de navegaci\u00f3n \u00f3ptima desde smartphones, tablets o computadoras.<\/p><\/li><li><p><strong>Integraci\u00f3n con Google Maps<\/strong><br \/>La integraci\u00f3n con Google Maps es esencial para que los usuarios puedan ver la ubicaci\u00f3n exacta de cada propiedad. Oikia WordPress Theme permite mostrar mapas interactivos en cada publicaci\u00f3n de propiedad, aumentando la usabilidad y el atractivo del sitio.<\/p><\/li><li><p><strong>Easy to customize<\/strong><br \/>Con herramientas de personalizaci\u00f3n intuitivas, el tema permite modificar colores, fuentes, y estructuras de p\u00e1gina en cuesti\u00f3n de minutos. Oikia WordPress Theme ofrece compatibilidad con el editor de bloques de WordPress y otros constructores de p\u00e1ginas populares, haciendo que el proceso de personalizaci\u00f3n sea sencillo para todos los niveles de usuarios.<\/p><\/li><li><p><strong>SEO Friendly<\/strong><br \/>Dise\u00f1ado con las mejores pr\u00e1cticas de SEO, Oikia WordPress Theme garantiza que cada propiedad publicada est\u00e9 optimizada para los motores de b\u00fasqueda. Sus URLs, estructura de contenido y compatibilidad con plugins de SEO permiten a las inmobiliarias posicionarse mejor en las SERPs, aumentando la visibilidad y las probabilidades de captar clientes potenciales.<\/p><\/li><li><p><strong>Multi-language support<\/strong><br \/>En mercados internacionales, la versatilidad del Oikia WordPress Theme se ampl\u00eda gracias a su compatibilidad con plugins de traducci\u00f3n, facilitando que el sitio web est\u00e9 disponible en varios idiomas y alcance una audiencia global.<\/p><\/li><\/ul><h3>Beneficios de utilizar Oikia WordPress Theme para tu negocio inmobiliario<\/h3><ol><li><p><strong>Aumento de la visibilidad en l\u00ednea<\/strong><br \/>Con la capacidad de adaptar y optimizar tu sitio para motores de b\u00fasqueda, Oikia WordPress Theme ayuda a incrementar la visibilidad de cada propiedad listada, atrayendo m\u00e1s visitantes y generando mayores oportunidades de negocio.<\/p><\/li><li><p><strong>Optimized user experience<\/strong><br \/>La navegaci\u00f3n intuitiva y el dise\u00f1o responsive de Oikia WordPress Theme garantizan una experiencia de usuario satisfactoria, permitiendo que los visitantes encuentren f\u00e1cilmente la informaci\u00f3n de las propiedades.<\/p><\/li><li><p><strong>Simplificaci\u00f3n de la gesti\u00f3n de propiedades<\/strong><br \/>Gracias a sus funciones de administraci\u00f3n integradas, este tema facilita la actualizaci\u00f3n constante del cat\u00e1logo de propiedades y la personalizaci\u00f3n de cada p\u00e1gina, reduciendo la complejidad de gesti\u00f3n para los agentes inmobiliarios.<\/p><\/li><li><p><strong>Personalizaci\u00f3n y escalabilidad<\/strong><br \/>Oikia WordPress Theme se adapta a proyectos de distintos tama\u00f1os, permitiendo que los negocios inmobiliarios ampl\u00eden sus listados y a\u00f1adan nuevas funcionalidades sin tener que cambiar de tema a medida que crecen.<\/p><\/li><\/ol><h3>\u00bfPor qu\u00e9 elegir Oikia WordPress Theme?<\/h3><p>Oikia WordPress Theme es la soluci\u00f3n ideal para quienes buscan un tema enfocado en la industria inmobiliaria con funciones espec\u00edficas y una est\u00e9tica moderna. Su compatibilidad con plugins populares de WordPress asegura que puedas integrar herramientas adicionales para mejorar el rendimiento del sitio, como formularios de contacto avanzados o sistemas de an\u00e1lisis de tr\u00e1fico. Adem\u00e1s, su estructura SEO-friendly asegura que el contenido est\u00e9 optimizado para las b\u00fasquedas m\u00e1s comunes, permiti\u00e9ndote escalar en los resultados de b\u00fasqueda de Google y otras plataformas.<\/p>\t\t\t\t\t\t\t\t<\/div>\n\t\t\t\t<\/div>\n\t\t\t\t\t<\/div>\n\t\t\t\t<\/div>\n\t\t\t\t<\/div>","protected":false},"excerpt":{"rendered":"<p>Oikia WordPress Theme El tema especializado en inmobiliarias y bienes ra\u00edces \u00bfQu\u00e9 es Oikia WordPress Theme? Oikia WordPress Theme es<\/p>","protected":false},"featured_media":94998,"comment_status":"closed","ping_status":"closed","template":"","meta":{"_acf_changed":false},"product_brand":[],"product_cat":[15],"product_tag":[553],"class_list":{"0":"post-36542","1":"product","2":"type-product","3":"status-publish","4":"has-post-thumbnail","6":"product_cat-wordpress-themes","7":"product_tag-temas-para-construccion-y-bienes-raices","8":"pa_autores-cssigniter","10":"first","11":"instock","12":"sale","13":"downloadable","14":"virtual","15":"sold-individually","16":"purchasable","17":"product-type-simple"},"acf":[],"_links":{"self":[{"href":"https:\/\/wpclub.pro\/en\/wp-json\/wp\/v2\/product\/36542","targetHints":{"allow":["GET"]}}],"collection":[{"href":"https:\/\/wpclub.pro\/en\/wp-json\/wp\/v2\/product"}],"about":[{"href":"https:\/\/wpclub.pro\/en\/wp-json\/wp\/v2\/types\/product"}],"replies":[{"embeddable":true,"href":"https:\/\/wpclub.pro\/en\/wp-json\/wp\/v2\/comments?post=36542"}],"version-history":[{"count":0,"href":"https:\/\/wpclub.pro\/en\/wp-json\/wp\/v2\/product\/36542\/revisions"}],"wp:featuredmedia":[{"embeddable":true,"href":"https:\/\/wpclub.pro\/en\/wp-json\/wp\/v2\/media\/94998"}],"wp:attachment":[{"href":"https:\/\/wpclub.pro\/en\/wp-json\/wp\/v2\/media?parent=36542"}],"wp:term":[{"taxonomy":"product_brand","embeddable":true,"href":"https:\/\/wpclub.pro\/en\/wp-json\/wp\/v2\/product_brand?post=36542"},{"taxonomy":"product_cat","embeddable":true,"href":"https:\/\/wpclub.pro\/en\/wp-json\/wp\/v2\/product_cat?post=36542"},{"taxonomy":"product_tag","embeddable":true,"href":"https:\/\/wpclub.pro\/en\/wp-json\/wp\/v2\/product_tag?post=36542"}],"curies":[{"name":"wp","href":"https:\/\/api.w.org\/{rel}","templated":true}]}}