{"id":36565,"date":"2024-10-28T14:49:49","date_gmt":"2024-10-28T17:49:49","guid":{"rendered":"https:\/\/wpclub.pro\/?post_type=product&#038;p=36565"},"modified":"2024-10-28T14:51:38","modified_gmt":"2024-10-28T17:51:38","slug":"lense-wordpress-theme","status":"publish","type":"product","link":"https:\/\/wpclub.pro\/en\/item\/lense-wordpress-theme\/","title":{"rendered":"Lense WordPress Theme 1.2.1"},"content":{"rendered":"<div data-elementor-type=\"product-post\" data-elementor-id=\"36565\" class=\"elementor elementor-36565\" data-elementor-post-type=\"product\">\n\t\t\t\t<div class=\"wd-negative-gap elementor-element elementor-element-2d13ecec e-flex e-con-boxed e-con e-parent\" data-id=\"2d13ecec\" data-element_type=\"container\" data-e-type=\"container\">\n\t\t\t\t\t<div class=\"e-con-inner\">\n\t\t\t\t<div class=\"elementor-element elementor-element-54db7786 color-scheme-inherit text-left elementor-widget elementor-widget-text-editor\" data-id=\"54db7786\" data-element_type=\"widget\" data-e-type=\"widget\" data-widget_type=\"text-editor.default\">\n\t\t\t\t<div class=\"elementor-widget-container\">\n\t\t\t\t\t\t\t\t\t<h2><strong><span style=\"color: var(--wd-title-color); font-family: var(--wd-title-font); font-size: 24px; font-style: var(--wd-title-font-style); text-transform: var(--wd-title-transform); text-align: var(--text-align);\">Lense WordPress Theme<\/span><\/strong><\/h2><p>\u00a0<\/p><div class=\"text-base text-slate-400 max-w-3xl mb-8\"><div class=\"text-base text-slate-400 max-w-3xl mb-8\"><div class=\"text-base text-slate-400 max-w-3xl mb-8\"><div class=\"text-base text-slate-400 max-w-3xl mb-8\"><div class=\"text-base text-slate-400 max-w-3xl mb-8\"><div class=\"text-base text-slate-400 max-w-3xl mb-8\"><div class=\"text-base text-slate-400 max-w-3xl mb-8\"><div class=\"text-base text-slate-400 max-w-3xl mb-8\"><div class=\"text-base text-slate-400 max-w-3xl mb-8\"><div class=\"text-base text-slate-400 max-w-3xl mb-8\"><div class=\"text-base text-slate-400 max-w-3xl mb-8\"><div class=\"text-base text-slate-400 max-w-3xl mb-8\"><div class=\"text-base text-slate-400 max-w-3xl mb-8\"><div class=\"text-base text-slate-400 max-w-3xl mb-8\"><div class=\"text-base text-slate-400 max-w-3xl mb-8\"><div class=\"text-base text-slate-400 max-w-3xl mb-8\"><div class=\"text-base text-slate-400 max-w-3xl mb-8\"><div class=\"text-base text-slate-400 max-w-3xl mb-8\"><div class=\"text-base text-slate-400 max-w-3xl mb-8\"><div class=\"text-base text-slate-400 max-w-3xl mb-8\"><div class=\"text-base text-slate-400 max-w-3xl mb-8\"><div class=\"text-base text-slate-400 max-w-3xl mb-8\"><div class=\"text-base text-slate-400 max-w-3xl mb-8\"><div class=\"text-base text-slate-400 max-w-3xl mb-8\"><div class=\"text-base text-slate-400 max-w-3xl mb-8\"><p>Muestra tu trabajo a trav\u00e9s de Lense, nuestro tema de WordPress especialmente dise\u00f1ado para fot\u00f3grafos, deja que haga todo el trabajo mientras t\u00fa te concentras en tu arte.<\/p><\/div><\/div><\/div><\/div><\/div><\/div><\/div><\/div><\/div><\/div><\/div><\/div><\/div><\/div><\/div><\/div><\/div><\/div><h3><strong style=\"font-family: inherit;\">Caracter\u00edsticas del tema:<\/strong><\/h3><\/div><\/div><\/div><\/div><\/div><\/div><\/div><ul><li>Cabeceras flexible<\/li><li>Pies de p\u00e1gina personalizables<\/li><li>Construir con bloques<\/li><li>Integraci\u00f3n perfecta con Elementor<\/li><li>M\u00e1ximo rendimiento<\/li><li>WooCommerce<\/li><\/ul><h3><strong>Desarrollado por nuestro s\u00f3lido marco tem\u00e1tico, Ignition<\/strong><\/h3><ul><li><strong>Secciones globales<\/strong><br \/>Dise\u00f1e secciones una vez (puede dise\u00f1ar secciones usando el editor de bloques o Elementor) y \u00faselas varias veces a trav\u00e9s del sistema de Secciones Globales. Definitivamente te encantar\u00e1.<\/li><li><strong>Crea tu propia combinaci\u00f3n de colores<\/strong><br \/>Cree combinaciones de colores \u00fanicas que combinen perfectamente con sus marcas mediante las opciones de color integradas en el Personalizador. Modifique globalmente los colores del tema o ajuste el esquema en ciertas secciones del tema como la barra superior, el encabezado, el pie de p\u00e1gina, etc.<\/li><li><strong>Google Fonts<\/strong><br \/>Modifica r\u00e1pidamente el par de fuentes del tema eligiendo tus familias de fuentes preferidas entre las docenas de fuentes de Google disponibles. Adem\u00e1s, puede ajustar las propiedades de fuente de las secciones clave del tema, todo desde el Personalizador.<\/li><\/ul><p>Adquiera ahora Lense WordPress Theme.<\/p>\t\t\t\t\t\t\t\t<\/div>\n\t\t\t\t<\/div>\n\t\t\t\t\t<\/div>\n\t\t\t\t<\/div>\n\t\t\t\t<\/div>","protected":false},"excerpt":{"rendered":"<p>Lense WordPress Theme Muestra tu trabajo a trav\u00e9s de Lense, nuestro tema de WordPress especialmente dise\u00f1ado para fot\u00f3grafos, deja que<\/p>","protected":false},"featured_media":36568,"comment_status":"closed","ping_status":"closed","template":"","meta":{"_acf_changed":false},"product_brand":[],"product_cat":[15],"product_tag":[202,146],"class_list":{"0":"post-36565","1":"product","2":"type-product","3":"status-publish","4":"has-post-thumbnail","6":"product_cat-wordpress-themes","7":"product_tag-temas-para-fotografia-y-arte","8":"product_tag-temas-para-portafolios-y-cv","9":"pa_autores-cssigniter","11":"first","12":"instock","13":"sale","14":"downloadable","15":"virtual","16":"sold-individually","17":"purchasable","18":"product-type-simple"},"acf":[],"_links":{"self":[{"href":"https:\/\/wpclub.pro\/en\/wp-json\/wp\/v2\/product\/36565","targetHints":{"allow":["GET"]}}],"collection":[{"href":"https:\/\/wpclub.pro\/en\/wp-json\/wp\/v2\/product"}],"about":[{"href":"https:\/\/wpclub.pro\/en\/wp-json\/wp\/v2\/types\/product"}],"replies":[{"embeddable":true,"href":"https:\/\/wpclub.pro\/en\/wp-json\/wp\/v2\/comments?post=36565"}],"version-history":[{"count":0,"href":"https:\/\/wpclub.pro\/en\/wp-json\/wp\/v2\/product\/36565\/revisions"}],"wp:featuredmedia":[{"embeddable":true,"href":"https:\/\/wpclub.pro\/en\/wp-json\/wp\/v2\/media\/36568"}],"wp:attachment":[{"href":"https:\/\/wpclub.pro\/en\/wp-json\/wp\/v2\/media?parent=36565"}],"wp:term":[{"taxonomy":"product_brand","embeddable":true,"href":"https:\/\/wpclub.pro\/en\/wp-json\/wp\/v2\/product_brand?post=36565"},{"taxonomy":"product_cat","embeddable":true,"href":"https:\/\/wpclub.pro\/en\/wp-json\/wp\/v2\/product_cat?post=36565"},{"taxonomy":"product_tag","embeddable":true,"href":"https:\/\/wpclub.pro\/en\/wp-json\/wp\/v2\/product_tag?post=36565"}],"curies":[{"name":"wp","href":"https:\/\/api.w.org\/{rel}","templated":true}]}}