{"id":36634,"date":"2024-10-24T16:08:28","date_gmt":"2024-10-24T19:08:28","guid":{"rendered":"https:\/\/wpclub.pro\/?post_type=product&#038;p=36634"},"modified":"2024-10-24T16:19:34","modified_gmt":"2024-10-24T19:19:34","slug":"convert-wordpress-theme","status":"publish","type":"product","link":"https:\/\/wpclub.pro\/en\/item\/convert-wordpress-theme\/","title":{"rendered":"Convert WordPress Theme 1.5.1"},"content":{"rendered":"<div data-elementor-type=\"product-post\" data-elementor-id=\"36634\" class=\"elementor elementor-36634\" data-elementor-post-type=\"product\">\n\t\t\t\t<div class=\"wd-negative-gap elementor-element elementor-element-2a98c781 e-flex e-con-boxed e-con e-parent\" data-id=\"2a98c781\" data-element_type=\"container\" data-e-type=\"container\">\n\t\t\t\t\t<div class=\"e-con-inner\">\n\t\t\t\t<div class=\"elementor-element elementor-element-5713b5ab color-scheme-inherit text-left elementor-widget elementor-widget-text-editor\" data-id=\"5713b5ab\" data-element_type=\"widget\" data-e-type=\"widget\" data-widget_type=\"text-editor.default\">\n\t\t\t\t<div class=\"elementor-widget-container\">\n\t\t\t\t\t\t\t\t\t<p><span style=\"color: var(--wd-title-color); font-family: var(--wd-title-font); font-size: 24px; font-style: var(--wd-title-font-style); font-weight: var(--wd-title-font-weight); text-transform: var(--wd-title-transform); text-align: var(--text-align);\">Convert WordPress Theme<\/span><\/p>\n<p>&nbsp;<\/p>\n<div class=\"text-base text-slate-400 max-w-3xl mb-8\">\n<div class=\"text-base text-slate-400 max-w-3xl mb-8\">\n<div class=\"text-base text-slate-400 max-w-3xl mb-8\">\n<div class=\"text-base text-slate-400 max-w-3xl mb-8\">\n<div class=\"text-base text-slate-400 max-w-3xl mb-8\">\n<div class=\"text-base text-slate-400 max-w-3xl mb-8\">\n<div class=\"text-base text-slate-400 max-w-3xl mb-8\">\n<div class=\"text-base text-slate-400 max-w-3xl mb-8\">\n<div class=\"text-base text-slate-400 max-w-3xl mb-8\">\n<div class=\"text-base text-slate-400 max-w-3xl mb-8\">\n<div class=\"text-base text-slate-400 max-w-3xl mb-8\">\n<div class=\"text-base text-slate-400 max-w-3xl mb-8\">\n<div class=\"text-base text-slate-400 max-w-3xl mb-8\">\n<div class=\"text-base text-slate-400 max-w-3xl mb-8\">\n<div class=\"text-base text-slate-400 max-w-3xl mb-8\">\n<div class=\"text-base text-slate-400 max-w-3xl mb-8\">\n<div class=\"text-base text-slate-400 max-w-3xl mb-8\">\n<div class=\"text-base text-slate-400 max-w-3xl mb-8\">\n<div class=\"text-base text-slate-400 max-w-3xl mb-8\">\n<div class=\"text-base text-slate-400 max-w-3xl mb-8\">\n<div class=\"text-base text-slate-400 max-w-3xl mb-8\">\n<div class=\"text-base text-slate-400 max-w-3xl mb-8\">\n<div class=\"text-base text-slate-400 max-w-3xl mb-8\">\n<div class=\"text-base text-slate-400 max-w-3xl mb-8\">\n<div class=\"text-base text-slate-400 max-w-3xl mb-8\">\n<div class=\"text-base text-slate-400 max-w-3xl mb-8\">\n<div class=\"text-base text-slate-400 max-w-3xl mb-8\">\n<div class=\"text-base text-slate-400 max-w-3xl mb-8\">\n<div class=\"text-base text-slate-400 max-w-3xl mb-8\">\n<div class=\"text-base text-slate-400 max-w-3xl mb-8\">\n<div class=\"text-base text-slate-400 max-w-3xl mb-8\">\n<div class=\"text-base text-slate-400 max-w-3xl mb-8\">\n<div class=\"text-base text-slate-400 max-w-3xl mb-8\">\n<p>Dise\u00f1ado para impresionar, Convert le ayuda a crear una primera impresi\u00f3n sorprendente de profesionalismo para el sitio web de su empresa.&nbsp;Descubra nuestro tema y mejore su presencia en l\u00ednea hoy.<\/p>\n<\/div>\n<\/div>\n<\/div>\n<\/div>\n<\/div>\n<\/div>\n<\/div>\n<\/div>\n<\/div>\n<\/div>\n<\/div>\n<\/div>\n<\/div>\n<\/div>\n<\/div>\n<\/div>\n<\/div>\n<\/div>\n<\/div>\n<\/div>\n<\/div>\n<\/div>\n<\/div>\n<\/div>\n<p>&nbsp;<\/p>\n<\/div>\n<\/div>\n<p><strong style=\"font-family: inherit;\">Caracter\u00edsticas del tema Convert WordPress Theme<\/strong><\/p>\n<\/div>\n<\/div>\n<\/div>\n<\/div>\n<\/div>\n<\/div>\n<\/div>\n<ul>\n<li>Cabeceras flexible<\/li>\n<li>Pies de p\u00e1gina personalizables<\/li>\n<li>Construir con bloques<\/li>\n<li>Integraci\u00f3n perfecta con Elementor<\/li>\n<li>M\u00e1ximo rendimiento<\/li>\n<li>WooCommerce<\/li>\n<\/ul>\n<h3><strong>Desarrollado por nuestro s\u00f3lido marco tem\u00e1tico, Ignition<\/strong><\/h3>\n<ul>\n<li><strong>Secciones globales<\/strong><br>\nDise\u00f1e secciones una vez (puede dise\u00f1ar secciones usando el editor de bloques o Elementor) y \u00faselas varias veces a trav\u00e9s del sistema de Secciones Globales. Definitivamente te encantar\u00e1.<\/li>\n<li><strong>Crea tu propia combinaci\u00f3n de colores<\/strong><br>\nCree combinaciones de colores \u00fanicas que combinen perfectamente con sus marcas mediante las opciones de color integradas en el Personalizador. Modifique globalmente los colores del tema o ajuste el esquema en ciertas secciones del tema como la barra superior, el encabezado, el pie de p\u00e1gina, etc.<\/li>\n<li><strong>Google Fonts<\/strong><br>\nModifica r\u00e1pidamente el par de fuentes del tema eligiendo tus familias de fuentes preferidas entre las docenas de fuentes de Google disponibles. Adem\u00e1s, puede ajustar las propiedades de fuente de las secciones clave del tema, todo desde el Personalizador.<\/li>\n<\/ul>\n<p>&nbsp;<\/p>\n<p>Adquiera ahora Convert WordPress Theme.<\/p>\t\t\t\t\t\t\t\t<\/div>\n\t\t\t\t<\/div>\n\t\t\t\t\t<\/div>\n\t\t\t\t<\/div>\n\t\t\t\t<\/div>","protected":false},"excerpt":{"rendered":"<p>Convert WordPress Theme &nbsp; Dise\u00f1ado para impresionar, Convert le ayuda a crear una primera impresi\u00f3n sorprendente de profesionalismo para el<\/p>","protected":false},"featured_media":36635,"comment_status":"closed","ping_status":"closed","template":"","meta":{"_acf_changed":false},"product_brand":[],"product_cat":[15],"product_tag":[499],"class_list":{"0":"post-36634","1":"product","2":"type-product","3":"status-publish","4":"has-post-thumbnail","6":"product_cat-wordpress-themes","7":"product_tag-temas-para-servicios-profesionales","8":"pa_autores-cssigniter","10":"first","11":"instock","12":"sale","13":"downloadable","14":"virtual","15":"sold-individually","16":"purchasable","17":"product-type-simple"},"acf":[],"_links":{"self":[{"href":"https:\/\/wpclub.pro\/en\/wp-json\/wp\/v2\/product\/36634","targetHints":{"allow":["GET"]}}],"collection":[{"href":"https:\/\/wpclub.pro\/en\/wp-json\/wp\/v2\/product"}],"about":[{"href":"https:\/\/wpclub.pro\/en\/wp-json\/wp\/v2\/types\/product"}],"replies":[{"embeddable":true,"href":"https:\/\/wpclub.pro\/en\/wp-json\/wp\/v2\/comments?post=36634"}],"version-history":[{"count":0,"href":"https:\/\/wpclub.pro\/en\/wp-json\/wp\/v2\/product\/36634\/revisions"}],"wp:featuredmedia":[{"embeddable":true,"href":"https:\/\/wpclub.pro\/en\/wp-json\/wp\/v2\/media\/36635"}],"wp:attachment":[{"href":"https:\/\/wpclub.pro\/en\/wp-json\/wp\/v2\/media?parent=36634"}],"wp:term":[{"taxonomy":"product_brand","embeddable":true,"href":"https:\/\/wpclub.pro\/en\/wp-json\/wp\/v2\/product_brand?post=36634"},{"taxonomy":"product_cat","embeddable":true,"href":"https:\/\/wpclub.pro\/en\/wp-json\/wp\/v2\/product_cat?post=36634"},{"taxonomy":"product_tag","embeddable":true,"href":"https:\/\/wpclub.pro\/en\/wp-json\/wp\/v2\/product_tag?post=36634"}],"curies":[{"name":"wp","href":"https:\/\/api.w.org\/{rel}","templated":true}]}}