{"id":36636,"date":"2024-11-05T09:22:13","date_gmt":"2024-11-05T12:22:13","guid":{"rendered":"https:\/\/wpclub.pro\/?post_type=product&#038;p=36636"},"modified":"2024-11-05T09:24:21","modified_gmt":"2024-11-05T12:24:21","slug":"coastline-wordpress-theme","status":"publish","type":"product","link":"https:\/\/wpclub.pro\/en\/item\/coastline-wordpress-theme\/","title":{"rendered":"Coastline WordPress Theme 1.1.1"},"content":{"rendered":"<div data-elementor-type=\"product-post\" data-elementor-id=\"36636\" class=\"elementor elementor-36636\" data-elementor-post-type=\"product\">\n\t\t\t\t<div class=\"wd-negative-gap elementor-element elementor-element-6f12419a e-flex e-con-boxed e-con e-parent\" data-id=\"6f12419a\" data-element_type=\"container\" data-e-type=\"container\">\n\t\t\t\t\t<div class=\"e-con-inner\">\n\t\t\t\t<div class=\"elementor-element elementor-element-46b4a4fe color-scheme-inherit text-left elementor-widget elementor-widget-text-editor\" data-id=\"46b4a4fe\" data-element_type=\"widget\" data-e-type=\"widget\" data-widget_type=\"text-editor.default\">\n\t\t\t\t<div class=\"elementor-widget-container\">\n\t\t\t\t\t\t\t\t\t<h2><strong>Coastline WordPress Theme<\/strong><\/h2><h3><strong>Una Experiencia Visual Perfecta para Creativos<\/strong><\/h3><p>Coastline WordPress Theme es una soluci\u00f3n avanzada y visualmente impresionante dise\u00f1ada espec\u00edficamente para creativos, fot\u00f3grafos, artistas y dise\u00f1adores que desean exhibir su portafolio en l\u00ednea con estilo y profesionalismo. Esta plantilla permite que cualquier usuario, sin importar su nivel de habilidad en dise\u00f1o web, cree un sitio atractivo y funcional. Coastline destaca por su dise\u00f1o moderno y su enfoque en la experiencia del usuario, brindando una plataforma ideal para mostrar trabajos creativos de una manera que capta la atenci\u00f3n de los visitantes desde el primer momento.<\/p><h3>\u00bfQu\u00e9 es Coastline WordPress Theme?<\/h3><p>Coastline WordPress Theme es un tema altamente personalizable que se adapta a la perfecci\u00f3n a quienes buscan una apariencia minimalista, profesional y visualmente atractiva para su sitio web. Al enfocarse en dise\u00f1os de galer\u00eda y portafolio, este tema ofrece diferentes layouts y funcionalidades avanzadas, permitiendo a los usuarios personalizar cada aspecto del sitio para que coincida con su estilo y visi\u00f3n creativa. Compatible con los principales plugins de WordPress, Coastline permite una integraci\u00f3n perfecta con herramientas de marketing, SEO y comercio electr\u00f3nico, expandiendo las capacidades de cualquier sitio.<\/p><h3>Caracter\u00edsticas Clave de Coastline WordPress Theme<\/h3><ul><li><p><strong>Dise\u00f1o en Base de Portafolio<\/strong>: Coastline est\u00e1 especialmente desarrollado para crear portafolios en l\u00ednea, ofreciendo opciones de layout flexibles y galer\u00eda de im\u00e1genes de alta calidad que captan la atenci\u00f3n de los visitantes.<\/p><\/li><li><p><strong>Intuitive Interface<\/strong>: Aunque ofrece opciones avanzadas de personalizaci\u00f3n, Coastline se caracteriza por una interfaz f\u00e1cil de navegar y usar, ideal para quienes buscan crear sitios de aspecto profesional sin una curva de aprendizaje pronunciada.<\/p><\/li><li><p><strong>Compatible con Plugins de SEO y Optimizaci\u00f3n de Velocidad<\/strong>: Coastline se integra a la perfecci\u00f3n con plugins como Rank Math y WP Rocket, lo que permite a los usuarios mejorar el rendimiento y la optimizaci\u00f3n SEO de su sitio, logrando una mejor posici\u00f3n en los resultados de b\u00fasqueda de Google.<\/p><\/li><li><p><strong>Soporte para WooCommerce<\/strong>: Esta compatibilidad convierte a Coastline en una opci\u00f3n ideal para quienes desean combinar un portafolio con una tienda en l\u00ednea, permitiendo vender servicios o productos directamente desde el sitio.<\/p><\/li><li><p><strong>Dise\u00f1o Responsivo y Retina Ready<\/strong>: Coastline est\u00e1 dise\u00f1ado para verse excelente en cualquier dispositivo, desde computadoras de escritorio hasta smartphones y tablets. Con su optimizaci\u00f3n para pantallas Retina, garantiza una experiencia visual impecable.<\/p><\/li><\/ul><h3>Beneficios de Usar Coastline WordPress Theme<\/h3><ol><li><p><strong>Flexibilidad Creativa<\/strong>: Coastline permite la personalizaci\u00f3n completa del sitio, desde colores hasta tipograf\u00eda y layouts, dando a los creativos libertad total para reflejar su estilo y personalidad \u00fanica.<\/p><\/li><li><p><strong>Aumenta la Visibilidad Online<\/strong>: Gracias a sus funcionalidades integradas para optimizaci\u00f3n SEO y su dise\u00f1o intuitivo, Coastline facilita que los sitios se posicionen en los primeros resultados de b\u00fasqueda en Google, incrementando la visibilidad de tu trabajo.<\/p><\/li><li><p><strong>Rapidez y Facilidad en la Configuraci\u00f3n<\/strong>: El tema est\u00e1 dise\u00f1ado para ser intuitivo y f\u00e1cil de instalar, sin la necesidad de conocimientos avanzados en dise\u00f1o web o programaci\u00f3n.<\/p><\/li><li><p><strong>Integraci\u00f3n de Redes Sociales<\/strong>: Coastline permite la integraci\u00f3n de iconos de redes sociales, lo que facilita que los visitantes compartan contenidos y sigan a los usuarios en sus plataformas sociales preferidas, aumentando as\u00ed el alcance del sitio.<\/p><\/li><li><p><strong>Actualizaciones y Soporte Continuo<\/strong>: Coastline cuenta con soporte t\u00e9cnico continuo y actualizaciones autom\u00e1ticas, garantizando que tu sitio web siempre est\u00e9 actualizado y seguro ante cualquier vulnerabilidad.<\/p><\/li><\/ol><h3>\u00bfPor Qu\u00e9 Elegir Coastline WordPress Theme?<\/h3><p>Optar por Coastline WordPress Theme es una decisi\u00f3n ideal para quienes necesitan una plataforma que combine est\u00e9tica y funcionalidad en un solo lugar. Su dise\u00f1o centrado en portafolio lo convierte en una opci\u00f3n incomparable para creativos que desean un sitio profesional sin la complejidad de desarrollar desde cero. La adaptabilidad del tema permite utilizarlo en una variedad de industrias, desde estudios de fotograf\u00eda y agencias de dise\u00f1o hasta profesionales independientes. Adem\u00e1s, con su soporte para plugins esenciales, Coastline maximiza el potencial del sitio para atraer y retener visitantes, destacando lo mejor de tu talento en la web.<\/p><p>En resumen, Coastline WordPress Theme es la herramienta perfecta para artistas y creativos que buscan una plataforma s\u00f3lida y visualmente atractiva para mostrar su trabajo al mundo, con funcionalidades avanzadas que aseguran un sitio r\u00e1pido, seguro y optimizado para buscadores.<\/p>\t\t\t\t\t\t\t\t<\/div>\n\t\t\t\t<\/div>\n\t\t\t\t\t<\/div>\n\t\t\t\t<\/div>\n\t\t\t\t<\/div>","protected":false},"excerpt":{"rendered":"<p>Coastline WordPress Theme Una Experiencia Visual Perfecta para Creativos Coastline WordPress Theme es una soluci\u00f3n avanzada y visualmente impresionante dise\u00f1ada<\/p>","protected":false},"featured_media":36637,"comment_status":"closed","ping_status":"closed","template":"","meta":{"_acf_changed":false},"product_brand":[],"product_cat":[15],"product_tag":[146],"class_list":{"0":"post-36636","1":"product","2":"type-product","3":"status-publish","4":"has-post-thumbnail","6":"product_cat-wordpress-themes","7":"product_tag-temas-para-portafolios-y-cv","8":"pa_autores-cssigniter","10":"first","11":"instock","12":"sale","13":"downloadable","14":"virtual","15":"sold-individually","16":"purchasable","17":"product-type-simple"},"acf":[],"_links":{"self":[{"href":"https:\/\/wpclub.pro\/en\/wp-json\/wp\/v2\/product\/36636","targetHints":{"allow":["GET"]}}],"collection":[{"href":"https:\/\/wpclub.pro\/en\/wp-json\/wp\/v2\/product"}],"about":[{"href":"https:\/\/wpclub.pro\/en\/wp-json\/wp\/v2\/types\/product"}],"replies":[{"embeddable":true,"href":"https:\/\/wpclub.pro\/en\/wp-json\/wp\/v2\/comments?post=36636"}],"version-history":[{"count":0,"href":"https:\/\/wpclub.pro\/en\/wp-json\/wp\/v2\/product\/36636\/revisions"}],"wp:featuredmedia":[{"embeddable":true,"href":"https:\/\/wpclub.pro\/en\/wp-json\/wp\/v2\/media\/36637"}],"wp:attachment":[{"href":"https:\/\/wpclub.pro\/en\/wp-json\/wp\/v2\/media?parent=36636"}],"wp:term":[{"taxonomy":"product_brand","embeddable":true,"href":"https:\/\/wpclub.pro\/en\/wp-json\/wp\/v2\/product_brand?post=36636"},{"taxonomy":"product_cat","embeddable":true,"href":"https:\/\/wpclub.pro\/en\/wp-json\/wp\/v2\/product_cat?post=36636"},{"taxonomy":"product_tag","embeddable":true,"href":"https:\/\/wpclub.pro\/en\/wp-json\/wp\/v2\/product_tag?post=36636"}],"curies":[{"name":"wp","href":"https:\/\/api.w.org\/{rel}","templated":true}]}}