{"id":36648,"date":"2024-01-23T10:59:21","date_gmt":"2024-01-23T13:59:21","guid":{"rendered":"https:\/\/wpclub.pro\/?post_type=product&#038;p=36648"},"modified":"2024-10-03T12:49:04","modified_gmt":"2024-10-03T15:49:04","slug":"benson-wordpress-theme","status":"publish","type":"product","link":"https:\/\/wpclub.pro\/en\/item\/benson-wordpress-theme\/","title":{"rendered":"Benson WordPress Theme 1.1.2"},"content":{"rendered":"<p>] css=\u00bb.vc_custom_1629733467375{margin-right: 15px !important;padding-top: 30px !important;padding-right: 30px !important;padding-bottom: 30px !important;padding-left: 30px !important;background-color: #f4f4f4 !important;border-radius: 5px !important;}\u00bb width=\u00bb1\/1&#8243; mobile_bg_img_hidden=\u00bbno\u00bb tablet_bg_img_hidden=\u00bbno\u00bb woodmart_parallax=\u00bb0&#8243; woodmart_sticky_column=\u00bbfalse\u00bb parallax_scroll=\u00bbno\u00bb mobile_reset_margin=\u00bbno\u00bb tablet_reset_margin=\u00bbno\u00bb]_text woodmart_inline=\u00bbno\u00bb text_larger=\u00bbno\u00bb]<\/p>\n<h2>Benson WordPress Theme<\/h2>\n<p>&nbsp;<\/p>\n<div class=\"text-base text-slate-400 max-w-3xl mb-8\">\n<div class=\"text-base text-slate-400 max-w-3xl mb-8\">\n<div class=\"text-base text-slate-400 max-w-3xl mb-8\">\n<div class=\"text-base text-slate-400 max-w-3xl mb-8\">\n<div class=\"text-base text-slate-400 max-w-3xl mb-8\">\n<div class=\"text-base text-slate-400 max-w-3xl mb-8\">\n<div class=\"text-base text-slate-400 max-w-3xl mb-8\">\n<div class=\"text-base text-slate-400 max-w-3xl mb-8\">\n<div class=\"text-base text-slate-400 max-w-3xl mb-8\">\n<div class=\"text-base text-slate-400 max-w-3xl mb-8\">\n<div class=\"text-base text-slate-400 max-w-3xl mb-8\">\n<div class=\"text-base text-slate-400 max-w-3xl mb-8\">\n<div class=\"text-base text-slate-400 max-w-3xl mb-8\">\n<div class=\"text-base text-slate-400 max-w-3xl mb-8\">\n<div class=\"text-base text-slate-400 max-w-3xl mb-8\">\n<div class=\"text-base text-slate-400 max-w-3xl mb-8\">\n<div class=\"text-base text-slate-400 max-w-3xl mb-8\">\n<div class=\"text-base text-slate-400 max-w-3xl mb-8\">\n<div class=\"text-base text-slate-400 max-w-3xl mb-8\">\n<div class=\"text-base text-slate-400 max-w-3xl mb-8\">\n<div class=\"text-base text-slate-400 max-w-3xl mb-8\">\n<div class=\"text-base text-slate-400 max-w-3xl mb-8\">\n<div class=\"text-base text-slate-400 max-w-3xl mb-8\">\n<div class=\"text-base text-slate-400 max-w-3xl mb-8\">\n<div class=\"text-base text-slate-400 max-w-3xl mb-8\">\n<div class=\"text-base text-slate-400 max-w-3xl mb-8\">\n<div class=\"text-base text-slate-400 max-w-3xl mb-8\">\n<div class=\"text-base text-slate-400 max-w-3xl mb-8\">\n<div class=\"text-base text-slate-400 max-w-3xl mb-8\">\n<div class=\"text-base text-slate-400 max-w-3xl mb-8\">\n<div class=\"text-base text-slate-400 max-w-3xl mb-8\">\n<div class=\"text-base text-slate-400 max-w-3xl mb-8\">\n<div class=\"text-base text-slate-400 max-w-3xl mb-8\">\n<div class=\"text-base text-slate-400 max-w-3xl mb-8\">\n<div class=\"text-base text-slate-400 max-w-3xl mb-8\">\n<div class=\"text-base text-slate-400 max-w-3xl mb-8\">\n<div class=\"text-base text-slate-400 max-w-3xl mb-8\">\n<p>Domina tu oficio con Benson: el tema de WordPress dise\u00f1ado por expertos para fot\u00f3grafos: muestra tus impresionantes fotograf\u00edas y crea un impresionante portafolio en l\u00ednea.<\/p>\n<\/div>\n<\/div>\n<\/div>\n<\/div>\n<\/div>\n<\/div>\n<\/div>\n<\/div>\n<\/div>\n<\/div>\n<\/div>\n<\/div>\n<\/div>\n<\/div>\n<\/div>\n<\/div>\n<\/div>\n<\/div>\n<\/div>\n<\/div>\n<\/div>\n<\/div>\n<\/div>\n<\/div>\n<\/div>\n<\/div>\n<\/div>\n<\/div>\n<p>&nbsp;<\/p>\n<\/div>\n<\/div>\n<p><strong style=\"font-family: inherit;\">Caracter\u00edsticas del tema Benson WordPress Theme<\/strong><\/p>\n<\/div>\n<\/div>\n<\/div>\n<\/div>\n<\/div>\n<\/div>\n<\/div>\n<ul>\n<li>Cabeceras flexible<\/li>\n<li>Pies de p\u00e1gina personalizables<\/li>\n<li>Construir con bloques<\/li>\n<li>Integraci\u00f3n perfecta con Elementor<\/li>\n<li>M\u00e1ximo rendimiento<\/li>\n<li>WooCommerce<\/li>\n<\/ul>\n<h3><strong>Desarrollado por nuestro s\u00f3lido marco tem\u00e1tico, Ignition<\/strong><\/h3>\n<ul>\n<li><strong>Secciones globales<\/strong><br \/>\nDise\u00f1e secciones una vez (puede dise\u00f1ar secciones usando el editor de bloques o Elementor) y \u00faselas varias veces a trav\u00e9s del sistema de Secciones Globales. Definitivamente te encantar\u00e1.<\/li>\n<li><strong>Crea tu propia combinaci\u00f3n de colores<\/strong><br \/>\nCree combinaciones de colores \u00fanicas que combinen perfectamente con sus marcas mediante las opciones de color integradas en el Personalizador. Modifique globalmente los colores del tema o ajuste el esquema en ciertas secciones del tema como la barra superior, el encabezado, el pie de p\u00e1gina, etc.<\/li>\n<li><strong>Fuentes de Google<\/strong><br \/>\nModifica r\u00e1pidamente el par de fuentes del tema eligiendo tus familias de fuentes preferidas entre las docenas de fuentes de Google disponibles. Adem\u00e1s, puede ajustar las propiedades de fuente de las secciones clave del tema, todo desde el Personalizador.<\/li>\n<\/ul>\n<p>&nbsp;<\/p>\n<p>Adquiera ahora Benson WordPress Theme.[\/vc_column_text][\/vc_column][\/vc_row] css=\u00bb.vc_custom_1629733150529{margin-top: 30px !important;}\u00bb mobile_bg_img_hidden=\u00bbno\u00bb tablet_bg_img_hidden=\u00bbno\u00bb woodmart_parallax=\u00bb0&#8243; woodmart_gradient_switch=\u00bbno\u00bb row_reverse_mobile=\u00bb0&#8243; row_reverse_tablet=\u00bb0&#8243; woodmart_disable_overflow=\u00bb0&#8243;] css=\u00bb.vc_custom_1629733167411{background-color: #f4f4f4 !important;border-radius: 5px !important;}\u00bb mobile_bg_img_hidden=\u00bbno\u00bb tablet_bg_img_hidden=\u00bbno\u00bb woodmart_parallax=\u00bb0&#8243; woodmart_sticky_column=\u00bbfalse\u00bb parallax_scroll=\u00bbno\u00bb mobile_reset_margin=\u00bbno\u00bb tablet_reset_margin=\u00bbno\u00bb]_text woodmart_inline=\u00bbno\u00bb text_larger=\u00bbno\u00bb]<\/p>\n<p style=\"text-align: center;\">Los productos publicados en el sitio son distribuimos bajo licenciamiento <a href=\"https:\/\/www.gnu.org\/licenses\/licenses.es.html\" target=\"_blank\" rel=\"noopener\" data-schema-attribute=\"\"><strong>GPL \/ GNU<\/strong><\/a>. Recuerda siempre revisar nuestros <strong><a href=\"https:\/\/wpclub.pro\/terminos-de-uso\/\" target=\"_blank\" rel=\"noopener\" data-schema-attribute=\"\">T\u00e9rminos de Uso<\/a><\/strong> y <strong><a href=\"https:\/\/wpclub.pro\/politica-de-privacidad\/\" target=\"_blank\" rel=\"noopener\" data-schema-attribute=\"\">Pol\u00edtica de Privacidad<\/a><\/strong>.<\/p>\n<p>[\/vc_column_text][\/vc_column][\/vc_row]<\/p>\n","protected":false},"excerpt":{"rendered":"<p>] css=\u00bb.vc_custom_1629733467375{margin-right: 15px !important;padding-top: 30px !important;padding-right: 30px !important;padding-bottom: 30px !important;padding-left: 30px !important;background-color: #f4f4f4 !important;border-radius: 5px !important;}\u00bb width=\u00bb1\/1&#8243; mobile_bg_img_hidden=\u00bbno\u00bb tablet_bg_img_hidden=\u00bbno\u00bb woodmart_parallax=\u00bb0&#8243;<\/p>","protected":false},"featured_media":36649,"comment_status":"closed","ping_status":"closed","template":"","meta":{"_acf_changed":false},"product_brand":[],"product_cat":[15],"product_tag":[202],"class_list":{"0":"post-36648","1":"product","2":"type-product","3":"status-publish","4":"has-post-thumbnail","6":"product_cat-wordpress-themes","7":"product_tag-temas-para-fotografia-y-arte","8":"pa_autores-cssigniter","10":"first","11":"instock","12":"sale","13":"downloadable","14":"virtual","15":"sold-individually","16":"purchasable","17":"product-type-simple"},"acf":[],"_links":{"self":[{"href":"https:\/\/wpclub.pro\/en\/wp-json\/wp\/v2\/product\/36648","targetHints":{"allow":["GET"]}}],"collection":[{"href":"https:\/\/wpclub.pro\/en\/wp-json\/wp\/v2\/product"}],"about":[{"href":"https:\/\/wpclub.pro\/en\/wp-json\/wp\/v2\/types\/product"}],"replies":[{"embeddable":true,"href":"https:\/\/wpclub.pro\/en\/wp-json\/wp\/v2\/comments?post=36648"}],"version-history":[{"count":0,"href":"https:\/\/wpclub.pro\/en\/wp-json\/wp\/v2\/product\/36648\/revisions"}],"wp:featuredmedia":[{"embeddable":true,"href":"https:\/\/wpclub.pro\/en\/wp-json\/wp\/v2\/media\/36649"}],"wp:attachment":[{"href":"https:\/\/wpclub.pro\/en\/wp-json\/wp\/v2\/media?parent=36648"}],"wp:term":[{"taxonomy":"product_brand","embeddable":true,"href":"https:\/\/wpclub.pro\/en\/wp-json\/wp\/v2\/product_brand?post=36648"},{"taxonomy":"product_cat","embeddable":true,"href":"https:\/\/wpclub.pro\/en\/wp-json\/wp\/v2\/product_cat?post=36648"},{"taxonomy":"product_tag","embeddable":true,"href":"https:\/\/wpclub.pro\/en\/wp-json\/wp\/v2\/product_tag?post=36648"}],"curies":[{"name":"wp","href":"https:\/\/api.w.org\/{rel}","templated":true}]}}