{"id":36654,"date":"2025-09-18T16:17:35","date_gmt":"2025-09-18T19:17:35","guid":{"rendered":"https:\/\/wpclub.pro\/?post_type=product&#038;p=36654"},"modified":"2025-09-18T16:19:43","modified_gmt":"2025-09-18T19:19:43","slug":"andros-wordpress-theme","status":"publish","type":"product","link":"https:\/\/wpclub.pro\/en\/item\/andros-wordpress-theme\/","title":{"rendered":"Andros WordPress Theme 1.1.2"},"content":{"rendered":"<div data-elementor-type=\"product-post\" data-elementor-id=\"36654\" class=\"elementor elementor-36654\" data-elementor-post-type=\"product\">\n\t\t\t\t<div class=\"wd-negative-gap elementor-element elementor-element-6a5d6fa8 e-flex e-con-boxed e-con e-parent\" data-id=\"6a5d6fa8\" data-element_type=\"container\" data-e-type=\"container\">\n\t\t\t\t\t<div class=\"e-con-inner\">\n\t\t\t\t<div class=\"elementor-element elementor-element-73f3272f color-scheme-inherit text-left elementor-widget elementor-widget-text-editor\" data-id=\"73f3272f\" data-element_type=\"widget\" data-e-type=\"widget\" data-widget_type=\"text-editor.default\">\n\t\t\t\t<div class=\"elementor-widget-container\">\n\t\t\t\t\t\t\t\t\t<h2>Andros WordPress Theme<\/h2><p>Experimente lo \u00faltimo en lujo y estilo con Andros, un tema de WordPress visualmente impresionante y totalmente responsivo dise\u00f1ado para mostrar su hotel o resort de la mejor manera posible. Reserva tu estancia hoy y descubre el verdadero significado de relajaci\u00f3n y confort.<\/p><div class=\"text-base text-slate-400 max-w-3xl mb-8\"><div class=\"text-base text-slate-400 max-w-3xl mb-8\"><div class=\"text-base text-slate-400 max-w-3xl mb-8\"><div class=\"text-base text-slate-400 max-w-3xl mb-8\"><div class=\"text-base text-slate-400 max-w-3xl mb-8\"><div class=\"text-base text-slate-400 max-w-3xl mb-8\"><div class=\"text-base text-slate-400 max-w-3xl mb-8\"><div class=\"text-base text-slate-400 max-w-3xl mb-8\"><div class=\"text-base text-slate-400 max-w-3xl mb-8\"><h3><strong style=\"font-family: inherit;\">Caracter\u00edsticas del tema Andros WordPress Theme<\/strong><\/h3><\/div><\/div><\/div><\/div><\/div><\/div><\/div><\/div><\/div><ul><li>Cabeceras flexible<\/li><li>Pies de p\u00e1gina personalizables<\/li><li>Construir con bloques<\/li><li>Integraci\u00f3n perfecta con Elementor<\/li><li>M\u00e1ximo rendimiento<\/li><li>WooCommerce<\/li><\/ul><h3><strong>Desarrollado por nuestro s\u00f3lido marco tem\u00e1tico, Ignition<\/strong><\/h3><ul><li><strong>Secciones globales<\/strong><br \/>Dise\u00f1e secciones una vez (puede dise\u00f1ar secciones usando el editor de bloques o Elementor) y \u00faselas varias veces a trav\u00e9s del sistema de Secciones Globales. Definitivamente te encantar\u00e1.<\/li><li><strong>Crea tu propia combinaci\u00f3n de colores<\/strong><br \/>Cree combinaciones de colores \u00fanicas que combinen perfectamente con sus marcas mediante las opciones de color integradas en el Personalizador. Modifique globalmente los colores del tema o ajuste el esquema en ciertas secciones del tema como la barra superior, el encabezado, el pie de p\u00e1gina, etc.<\/li><li><strong>Google Fonts<\/strong><br \/>Modifica r\u00e1pidamente el par de fuentes del tema eligiendo tus familias de fuentes preferidas entre las docenas de fuentes de Google disponibles. Adem\u00e1s, puede ajustar las propiedades de fuente de las secciones clave del tema, todo desde el Personalizador.<\/li><\/ul><p>\u00a0<\/p><p>Adquiera ahora Andros WordPress Theme.<\/p>\t\t\t\t\t\t\t\t<\/div>\n\t\t\t\t<\/div>\n\t\t\t\t\t<\/div>\n\t\t\t\t<\/div>\n\t\t\t\t<\/div>","protected":false},"excerpt":{"rendered":"<p>Andros WordPress Theme Experimente lo \u00faltimo en lujo y estilo con Andros, un tema de WordPress visualmente impresionante y totalmente<\/p>","protected":false},"featured_media":94964,"comment_status":"closed","ping_status":"closed","template":"","meta":{"_acf_changed":false},"product_brand":[],"product_cat":[15],"product_tag":[419],"class_list":{"0":"post-36654","1":"product","2":"type-product","3":"status-publish","4":"has-post-thumbnail","6":"product_cat-wordpress-themes","7":"product_tag-temas-para-hoteles-y-residenciales","8":"pa_autores-cssigniter","10":"first","11":"instock","12":"sale","13":"downloadable","14":"virtual","15":"sold-individually","16":"purchasable","17":"product-type-simple"},"acf":[],"_links":{"self":[{"href":"https:\/\/wpclub.pro\/en\/wp-json\/wp\/v2\/product\/36654","targetHints":{"allow":["GET"]}}],"collection":[{"href":"https:\/\/wpclub.pro\/en\/wp-json\/wp\/v2\/product"}],"about":[{"href":"https:\/\/wpclub.pro\/en\/wp-json\/wp\/v2\/types\/product"}],"replies":[{"embeddable":true,"href":"https:\/\/wpclub.pro\/en\/wp-json\/wp\/v2\/comments?post=36654"}],"version-history":[{"count":0,"href":"https:\/\/wpclub.pro\/en\/wp-json\/wp\/v2\/product\/36654\/revisions"}],"wp:featuredmedia":[{"embeddable":true,"href":"https:\/\/wpclub.pro\/en\/wp-json\/wp\/v2\/media\/94964"}],"wp:attachment":[{"href":"https:\/\/wpclub.pro\/en\/wp-json\/wp\/v2\/media?parent=36654"}],"wp:term":[{"taxonomy":"product_brand","embeddable":true,"href":"https:\/\/wpclub.pro\/en\/wp-json\/wp\/v2\/product_brand?post=36654"},{"taxonomy":"product_cat","embeddable":true,"href":"https:\/\/wpclub.pro\/en\/wp-json\/wp\/v2\/product_cat?post=36654"},{"taxonomy":"product_tag","embeddable":true,"href":"https:\/\/wpclub.pro\/en\/wp-json\/wp\/v2\/product_tag?post=36654"}],"curies":[{"name":"wp","href":"https:\/\/api.w.org\/{rel}","templated":true}]}}