{"id":37008,"date":"2024-01-11T11:30:58","date_gmt":"2024-01-11T14:30:58","guid":{"rendered":"https:\/\/wpclub.pro\/?post_type=product&#038;p=37008"},"modified":"2025-08-22T19:48:30","modified_gmt":"2025-08-22T23:48:30","slug":"katerina-photography-and-portfolio-theme","status":"publish","type":"product","link":"https:\/\/wpclub.pro\/en\/item\/katerina-photography-and-portfolio-theme\/","title":{"rendered":"Katerina Photography and Portfolio Theme 1.0.4"},"content":{"rendered":"<p>] css=\u00bb.vc_custom_1629733467375{margin-right: 15px !important;padding-top: 30px !important;padding-right: 30px !important;padding-bottom: 30px !important;padding-left: 30px !important;background-color: #f4f4f4 !important;border-radius: 5px !important;}\u00bb width=\u00bb1\/1&#8243; mobile_bg_img_hidden=\u00bbno\u00bb tablet_bg_img_hidden=\u00bbno\u00bb woodmart_parallax=\u00bb0&#8243; woodmart_sticky_column=\u00bbfalse\u00bb parallax_scroll=\u00bbno\u00bb mobile_reset_margin=\u00bbno\u00bb tablet_reset_margin=\u00bbno\u00bb]_text woodmart_inline=\u00bbno\u00bb text_larger=\u00bbno\u00bb]<\/p>\n<h2><strong>Katerina Photography and Portfolio Theme<\/strong><\/h2>\n<p>&nbsp;<\/p>\n<p>Katerina es un tema premium de fotograf\u00eda y portafolio dise\u00f1ado para cargarse r\u00e1pidamente, f\u00e1cil de usar con el factor sorpresa de un control deslizante de desplazamiento \u00fanico, medios de paralaje, experiencia panor\u00e1mica y funciones integradas de galer\u00eda de portafolio.<\/p>\n<p>Es totalmente responsivo, optimizado con t\u00e9cnicas m\u00f3viles, \u00edconos SVG escalables y soporte para pantalla retina. F\u00e1cil de personalizar y adaptar a sus necesidades espec\u00edficas, este tema impresionar\u00e1, \u00a1eso es seguro!<\/p>\n<h3 id=\"item-description__features\"><strong>Principales Caracter\u00edsticas de Katerina Photography and Portfolio Theme<\/strong><\/h3>\n<ul>\n<li>Control deslizante de desplazamiento codificado \u00fanico y personalizado basado en WebGL (totalmente personalizable)<\/li>\n<li>M\u00faltiples versiones de la p\u00e1gina de inicio y varios dise\u00f1os de portafolio.<\/li>\n<li>Visor de im\u00e1genes panor\u00e1micas de 360\u00b0 para una experiencia virtual \u00fanica<\/li>\n<li>Fondos de pantalla completa como control deslizante, imagen, video o iframe<\/li>\n<li>Modo oscuro compatible y cambio r\u00e1pido en la navegaci\u00f3n superior (guarda la configuraci\u00f3n para carga futura)<\/li>\n<li>Dise\u00f1o de tienda con minicarro (integraci\u00f3n con WooCommerce)<\/li>\n<li>Navegaci\u00f3n superior con encabezado fijo<\/li>\n<li>B\u00fasqueda r\u00e1pida en la navegaci\u00f3n superior<\/li>\n<li>Estilo basado en variables CSS (muy sencillo de cambiar a trav\u00e9s del Personalizador y CSS personalizado)<\/li>\n<li>Desplazarse al bot\u00f3n superior<\/li>\n<li>Galer\u00eda de Instagram personalizada<\/li>\n<li>Totalmente responsivo, funciona muy bien en dispositivos m\u00f3viles y tabletas<\/li>\n<li>Listo para la traducci\u00f3n (se proporcionan archivos .pot)<\/li>\n<li>iconos SVG;\u00a0retina lista<\/li>\n<\/ul>\n<p>&nbsp;<\/p>\n<p>Adquiera ahora Katerina Photography and Portfolio Theme.[\/vc_column_text][\/vc_column][\/vc_row] css=\u00bb.vc_custom_1629733150529{margin-top: 30px !important;}\u00bb mobile_bg_img_hidden=\u00bbno\u00bb tablet_bg_img_hidden=\u00bbno\u00bb woodmart_parallax=\u00bb0&#8243; woodmart_gradient_switch=\u00bbno\u00bb row_reverse_mobile=\u00bb0&#8243; row_reverse_tablet=\u00bb0&#8243; woodmart_disable_overflow=\u00bb0&#8243;] css=\u00bb.vc_custom_1629733167411{background-color: #f4f4f4 !important;border-radius: 5px !important;}\u00bb mobile_bg_img_hidden=\u00bbno\u00bb tablet_bg_img_hidden=\u00bbno\u00bb woodmart_parallax=\u00bb0&#8243; woodmart_sticky_column=\u00bbfalse\u00bb parallax_scroll=\u00bbno\u00bb mobile_reset_margin=\u00bbno\u00bb tablet_reset_margin=\u00bbno\u00bb]_text woodmart_inline=\u00bbno\u00bb text_larger=\u00bbno\u00bb]<\/p>\n<p style=\"text-align: center;\">Los productos publicados en el sitio son distribuimos bajo licenciamiento <a href=\"https:\/\/www.gnu.org\/licenses\/licenses.es.html\" target=\"_blank\" rel=\"noopener\" data-schema-attribute=\"\"><strong>GPL \/ GNU<\/strong><\/a>. Recuerda siempre revisar nuestros <strong><a href=\"https:\/\/wpclub.pro\/terminos-de-uso\/\" target=\"_blank\" rel=\"noopener\" data-schema-attribute=\"\">T\u00e9rminos de Uso<\/a><\/strong> y <strong><a href=\"https:\/\/wpclub.pro\/politica-de-privacidad\/\" target=\"_blank\" rel=\"noopener\" data-schema-attribute=\"\">Pol\u00edtica de Privacidad<\/a><\/strong>.<\/p>\n<p>[\/vc_column_text][\/vc_column][\/vc_row]<\/p>\n","protected":false},"excerpt":{"rendered":"<p>] css=\u00bb.vc_custom_1629733467375{margin-right: 15px !important;padding-top: 30px !important;padding-right: 30px !important;padding-bottom: 30px !important;padding-left: 30px !important;background-color: #f4f4f4 !important;border-radius: 5px !important;}\u00bb width=\u00bb1\/1&#8243; mobile_bg_img_hidden=\u00bbno\u00bb tablet_bg_img_hidden=\u00bbno\u00bb woodmart_parallax=\u00bb0&#8243;<\/p>","protected":false},"featured_media":37009,"comment_status":"closed","ping_status":"closed","template":"","meta":{"_acf_changed":false},"product_brand":[],"product_cat":[15],"product_tag":[146],"class_list":{"0":"post-37008","1":"product","2":"type-product","3":"status-publish","4":"has-post-thumbnail","6":"product_cat-wordpress-themes","7":"product_tag-temas-para-portafolios-y-cv","8":"pa_autores-themeforest","10":"first","11":"instock","12":"sale","13":"downloadable","14":"virtual","15":"sold-individually","16":"purchasable","17":"product-type-simple"},"acf":[],"_links":{"self":[{"href":"https:\/\/wpclub.pro\/en\/wp-json\/wp\/v2\/product\/37008","targetHints":{"allow":["GET"]}}],"collection":[{"href":"https:\/\/wpclub.pro\/en\/wp-json\/wp\/v2\/product"}],"about":[{"href":"https:\/\/wpclub.pro\/en\/wp-json\/wp\/v2\/types\/product"}],"replies":[{"embeddable":true,"href":"https:\/\/wpclub.pro\/en\/wp-json\/wp\/v2\/comments?post=37008"}],"version-history":[{"count":0,"href":"https:\/\/wpclub.pro\/en\/wp-json\/wp\/v2\/product\/37008\/revisions"}],"wp:featuredmedia":[{"embeddable":true,"href":"https:\/\/wpclub.pro\/en\/wp-json\/wp\/v2\/media\/37009"}],"wp:attachment":[{"href":"https:\/\/wpclub.pro\/en\/wp-json\/wp\/v2\/media?parent=37008"}],"wp:term":[{"taxonomy":"product_brand","embeddable":true,"href":"https:\/\/wpclub.pro\/en\/wp-json\/wp\/v2\/product_brand?post=37008"},{"taxonomy":"product_cat","embeddable":true,"href":"https:\/\/wpclub.pro\/en\/wp-json\/wp\/v2\/product_cat?post=37008"},{"taxonomy":"product_tag","embeddable":true,"href":"https:\/\/wpclub.pro\/en\/wp-json\/wp\/v2\/product_tag?post=37008"}],"curies":[{"name":"wp","href":"https:\/\/api.w.org\/{rel}","templated":true}]}}