{"id":37573,"date":"2024-02-01T11:06:03","date_gmt":"2024-02-01T14:06:03","guid":{"rendered":"https:\/\/wpclub.pro\/?post_type=product&#038;p=37573"},"modified":"2024-10-03T12:49:02","modified_gmt":"2024-10-03T15:49:02","slug":"technofy-it-services-and-solutions-theme","status":"publish","type":"product","link":"https:\/\/wpclub.pro\/en\/item\/technofy-it-services-and-solutions-theme\/","title":{"rendered":"Technofy IT Services and Solutions Theme 1.0"},"content":{"rendered":"<p>] css=\u00bb.vc_custom_1629733467375{margin-right: 15px !important;padding-top: 30px !important;padding-right: 30px !important;padding-bottom: 30px !important;padding-left: 30px !important;background-color: #f4f4f4 !important;border-radius: 5px !important;}\u00bb width=\u00bb1\/1&#8243; mobile_bg_img_hidden=\u00bbno\u00bb tablet_bg_img_hidden=\u00bbno\u00bb woodmart_parallax=\u00bb0&#8243; woodmart_sticky_column=\u00bbfalse\u00bb parallax_scroll=\u00bbno\u00bb mobile_reset_margin=\u00bbno\u00bb tablet_reset_margin=\u00bbno\u00bb]_text woodmart_inline=\u00bbno\u00bb text_larger=\u00bbno\u00bb]<\/p>\n<h2><strong>Technofy IT Services and Solutions Theme<\/strong><\/h2>\n<p>&nbsp;<\/p>\n<h4><strong>El primer tema de soluciones y servicios de TI con tantos dise\u00f1os \u00fanicos y bien dise\u00f1ados.<\/strong><\/h4>\n<p>Technofy Technofy es un tema de WordPress ideal para sus servicios y soluciones de TI. Es el mejor tema vectorial porque est\u00e1 construido con Bootstrap 4 e incluye los elementos m\u00e1s importantes para un sitio web de servicios de TI, como un control deslizante de testimonios y estudios de casos.<\/p>\n<p>Este tema de Servicios y soluciones web se cre\u00f3 teniendo en mente una calidad premium totalmente responsiva. Technofy es altamente recomendado para aquellos que buscan un tema \u00fanico y moderno para mostrar su experiencia en el campo de la tecnolog\u00eda, aplicaciones, negocios, agencias digitales, servicios de TI, soluciones de TI, soluciones de red, software, nuevas empresas, industrias digitales, servicios y sitios web relacionados con software.<\/p>\n<h4><strong>Lo que necesitabas!<\/strong><\/h4>\n<p>Este tema multiprop\u00f3sito incluye un potente creador de p\u00e1ginas y una gran cantidad de c\u00f3digos cortos para completar el dise\u00f1o personalizado de su sitio web de servicios y soluciones de TI.<\/p>\n<p>Technofy viene con m\u00faltiples dise\u00f1os de dise\u00f1o \u00fanicos y atractivos y caracter\u00edsticas necesarias para su presencia en l\u00ednea como Servicios, Acerca de nosotros, Servicios, Detalles de servicios y p\u00e1ginas de blog y p\u00e1ginas de tienda, etc. Technofy puede ser una excelente opci\u00f3n para su presencia en l\u00ednea. \u00bfBusca lanzar el sitio web de su empresa? Este tema es la mejor opci\u00f3n.<\/p>\n<h3 id=\"item-description__full-features-list\"><strong>Lista completa de funciones de Technofy IT Services and Solutions Theme<\/strong><\/h3>\n<ul>\n<li><span>100 % sensible a los fluidos: se adapta perfectamente a cualquier dispositivo<\/span><\/li>\n<li><span>Probado en dispositivos reales<\/span><\/li>\n<li><span>Dise\u00f1o flexible<\/span><\/li>\n<li><span>Utilice nuestro dise\u00f1o de demostraci\u00f3n o cree su propia experiencia visualmente diferente utilizando la p\u00e1gina Technofy y el backend rico en funciones.<\/span><\/li>\n<li><span>Componentes personalizados y personalizados de King Composer<\/span><\/li>\n<li><span>WordPress multisitio probado<\/span><\/li>\n<li><span>Panel de personalizaci\u00f3n avanzado<\/span><\/li>\n<li><span>Importaci\u00f3n de demostraci\u00f3n, contenido y controles deslizantes<\/span><\/li>\n<li><span>v\u00ednculos sociales<\/span><\/li>\n<li><span>Opciones de Elementor en el pie de p\u00e1gina inferior<\/span><\/li>\n<li><span>C\u00f3digo limpio y comentado<\/span><\/li>\n<li><span>Tipograf\u00eda avanzada<\/span><\/li>\n<li><span>Google Fonts: m\u00e1s de 600 familias de fuentes disponibles<\/span><\/li>\n<li><span>Plantillas de p\u00e1gina personalizadas<\/span><\/li>\n<li><span>Dise\u00f1o perfecto de p\u00edxeles<\/span><\/li>\n<li><span>Instalaci\u00f3n y configuraci\u00f3n r\u00e1pidas y sencillas<\/span><\/li>\n<li><span>Listo para CSS personalizado<\/span><\/li>\n<li><span>Tema infantil incluido<\/span><\/li>\n<li><span>HTML5 y CSS3<\/span><\/li>\n<li><span>F\u00e1cil personalizaci\u00f3n con secciones de contenido variable<\/span><\/li>\n<li><span>Opciones de p\u00e1gina y tema de compilaci\u00f3n personalizada<\/span><\/li>\n<li><span>Listo para SEO<\/span><\/li>\n<li><span>Localizable con archivos de traducci\u00f3n .pot<\/span><\/li>\n<li><span>Soporte ampliado del complemento multilenguaje WPML<\/span><\/li>\n<li><span>Varios formatos de publicaci\u00f3n<\/span><\/li>\n<li><span>P\u00e1ginas ilimitadas<\/span><\/li>\n<li><span>Widgets personalizados y panel de administraci\u00f3n inteligente para personalizaciones<\/span><\/li>\n<li><span>Formularios de contacto personalizables con soporte para Contact Form 7<\/span><\/li>\n<li><span>Control deslizante de fondo de pantalla completa<\/span><\/li>\n<li><span>Compatibilidad entre navegadores<\/span><\/li>\n<li><span>Dise\u00f1os anchos y en caja<\/span><\/li>\n<li><span>Bien documentado y m\u00e1s.<\/span><\/li>\n<\/ul>\n<p>&nbsp;<\/p>\n<p>Adquiera ahora Technofy IT Services and Solutions Theme.[\/vc_column_text][\/vc_column][\/vc_row] css=\u00bb.vc_custom_1629733150529{margin-top: 30px !important;}\u00bb mobile_bg_img_hidden=\u00bbno\u00bb tablet_bg_img_hidden=\u00bbno\u00bb woodmart_parallax=\u00bb0&#8243; woodmart_gradient_switch=\u00bbno\u00bb row_reverse_mobile=\u00bb0&#8243; row_reverse_tablet=\u00bb0&#8243; woodmart_disable_overflow=\u00bb0&#8243;] css=\u00bb.vc_custom_1629733167411{background-color: #f4f4f4 !important;border-radius: 5px !important;}\u00bb mobile_bg_img_hidden=\u00bbno\u00bb tablet_bg_img_hidden=\u00bbno\u00bb woodmart_parallax=\u00bb0&#8243; woodmart_sticky_column=\u00bbfalse\u00bb parallax_scroll=\u00bbno\u00bb mobile_reset_margin=\u00bbno\u00bb tablet_reset_margin=\u00bbno\u00bb]_text woodmart_inline=\u00bbno\u00bb text_larger=\u00bbno\u00bb]<\/p>\n<p style=\"text-align: center;\">Los productos publicados en el sitio son distribuimos bajo licenciamiento <a href=\"https:\/\/www.gnu.org\/licenses\/licenses.es.html\" target=\"_blank\" rel=\"noopener\" data-schema-attribute=\"\"><strong>GPL \/ GNU<\/strong><\/a>. Recuerda siempre revisar nuestros <strong><a href=\"https:\/\/wpclub.pro\/terminos-de-uso\/\" target=\"_blank\" rel=\"noopener\" data-schema-attribute=\"\">T\u00e9rminos de Uso<\/a><\/strong> y <strong><a href=\"https:\/\/wpclub.pro\/politica-de-privacidad\/\" target=\"_blank\" rel=\"noopener\" data-schema-attribute=\"\">Pol\u00edtica de Privacidad<\/a><\/strong>.<\/p>\n<p>[\/vc_column_text][\/vc_column][\/vc_row]<\/p>\n","protected":false},"excerpt":{"rendered":"<p>] css=\u00bb.vc_custom_1629733467375{margin-right: 15px !important;padding-top: 30px !important;padding-right: 30px !important;padding-bottom: 30px !important;padding-left: 30px !important;background-color: #f4f4f4 !important;border-radius: 5px !important;}\u00bb width=\u00bb1\/1&#8243; mobile_bg_img_hidden=\u00bbno\u00bb tablet_bg_img_hidden=\u00bbno\u00bb woodmart_parallax=\u00bb0&#8243;<\/p>","protected":false},"featured_media":37574,"comment_status":"closed","ping_status":"closed","template":"","meta":{"_acf_changed":false},"product_brand":[],"product_cat":[15],"product_tag":[461],"class_list":{"0":"post-37573","1":"product","2":"type-product","3":"status-publish","4":"has-post-thumbnail","6":"product_cat-wordpress-themes","7":"product_tag-temas-para-tecnologia-y-webhosting","8":"pa_autores-themeforest","10":"first","11":"instock","12":"sale","13":"downloadable","14":"virtual","15":"sold-individually","16":"purchasable","17":"product-type-simple"},"acf":[],"_links":{"self":[{"href":"https:\/\/wpclub.pro\/en\/wp-json\/wp\/v2\/product\/37573","targetHints":{"allow":["GET"]}}],"collection":[{"href":"https:\/\/wpclub.pro\/en\/wp-json\/wp\/v2\/product"}],"about":[{"href":"https:\/\/wpclub.pro\/en\/wp-json\/wp\/v2\/types\/product"}],"replies":[{"embeddable":true,"href":"https:\/\/wpclub.pro\/en\/wp-json\/wp\/v2\/comments?post=37573"}],"version-history":[{"count":0,"href":"https:\/\/wpclub.pro\/en\/wp-json\/wp\/v2\/product\/37573\/revisions"}],"wp:featuredmedia":[{"embeddable":true,"href":"https:\/\/wpclub.pro\/en\/wp-json\/wp\/v2\/media\/37574"}],"wp:attachment":[{"href":"https:\/\/wpclub.pro\/en\/wp-json\/wp\/v2\/media?parent=37573"}],"wp:term":[{"taxonomy":"product_brand","embeddable":true,"href":"https:\/\/wpclub.pro\/en\/wp-json\/wp\/v2\/product_brand?post=37573"},{"taxonomy":"product_cat","embeddable":true,"href":"https:\/\/wpclub.pro\/en\/wp-json\/wp\/v2\/product_cat?post=37573"},{"taxonomy":"product_tag","embeddable":true,"href":"https:\/\/wpclub.pro\/en\/wp-json\/wp\/v2\/product_tag?post=37573"}],"curies":[{"name":"wp","href":"https:\/\/api.w.org\/{rel}","templated":true}]}}