{"id":37940,"date":"2026-03-19T16:00:22","date_gmt":"2026-03-19T19:00:22","guid":{"rendered":"https:\/\/wpclub.pro\/?post_type=product&#038;p=37940"},"modified":"2026-03-19T16:03:05","modified_gmt":"2026-03-19T19:03:05","slug":"mycred-social-share","status":"publish","type":"product","link":"https:\/\/wpclub.pro\/en\/item\/mycred-social-share\/","title":{"rendered":"myCred Social Share 1.4.9.2"},"content":{"rendered":"<div data-elementor-type=\"product-post\" data-elementor-id=\"37940\" class=\"elementor elementor-37940\" data-elementor-post-type=\"product\">\n\t\t\t\t<div class=\"wd-negative-gap elementor-element elementor-element-5a6d8190 e-flex e-con-boxed e-con e-parent\" data-id=\"5a6d8190\" data-element_type=\"container\" data-e-type=\"container\">\n\t\t\t\t\t<div class=\"e-con-inner\">\n\t\t\t\t<div class=\"elementor-element elementor-element-65d6d058 color-scheme-inherit text-left elementor-widget elementor-widget-text-editor\" data-id=\"65d6d058\" data-element_type=\"widget\" data-e-type=\"widget\" data-widget_type=\"text-editor.default\">\n\t\t\t\t<div class=\"elementor-widget-container\">\n\t\t\t\t\t\t\t\t\t<h2><strong>myCred Social Share<\/strong><\/h2><p>El complemento myCred Social Share le permite otorgar puntos a sus usuarios cada vez que comparten sus publicaciones en plataformas de redes sociales.<\/p><p>Este complemento de Social Share le permite administrar y configurar los criterios de concesi\u00f3n de puntos a trav\u00e9s del m\u00e9todo de presentaci\u00f3n en el sitio web.<\/p><h3><strong>CARACTER\u00cdSTICAS<\/strong><\/h3><p>Le permite instalar y utilizar este complemento en un solo sitio web o en una instalaci\u00f3n en varios sitios.<\/p><ul><li><strong>Recompense a los usuarios por compartir en las redes sociales<\/strong><br \/>Este complemento para compartir en redes sociales permite a los usuarios ganar puntos compartiendo las publicaciones de su sitio web en las redes sociales.<\/li><li><strong>Configurar recompensas seg\u00fan el tipo de publicaci\u00f3n<\/strong><br \/>Puede establecer la definici\u00f3n de puntos de recompensa seg\u00fan cada plataforma de redes sociales.<\/li><li><strong>Configurar recompensas seg\u00fan el tipo de acci\u00f3n<\/strong><br \/>El complemento myCred Social Share le permite configurar la definici\u00f3n de puntos de recompensa seg\u00fan las acciones del usuario.<\/li><\/ul><p>\u00a0<\/p><p>Adquiera ahora myCred Social Share.<\/p>\t\t\t\t\t\t\t\t<\/div>\n\t\t\t\t<\/div>\n\t\t\t\t\t<\/div>\n\t\t\t\t<\/div>\n\t\t\t\t<\/div>","protected":false},"excerpt":{"rendered":"<p>myCred Social Share El complemento myCred Social Share le permite otorgar puntos a sus usuarios cada vez que comparten sus<\/p>","protected":false},"featured_media":120469,"comment_status":"closed","ping_status":"closed","template":"","meta":{"_acf_changed":false},"product_brand":[],"product_cat":[67],"product_tag":[154],"class_list":{"0":"post-37940","1":"product","2":"type-product","3":"status-publish","4":"has-post-thumbnail","6":"product_cat-wordpress-plugins","7":"product_tag-temas-para-marketing-digital","8":"pa_autores-mycred","10":"first","11":"instock","12":"sale","13":"downloadable","14":"virtual","15":"sold-individually","16":"purchasable","17":"product-type-simple"},"acf":[],"_links":{"self":[{"href":"https:\/\/wpclub.pro\/en\/wp-json\/wp\/v2\/product\/37940","targetHints":{"allow":["GET"]}}],"collection":[{"href":"https:\/\/wpclub.pro\/en\/wp-json\/wp\/v2\/product"}],"about":[{"href":"https:\/\/wpclub.pro\/en\/wp-json\/wp\/v2\/types\/product"}],"replies":[{"embeddable":true,"href":"https:\/\/wpclub.pro\/en\/wp-json\/wp\/v2\/comments?post=37940"}],"version-history":[{"count":0,"href":"https:\/\/wpclub.pro\/en\/wp-json\/wp\/v2\/product\/37940\/revisions"}],"wp:featuredmedia":[{"embeddable":true,"href":"https:\/\/wpclub.pro\/en\/wp-json\/wp\/v2\/media\/120469"}],"wp:attachment":[{"href":"https:\/\/wpclub.pro\/en\/wp-json\/wp\/v2\/media?parent=37940"}],"wp:term":[{"taxonomy":"product_brand","embeddable":true,"href":"https:\/\/wpclub.pro\/en\/wp-json\/wp\/v2\/product_brand?post=37940"},{"taxonomy":"product_cat","embeddable":true,"href":"https:\/\/wpclub.pro\/en\/wp-json\/wp\/v2\/product_cat?post=37940"},{"taxonomy":"product_tag","embeddable":true,"href":"https:\/\/wpclub.pro\/en\/wp-json\/wp\/v2\/product_tag?post=37940"}],"curies":[{"name":"wp","href":"https:\/\/api.w.org\/{rel}","templated":true}]}}