{"id":38040,"date":"2026-03-19T16:05:01","date_gmt":"2026-03-19T19:05:01","guid":{"rendered":"https:\/\/wpclub.pro\/?post_type=product&#038;p=38040"},"modified":"2026-03-19T16:08:54","modified_gmt":"2026-03-19T19:08:54","slug":"mycred-bp-charges","status":"publish","type":"product","link":"https:\/\/wpclub.pro\/en\/item\/mycred-bp-charges\/","title":{"rendered":"myCred BP Charges 1.4.9.1"},"content":{"rendered":"<div data-elementor-type=\"product-post\" data-elementor-id=\"38040\" class=\"elementor elementor-38040\" data-elementor-post-type=\"product\">\n\t\t\t\t<div class=\"wd-negative-gap elementor-element elementor-element-12785049 e-flex e-con-boxed e-con e-parent\" data-id=\"12785049\" data-element_type=\"container\" data-e-type=\"container\">\n\t\t\t\t\t<div class=\"e-con-inner\">\n\t\t\t\t<div class=\"elementor-element elementor-element-7b6a677a color-scheme-inherit text-left elementor-widget elementor-widget-text-editor\" data-id=\"7b6a677a\" data-element_type=\"widget\" data-e-type=\"widget\" data-widget_type=\"text-editor.default\">\n\t\t\t\t<div class=\"elementor-widget-container\">\n\t\t\t\t\t\t\t\t\t<h2><strong>myCred BP Charges<\/strong><\/h2><p>myCred BP Charges le permite cobrar puntos de sus usuarios de BuddyPress por determinadas acciones, como enviar mensajes privados, unirse a grupos y ver los perfiles de otros usuarios. Simple y f\u00e1cil de usar: a sus usuarios se les cobrar\u00e1 y acreditar\u00e1 en puntos myCred.<\/p><h3><strong>CARACTER\u00cdSTICAS<\/strong><\/h3><p>Le permite instalar y utilizar este complemento en un solo sitio web o en una instalaci\u00f3n en varios sitios.<\/p><ul><li><strong>Acceso al perfil<\/strong><br \/>Permita que sus usuarios compren y vendan acceso a su perfil para obtener puntos myCred.<\/li><li><strong>Mensajer\u00eda<\/strong><br \/>Cargue o acredite los puntos myCred de sus usuarios cada vez que env\u00eden o respondan un mensaje privado.<\/li><li><strong>Membres\u00eda de grupo<\/strong><br \/>Permitir a los usuarios pagar membres\u00edas grupales. Guarde los puntos de membres\u00eda para usted o distrib\u00fayalos entre los miembros de su grupo.<\/li><\/ul><p>\u00a0<\/p><p>Adquiera ahora myCred BP Charges.<\/p>\t\t\t\t\t\t\t\t<\/div>\n\t\t\t\t<\/div>\n\t\t\t\t\t<\/div>\n\t\t\t\t<\/div>\n\t\t\t\t<\/div>","protected":false},"excerpt":{"rendered":"<p>myCred BP Charges myCred BP Charges le permite cobrar puntos de sus usuarios de BuddyPress por determinadas acciones, como enviar<\/p>","protected":false},"featured_media":120476,"comment_status":"closed","ping_status":"closed","template":"","meta":{"_acf_changed":false},"product_brand":[],"product_cat":[67],"product_tag":[154],"class_list":{"0":"post-38040","1":"product","2":"type-product","3":"status-publish","4":"has-post-thumbnail","6":"product_cat-wordpress-plugins","7":"product_tag-temas-para-marketing-digital","8":"pa_autores-mycred","10":"first","11":"instock","12":"sale","13":"downloadable","14":"virtual","15":"sold-individually","16":"purchasable","17":"product-type-simple"},"acf":[],"_links":{"self":[{"href":"https:\/\/wpclub.pro\/en\/wp-json\/wp\/v2\/product\/38040","targetHints":{"allow":["GET"]}}],"collection":[{"href":"https:\/\/wpclub.pro\/en\/wp-json\/wp\/v2\/product"}],"about":[{"href":"https:\/\/wpclub.pro\/en\/wp-json\/wp\/v2\/types\/product"}],"replies":[{"embeddable":true,"href":"https:\/\/wpclub.pro\/en\/wp-json\/wp\/v2\/comments?post=38040"}],"version-history":[{"count":0,"href":"https:\/\/wpclub.pro\/en\/wp-json\/wp\/v2\/product\/38040\/revisions"}],"wp:featuredmedia":[{"embeddable":true,"href":"https:\/\/wpclub.pro\/en\/wp-json\/wp\/v2\/media\/120476"}],"wp:attachment":[{"href":"https:\/\/wpclub.pro\/en\/wp-json\/wp\/v2\/media?parent=38040"}],"wp:term":[{"taxonomy":"product_brand","embeddable":true,"href":"https:\/\/wpclub.pro\/en\/wp-json\/wp\/v2\/product_brand?post=38040"},{"taxonomy":"product_cat","embeddable":true,"href":"https:\/\/wpclub.pro\/en\/wp-json\/wp\/v2\/product_cat?post=38040"},{"taxonomy":"product_tag","embeddable":true,"href":"https:\/\/wpclub.pro\/en\/wp-json\/wp\/v2\/product_tag?post=38040"}],"curies":[{"name":"wp","href":"https:\/\/api.w.org\/{rel}","templated":true}]}}