{"id":38081,"date":"2025-08-11T15:14:33","date_gmt":"2025-08-11T19:14:33","guid":{"rendered":"https:\/\/wpclub.pro\/?post_type=product&#038;p=38081"},"modified":"2025-08-11T15:16:31","modified_gmt":"2025-08-11T19:16:31","slug":"mycred-email-digest","status":"publish","type":"product","link":"https:\/\/wpclub.pro\/en\/item\/mycred-email-digest\/","title":{"rendered":"myCred Email Digest 1.1.3"},"content":{"rendered":"<div data-elementor-type=\"product-post\" data-elementor-id=\"38081\" class=\"elementor elementor-38081\" data-elementor-post-type=\"product\">\n\t\t\t\t<div class=\"wd-negative-gap elementor-element elementor-element-76cb9eee e-flex e-con-boxed e-con e-parent\" data-id=\"76cb9eee\" data-element_type=\"container\" data-e-type=\"container\">\n\t\t\t\t\t<div class=\"e-con-inner\">\n\t\t\t\t<div class=\"elementor-element elementor-element-206386a0 color-scheme-inherit text-left elementor-widget elementor-widget-text-editor\" data-id=\"206386a0\" data-element_type=\"widget\" data-e-type=\"widget\" data-widget_type=\"text-editor.default\">\n\t\t\t\t<div class=\"elementor-widget-container\">\n\t\t\t\t\t\t\t\t\t<h2>myCred Email Digest<\/h2><p class=\"chakra-text css-1ltj640\">myCred Email Digest es una herramienta avanzada dise\u00f1ada para optimizar y personalizar la entrega de contenido por correo electr\u00f3nico a diferentes grupos de usuarios. Este plugin, desarrollado por myCred, ofrece una soluci\u00f3n integral para gestionar y enviar notificaciones por correo de manera eficiente, asegurando que tu audiencia reciba la informaci\u00f3n relevante en el momento adecuado.<\/p><h4>\u00bfQu\u00e9 es myCred Email Digest?<\/h4><p class=\"chakra-text css-1ltj640\">myCred Email Digest es un plugin premium que se integra perfectamente con el sistema de puntos y recompensas myCred. Este plugin permite a los administradores de sitios web enviar res\u00famenes de correo electr\u00f3nico que contienen actualizaciones sobre la actividad de los puntos, eventos pr\u00f3ximos y m\u00e1s, todo en un formato personalizado y segmentado. Con myCred Email Digest, puedes mantener a tus usuarios informados y comprometidos sin esfuerzo.<\/p><h4>Beneficios de myCred Email Digest<\/h4><ol><li><p class=\"chakra-text css-1ltj640\"><strong class=\"chakra-text css-0\">Personalizaci\u00f3n Avanzada<\/strong>: Permite la creaci\u00f3n de plantillas de correo electr\u00f3nico personalizadas, asegurando que cada mensaje se ajuste a las necesidades y preferencias de tus usuarios.<\/p><\/li><li><p class=\"chakra-text css-1ltj640\"><strong class=\"chakra-text css-0\">Segmentaci\u00f3n de Audiencia<\/strong>: Facilita la inclusi\u00f3n y exclusi\u00f3n de grupos de usuarios basados en roles, rangos y insignias, lo que permite un env\u00edo de correos altamente dirigido.<\/p><\/li><li><p class=\"chakra-text css-1ltj640\"><strong class=\"chakra-text css-0\">Automatizaci\u00f3n de Env\u00edos<\/strong>: Configura env\u00edos peri\u00f3dicos (diarios, semanales, mensuales) para mantener a tus usuarios actualizados de manera consistente.<\/p><\/li><li><p class=\"chakra-text css-1ltj640\"><strong class=\"chakra-text css-0\">Integraci\u00f3n Perfecta<\/strong>: Se integra sin problemas con myCred, permitiendo una gesti\u00f3n fluida de puntos y recompensas dentro de las notificaciones por correo.<\/p><\/li><li><p class=\"chakra-text css-1ltj640\"><strong class=\"chakra-text css-0\">An\u00e1lisis y Reportes<\/strong>: Proporciona herramientas de an\u00e1lisis para que puedas rastrear el rendimiento de tus campa\u00f1as de correo electr\u00f3nico y ajustar tus estrategias seg\u00fan sea necesario.<\/p><\/li><\/ol><h4>Caracter\u00edsticas Destacadas<\/h4><ul><li><strong class=\"chakra-text css-0\">Plantillas Editables<\/strong>: Dise\u00f1a y personaliza plantillas de correo electr\u00f3nico con facilidad, asegurando que cada mensaje sea atractivo y coherente con la marca de tu sitio web.<\/li><li><strong class=\"chakra-text css-0\">Segmentaci\u00f3n de Usuarios<\/strong>: Segmenta a tus usuarios en funci\u00f3n de roles, rangos y insignias, permitiendo un env\u00edo de correos altamente personalizado.<\/li><li><strong class=\"chakra-text css-0\">Programaci\u00f3n de Env\u00edos<\/strong>: Configura env\u00edos peri\u00f3dicos autom\u00e1ticos para mantener a tus usuarios informados sin necesidad de intervenci\u00f3n manual.<\/li><li><strong class=\"chakra-text css-0\">Compatibilidad Total<\/strong>: Dise\u00f1ado para ser compatible con una amplia variedad de temas y plugins de WordPress, garantizando una integraci\u00f3n perfecta.<\/li><li><strong class=\"chakra-text css-0\">An\u00e1lisis de Rendimiento<\/strong>: Accede a informes detallados sobre el rendimiento de tus correos, incluyendo tasas de apertura y clics, para optimizar tus estrategias de correo electr\u00f3nico.<\/li><\/ul><h4>Conclusion<\/h4><p class=\"chakra-text css-1ltj640\">myCred Email Digest es m\u00e1s que un simple plugin; es una herramienta poderosa que transforma la forma en que gestionas y env\u00edas correos electr\u00f3nicos a tu audiencia. Con sus numerosas caracter\u00edsticas y beneficios, myCred Email Digest se posiciona como una soluci\u00f3n ideal para sitios web que buscan mantener a sus usuarios informados y comprometidos. Integra myCred Email Digest hoy y descubre c\u00f3mo puedes optimizar tus comunicaciones por correo electr\u00f3nico.<\/p>\t\t\t\t\t\t\t\t<\/div>\n\t\t\t\t<\/div>\n\t\t\t\t\t<\/div>\n\t\t\t\t<\/div>\n\t\t\t\t<\/div>","protected":false},"excerpt":{"rendered":"<p>myCred Email Digest myCred Email Digest es una herramienta avanzada dise\u00f1ada para optimizar y personalizar la entrega de contenido por<\/p>","protected":false},"featured_media":89959,"comment_status":"closed","ping_status":"closed","template":"","meta":{"_acf_changed":false},"product_brand":[],"product_cat":[67],"product_tag":[154],"class_list":{"0":"post-38081","1":"product","2":"type-product","3":"status-publish","4":"has-post-thumbnail","6":"product_cat-wordpress-plugins","7":"product_tag-temas-para-marketing-digital","8":"pa_autores-mycred","10":"first","11":"instock","12":"sale","13":"downloadable","14":"virtual","15":"sold-individually","16":"purchasable","17":"product-type-simple"},"acf":[],"_links":{"self":[{"href":"https:\/\/wpclub.pro\/en\/wp-json\/wp\/v2\/product\/38081","targetHints":{"allow":["GET"]}}],"collection":[{"href":"https:\/\/wpclub.pro\/en\/wp-json\/wp\/v2\/product"}],"about":[{"href":"https:\/\/wpclub.pro\/en\/wp-json\/wp\/v2\/types\/product"}],"replies":[{"embeddable":true,"href":"https:\/\/wpclub.pro\/en\/wp-json\/wp\/v2\/comments?post=38081"}],"version-history":[{"count":0,"href":"https:\/\/wpclub.pro\/en\/wp-json\/wp\/v2\/product\/38081\/revisions"}],"wp:featuredmedia":[{"embeddable":true,"href":"https:\/\/wpclub.pro\/en\/wp-json\/wp\/v2\/media\/89959"}],"wp:attachment":[{"href":"https:\/\/wpclub.pro\/en\/wp-json\/wp\/v2\/media?parent=38081"}],"wp:term":[{"taxonomy":"product_brand","embeddable":true,"href":"https:\/\/wpclub.pro\/en\/wp-json\/wp\/v2\/product_brand?post=38081"},{"taxonomy":"product_cat","embeddable":true,"href":"https:\/\/wpclub.pro\/en\/wp-json\/wp\/v2\/product_cat?post=38081"},{"taxonomy":"product_tag","embeddable":true,"href":"https:\/\/wpclub.pro\/en\/wp-json\/wp\/v2\/product_tag?post=38081"}],"curies":[{"name":"wp","href":"https:\/\/api.w.org\/{rel}","templated":true}]}}