{"id":38083,"date":"2026-03-19T16:21:50","date_gmt":"2026-03-19T19:21:50","guid":{"rendered":"https:\/\/wpclub.pro\/?post_type=product&#038;p=38083"},"modified":"2026-03-19T16:24:13","modified_gmt":"2026-03-19T19:24:13","slug":"mycred-level-cred","status":"publish","type":"product","link":"https:\/\/wpclub.pro\/en\/item\/mycred-level-cred\/","title":{"rendered":"myCred Level Cred 1.2.4.1"},"content":{"rendered":"<div data-elementor-type=\"product-post\" data-elementor-id=\"38083\" class=\"elementor elementor-38083\" data-elementor-post-type=\"product\">\n\t\t\t\t<div class=\"wd-negative-gap elementor-element elementor-element-103196f e-flex e-con-boxed e-con e-parent\" data-id=\"103196f\" data-element_type=\"container\" data-e-type=\"container\">\n\t\t\t\t\t<div class=\"e-con-inner\">\n\t\t\t\t<div class=\"elementor-element elementor-element-4427fd31 color-scheme-inherit text-left elementor-widget elementor-widget-text-editor\" data-id=\"4427fd31\" data-element_type=\"widget\" data-e-type=\"widget\" data-widget_type=\"text-editor.default\">\n\t\t\t\t<div class=\"elementor-widget-container\">\n\t\t\t\t\t\t\t\t\t<h2><strong>myCred Level Cred<\/strong><\/h2><p>Con el complemento myCred Level Cred puedes obtener m\u00e1s control sobre los ganchos. Tendr\u00e1 la opci\u00f3n de establecer enlaces basados \u200b\u200ben roles de usuario, rangos o niveles de insignia (uno a la vez). Esto puede ayudarlo a impulsar su audiencia para pasar al siguiente nivel y obtener m\u00e1s beneficios en su sitio web.<\/p><h3><strong>CARACTER\u00cdSTICAS<\/strong><\/h3><p>Le permite instalar y utilizar este complemento en un solo sitio web o en una instalaci\u00f3n en varios sitios.<\/p><ul><li><strong>Establecer ganchos basados \u200b\u200ben niveles de insignia<\/strong><br \/>Utilice los niveles de myCred Badge como referencias para establecer ganchos y recompensar puntos para sus usuarios.<\/li><li><strong>Establecer ganchos basados \u200b\u200ben roles de usuario<\/strong><br \/>Utilice los roles de usuario de myCred como referencias para establecer enlaces y recompensar puntos para sus usuarios.<\/li><li><strong>Establecer ganchos basados \u200b\u200ben el nivel de clasificaci\u00f3n<\/strong><br \/>Utilice los niveles de myCred Rank como referencias para establecer ganchos y recompensar puntos para sus usuarios.<\/li><li><strong>Establecer prioridades para m\u00faltiples roles<\/strong><br \/>Establezca la concesi\u00f3n de puntos de prioridad para usuarios con m\u00faltiples roles.<\/li><\/ul><p>\u00a0<\/p><p>Adquiera ahora myCred Level Cred.<\/p>\t\t\t\t\t\t\t\t<\/div>\n\t\t\t\t<\/div>\n\t\t\t\t\t<\/div>\n\t\t\t\t<\/div>\n\t\t\t\t<\/div>","protected":false},"excerpt":{"rendered":"<p>myCred Level Cred Con el complemento myCred Level Cred puedes obtener m\u00e1s control sobre los ganchos. Tendr\u00e1 la opci\u00f3n de<\/p>","protected":false},"featured_media":120495,"comment_status":"closed","ping_status":"closed","template":"","meta":{"_acf_changed":false},"product_brand":[],"product_cat":[67],"product_tag":[154],"class_list":{"0":"post-38083","1":"product","2":"type-product","3":"status-publish","4":"has-post-thumbnail","6":"product_cat-wordpress-plugins","7":"product_tag-temas-para-marketing-digital","8":"pa_autores-mycred","10":"first","11":"instock","12":"sale","13":"downloadable","14":"virtual","15":"sold-individually","16":"purchasable","17":"product-type-simple"},"acf":[],"_links":{"self":[{"href":"https:\/\/wpclub.pro\/en\/wp-json\/wp\/v2\/product\/38083","targetHints":{"allow":["GET"]}}],"collection":[{"href":"https:\/\/wpclub.pro\/en\/wp-json\/wp\/v2\/product"}],"about":[{"href":"https:\/\/wpclub.pro\/en\/wp-json\/wp\/v2\/types\/product"}],"replies":[{"embeddable":true,"href":"https:\/\/wpclub.pro\/en\/wp-json\/wp\/v2\/comments?post=38083"}],"version-history":[{"count":0,"href":"https:\/\/wpclub.pro\/en\/wp-json\/wp\/v2\/product\/38083\/revisions"}],"wp:featuredmedia":[{"embeddable":true,"href":"https:\/\/wpclub.pro\/en\/wp-json\/wp\/v2\/media\/120495"}],"wp:attachment":[{"href":"https:\/\/wpclub.pro\/en\/wp-json\/wp\/v2\/media?parent=38083"}],"wp:term":[{"taxonomy":"product_brand","embeddable":true,"href":"https:\/\/wpclub.pro\/en\/wp-json\/wp\/v2\/product_brand?post=38083"},{"taxonomy":"product_cat","embeddable":true,"href":"https:\/\/wpclub.pro\/en\/wp-json\/wp\/v2\/product_cat?post=38083"},{"taxonomy":"product_tag","embeddable":true,"href":"https:\/\/wpclub.pro\/en\/wp-json\/wp\/v2\/product_tag?post=38083"}],"curies":[{"name":"wp","href":"https:\/\/api.w.org\/{rel}","templated":true}]}}