{"id":38085,"date":"2026-03-19T16:18:01","date_gmt":"2026-03-19T19:18:01","guid":{"rendered":"https:\/\/wpclub.pro\/?post_type=product&#038;p=38085"},"modified":"2026-03-19T16:20:41","modified_gmt":"2026-03-19T19:20:41","slug":"mycred-notifications-plus","status":"publish","type":"product","link":"https:\/\/wpclub.pro\/en\/item\/mycred-notifications-plus\/","title":{"rendered":"myCred Notifications Plus 3.1.1"},"content":{"rendered":"<div data-elementor-type=\"product-post\" data-elementor-id=\"38085\" class=\"elementor elementor-38085\" data-elementor-post-type=\"product\">\n\t\t\t\t<div class=\"wd-negative-gap elementor-element elementor-element-6405266d e-flex e-con-boxed e-con e-parent\" data-id=\"6405266d\" data-element_type=\"container\" data-e-type=\"container\">\n\t\t\t\t\t<div class=\"e-con-inner\">\n\t\t\t\t<div class=\"elementor-element elementor-element-30f2c02d color-scheme-inherit text-left elementor-widget elementor-widget-text-editor\" data-id=\"30f2c02d\" data-element_type=\"widget\" data-e-type=\"widget\" data-widget_type=\"text-editor.default\">\n\t\t\t\t<div class=\"elementor-widget-container\">\n\t\t\t\t\t\t\t\t\t<h2><strong>myCred Notifications Plus<\/strong><\/h2>\n<p>Es un complemento avanzado dise\u00f1ado para mejorar la interacci\u00f3n y el compromiso de los usuarios en tu sitio web al ofrecer notificaciones personalizadas y din\u00e1micas basadas en actividades espec\u00edficas.&nbsp;<\/p><p>Este addon, creado para integrarse perfectamente con la plataforma myCred, permite configurar alertas atractivas y funcionales que informan a los usuarios sobre eventos importantes, puntos ganados, recompensas y mucho m\u00e1s.<\/p>\n<h3>\u00bfQu\u00e9 es myCred Notifications Plus?<\/h3>\n<p>myCred Notifications Plus es un plugin que ampl\u00eda las capacidades del sistema de puntos de myCred al proporcionar notificaciones visuales en tiempo real, mejorando la experiencia del usuario y aumentando la retenci\u00f3n en tu sitio web. Estas notificaciones pueden personalizarse completamente, asegurando que coincidan con el estilo y tono de tu marca.<\/p>\n<p>Es una herramienta ideal para sitios que dependen de la gamificaci\u00f3n, comercio electr\u00f3nico, foros o cualquier plataforma en l\u00ednea donde las interacciones de los usuarios sean clave para el \u00e9xito.<\/p>\n<h3>Beneficios clave de myCred Notifications Plus<\/h3>\n<ol>\n<li>\n<p><strong>Interacci\u00f3n mejorada con los usuarios<\/strong>: Las notificaciones en tiempo real mantienen a los usuarios informados sobre sus logros y actividades, fomentando la participaci\u00f3n constante.<\/p>\n<\/li>\n<li>\n<p><strong>Mayor retenci\u00f3n de usuarios<\/strong>: Al mantener a los usuarios comprometidos con alertas din\u00e1micas, es m\u00e1s probable que permanezcan activos en tu sitio web.<\/p>\n<\/li>\n<li>\n<p><strong>Personalizaci\u00f3n completa<\/strong>: Configura notificaciones que reflejen el dise\u00f1o de tu marca y se adapten al tono de tu comunicaci\u00f3n.<\/p>\n<\/li>\n<li>\n<p><strong>Aumento de la motivaci\u00f3n<\/strong>: Las notificaciones de logros, recompensas o puntos acumulados crean un sentido de progreso, incentivando a los usuarios a seguir interactuando.<\/p>\n<\/li>\n<li>\n<p><strong>Integraci\u00f3n sin complicaciones<\/strong>: Dise\u00f1ado para funcionar perfectamente con myCred y otros plugins relacionados, myCred Notifications Plus se adapta f\u00e1cilmente a tus necesidades.<\/p>\n<\/li>\n<\/ol>\n<h3>Caracter\u00edsticas destacadas de myCred Notifications Plus<\/h3>\n<ul>\n<li>\n<p><strong>Notificaciones en tiempo real<\/strong>: Muestra alertas instant\u00e1neas basadas en eventos como acumulaci\u00f3n de puntos, desbloqueo de logros, actividades completadas y m\u00e1s.<\/p>\n<\/li>\n<li>\n<p><strong>Dise\u00f1o personalizable<\/strong>: Ajusta el estilo, colores, texto y ubicaci\u00f3n de las notificaciones para que se integren perfectamente con la est\u00e9tica de tu sitio web.<\/p>\n<\/li>\n<li>\n<p><strong>Reglas de activaci\u00f3n configurables<\/strong>: Define cu\u00e1ndo y c\u00f3mo se muestran las notificaciones seg\u00fan los eventos clave de los usuarios.<\/p>\n<\/li>\n<li>\n<p><strong>Soporte para m\u00faltiples idiomas<\/strong>: Compatible con sitios multiling\u00fces, asegurando una experiencia consistente para usuarios de diferentes regiones.<\/p>\n<\/li>\n<li>\n<p><strong>Compatibilidad con otros addons<\/strong>: Funciona sin problemas con otros complementos de myCred, potenciando las funciones de gamificaci\u00f3n y recompensas.<\/p>\n<\/li>\n<li>\n<p><strong>Panel de administraci\u00f3n intuitivo<\/strong>: Configura y gestiona tus notificaciones desde un panel de control f\u00e1cil de usar.<\/p>\n<\/li>\n<li>\n<p><strong>Compatibilidad m\u00f3vil<\/strong>: Asegura que las notificaciones se vean y funcionen perfectamente en dispositivos m\u00f3viles.<\/p>\n<\/li>\n<\/ul>\n<h3>\u00bfC\u00f3mo funciona myCred Notifications Plus?<\/h3>\n<p>myCred Notifications Plus utiliza eventos definidos por el sistema myCred para generar notificaciones personalizadas en tiempo real. Por ejemplo, cuando un usuario gana puntos por completar una acci\u00f3n espec\u00edfica, el plugin muestra una alerta visual que detalla la actividad y los puntos obtenidos.<\/p>\n<p>Estas notificaciones pueden configurarse para aparecer en diferentes ubicaciones de la pantalla y personalizarse en t\u00e9rminos de dise\u00f1o y contenido. Adem\u00e1s, puedes definir reglas espec\u00edficas para controlar c\u00f3mo y cu\u00e1ndo se muestran, asegurando que las alertas sean relevantes y no invasivas.<\/p>\n<p>El complemento tambi\u00e9n ofrece opciones avanzadas para gestionar notificaciones basadas en eventos \u00fanicos o acciones recurrentes, lo que lo convierte en una herramienta vers\u00e1til para cualquier tipo de sitio web.<\/p>\n<h3>\u00bfPor qu\u00e9 elegir myCred Notifications Plus?<\/h3>\n<p>myCred Notifications Plus es la soluci\u00f3n ideal para cualquier administrador de sitios web que busque maximizar el impacto de las actividades de gamificaci\u00f3n o recompensas en su plataforma. Con este plugin, puedes mantener a los usuarios informados y motivados, mejorando su experiencia y aumentando su lealtad hacia tu sitio.<\/p>\n<p>Adem\u00e1s, su facilidad de uso y personalizaci\u00f3n te permite adaptar las notificaciones a las necesidades espec\u00edficas de tu marca, asegurando que sean atractivas y funcionales. Ya sea que administres una tienda en l\u00ednea, un foro o una plataforma de aprendizaje, myCred Notifications Plus te brinda las herramientas necesarias para transformar las interacciones de los usuarios en una experiencia m\u00e1s din\u00e1mica y efectiva.<\/p>\n<h3>Conclusion<\/h3>\n<p>myCred Notifications Plus es una herramienta poderosa para cualquier sitio que utilice el sistema de puntos y recompensas de myCred. Sus capacidades avanzadas de notificaciones en tiempo real no solo mejoran la interacci\u00f3n del usuario, sino que tambi\u00e9n refuerzan el compromiso y la retenci\u00f3n en tu plataforma.<\/p>\n<p>Si buscas una forma eficiente de mantener a tus usuarios informados, motivados y activos, myCred Notifications Plus es la elecci\u00f3n perfecta. \u00a1Empieza hoy mismo y lleva la experiencia del usuario en tu sitio web al siguiente nivel!<\/p>\t\t\t\t\t\t\t\t<\/div>\n\t\t\t\t<\/div>\n\t\t\t\t\t<\/div>\n\t\t\t\t<\/div>\n\t\t\t\t<\/div>","protected":false},"excerpt":{"rendered":"<p>myCred Notifications Plus Es un complemento avanzado dise\u00f1ado para mejorar la interacci\u00f3n y el compromiso de los usuarios en tu<\/p>","protected":false},"featured_media":120492,"comment_status":"closed","ping_status":"closed","template":"","meta":{"_acf_changed":false},"product_brand":[],"product_cat":[67],"product_tag":[154],"class_list":{"0":"post-38085","1":"product","2":"type-product","3":"status-publish","4":"has-post-thumbnail","6":"product_cat-wordpress-plugins","7":"product_tag-temas-para-marketing-digital","8":"pa_autores-mycred","10":"first","11":"instock","12":"sale","13":"downloadable","14":"virtual","15":"sold-individually","16":"purchasable","17":"product-type-simple"},"acf":[],"_links":{"self":[{"href":"https:\/\/wpclub.pro\/en\/wp-json\/wp\/v2\/product\/38085","targetHints":{"allow":["GET"]}}],"collection":[{"href":"https:\/\/wpclub.pro\/en\/wp-json\/wp\/v2\/product"}],"about":[{"href":"https:\/\/wpclub.pro\/en\/wp-json\/wp\/v2\/types\/product"}],"replies":[{"embeddable":true,"href":"https:\/\/wpclub.pro\/en\/wp-json\/wp\/v2\/comments?post=38085"}],"version-history":[{"count":0,"href":"https:\/\/wpclub.pro\/en\/wp-json\/wp\/v2\/product\/38085\/revisions"}],"wp:featuredmedia":[{"embeddable":true,"href":"https:\/\/wpclub.pro\/en\/wp-json\/wp\/v2\/media\/120492"}],"wp:attachment":[{"href":"https:\/\/wpclub.pro\/en\/wp-json\/wp\/v2\/media?parent=38085"}],"wp:term":[{"taxonomy":"product_brand","embeddable":true,"href":"https:\/\/wpclub.pro\/en\/wp-json\/wp\/v2\/product_brand?post=38085"},{"taxonomy":"product_cat","embeddable":true,"href":"https:\/\/wpclub.pro\/en\/wp-json\/wp\/v2\/product_cat?post=38085"},{"taxonomy":"product_tag","embeddable":true,"href":"https:\/\/wpclub.pro\/en\/wp-json\/wp\/v2\/product_tag?post=38085"}],"curies":[{"name":"wp","href":"https:\/\/api.w.org\/{rel}","templated":true}]}}