{"id":38138,"date":"2025-04-23T13:46:32","date_gmt":"2025-04-23T17:46:32","guid":{"rendered":"https:\/\/wpclub.pro\/?post_type=product&#038;p=38138"},"modified":"2025-08-22T19:34:06","modified_gmt":"2025-08-22T23:34:06","slug":"pie-register-premium","status":"publish","type":"product","link":"https:\/\/wpclub.pro\/en\/item\/pie-register-premium\/","title":{"rendered":"Pie Register Premium 3.8.3.8"},"content":{"rendered":"<div data-elementor-type=\"product-post\" data-elementor-id=\"38138\" class=\"elementor elementor-38138\" data-elementor-post-type=\"product\">\n\t\t\t\t<div class=\"wd-negative-gap elementor-element elementor-element-7b11fa2e e-flex e-con-boxed e-con e-parent\" data-id=\"7b11fa2e\" data-element_type=\"container\" data-e-type=\"container\">\n\t\t\t\t\t<div class=\"e-con-inner\">\n\t\t\t\t<div class=\"elementor-element elementor-element-5dfb268 color-scheme-inherit text-left elementor-widget elementor-widget-text-editor\" data-id=\"5dfb268\" data-element_type=\"widget\" data-e-type=\"widget\" data-widget_type=\"text-editor.default\">\n\t\t\t\t<div class=\"elementor-widget-container\">\n\t\t\t\t\t\t\t\t\t<h2><strong>Pie Register Premium<\/strong><\/h2><p>Pie Register Premium le ayuda a crear formularios de registro en minutos con un sencillo generador de formularios de arrastrar y soltar. No se requiere codificaci\u00f3n. Puede crear formularios y flujos de registro desde los m\u00e1s simples hasta los m\u00e1s s\u00f3lidos utilizando los diversos campos del formulario y controles de la interfaz de usuario.<\/p><p>Personalice el proceso de registro utilizando los numerosos complementos incluidos con la versi\u00f3n premium para que su sitio web sea exclusivo, libre de spam y seguro.<\/p><h3><strong>Aqu\u00ed hay 4 razones para elegir Pie Register Premium para su sitio web<\/strong><\/h3><ul><li><strong>Registros basados \u200b\u200ben invitaci\u00f3n para sitios web exclusivos<\/strong><br \/>\u00bfTienes un sitio web exclusivo? Los c\u00f3digos de invitaci\u00f3n lo ayudan a restringir el registro de usuarios seg\u00fan las invitaciones. Puede enviar correos electr\u00f3nicos de invitaci\u00f3n desde el complemento a los usuarios que le gustar\u00eda ver en su sitio. Utilice c\u00f3digos de invitaci\u00f3n para proteger su sitio de registros falsos, ayudar a refinar la base de usuarios y fortalecer la seguridad de su sitio web.<br \/>El administrador puede configurar varios c\u00f3digos con una fecha de vencimiento.<\/li><li><strong>Cobro de pagos m\u00e1s f\u00e1cil a trav\u00e9s de formularios de registro<\/strong><br \/>Pie Register Premium le permite cobrar el pago de los usuarios en el momento del registro. Utilice la pasarela de pago est\u00e1ndar de Paypal o utilice Stripe y Authorize.net de nuestra colecci\u00f3n de complementos premium.<br \/>Utilice la notificaci\u00f3n por correo electr\u00f3nico personalizada para mantener a sus usuarios informados sobre el proceso de pago y otras actividades de la cuenta.<\/li><li><strong>No m\u00e1s spam con los campos de formulario seguros<\/strong><br \/>Utilice ReCaptcha , Math Captcha y Honey Pot en los formularios para evitar spam, trolls y bots. Bloquearlos seg\u00fan direcciones IP, subredes, dominio, direcci\u00f3n de correo electr\u00f3nico e incluso sus patrones de nombre de usuario.<br \/>No m\u00e1s spam utilizando ReCaptcha, Math Captcha y Honey Pot Direcci\u00f3n, n\u00famero de tel\u00e9fono, imagen de perfil y carga de archivos, t\u00e9rminos y condiciones<\/li><li><strong>Campos de formulario avanzados<\/strong><br \/>Arrastre y suelte para usar campos simples para capturar informaci\u00f3n personal como Direcci\u00f3n , N\u00famero de tel\u00e9fono , etc., o campos m\u00e1s s\u00f3lidos como Imagen de perfil y Carga de archivos , a los T\u00e9rminos y condiciones . El registro circular tiene m\u00e1s de 30 campos diferentes para elegir.<\/li><\/ul><p>y m\u00e1s!!<\/p><p>Adquiera ahora Pie Register Premium.<\/p>\t\t\t\t\t\t\t\t<\/div>\n\t\t\t\t<\/div>\n\t\t\t\t\t<\/div>\n\t\t\t\t<\/div>\n\t\t\t\t<\/div>","protected":false},"excerpt":{"rendered":"<p>Pie Register Premium Pie Register Premium le ayuda a crear formularios de registro en minutos con un sencillo generador de<\/p>","protected":false},"featured_media":38139,"comment_status":"closed","ping_status":"closed","template":"","meta":{"_acf_changed":false},"product_brand":[],"product_cat":[67],"product_tag":[140],"class_list":{"0":"post-38138","1":"product","2":"type-product","3":"status-publish","4":"has-post-thumbnail","6":"product_cat-wordpress-plugins","7":"product_tag-plugins-para-perfiles-de-usuarios-y-accesos","8":"pa_autores-pie-register","10":"first","11":"instock","12":"sale","13":"downloadable","14":"virtual","15":"sold-individually","16":"purchasable","17":"product-type-simple"},"acf":[],"_links":{"self":[{"href":"https:\/\/wpclub.pro\/en\/wp-json\/wp\/v2\/product\/38138","targetHints":{"allow":["GET"]}}],"collection":[{"href":"https:\/\/wpclub.pro\/en\/wp-json\/wp\/v2\/product"}],"about":[{"href":"https:\/\/wpclub.pro\/en\/wp-json\/wp\/v2\/types\/product"}],"replies":[{"embeddable":true,"href":"https:\/\/wpclub.pro\/en\/wp-json\/wp\/v2\/comments?post=38138"}],"version-history":[{"count":0,"href":"https:\/\/wpclub.pro\/en\/wp-json\/wp\/v2\/product\/38138\/revisions"}],"wp:featuredmedia":[{"embeddable":true,"href":"https:\/\/wpclub.pro\/en\/wp-json\/wp\/v2\/media\/38139"}],"wp:attachment":[{"href":"https:\/\/wpclub.pro\/en\/wp-json\/wp\/v2\/media?parent=38138"}],"wp:term":[{"taxonomy":"product_brand","embeddable":true,"href":"https:\/\/wpclub.pro\/en\/wp-json\/wp\/v2\/product_brand?post=38138"},{"taxonomy":"product_cat","embeddable":true,"href":"https:\/\/wpclub.pro\/en\/wp-json\/wp\/v2\/product_cat?post=38138"},{"taxonomy":"product_tag","embeddable":true,"href":"https:\/\/wpclub.pro\/en\/wp-json\/wp\/v2\/product_tag?post=38138"}],"curies":[{"name":"wp","href":"https:\/\/api.w.org\/{rel}","templated":true}]}}