{"id":38233,"date":"2024-02-20T10:56:15","date_gmt":"2024-02-20T13:56:15","guid":{"rendered":"https:\/\/wpclub.pro\/?post_type=product&#038;p=38233"},"modified":"2024-10-03T12:48:56","modified_gmt":"2024-10-03T15:48:56","slug":"grid-plus-unlimited-grid-layout","status":"publish","type":"product","link":"https:\/\/wpclub.pro\/en\/item\/grid-plus-unlimited-grid-layout\/","title":{"rendered":"Grid Plus Unlimited Grid Layout 3.3"},"content":{"rendered":"<p>] css=\u00bb.vc_custom_1629733467375{margin-right: 15px !important;padding-top: 30px !important;padding-right: 30px !important;padding-bottom: 30px !important;padding-left: 30px !important;background-color: #f4f4f4 !important;border-radius: 5px !important;}\u00bb width=\u00bb1\/1&#8243; mobile_bg_img_hidden=\u00bbno\u00bb tablet_bg_img_hidden=\u00bbno\u00bb woodmart_parallax=\u00bb0&#8243; woodmart_sticky_column=\u00bbfalse\u00bb parallax_scroll=\u00bbno\u00bb mobile_reset_margin=\u00bbno\u00bb tablet_reset_margin=\u00bbno\u00bb]_text woodmart_inline=\u00bbno\u00bb text_larger=\u00bbno\u00bb]<\/p>\n<h2><strong>Grid Plus Unlimited Grid Layout<\/strong><\/h2>\n<p>&nbsp;<\/p>\n<p>Grid Plus es un complemento de cuadr\u00edcula premium de WordPress que le permite crear dise\u00f1os ilimitados y mostrar todos los tipos de publicaciones en un sistema de cuadr\u00edcula totalmente personalizable y responsivo.<\/p>\n<p>Es perfectamente adecuado para mostrar su blog, portafolio, comercio electr\u00f3nico o cualquier tipo de publicaci\u00f3n de WordPress.<\/p>\n<h3 id=\"item-description__item-description\"><strong>Caracter\u00edsticas de Grid Plus Unlimited Grid Layout<\/strong><\/h3>\n<ul>\n<li><span>Dise\u00f1o limpio totalmente responsivo<\/span><\/li>\n<li><span>Color ilimitado.<\/span><\/li>\n<li><span>Dise\u00f1o ilimitado<\/span><\/li>\n<li><span>Cuadr\u00edcula, Alba\u00f1iler\u00eda, Carrusel, Metro, Dise\u00f1o justificado<\/span><\/li>\n<li><span>Agregue m\u00e1s piel mediante el gancho del filtro<\/span><\/li>\n<li><span>Dise\u00f1o de importaci\u00f3n y exportaci\u00f3n<\/span><\/li>\n<li><span>Filtrar galer\u00edas con categor\u00edas de galer\u00eda.<\/span><\/li>\n<li><span>Listo para traducir (se incluye el archivo .mo). Disponible: Ingl\u00e9s, Alemania, Espa\u00f1a<\/span><\/li>\n<li><span>Bien documentada<\/span><\/li>\n<li><span>Configuraci\u00f3n r\u00e1pida y sencilla<\/span><\/li>\n<li><span>Soporte para varios navegadores<\/span><\/li>\n<li><span>Exportar e importar dise\u00f1o<\/span><\/li>\n<\/ul>\n<p>&nbsp;<\/p>\n<p>Adquiera ahora Grid Plus Unlimited Grid Layout.[\/vc_column_text][\/vc_column][\/vc_row] css=\u00bb.vc_custom_1629733150529{margin-top: 30px !important;}\u00bb mobile_bg_img_hidden=\u00bbno\u00bb tablet_bg_img_hidden=\u00bbno\u00bb woodmart_parallax=\u00bb0&#8243; woodmart_gradient_switch=\u00bbno\u00bb row_reverse_mobile=\u00bb0&#8243; row_reverse_tablet=\u00bb0&#8243; woodmart_disable_overflow=\u00bb0&#8243;] css=\u00bb.vc_custom_1629733167411{background-color: #f4f4f4 !important;border-radius: 5px !important;}\u00bb mobile_bg_img_hidden=\u00bbno\u00bb tablet_bg_img_hidden=\u00bbno\u00bb woodmart_parallax=\u00bb0&#8243; woodmart_sticky_column=\u00bbfalse\u00bb parallax_scroll=\u00bbno\u00bb mobile_reset_margin=\u00bbno\u00bb tablet_reset_margin=\u00bbno\u00bb]_text woodmart_inline=\u00bbno\u00bb text_larger=\u00bbno\u00bb]<\/p>\n<p style=\"text-align: center;\">Los productos publicados en el sitio son distribuimos bajo licenciamiento <a href=\"https:\/\/www.gnu.org\/licenses\/licenses.es.html\" target=\"_blank\" rel=\"noopener\" data-schema-attribute=\"\"><strong>GPL \/ GNU<\/strong><\/a>. Recuerda siempre revisar nuestros <strong><a href=\"https:\/\/wpclub.pro\/terminos-de-uso\/\" target=\"_blank\" rel=\"noopener\" data-schema-attribute=\"\">T\u00e9rminos de Uso<\/a><\/strong> y <strong><a href=\"https:\/\/wpclub.pro\/politica-de-privacidad\/\" target=\"_blank\" rel=\"noopener\" data-schema-attribute=\"\">Pol\u00edtica de Privacidad<\/a><\/strong>.<\/p>\n<p>[\/vc_column_text][\/vc_column][\/vc_row]<\/p>\n","protected":false},"excerpt":{"rendered":"<p>] css=\u00bb.vc_custom_1629733467375{margin-right: 15px !important;padding-top: 30px !important;padding-right: 30px !important;padding-bottom: 30px !important;padding-left: 30px !important;background-color: #f4f4f4 !important;border-radius: 5px !important;}\u00bb width=\u00bb1\/1&#8243; mobile_bg_img_hidden=\u00bbno\u00bb tablet_bg_img_hidden=\u00bbno\u00bb woodmart_parallax=\u00bb0&#8243;<\/p>","protected":false},"featured_media":38234,"comment_status":"closed","ping_status":"closed","template":"","meta":{"_acf_changed":false},"product_brand":[],"product_cat":[67],"product_tag":[146],"class_list":{"0":"post-38233","1":"product","2":"type-product","3":"status-publish","4":"has-post-thumbnail","6":"product_cat-wordpress-plugins","7":"product_tag-temas-para-portafolios-y-cv","8":"pa_autores-codecanyon","10":"first","11":"instock","12":"sale","13":"downloadable","14":"virtual","15":"sold-individually","16":"purchasable","17":"product-type-simple"},"acf":[],"_links":{"self":[{"href":"https:\/\/wpclub.pro\/en\/wp-json\/wp\/v2\/product\/38233","targetHints":{"allow":["GET"]}}],"collection":[{"href":"https:\/\/wpclub.pro\/en\/wp-json\/wp\/v2\/product"}],"about":[{"href":"https:\/\/wpclub.pro\/en\/wp-json\/wp\/v2\/types\/product"}],"replies":[{"embeddable":true,"href":"https:\/\/wpclub.pro\/en\/wp-json\/wp\/v2\/comments?post=38233"}],"version-history":[{"count":0,"href":"https:\/\/wpclub.pro\/en\/wp-json\/wp\/v2\/product\/38233\/revisions"}],"wp:featuredmedia":[{"embeddable":true,"href":"https:\/\/wpclub.pro\/en\/wp-json\/wp\/v2\/media\/38234"}],"wp:attachment":[{"href":"https:\/\/wpclub.pro\/en\/wp-json\/wp\/v2\/media?parent=38233"}],"wp:term":[{"taxonomy":"product_brand","embeddable":true,"href":"https:\/\/wpclub.pro\/en\/wp-json\/wp\/v2\/product_brand?post=38233"},{"taxonomy":"product_cat","embeddable":true,"href":"https:\/\/wpclub.pro\/en\/wp-json\/wp\/v2\/product_cat?post=38233"},{"taxonomy":"product_tag","embeddable":true,"href":"https:\/\/wpclub.pro\/en\/wp-json\/wp\/v2\/product_tag?post=38233"}],"curies":[{"name":"wp","href":"https:\/\/api.w.org\/{rel}","templated":true}]}}