{"id":38290,"date":"2024-02-21T11:54:06","date_gmt":"2024-02-21T14:54:06","guid":{"rendered":"https:\/\/wpclub.pro\/?post_type=product&#038;p=38290"},"modified":"2025-08-22T19:34:06","modified_gmt":"2025-08-22T23:34:06","slug":"pie-register-field-visibility","status":"publish","type":"product","link":"https:\/\/wpclub.pro\/en\/item\/pie-register-field-visibility\/","title":{"rendered":"Pie Register Field Visibility 1.5.4"},"content":{"rendered":"<p>] css=\u00bb.vc_custom_1629733467375{margin-right: 15px !important;padding-top: 30px !important;padding-right: 30px !important;padding-bottom: 30px !important;padding-left: 30px !important;background-color: #f4f4f4 !important;border-radius: 5px !important;}\u00bb width=\u00bb1\/1&#8243; mobile_bg_img_hidden=\u00bbno\u00bb tablet_bg_img_hidden=\u00bbno\u00bb woodmart_parallax=\u00bb0&#8243; woodmart_sticky_column=\u00bbfalse\u00bb parallax_scroll=\u00bbno\u00bb mobile_reset_margin=\u00bbno\u00bb tablet_reset_margin=\u00bbno\u00bb]_text woodmart_inline=\u00bbno\u00bb text_larger=\u00bbno\u00bb]<\/p>\n<h2><strong>Pie Register Field Visibility<\/strong><\/h2>\n<p>&nbsp;<\/p>\n<p>Pie Register Field Visibility le permite mostrar u ocultar ciertos campos en el formulario de registro de front-end o en la p\u00e1gina de perfil del usuario. El administrador puede ocultar campos para dividir un formulario en partes.<\/p>\n<p>Esto es m\u00e1s \u00fatil cuando no quieres abrumar al usuario y quieres que los campos se muestren paso a paso durante el registro y ocultarlos m\u00e1s tarde, o viceversa. El administrador tambi\u00e9n puede habilitar que los campos sean de solo lectura en el formulario de registro, la p\u00e1gina de perfil o ambos para impedir que los usuarios cambien los detalles una vez que los hayan completado.<\/p>\n<h3 class=\"key-feat-head\"><strong>Caracter\u00edsticas clave de Pie Register Field Visibility<\/strong><\/h3>\n<ul>\n<li><span>Le permite mostrar u ocultar campos en Registro, Perfil o Ambos.<\/span><\/li>\n<li><span>Habilite la opci\u00f3n Solo lectura para los campos de Registro, Perfil o Ambos.<\/span><\/li>\n<li><span>La visibilidad del campo se puede aplicar a los siguientes campos: correo electr\u00f3nico, nombre, campo de texto, \u00e1rea de texto, men\u00fa desplegable, selecci\u00f3n m\u00faltiple, n\u00famero, casilla de verificaci\u00f3n, botones de opci\u00f3n, secuencia de comandos HTML, salto de secci\u00f3n, direcci\u00f3n, fecha, hora, tel\u00e9fono, cargar archivo, imagen de perfil. , Lista e inicio de sesi\u00f3n en dos pasos mediante SMS (Twilio).<\/span><\/li>\n<\/ul>\n<p>&nbsp;<\/p>\n<p>Adquiera ahora Pie Register Field Visibility.[\/vc_column_text][\/vc_column][\/vc_row] css=\u00bb.vc_custom_1629733150529{margin-top: 30px !important;}\u00bb mobile_bg_img_hidden=\u00bbno\u00bb tablet_bg_img_hidden=\u00bbno\u00bb woodmart_parallax=\u00bb0&#8243; woodmart_gradient_switch=\u00bbno\u00bb row_reverse_mobile=\u00bb0&#8243; row_reverse_tablet=\u00bb0&#8243; woodmart_disable_overflow=\u00bb0&#8243;] css=\u00bb.vc_custom_1629733167411{background-color: #f4f4f4 !important;border-radius: 5px !important;}\u00bb mobile_bg_img_hidden=\u00bbno\u00bb tablet_bg_img_hidden=\u00bbno\u00bb woodmart_parallax=\u00bb0&#8243; woodmart_sticky_column=\u00bbfalse\u00bb parallax_scroll=\u00bbno\u00bb mobile_reset_margin=\u00bbno\u00bb tablet_reset_margin=\u00bbno\u00bb]_text woodmart_inline=\u00bbno\u00bb text_larger=\u00bbno\u00bb]<\/p>\n<p style=\"text-align: center;\">Los productos publicados en el sitio son distribuimos bajo licenciamiento <a href=\"https:\/\/www.gnu.org\/licenses\/licenses.es.html\" target=\"_blank\" rel=\"noopener\" data-schema-attribute=\"\"><strong>GPL \/ GNU<\/strong><\/a>. Recuerda siempre revisar nuestros <strong><a href=\"https:\/\/wpclub.pro\/terminos-de-uso\/\" target=\"_blank\" rel=\"noopener\" data-schema-attribute=\"\">T\u00e9rminos de Uso<\/a><\/strong> y <strong><a href=\"https:\/\/wpclub.pro\/politica-de-privacidad\/\" target=\"_blank\" rel=\"noopener\" data-schema-attribute=\"\">Pol\u00edtica de Privacidad<\/a><\/strong>.<\/p>\n<p>[\/vc_column_text][\/vc_column][\/vc_row]<\/p>\n","protected":false},"excerpt":{"rendered":"<p>] css=\u00bb.vc_custom_1629733467375{margin-right: 15px !important;padding-top: 30px !important;padding-right: 30px !important;padding-bottom: 30px !important;padding-left: 30px !important;background-color: #f4f4f4 !important;border-radius: 5px !important;}\u00bb width=\u00bb1\/1&#8243; mobile_bg_img_hidden=\u00bbno\u00bb tablet_bg_img_hidden=\u00bbno\u00bb woodmart_parallax=\u00bb0&#8243;<\/p>","protected":false},"featured_media":38291,"comment_status":"closed","ping_status":"closed","template":"","meta":{"_acf_changed":false},"product_brand":[],"product_cat":[67],"product_tag":[140],"class_list":{"0":"post-38290","1":"product","2":"type-product","3":"status-publish","4":"has-post-thumbnail","6":"product_cat-wordpress-plugins","7":"product_tag-plugins-para-perfiles-de-usuarios-y-accesos","8":"pa_autores-pie-register","10":"first","11":"instock","12":"sale","13":"downloadable","14":"virtual","15":"sold-individually","16":"purchasable","17":"product-type-simple"},"acf":[],"_links":{"self":[{"href":"https:\/\/wpclub.pro\/en\/wp-json\/wp\/v2\/product\/38290","targetHints":{"allow":["GET"]}}],"collection":[{"href":"https:\/\/wpclub.pro\/en\/wp-json\/wp\/v2\/product"}],"about":[{"href":"https:\/\/wpclub.pro\/en\/wp-json\/wp\/v2\/types\/product"}],"replies":[{"embeddable":true,"href":"https:\/\/wpclub.pro\/en\/wp-json\/wp\/v2\/comments?post=38290"}],"version-history":[{"count":0,"href":"https:\/\/wpclub.pro\/en\/wp-json\/wp\/v2\/product\/38290\/revisions"}],"wp:featuredmedia":[{"embeddable":true,"href":"https:\/\/wpclub.pro\/en\/wp-json\/wp\/v2\/media\/38291"}],"wp:attachment":[{"href":"https:\/\/wpclub.pro\/en\/wp-json\/wp\/v2\/media?parent=38290"}],"wp:term":[{"taxonomy":"product_brand","embeddable":true,"href":"https:\/\/wpclub.pro\/en\/wp-json\/wp\/v2\/product_brand?post=38290"},{"taxonomy":"product_cat","embeddable":true,"href":"https:\/\/wpclub.pro\/en\/wp-json\/wp\/v2\/product_cat?post=38290"},{"taxonomy":"product_tag","embeddable":true,"href":"https:\/\/wpclub.pro\/en\/wp-json\/wp\/v2\/product_tag?post=38290"}],"curies":[{"name":"wp","href":"https:\/\/api.w.org\/{rel}","templated":true}]}}