{"id":38292,"date":"2024-02-21T11:58:58","date_gmt":"2024-02-21T14:58:58","guid":{"rendered":"https:\/\/wpclub.pro\/?post_type=product&#038;p=38292"},"modified":"2025-08-22T19:34:06","modified_gmt":"2025-08-22T23:34:06","slug":"pie-register-bbpress","status":"publish","type":"product","link":"https:\/\/wpclub.pro\/en\/item\/pie-register-bbpress\/","title":{"rendered":"Pie Register BBPress 1.6"},"content":{"rendered":"<p>] css=\u00bb.vc_custom_1629733467375{margin-right: 15px !important;padding-top: 30px !important;padding-right: 30px !important;padding-bottom: 30px !important;padding-left: 30px !important;background-color: #f4f4f4 !important;border-radius: 5px !important;}\u00bb width=\u00bb1\/1&#8243; mobile_bg_img_hidden=\u00bbno\u00bb tablet_bg_img_hidden=\u00bbno\u00bb woodmart_parallax=\u00bb0&#8243; woodmart_sticky_column=\u00bbfalse\u00bb parallax_scroll=\u00bbno\u00bb mobile_reset_margin=\u00bbno\u00bb tablet_reset_margin=\u00bbno\u00bb]_text woodmart_inline=\u00bbno\u00bb text_larger=\u00bbno\u00bb]<\/p>\n<h2><strong>Pie Register BBPress<\/strong><\/h2>\n<p>&nbsp;<\/p>\n<p>bbPress es un complemento de WordPress que agrega la funcionalidad de un foro a su sitio web. Con el complemento Pie Register BBPress, puede habilitar que los campos Pie Register se muestren en el perfil de usuario de bbPress como informaci\u00f3n adicional.<\/p>\n<p>Los usuarios pueden editar directamente la informaci\u00f3n del perfil de Pie Register permaneciendo en la edici\u00f3n del perfil de bbPress, y se actualizar\u00e1 autom\u00e1ticamente en el perfil de Pie Register.<\/p>\n<h3 class=\"key-feat-head\"><strong>Caracter\u00edsticas clave de Pie Register BBPress<\/strong><\/h3>\n<ul>\n<li><span>Habilite la opci\u00f3n Mostrar en perfil de bbPress en los campos seleccionados del formulario de registro circular.<\/span><\/li>\n<li><span>Los campos habilitados de Pie Register se mostrar\u00e1n en la p\u00e1gina de perfil de bbPress en &#8216;Informaci\u00f3n adicional&#8217;.<\/span><\/li>\n<li><span>El usuario puede editar los campos de perfil de Pie Register habilitados directamente desde la p\u00e1gina de perfil de bbPress.<\/span><\/li>\n<li class=\"list-in-list\"><span>Los siguientes campos de Pie Register se pueden mostrar en el perfil de bbPress:<\/span>\n<ul>\n<li><strong><b><span>Campos est\u00e1ndar:<\/span><\/b><\/strong><span>\u00a0campo de texto, \u00e1rea de texto, men\u00fa desplegable, selecci\u00f3n m\u00faltiple, n\u00famero, casilla de verificaci\u00f3n, botones de opci\u00f3n<\/span><\/li>\n<li><strong><b><span>Campos avanzados:<\/span><\/b><\/strong><span>\u00a0direcci\u00f3n, fecha, hora, tel\u00e9fono, foto de perfil<\/span><\/li>\n<\/ul>\n<\/li>\n<\/ul>\n<p>Adquiera ahora Pie Register BBPress.[\/vc_column_text][\/vc_column][\/vc_row] css=\u00bb.vc_custom_1629733150529{margin-top: 30px !important;}\u00bb mobile_bg_img_hidden=\u00bbno\u00bb tablet_bg_img_hidden=\u00bbno\u00bb woodmart_parallax=\u00bb0&#8243; woodmart_gradient_switch=\u00bbno\u00bb row_reverse_mobile=\u00bb0&#8243; row_reverse_tablet=\u00bb0&#8243; woodmart_disable_overflow=\u00bb0&#8243;] css=\u00bb.vc_custom_1629733167411{background-color: #f4f4f4 !important;border-radius: 5px !important;}\u00bb mobile_bg_img_hidden=\u00bbno\u00bb tablet_bg_img_hidden=\u00bbno\u00bb woodmart_parallax=\u00bb0&#8243; woodmart_sticky_column=\u00bbfalse\u00bb parallax_scroll=\u00bbno\u00bb mobile_reset_margin=\u00bbno\u00bb tablet_reset_margin=\u00bbno\u00bb]_text woodmart_inline=\u00bbno\u00bb text_larger=\u00bbno\u00bb]<\/p>\n<p style=\"text-align: center;\">Los productos publicados en el sitio son distribuimos bajo licenciamiento <a href=\"https:\/\/www.gnu.org\/licenses\/licenses.es.html\" target=\"_blank\" rel=\"noopener\" data-schema-attribute=\"\"><strong>GPL \/ GNU<\/strong><\/a>. Recuerda siempre revisar nuestros <strong><a href=\"https:\/\/wpclub.pro\/terminos-de-uso\/\" target=\"_blank\" rel=\"noopener\" data-schema-attribute=\"\">T\u00e9rminos de Uso<\/a><\/strong> y <strong><a href=\"https:\/\/wpclub.pro\/politica-de-privacidad\/\" target=\"_blank\" rel=\"noopener\" data-schema-attribute=\"\">Pol\u00edtica de Privacidad<\/a><\/strong>.<\/p>\n<p>[\/vc_column_text][\/vc_column][\/vc_row]<\/p>\n","protected":false},"excerpt":{"rendered":"<p>] css=\u00bb.vc_custom_1629733467375{margin-right: 15px !important;padding-top: 30px !important;padding-right: 30px !important;padding-bottom: 30px !important;padding-left: 30px !important;background-color: #f4f4f4 !important;border-radius: 5px !important;}\u00bb width=\u00bb1\/1&#8243; mobile_bg_img_hidden=\u00bbno\u00bb tablet_bg_img_hidden=\u00bbno\u00bb woodmart_parallax=\u00bb0&#8243;<\/p>","protected":false},"featured_media":38293,"comment_status":"closed","ping_status":"closed","template":"","meta":{"_acf_changed":false},"product_brand":[],"product_cat":[67],"product_tag":[140],"class_list":{"0":"post-38292","1":"product","2":"type-product","3":"status-publish","4":"has-post-thumbnail","6":"product_cat-wordpress-plugins","7":"product_tag-plugins-para-perfiles-de-usuarios-y-accesos","8":"pa_autores-pie-register","10":"first","11":"instock","12":"sale","13":"downloadable","14":"virtual","15":"sold-individually","16":"purchasable","17":"product-type-simple"},"acf":[],"_links":{"self":[{"href":"https:\/\/wpclub.pro\/en\/wp-json\/wp\/v2\/product\/38292","targetHints":{"allow":["GET"]}}],"collection":[{"href":"https:\/\/wpclub.pro\/en\/wp-json\/wp\/v2\/product"}],"about":[{"href":"https:\/\/wpclub.pro\/en\/wp-json\/wp\/v2\/types\/product"}],"replies":[{"embeddable":true,"href":"https:\/\/wpclub.pro\/en\/wp-json\/wp\/v2\/comments?post=38292"}],"version-history":[{"count":0,"href":"https:\/\/wpclub.pro\/en\/wp-json\/wp\/v2\/product\/38292\/revisions"}],"wp:featuredmedia":[{"embeddable":true,"href":"https:\/\/wpclub.pro\/en\/wp-json\/wp\/v2\/media\/38293"}],"wp:attachment":[{"href":"https:\/\/wpclub.pro\/en\/wp-json\/wp\/v2\/media?parent=38292"}],"wp:term":[{"taxonomy":"product_brand","embeddable":true,"href":"https:\/\/wpclub.pro\/en\/wp-json\/wp\/v2\/product_brand?post=38292"},{"taxonomy":"product_cat","embeddable":true,"href":"https:\/\/wpclub.pro\/en\/wp-json\/wp\/v2\/product_cat?post=38292"},{"taxonomy":"product_tag","embeddable":true,"href":"https:\/\/wpclub.pro\/en\/wp-json\/wp\/v2\/product_tag?post=38292"}],"curies":[{"name":"wp","href":"https:\/\/api.w.org\/{rel}","templated":true}]}}