{"id":40325,"date":"2024-04-25T13:49:59","date_gmt":"2024-04-25T17:49:59","guid":{"rendered":"https:\/\/wpclub.pro\/?post_type=product&#038;p=40325"},"modified":"2024-10-03T12:43:59","modified_gmt":"2024-10-03T15:43:59","slug":"wpdm-multi-level-affiliates-addon","status":"publish","type":"product","link":"https:\/\/wpclub.pro\/en\/item\/wpdm-multi-level-affiliates-addon\/","title":{"rendered":"WPDM Multi-Level Affiliates Addon 1.5.0"},"content":{"rendered":"<p>] css=\u00bb.vc_custom_1629733467375{margin-right: 15px !important;padding-top: 30px !important;padding-right: 30px !important;padding-bottom: 30px !important;padding-left: 30px !important;background-color: #f4f4f4 !important;border-radius: 5px !important;}\u00bb width=\u00bb1\/1&#8243; mobile_bg_img_hidden=\u00bbno\u00bb tablet_bg_img_hidden=\u00bbno\u00bb woodmart_parallax=\u00bb0&#8243; woodmart_sticky_column=\u00bbfalse\u00bb parallax_scroll=\u00bbno\u00bb mobile_reset_margin=\u00bbno\u00bb tablet_reset_margin=\u00bbno\u00bb]_text woodmart_inline=\u00bbno\u00bb text_larger=\u00bbno\u00bb]<\/p>\n<h2><strong>WPDM Multi-Level Affiliates Addon<\/strong><\/h2>\n<p>El complemento Multilevel Affiliates lo ayudar\u00e1 con el reclutamiento, la administraci\u00f3n y el seguimiento de afiliados mientras usa WordPress Download Manager Pro.<\/p>\n<p>Este complemento tiene una caracter\u00edstica especial para implementar la opci\u00f3n de compartir la Comisi\u00f3n de referencia multinivel, lo que aumentar\u00e1 sus ventas. La funci\u00f3n Promoci\u00f3n de referencias multinivel utiliza un modelo de marketing similar al MLM. Donde puede establecer m\u00faltiples niveles de comisi\u00f3n para el referente de nivel superior.<\/p>\n<h4><strong>Lo que necesitabas<\/strong><\/h4>\n<p>Un referente de alto nivel podr\u00e1 ganar comisiones por m\u00faltiples ventas, incluso simplemente refiri\u00e9ndose a una persona, lo que sin duda lo alentar\u00e1 a recomendar su producto al menos a un cliente potencial.<\/p>\n<p>Y aqu\u00ed la magia est\u00e1 en que cada usuario es un usuario de nivel superior en su \u00e1rbol de referencias. Entonces, lo que digo es que este complemento puede aumentar tus ventas 10 veces m\u00e1s que cualquier otro complemento, adem\u00e1s de administrar tu membres\u00eda de mejor manera que otros.<\/p>\n<h4><strong>Qu\u00e9 har\u00e1 WPDM Multi-Level Affiliates Addon:<\/strong><\/h4>\n<ul>\n<li>Habilitar el marketing de afiliados<\/li>\n<li>Seguimiento de \u00e9xitos entrantes \u00fanicos<\/li>\n<li>Enlaces de afiliados f\u00e1ciles de manejar<\/li>\n<li>Opciones de administraci\u00f3n f\u00e1ciles de manejar<\/li>\n<li>Seguimiento de referencias multinivel con una vista gr\u00e1fica de \u00e1rbol<\/li>\n<\/ul>\n<h4><strong>Por qu\u00e9 necesitas WPDM Multi-Level Affiliates Addon:<\/strong><\/h4>\n<ul>\n<li>Incrementa tu venta<\/li>\n<li>Dirija tr\u00e1fico de calidad a su sitio<\/li>\n<li>Ampl\u00ede la visibilidad de su marca<\/li>\n<li>Aumente los v\u00ednculos de retroceso, mejor visibilidad en los motores de b\u00fasqueda<\/li>\n<li>Puedes controlar las comisiones para cada usuario de nivel superior, puedes configurar cu\u00e1nta comisi\u00f3n recibir\u00e1 de diferentes niveles inferiores.<\/li>\n<\/ul>\n<h4><strong>Uso de WPDM Multi-Level Affiliates Addon:<\/strong><\/h4>\n<ul>\n<li>Cree una p\u00e1gina desde Men\u00fa de administraci\u00f3n &gt;&gt; P\u00e1ginas &gt;&gt; Agregar nueva, Agregar c\u00f3digo corto\u00a0<strong>[ml_affiliate_frontend]<\/strong>\u00a0y publ\u00edquela. Vea la p\u00e1gina y ver\u00e1 una interfaz de usuario como la siguiente imagen:<\/li>\n<\/ul>\n<p><img loading=\"lazy\" decoding=\"async\" class=\"aligncenter wp-image-26220\" title=\"WPDM Multi-Level Affiliates Addon 01\" src=\"https:\/\/dai323vbo0kfx.cloudfront.net\/wp-content\/uploads\/2014\/06\/WordPress_Download_Manager_Pro_4_x_%E2%80%93_Affiliate-1024x234.png\" alt=\"WPDM Multi-Level Affiliates Addon 01\" width=\"741\" height=\"169\" \/><br \/>\nInicio: el contenido de la pesta\u00f1a muestra el saldo actual del usuario y sus ganancias.<\/p>\n<p><img loading=\"lazy\" decoding=\"async\" class=\"aligncenter wp-image-26221\" title=\"WPDM Multi-Level Affiliates Addon 02\" src=\"https:\/\/dai323vbo0kfx.cloudfront.net\/wp-content\/uploads\/2014\/06\/WordPress_Download_Manager_Pro_4_x_%E2%80%93_Affiliate1-1024x296.png\" alt=\"WPDM Multi-Level Affiliates Addon 02\" width=\"812\" height=\"235\" \/><br \/>\nConfiguraci\u00f3n: el contenido de la pesta\u00f1a muestra el enlace de afiliado, el usuario debe usarlo cuando hace referencia. Y hay otro campo para poner su correo electr\u00f3nico de PayPal para recibir el pago.<\/p>\n<ul>\n<li>Ahora desde Men\u00fa de administraci\u00f3n &gt;&gt; Men\u00fa de afiliados multinivel, puede configurar comisiones para diferentes niveles, admite hasta 6 niveles:<\/li>\n<\/ul>\n<p><img loading=\"lazy\" decoding=\"async\" class=\"aligncenter wp-image-26226\" title=\"WPDM Multi-Level Affiliates Addon 03\" src=\"https:\/\/dai323vbo0kfx.cloudfront.net\/wp-content\/uploads\/2014\/06\/Multi_Level_Affiliates_%E2%80%B9_WordPress_Download_Manager_Pro_4_x_%E2%80%94_WordPress-1024x836.png\" alt=\"WPDM Multi-Level Affiliates Addon 03\" width=\"733\" height=\"599\" \/><\/p>\n<p>&nbsp;<\/p>\n<p>Aquiera ahora WPDM Multi-Level Affiliates Addon.[\/vc_column_text][\/vc_column][\/vc_row] css=\u00bb.vc_custom_1629733150529{margin-top: 30px !important;}\u00bb mobile_bg_img_hidden=\u00bbno\u00bb tablet_bg_img_hidden=\u00bbno\u00bb woodmart_parallax=\u00bb0&#8243; woodmart_gradient_switch=\u00bbno\u00bb row_reverse_mobile=\u00bb0&#8243; row_reverse_tablet=\u00bb0&#8243; woodmart_disable_overflow=\u00bb0&#8243;] css=\u00bb.vc_custom_1629733167411{background-color: #f4f4f4 !important;border-radius: 5px !important;}\u00bb mobile_bg_img_hidden=\u00bbno\u00bb tablet_bg_img_hidden=\u00bbno\u00bb woodmart_parallax=\u00bb0&#8243; woodmart_sticky_column=\u00bbfalse\u00bb parallax_scroll=\u00bbno\u00bb mobile_reset_margin=\u00bbno\u00bb tablet_reset_margin=\u00bbno\u00bb]_text woodmart_inline=\u00bbno\u00bb text_larger=\u00bbno\u00bb]<\/p>\n<p style=\"text-align: center;\">Los productos publicados en el sitio son distribuimos bajo licenciamiento <a href=\"https:\/\/www.gnu.org\/licenses\/licenses.es.html\" target=\"_blank\" rel=\"noopener\" data-schema-attribute=\"\"><strong>GPL \/ GNU<\/strong><\/a>. Recuerda siempre revisar nuestros <strong><a href=\"https:\/\/wpclub.pro\/terminos-de-uso\/\" target=\"_blank\" rel=\"noopener\" data-schema-attribute=\"\">T\u00e9rminos de Uso<\/a><\/strong> y <strong><a href=\"https:\/\/wpclub.pro\/politica-de-privacidad\/\" target=\"_blank\" rel=\"noopener\" data-schema-attribute=\"\">Pol\u00edtica de Privacidad<\/a><\/strong>.<\/p>\n<p>[\/vc_column_text][\/vc_column][\/vc_row]<\/p>\n","protected":false},"excerpt":{"rendered":"<p>] css=\u00bb.vc_custom_1629733467375{margin-right: 15px !important;padding-top: 30px !important;padding-right: 30px !important;padding-bottom: 30px !important;padding-left: 30px !important;background-color: #f4f4f4 !important;border-radius: 5px !important;}\u00bb width=\u00bb1\/1&#8243; mobile_bg_img_hidden=\u00bbno\u00bb tablet_bg_img_hidden=\u00bbno\u00bb woodmart_parallax=\u00bb0&#8243;<\/p>","protected":false},"featured_media":40326,"comment_status":"closed","ping_status":"closed","template":"","meta":{"_acf_changed":false},"product_brand":[],"product_cat":[67],"product_tag":[183],"class_list":{"0":"post-40325","1":"product","2":"type-product","3":"status-publish","4":"has-post-thumbnail","6":"product_cat-wordpress-plugins","7":"product_tag-plugins-para-descargas-y-mapas","8":"pa_autores-wp-download-manager","10":"first","11":"instock","12":"sale","13":"downloadable","14":"virtual","15":"sold-individually","16":"purchasable","17":"product-type-simple"},"acf":[],"_links":{"self":[{"href":"https:\/\/wpclub.pro\/en\/wp-json\/wp\/v2\/product\/40325","targetHints":{"allow":["GET"]}}],"collection":[{"href":"https:\/\/wpclub.pro\/en\/wp-json\/wp\/v2\/product"}],"about":[{"href":"https:\/\/wpclub.pro\/en\/wp-json\/wp\/v2\/types\/product"}],"replies":[{"embeddable":true,"href":"https:\/\/wpclub.pro\/en\/wp-json\/wp\/v2\/comments?post=40325"}],"version-history":[{"count":0,"href":"https:\/\/wpclub.pro\/en\/wp-json\/wp\/v2\/product\/40325\/revisions"}],"wp:featuredmedia":[{"embeddable":true,"href":"https:\/\/wpclub.pro\/en\/wp-json\/wp\/v2\/media\/40326"}],"wp:attachment":[{"href":"https:\/\/wpclub.pro\/en\/wp-json\/wp\/v2\/media?parent=40325"}],"wp:term":[{"taxonomy":"product_brand","embeddable":true,"href":"https:\/\/wpclub.pro\/en\/wp-json\/wp\/v2\/product_brand?post=40325"},{"taxonomy":"product_cat","embeddable":true,"href":"https:\/\/wpclub.pro\/en\/wp-json\/wp\/v2\/product_cat?post=40325"},{"taxonomy":"product_tag","embeddable":true,"href":"https:\/\/wpclub.pro\/en\/wp-json\/wp\/v2\/product_tag?post=40325"}],"curies":[{"name":"wp","href":"https:\/\/api.w.org\/{rel}","templated":true}]}}