{"id":40327,"date":"2024-04-25T14:10:03","date_gmt":"2024-04-25T18:10:03","guid":{"rendered":"https:\/\/wpclub.pro\/?post_type=product&#038;p=40327"},"modified":"2024-10-03T12:43:59","modified_gmt":"2024-10-03T15:43:59","slug":"wpdm-active-campaign-subscription-addon","status":"publish","type":"product","link":"https:\/\/wpclub.pro\/en\/item\/wpdm-active-campaign-subscription-addon\/","title":{"rendered":"WPDM Active Campaign Subscription Addon 3.1.1"},"content":{"rendered":"<p>] css=\u00bb.vc_custom_1629733467375{margin-right: 15px !important;padding-top: 30px !important;padding-right: 30px !important;padding-bottom: 30px !important;padding-left: 30px !important;background-color: #f4f4f4 !important;border-radius: 5px !important;}\u00bb width=\u00bb1\/1&#8243; mobile_bg_img_hidden=\u00bbno\u00bb tablet_bg_img_hidden=\u00bbno\u00bb woodmart_parallax=\u00bb0&#8243; woodmart_sticky_column=\u00bbfalse\u00bb parallax_scroll=\u00bbno\u00bb mobile_reset_margin=\u00bbno\u00bb tablet_reset_margin=\u00bbno\u00bb]_text woodmart_inline=\u00bbno\u00bb text_larger=\u00bbno\u00bb]<\/p>\n<h2><strong>WPDM Active Campaign Subscription Addon<\/strong><\/h2>\n<p>&nbsp;<\/p>\n<p>WPDM Active Campaign Subscription Addon le brinda la opci\u00f3n de agregar suscriptores del administrador de descargas a su lista de ActiveCampaign\u00a0. Simplemente necesita habilitar un bloqueo de correo electr\u00f3nico para un paquete. Entonces, cuando el usuario ingrese su direcci\u00f3n de correo electr\u00f3nico para descargar el paquete, el correo electr\u00f3nico se agregar\u00e1 autom\u00e1ticamente a su lista ActiveCampaign seleccionada.<\/p>\n<p>Puede elegir una lista diferente para cada paquete\/descarga o utilizar una lista global para todas sus descargas.<\/p>\n<h4><strong>Configuraci\u00f3n de WPDM Active Campaign Subscription Addon:<\/strong><\/h4>\n<ol>\n<li>Instale y active el complemento primero.<\/li>\n<li>Vaya\u00a0<strong>a Panel \u2192 Descargas \u2192 Configuraci\u00f3n \u2192 Campa\u00f1a activa<\/strong>\u00a0. Guarde la URL de API, la clave de API y la lista global. Obtenga su clave API, URL de su cuenta de Active Campaign.\u00a0<img loading=\"lazy\" decoding=\"async\" class=\"aligncenter wp-image-137419\" title=\"WPDM Active Campaign Subscription Addon 01\" src=\"https:\/\/dai323vbo0kfx.cloudfront.net\/wp-content\/uploads\/2017\/01\/ActiveCampaign-Global-Settings.png\" sizes=\"auto, (max-width: 2062px) 100vw, 2062px\" srcset=\"https:\/\/dai323vbo0kfx.cloudfront.net\/wp-content\/uploads\/2017\/01\/ActiveCampaign-Global-Settings.png 2062w, https:\/\/dai323vbo0kfx.cloudfront.net\/wp-content\/uploads\/2017\/01\/ActiveCampaign-Global-Settings-350x259.png 350w, https:\/\/dai323vbo0kfx.cloudfront.net\/wp-content\/uploads\/2017\/01\/ActiveCampaign-Global-Settings-1024x759.png 1024w, https:\/\/dai323vbo0kfx.cloudfront.net\/wp-content\/uploads\/2017\/01\/ActiveCampaign-Global-Settings-768x569.png 768w, https:\/\/dai323vbo0kfx.cloudfront.net\/wp-content\/uploads\/2017\/01\/ActiveCampaign-Global-Settings-1536x1138.png 1536w, https:\/\/dai323vbo0kfx.cloudfront.net\/wp-content\/uploads\/2017\/01\/ActiveCampaign-Global-Settings-2048x1518.png 2048w\" alt=\"WPDM Active Campaign Subscription Addon 01\" width=\"518\" height=\"388\" \/><\/li>\n<li>Al agregar un nuevo paquete\/descarga, active la configuraci\u00f3n del paquete\u00a0<strong>de bloqueo de correo electr\u00f3nico<\/strong>\u00a0. Puede configurar una lista \u00fanica para el paquete actual. Tambi\u00e9n puede utilizar la lista global.<img loading=\"lazy\" decoding=\"async\" class=\"aligncenter wp-image-137420\" title=\"WPDM Active Campaign Subscription Addon 02\" src=\"https:\/\/dai323vbo0kfx.cloudfront.net\/wp-content\/uploads\/2017\/01\/ActiveCampaign-Package-Settings.png\" sizes=\"auto, (max-width: 3018px) 100vw, 3018px\" srcset=\"https:\/\/dai323vbo0kfx.cloudfront.net\/wp-content\/uploads\/2017\/01\/ActiveCampaign-Package-Settings.png 3018w, https:\/\/dai323vbo0kfx.cloudfront.net\/wp-content\/uploads\/2017\/01\/ActiveCampaign-Package-Settings-350x209.png 350w, https:\/\/dai323vbo0kfx.cloudfront.net\/wp-content\/uploads\/2017\/01\/ActiveCampaign-Package-Settings-1024x611.png 1024w, https:\/\/dai323vbo0kfx.cloudfront.net\/wp-content\/uploads\/2017\/01\/ActiveCampaign-Package-Settings-768x459.png 768w, https:\/\/dai323vbo0kfx.cloudfront.net\/wp-content\/uploads\/2017\/01\/ActiveCampaign-Package-Settings-1536x917.png 1536w, https:\/\/dai323vbo0kfx.cloudfront.net\/wp-content\/uploads\/2017\/01\/ActiveCampaign-Package-Settings-2048x1223.png 2048w\" alt=\"WPDM Active Campaign Subscription Addon 02\" width=\"489\" height=\"292\" \/><\/li>\n<li>Ahora el usuario debe enviar su direcci\u00f3n de correo electr\u00f3nico para acceder a la descarga. Y el correo electr\u00f3nico enviado se agregar\u00e1 a su lista de contactos en Active Campaign.<\/li>\n<\/ol>\n<p>&nbsp;<\/p>\n<p>Adquiera ahora WPDM Active Campaign Subscription Addon.[\/vc_column_text][\/vc_column][\/vc_row] css=\u00bb.vc_custom_1629733150529{margin-top: 30px !important;}\u00bb mobile_bg_img_hidden=\u00bbno\u00bb tablet_bg_img_hidden=\u00bbno\u00bb woodmart_parallax=\u00bb0&#8243; woodmart_gradient_switch=\u00bbno\u00bb row_reverse_mobile=\u00bb0&#8243; row_reverse_tablet=\u00bb0&#8243; woodmart_disable_overflow=\u00bb0&#8243;] css=\u00bb.vc_custom_1629733167411{background-color: #f4f4f4 !important;border-radius: 5px !important;}\u00bb mobile_bg_img_hidden=\u00bbno\u00bb tablet_bg_img_hidden=\u00bbno\u00bb woodmart_parallax=\u00bb0&#8243; woodmart_sticky_column=\u00bbfalse\u00bb parallax_scroll=\u00bbno\u00bb mobile_reset_margin=\u00bbno\u00bb tablet_reset_margin=\u00bbno\u00bb]_text woodmart_inline=\u00bbno\u00bb text_larger=\u00bbno\u00bb]<\/p>\n<p style=\"text-align: center;\">Los productos publicados en el sitio son distribuimos bajo licenciamiento <a href=\"https:\/\/www.gnu.org\/licenses\/licenses.es.html\" target=\"_blank\" rel=\"noopener\" data-schema-attribute=\"\"><strong>GPL \/ GNU<\/strong><\/a>. Recuerda siempre revisar nuestros <strong><a href=\"https:\/\/wpclub.pro\/terminos-de-uso\/\" target=\"_blank\" rel=\"noopener\" data-schema-attribute=\"\">T\u00e9rminos de Uso<\/a><\/strong> y <strong><a href=\"https:\/\/wpclub.pro\/politica-de-privacidad\/\" target=\"_blank\" rel=\"noopener\" data-schema-attribute=\"\">Pol\u00edtica de Privacidad<\/a><\/strong>.<\/p>\n<p>[\/vc_column_text][\/vc_column][\/vc_row]<\/p>\n","protected":false},"excerpt":{"rendered":"<p>] css=\u00bb.vc_custom_1629733467375{margin-right: 15px !important;padding-top: 30px !important;padding-right: 30px !important;padding-bottom: 30px !important;padding-left: 30px !important;background-color: #f4f4f4 !important;border-radius: 5px !important;}\u00bb width=\u00bb1\/1&#8243; mobile_bg_img_hidden=\u00bbno\u00bb tablet_bg_img_hidden=\u00bbno\u00bb woodmart_parallax=\u00bb0&#8243;<\/p>","protected":false},"featured_media":40341,"comment_status":"closed","ping_status":"closed","template":"","meta":{"_acf_changed":false},"product_brand":[],"product_cat":[67],"product_tag":[183],"class_list":{"0":"post-40327","1":"product","2":"type-product","3":"status-publish","4":"has-post-thumbnail","6":"product_cat-wordpress-plugins","7":"product_tag-plugins-para-descargas-y-mapas","8":"pa_autores-wp-download-manager","10":"first","11":"instock","12":"sale","13":"downloadable","14":"virtual","15":"sold-individually","16":"purchasable","17":"product-type-simple"},"acf":[],"_links":{"self":[{"href":"https:\/\/wpclub.pro\/en\/wp-json\/wp\/v2\/product\/40327","targetHints":{"allow":["GET"]}}],"collection":[{"href":"https:\/\/wpclub.pro\/en\/wp-json\/wp\/v2\/product"}],"about":[{"href":"https:\/\/wpclub.pro\/en\/wp-json\/wp\/v2\/types\/product"}],"replies":[{"embeddable":true,"href":"https:\/\/wpclub.pro\/en\/wp-json\/wp\/v2\/comments?post=40327"}],"version-history":[{"count":0,"href":"https:\/\/wpclub.pro\/en\/wp-json\/wp\/v2\/product\/40327\/revisions"}],"wp:featuredmedia":[{"embeddable":true,"href":"https:\/\/wpclub.pro\/en\/wp-json\/wp\/v2\/media\/40341"}],"wp:attachment":[{"href":"https:\/\/wpclub.pro\/en\/wp-json\/wp\/v2\/media?parent=40327"}],"wp:term":[{"taxonomy":"product_brand","embeddable":true,"href":"https:\/\/wpclub.pro\/en\/wp-json\/wp\/v2\/product_brand?post=40327"},{"taxonomy":"product_cat","embeddable":true,"href":"https:\/\/wpclub.pro\/en\/wp-json\/wp\/v2\/product_cat?post=40327"},{"taxonomy":"product_tag","embeddable":true,"href":"https:\/\/wpclub.pro\/en\/wp-json\/wp\/v2\/product_tag?post=40327"}],"curies":[{"name":"wp","href":"https:\/\/api.w.org\/{rel}","templated":true}]}}