{"id":40336,"date":"2024-04-25T14:51:26","date_gmt":"2024-04-25T18:51:26","guid":{"rendered":"https:\/\/wpclub.pro\/?post_type=product&#038;p=40336"},"modified":"2024-10-03T12:43:59","modified_gmt":"2024-10-03T15:43:59","slug":"wpdm-opt-in-magic-addon","status":"publish","type":"product","link":"https:\/\/wpclub.pro\/en\/item\/wpdm-opt-in-magic-addon\/","title":{"rendered":"WPDM Opt-in Magic Addon 1.3.0"},"content":{"rendered":"<p>] css=\u00bb.vc_custom_1629733467375{margin-right: 15px !important;padding-top: 30px !important;padding-right: 30px !important;padding-bottom: 30px !important;padding-left: 30px !important;background-color: #f4f4f4 !important;border-radius: 5px !important;}\u00bb width=\u00bb1\/1&#8243; mobile_bg_img_hidden=\u00bbno\u00bb tablet_bg_img_hidden=\u00bbno\u00bb woodmart_parallax=\u00bb0&#8243; woodmart_sticky_column=\u00bbfalse\u00bb parallax_scroll=\u00bbno\u00bb mobile_reset_margin=\u00bbno\u00bb tablet_reset_margin=\u00bbno\u00bb]_text woodmart_inline=\u00bbno\u00bb text_larger=\u00bbno\u00bb]<\/p>\n<h2><strong>WPDM Opt-in Magic Addon<\/strong><\/h2>\n<p>&nbsp;<\/p>\n<p>Opt-in Magic es una poderosa herramienta de generaci\u00f3n de leads que convierte a los visitantes de su sitio web en suscriptores. Opt-in Magic proporciona todo lo que necesita para aumentar sus ventas, ingresos publicitarios o lista de correo.<\/p>\n<h3><strong>Veamos en detalle qu\u00e9 puede hacer WPDM Opt-in Magic Addon por usted:<\/strong><\/h3>\n<p>&nbsp;<\/p>\n<div class=\"row features\">\n<div class=\"col-md-12\">\n<div class=\"media mb-3\">\n<div class=\"mr-3 feature-icon\"><img loading=\"lazy\" decoding=\"async\" class=\"alignleft\" title=\"WPDM Opt-in Magic Addon 01\" src=\"https:\/\/dai323vbo0kfx.cloudfront.net\/wp-content\/uploads\/2018\/01\/email-list.png\" alt=\"WPDM Opt-in Magic Addon 01\" width=\"64\" height=\"64\" \/><\/div>\n<div class=\"media-body\">\n<h4 class=\"wppmt m-0\">Haga crecer su lista de correo electr\u00f3nico<\/h4>\n<p>Haga crecer su lista de correo electr\u00f3nico utilizando el formulario de suscripci\u00f3n de Opt-in Magic y representando a los visitantes de su sitio en el momento adecuado con la oferta adecuada. Por ejemplo, muestre el formulario cuando se desplacen hacia abajo en la p\u00e1gina, muestre el formulario de suscripci\u00f3n y ofr\u00e9zcales una descarga gratuita si se suscriben.<\/p>\n<\/div>\n<\/div>\n<\/div>\n<\/div>\n<p>&nbsp;<\/p>\n<p>&nbsp;<\/p>\n<div class=\"row features\">\n<div class=\"col-md-12\">\n<div class=\"media mb-3\">\n<div class=\"mr-3 feature-icon\"><img loading=\"lazy\" decoding=\"async\" class=\"alignleft\" title=\"WPDM Opt-in Magic Addon 02\" src=\"https:\/\/dai323vbo0kfx.cloudfront.net\/wp-content\/uploads\/2018\/01\/checkout.png\" alt=\"WPDM Opt-in Magic Addon 02\" width=\"64\" height=\"64\" \/><\/div>\n<div class=\"media-body\">\n<h4 class=\"wppmt m-0\">Reducir la tasa de abandono del carrito<\/h4>\n<p>WPDM Opt-in Magic Addon puede detectar el abandono del carrito de clientes potenciales y mostrar una ventana emergente con un c\u00f3digo de cup\u00f3n y ofrecerles un descuento si completan la compra.<\/p>\n<\/div>\n<\/div>\n<\/div>\n<\/div>\n<p>&nbsp;<\/p>\n<p>&nbsp;<\/p>\n<div class=\"row features\">\n<div class=\"col-md-12\">\n<div class=\"media mb-3\">\n<div class=\"mr-3 feature-icon\"><img loading=\"lazy\" decoding=\"async\" class=\"alignleft\" title=\"WPDM Opt-in Magic Addon 03\" src=\"https:\/\/dai323vbo0kfx.cloudfront.net\/wp-content\/uploads\/2018\/01\/ad.png\" alt=\"WPDM Opt-in Magic Addon 03\" width=\"64\" height=\"64\" \/><\/div>\n<div class=\"media-body\">\n<h4 class=\"wppmt m-0\">Aumente sus ingresos publicitarios<\/h4>\n<p>Si los ingresos de su sitio dependen de los anuncios, en realidad no sabe qu\u00e9 parte de sus ingresos est\u00e1 matando el bloqueador de anuncios. Puede bloquear su contenido utilizando la ventana emergente de aviso del bloqueador de anuncios Magic cuando el visitante de su sitio usa un bloqueador de anuncios y solicitarle que lo desactive.<\/p>\n<\/div>\n<\/div>\n<\/div>\n<\/div>\n<p>&nbsp;<\/p>\n<p>&nbsp;<\/p>\n<div class=\"row features\">\n<div class=\"col-md-12\">\n<div class=\"media mb-3\">\n<div class=\"mr-3 feature-icon\"><img loading=\"lazy\" decoding=\"async\" class=\"alignleft\" title=\"WPDM Opt-in Magic Addon 04\" src=\"https:\/\/dai323vbo0kfx.cloudfront.net\/wp-content\/uploads\/2018\/01\/bounce.png\" alt=\"WPDM Opt-in Magic Addon 04\" width=\"64\" height=\"64\" \/><\/div>\n<div class=\"media-body\">\n<h4 class=\"wppmt m-0\">Reducir la tasa de rebote<\/h4>\n<p>Muchos de los visitantes abandonan el sitio desde la primera p\u00e1gina si no ven lo que realmente est\u00e1n buscando a pesar de que usted lo ofrece, all\u00ed puede mostrar la ventana emergente m\u00e1gica de suscripci\u00f3n con los enlaces de su sitio popular u ofrecer al visitante que sale. lo que reducir\u00e1 significativamente la tasa de rebote y aumentar\u00e1 la visualizaci\u00f3n de la p\u00e1gina.<\/p>\n<\/div>\n<\/div>\n<\/div>\n<\/div>\n<p>&nbsp;<\/p>\n<p>&nbsp;<\/p>\n<div class=\"row features\">\n<div class=\"col-md-12\">\n<div class=\"media mb-3\">\n<div class=\"mr-3 feature-icon\"><img loading=\"lazy\" decoding=\"async\" class=\"alignleft\" title=\"WPDM Opt-in Magic Addon 05\" src=\"https:\/\/dai323vbo0kfx.cloudfront.net\/wp-content\/uploads\/2018\/01\/email-service.png\" alt=\"WPDM Opt-in Magic Addon 05\" width=\"64\" height=\"64\" \/><\/div>\n<div class=\"media-body\">\n<h4 class=\"wppmt m-0\">Servicios de marketing por correo electr\u00f3nico<\/h4>\n<p>WPDM Opt-in Magic Addon se integra f\u00e1cilmente con la mayor\u00eda de los principales servicios de marketing por correo electr\u00f3nico.<\/p>\n<\/div>\n<\/div>\n<\/div>\n<\/div>\n<p>&nbsp;<\/p>\n<p>&nbsp;<\/p>\n<div class=\"row features\">\n<div class=\"col-md-12\">\n<div class=\"media mb-3\">\n<div class=\"mr-3 feature-icon\"><img loading=\"lazy\" decoding=\"async\" class=\"alignleft\" title=\"WPDM Opt-in Magic Addon 06\" src=\"https:\/\/dai323vbo0kfx.cloudfront.net\/wp-content\/uploads\/2018\/01\/geo.png\" alt=\"WPDM Opt-in Magic Addon 06\" width=\"64\" height=\"64\" \/><\/div>\n<div class=\"media-body\">\n<h4 class=\"wppmt m-0\">Orientaci\u00f3n espec\u00edfica por p\u00e1gina y ubicaci\u00f3n<\/h4>\n<p>Puede orientar sus anuncios a diferentes URL y ubicaciones para diferentes tipos de formularios, contenidos o cupones f\u00e1cilmente utilizando la opci\u00f3n de orientaci\u00f3n por ubicaci\u00f3n geogr\u00e1fica y URL de Opt-in Magic.<\/p>\n<\/div>\n<\/div>\n<\/div>\n<\/div>\n<p>&nbsp;<\/p>\n<p>&nbsp;<\/p>\n<p>Adquiera ahora WPDM Opt-in Magic Addon.<\/p>\n<p>[\/vc_column_text][\/vc_column][\/vc_row] css=\u00bb.vc_custom_1629733150529{margin-top: 30px !important;}\u00bb mobile_bg_img_hidden=\u00bbno\u00bb tablet_bg_img_hidden=\u00bbno\u00bb woodmart_parallax=\u00bb0&#8243; woodmart_gradient_switch=\u00bbno\u00bb row_reverse_mobile=\u00bb0&#8243; row_reverse_tablet=\u00bb0&#8243; woodmart_disable_overflow=\u00bb0&#8243;] css=\u00bb.vc_custom_1629733167411{background-color: #f4f4f4 !important;border-radius: 5px !important;}\u00bb mobile_bg_img_hidden=\u00bbno\u00bb tablet_bg_img_hidden=\u00bbno\u00bb woodmart_parallax=\u00bb0&#8243; woodmart_sticky_column=\u00bbfalse\u00bb parallax_scroll=\u00bbno\u00bb mobile_reset_margin=\u00bbno\u00bb tablet_reset_margin=\u00bbno\u00bb]_text woodmart_inline=\u00bbno\u00bb text_larger=\u00bbno\u00bb]<\/p>\n<p style=\"text-align: center;\">Los productos publicados en el sitio son distribuimos bajo licenciamiento <a href=\"https:\/\/www.gnu.org\/licenses\/licenses.es.html\" target=\"_blank\" rel=\"noopener\" data-schema-attribute=\"\"><strong>GPL \/ GNU<\/strong><\/a>. Recuerda siempre revisar nuestros <strong><a href=\"https:\/\/wpclub.pro\/terminos-de-uso\/\" target=\"_blank\" rel=\"noopener\" data-schema-attribute=\"\">T\u00e9rminos de Uso<\/a><\/strong> y <strong><a href=\"https:\/\/wpclub.pro\/politica-de-privacidad\/\" target=\"_blank\" rel=\"noopener\" data-schema-attribute=\"\">Pol\u00edtica de Privacidad<\/a><\/strong>.<\/p>\n<p>[\/vc_column_text][\/vc_column][\/vc_row]<\/p>\n","protected":false},"excerpt":{"rendered":"<p>] css=\u00bb.vc_custom_1629733467375{margin-right: 15px !important;padding-top: 30px !important;padding-right: 30px !important;padding-bottom: 30px !important;padding-left: 30px !important;background-color: #f4f4f4 !important;border-radius: 5px !important;}\u00bb width=\u00bb1\/1&#8243; mobile_bg_img_hidden=\u00bbno\u00bb tablet_bg_img_hidden=\u00bbno\u00bb woodmart_parallax=\u00bb0&#8243;<\/p>","protected":false},"featured_media":40337,"comment_status":"closed","ping_status":"closed","template":"","meta":{"_acf_changed":false},"product_brand":[],"product_cat":[67],"product_tag":[183],"class_list":{"0":"post-40336","1":"product","2":"type-product","3":"status-publish","4":"has-post-thumbnail","6":"product_cat-wordpress-plugins","7":"product_tag-plugins-para-descargas-y-mapas","8":"pa_autores-wp-download-manager","10":"first","11":"instock","12":"sale","13":"featured","14":"downloadable","15":"virtual","16":"sold-individually","17":"purchasable","18":"product-type-simple"},"acf":[],"_links":{"self":[{"href":"https:\/\/wpclub.pro\/en\/wp-json\/wp\/v2\/product\/40336","targetHints":{"allow":["GET"]}}],"collection":[{"href":"https:\/\/wpclub.pro\/en\/wp-json\/wp\/v2\/product"}],"about":[{"href":"https:\/\/wpclub.pro\/en\/wp-json\/wp\/v2\/types\/product"}],"replies":[{"embeddable":true,"href":"https:\/\/wpclub.pro\/en\/wp-json\/wp\/v2\/comments?post=40336"}],"version-history":[{"count":0,"href":"https:\/\/wpclub.pro\/en\/wp-json\/wp\/v2\/product\/40336\/revisions"}],"wp:featuredmedia":[{"embeddable":true,"href":"https:\/\/wpclub.pro\/en\/wp-json\/wp\/v2\/media\/40337"}],"wp:attachment":[{"href":"https:\/\/wpclub.pro\/en\/wp-json\/wp\/v2\/media?parent=40336"}],"wp:term":[{"taxonomy":"product_brand","embeddable":true,"href":"https:\/\/wpclub.pro\/en\/wp-json\/wp\/v2\/product_brand?post=40336"},{"taxonomy":"product_cat","embeddable":true,"href":"https:\/\/wpclub.pro\/en\/wp-json\/wp\/v2\/product_cat?post=40336"},{"taxonomy":"product_tag","embeddable":true,"href":"https:\/\/wpclub.pro\/en\/wp-json\/wp\/v2\/product_tag?post=40336"}],"curies":[{"name":"wp","href":"https:\/\/api.w.org\/{rel}","templated":true}]}}