{"id":40342,"date":"2024-10-21T14:03:15","date_gmt":"2024-10-21T17:03:15","guid":{"rendered":"https:\/\/wpclub.pro\/?post_type=product&#038;p=40342"},"modified":"2024-10-22T14:00:48","modified_gmt":"2024-10-22T17:00:48","slug":"wpdm-form-lock-addon","status":"publish","type":"product","link":"https:\/\/wpclub.pro\/en\/item\/wpdm-form-lock-addon\/","title":{"rendered":"WPDM Form Lock Addon 2.1.6"},"content":{"rendered":"<p>] css=\u00bb.vc_custom_1629733467375{margin-right: 15px !important;padding-top: 30px !important;padding-right: 30px !important;padding-bottom: 30px !important;padding-left: 30px !important;background-color: #f4f4f4 !important;border-radius: 5px !important;}\u00bb width=\u00bb1\/1&#8243; mobile_bg_img_hidden=\u00bbno\u00bb tablet_bg_img_hidden=\u00bbno\u00bb woodmart_parallax=\u00bb0&#8243; woodmart_sticky_column=\u00bbfalse\u00bb parallax_scroll=\u00bbno\u00bb mobile_reset_margin=\u00bbno\u00bb tablet_reset_margin=\u00bbno\u00bb]_text woodmart_inline=\u00bbno\u00bb text_larger=\u00bbno\u00bb]<\/p>\n<h2><strong>WPDM Form Lock Addon<\/strong><\/h2>\n<p>&nbsp;<\/p>\n<p>El complemento WPDM Form Lock Addon\u00a0le ayuda a bloquear su descarga con un formulario para que los usuarios deban completar y enviar ese formulario para obtener acceso a la descarga.<\/p>\n<p>Como a veces, es posible que necesites recopilar datos de los visitantes antes de que realicen la descarga. WPDM Form Lock Addon vincular\u00e1 las descargas de WordPress Download Manager con los formularios creados con los populares complementos de WordPress Form Builder.<\/p>\n<h4>WPDM Form Lock Addon es compatible con los siguientes complementos de formulario de contacto\/generador de formularios de WordPress:<\/h4>\n<ol>\n<li>Live Forms<\/li>\n<li>Formulario de contacto 7<\/li>\n<li>Formas de gravedad<\/li>\n<li>Forma formidable<\/li>\n<li>Formularios WP<\/li>\n<li>Formas del Everest<\/li>\n<li>Forma de formador<\/li>\n<\/ol>\n<p>Y si le falta alg\u00fan complemento de formulario que est\u00e9 utilizando y que no est\u00e9 incluido aqu\u00ed, h\u00e1ganoslo saber.<\/p>\n<h4><strong>Uso (C\u00f3mo pedir a los usuarios que completen un formulario para obtener acceso a la descarga):<\/strong><\/h4>\n<ol>\n<li>Instale cualquier complemento de formulario mencionado anteriormente y cree formularios seg\u00fan sus necesidades.<\/li>\n<li><span class=\"badge-status badge badge-warning\">Paso especial solo para forma de gravedad:<\/span>\u00a0Agregue un campo oculto y use esta etiqueta\u00a0<code>[wpdm_package_id]<\/code>como valor predeterminado; la etiqueta ser\u00e1 reemplazada por la ID del paquete autom\u00e1ticamente al representar un formulario.<\/li>\n<li>Vaya a la ventana Agregar\/Editar paquete<\/li>\n<li>Seleccione la pesta\u00f1a Opciones de bloqueo en Configuraci\u00f3n del paquete Metabox<\/li>\n<li>Marque Habilitar bloqueo de formulario<\/li>\n<li>Seleccione su formulario en el men\u00fa desplegable<\/li>\n<li>Marque la opci\u00f3n \u00abL\u00edmite de descarga por correo electr\u00f3nico\u00bb si desea enviar un enlace de descarga por correo electr\u00f3nico en lugar de mostrarlo al instante.<\/li>\n<li>Publicar\/actualizar paquete<\/li>\n<li>\u00a1Hecho!<\/li>\n<\/ol>\n<p>Ahora, cuando alguien quiera descargar el archivo, deber\u00e1 completar el formulario seleccionado para tener acceso a la descarga.<\/p>\n<h4><strong>Captura de pantalla de la opci\u00f3n de bloqueo de formulario:<\/strong><\/h4>\n<p><img loading=\"lazy\" decoding=\"async\" class=\"aligncenter wp-image-128899 \" title=\"WPDM Form Lock Addon 01\" src=\"https:\/\/dai323vbo0kfx.cloudfront.net\/wp-content\/uploads\/2015\/10\/Ask-to-fill-selected-form-before-download-the-item-WordPress-Download-Manager.png\" sizes=\"auto, (max-width: 1598px) 100vw, 1598px\" srcset=\"https:\/\/dai323vbo0kfx.cloudfront.net\/wp-content\/uploads\/2015\/10\/Ask-to-fill-selected-form-before-download-the-item-WordPress-Download-Manager.png 1598w, https:\/\/dai323vbo0kfx.cloudfront.net\/wp-content\/uploads\/2015\/10\/Ask-to-fill-selected-form-before-download-the-item-WordPress-Download-Manager-350x305.png 350w, https:\/\/dai323vbo0kfx.cloudfront.net\/wp-content\/uploads\/2015\/10\/Ask-to-fill-selected-form-before-download-the-item-WordPress-Download-Manager-1024x891.png 1024w, https:\/\/dai323vbo0kfx.cloudfront.net\/wp-content\/uploads\/2015\/10\/Ask-to-fill-selected-form-before-download-the-item-WordPress-Download-Manager-768x669.png 768w, https:\/\/dai323vbo0kfx.cloudfront.net\/wp-content\/uploads\/2015\/10\/Ask-to-fill-selected-form-before-download-the-item-WordPress-Download-Manager-1536x1337.png 1536w\" alt=\"WPDM Form Lock Addon 01\" width=\"436\" height=\"420\" \/><\/p>\n<p><strong>Configuraci\u00f3n de visibilidad del formulario:<\/strong><\/p>\n<p><img loading=\"lazy\" decoding=\"async\" class=\"aligncenter wp-image-144631 \" title=\"WPDM Form Lock Addon 02\" src=\"https:\/\/dai323vbo0kfx.cloudfront.net\/wp-content\/uploads\/2015\/10\/Form-Lock-Page-and-Donload-Option-WordPress-Download-Manager.png\" sizes=\"auto, (max-width: 1395px) 100vw, 1395px\" srcset=\"https:\/\/dai323vbo0kfx.cloudfront.net\/wp-content\/uploads\/2015\/10\/Form-Lock-Page-and-Donload-Option-WordPress-Download-Manager.png 1395w, https:\/\/dai323vbo0kfx.cloudfront.net\/wp-content\/uploads\/2015\/10\/Form-Lock-Page-and-Donload-Option-WordPress-Download-Manager-350x85.png 350w, https:\/\/dai323vbo0kfx.cloudfront.net\/wp-content\/uploads\/2015\/10\/Form-Lock-Page-and-Donload-Option-WordPress-Download-Manager-1024x249.png 1024w, https:\/\/dai323vbo0kfx.cloudfront.net\/wp-content\/uploads\/2015\/10\/Form-Lock-Page-and-Donload-Option-WordPress-Download-Manager-768x187.png 768w\" alt=\"WPDM Form Lock Addon 02\" width=\"491\" height=\"97\" \/><\/p>\n<p>&nbsp;<\/p>\n<p>Adquiera ahora WPDM Form Lock Addon.[\/vc_column_text][\/vc_column][\/vc_row] css=\u00bb.vc_custom_1629733150529{margin-top: 30px !important;}\u00bb mobile_bg_img_hidden=\u00bbno\u00bb tablet_bg_img_hidden=\u00bbno\u00bb woodmart_parallax=\u00bb0&#8243; woodmart_gradient_switch=\u00bbno\u00bb row_reverse_mobile=\u00bb0&#8243; row_reverse_tablet=\u00bb0&#8243; woodmart_disable_overflow=\u00bb0&#8243;] css=\u00bb.vc_custom_1629733167411{background-color: #f4f4f4 !important;border-radius: 5px !important;}\u00bb mobile_bg_img_hidden=\u00bbno\u00bb tablet_bg_img_hidden=\u00bbno\u00bb woodmart_parallax=\u00bb0&#8243; woodmart_sticky_column=\u00bbfalse\u00bb parallax_scroll=\u00bbno\u00bb mobile_reset_margin=\u00bbno\u00bb tablet_reset_margin=\u00bbno\u00bb]_text woodmart_inline=\u00bbno\u00bb text_larger=\u00bbno\u00bb]<\/p>\n<p style=\"text-align: center;\">Los productos publicados en el sitio son distribuimos bajo licenciamiento <a href=\"https:\/\/www.gnu.org\/licenses\/licenses.es.html\" target=\"_blank\" rel=\"noopener\" data-schema-attribute=\"\"><strong>GPL \/ GNU<\/strong><\/a>. Recuerda siempre revisar nuestros <strong><a href=\"https:\/\/wpclub.pro\/terminos-de-uso\/\" target=\"_blank\" rel=\"noopener\" data-schema-attribute=\"\">T\u00e9rminos de Uso<\/a><\/strong> y <strong><a href=\"https:\/\/wpclub.pro\/politica-de-privacidad\/\" target=\"_blank\" rel=\"noopener\" data-schema-attribute=\"\">Pol\u00edtica de Privacidad<\/a><\/strong>.<\/p>\n<p>[\/vc_column_text][\/vc_column][\/vc_row]<\/p>\n","protected":false},"excerpt":{"rendered":"<p>] css=\u00bb.vc_custom_1629733467375{margin-right: 15px !important;padding-top: 30px !important;padding-right: 30px !important;padding-bottom: 30px !important;padding-left: 30px !important;background-color: #f4f4f4 !important;border-radius: 5px !important;}\u00bb width=\u00bb1\/1&#8243; mobile_bg_img_hidden=\u00bbno\u00bb tablet_bg_img_hidden=\u00bbno\u00bb woodmart_parallax=\u00bb0&#8243;<\/p>","protected":false},"featured_media":40343,"comment_status":"closed","ping_status":"closed","template":"","meta":{"_acf_changed":false},"product_brand":[],"product_cat":[67],"product_tag":[183],"class_list":{"0":"post-40342","1":"product","2":"type-product","3":"status-publish","4":"has-post-thumbnail","6":"product_cat-wordpress-plugins","7":"product_tag-plugins-para-descargas-y-mapas","8":"pa_autores-wp-download-manager","10":"first","11":"instock","12":"sale","13":"downloadable","14":"virtual","15":"sold-individually","16":"purchasable","17":"product-type-simple"},"acf":[],"_links":{"self":[{"href":"https:\/\/wpclub.pro\/en\/wp-json\/wp\/v2\/product\/40342","targetHints":{"allow":["GET"]}}],"collection":[{"href":"https:\/\/wpclub.pro\/en\/wp-json\/wp\/v2\/product"}],"about":[{"href":"https:\/\/wpclub.pro\/en\/wp-json\/wp\/v2\/types\/product"}],"replies":[{"embeddable":true,"href":"https:\/\/wpclub.pro\/en\/wp-json\/wp\/v2\/comments?post=40342"}],"version-history":[{"count":0,"href":"https:\/\/wpclub.pro\/en\/wp-json\/wp\/v2\/product\/40342\/revisions"}],"wp:featuredmedia":[{"embeddable":true,"href":"https:\/\/wpclub.pro\/en\/wp-json\/wp\/v2\/media\/40343"}],"wp:attachment":[{"href":"https:\/\/wpclub.pro\/en\/wp-json\/wp\/v2\/media?parent=40342"}],"wp:term":[{"taxonomy":"product_brand","embeddable":true,"href":"https:\/\/wpclub.pro\/en\/wp-json\/wp\/v2\/product_brand?post=40342"},{"taxonomy":"product_cat","embeddable":true,"href":"https:\/\/wpclub.pro\/en\/wp-json\/wp\/v2\/product_cat?post=40342"},{"taxonomy":"product_tag","embeddable":true,"href":"https:\/\/wpclub.pro\/en\/wp-json\/wp\/v2\/product_tag?post=40342"}],"curies":[{"name":"wp","href":"https:\/\/api.w.org\/{rel}","templated":true}]}}