{"id":40347,"date":"2024-04-25T15:38:47","date_gmt":"2024-04-25T19:38:47","guid":{"rendered":"https:\/\/wpclub.pro\/?post_type=product&#038;p=40347"},"modified":"2024-10-03T12:43:59","modified_gmt":"2024-10-03T15:43:59","slug":"wpdm-wp-pro-membership-addon","status":"publish","type":"product","link":"https:\/\/wpclub.pro\/en\/item\/wpdm-wp-pro-membership-addon\/","title":{"rendered":"WPDM WP Pro Membership Addon 3.7.5"},"content":{"rendered":"<p>] css=\u00bb.vc_custom_1629733467375{margin-right: 15px !important;padding-top: 30px !important;padding-right: 30px !important;padding-bottom: 30px !important;padding-left: 30px !important;background-color: #f4f4f4 !important;border-radius: 5px !important;}\u00bb width=\u00bb1\/1&#8243; mobile_bg_img_hidden=\u00bbno\u00bb tablet_bg_img_hidden=\u00bbno\u00bb woodmart_parallax=\u00bb0&#8243; woodmart_sticky_column=\u00bbfalse\u00bb parallax_scroll=\u00bbno\u00bb mobile_reset_margin=\u00bbno\u00bb tablet_reset_margin=\u00bbno\u00bb]_text woodmart_inline=\u00bbno\u00bb text_larger=\u00bbno\u00bb]<\/p>\n<h2><strong>WPDM WP Pro Membership Addon<\/strong><\/h2>\n<p>&nbsp;<\/p>\n<p>El complemento WPDM WP Pro Membership Addon protege sus contenidos y aumenta sus ventas, especialmente optimizado para el complemento del administrador de descargas de WordPress.<\/p>\n<h4><strong>Funciones de WPDM WP Pro Membership Addon<\/strong><\/h4>\n<p>El complemento WPDM WP Pro Membership Addon cubre todas las funciones que necesitar\u00e1. Algunas funciones destacadas importantes se encuentran aqu\u00ed:<\/p>\n<div class=\"row features\">\n<div class=\"col-md-12\">\n<div class=\"media\">\n<div class=\"mr-3 feature-icon\"><img loading=\"lazy\" decoding=\"async\" class=\"alignleft wp-image-62754 size-full\" title=\"WPDM WP Pro Membership Addon\" src=\"https:\/\/dai323vbo0kfx.cloudfront.net\/wp-content\/uploads\/2014\/12\/Unlimited-Membership-Levels.png\" alt=\"WPDM WP Pro Membership Addon 01\" width=\"64\" height=\"64\" \/><\/div>\n<div class=\"media-body\">\n<h3 class=\"wppmt m-0\">Niveles de membres\u00eda ilimitados<\/h3>\n<p>Puede crear un n\u00famero ilimitado de niveles de membres\u00eda. Los miembros se agregan como usuarios de WordPress en el nivel de suscriptor adem\u00e1s del nivel de membres\u00eda seleccionado durante el registro.<\/p>\n<\/div>\n<\/div>\n<\/div>\n<\/div>\n<p>&nbsp;<\/p>\n<p>&nbsp;<\/p>\n<div class=\"row features\">\n<div class=\"col-md-12\">\n<div class=\"media\">\n<div class=\"mr-3 feature-icon\"><img loading=\"lazy\" decoding=\"async\" class=\"alignleft wp-image-62753 size-full\" title=\"WPDM WP Pro Membership Addon 02\" src=\"https:\/\/dai323vbo0kfx.cloudfront.net\/wp-content\/uploads\/2014\/12\/Taxonomy-Access-Control.png\" alt=\"WPDM WP Pro Membership Addon 02\" width=\"64\" height=\"64\" \/><\/div>\n<div class=\"media-body\">\n<h3 class=\"wppmt m-0\">Control de acceso a taxonom\u00eda<\/h3>\n<p>Puede proporcionar control de acceso a cualquier categor\u00eda, incluso taxonom\u00edas personalizadas, adjuntando cualquier categor\u00eda o taxonom\u00eda personalizada a un nivel de membres\u00eda.<\/p>\n<\/div>\n<\/div>\n<\/div>\n<\/div>\n<p>&nbsp;<\/p>\n<p>&nbsp;<\/p>\n<div class=\"row features\">\n<div class=\"col-md-12\">\n<div class=\"media\">\n<div class=\"mr-3 feature-icon\"><img loading=\"lazy\" decoding=\"async\" class=\"alignleft wp-image-62752 size-full\" title=\"WPDM WP Pro Membership Addon 03\" src=\"https:\/\/dai323vbo0kfx.cloudfront.net\/wp-content\/uploads\/2014\/12\/Post-Access-Control.png\" alt=\"WPDM WP Pro Membership Addon 03\" width=\"64\" height=\"64\" \/><\/div>\n<div class=\"media-body\">\n<h3 class=\"wppmt m-0\">Control de acceso posterior<\/h3>\n<p>El complemento WPDM WP Pro Membership Addon agrega un metacuadro simple en la pantalla \u00abEditar p\u00e1ginas\u00bb que le permite controlar el acceso a cada nivel de membres\u00eda ofrecido. Tambi\u00e9n puedes controlar el contenido de la publicaci\u00f3n a trav\u00e9s de Categor\u00eda.<\/p>\n<\/div>\n<\/div>\n<\/div>\n<\/div>\n<p>&nbsp;<\/p>\n<p>&nbsp;<\/p>\n<div class=\"row features\">\n<div class=\"col-md-12\">\n<div class=\"media\">\n<div class=\"mr-3 feature-icon\"><img loading=\"lazy\" decoding=\"async\" class=\"alignleft wp-image-62750 size-full\" title=\"WPDM WP Pro Membership Addon 04\" src=\"https:\/\/dai323vbo0kfx.cloudfront.net\/wp-content\/uploads\/2014\/12\/Custom-Post-Type-Access.png\" alt=\"WPDM WP Pro Membership Addon 04\" width=\"64\" height=\"64\" \/><\/div>\n<div class=\"media-body\">\n<h3 class=\"wppmt m-0\">Acceso parcial al contenido<\/h3>\n<p>Controle los usuarios que deber\u00edan tener acceso al contenido o qui\u00e9nes tienen prohibido acceder a su contenido. Esta opci\u00f3n le permitir\u00e1 hacer que parte de la publicaci\u00f3n (por ejemplo, el enlace de descarga) sea privada.<\/p>\n<\/div>\n<\/div>\n<\/div>\n<\/div>\n<p>&nbsp;<\/p>\n<p>&nbsp;<\/p>\n<div class=\"row features\">\n<div class=\"col-md-12\">\n<div class=\"media\">\n<div class=\"mr-3 feature-icon\"><img loading=\"lazy\" decoding=\"async\" class=\"alignleft wp-image-62751 size-full\" title=\"WPDM WP Pro Membership Addon 05\" src=\"https:\/\/dai323vbo0kfx.cloudfront.net\/wp-content\/uploads\/2014\/12\/Partial-Content-Access.png\" alt=\"WPDM WP Pro Membership Addon 05\" width=\"64\" height=\"64\" \/><\/div>\n<div class=\"media-body\">\n<h3 class=\"wppmt m-0\">Acceso al tipo de publicaci\u00f3n personalizada<\/h3>\n<p>Puede proteger y configurar el acceso a tipos de publicaciones personalizadas dentro de su sitio para diferentes niveles de miembros.<\/p>\n<\/div>\n<\/div>\n<\/div>\n<\/div>\n<p>&nbsp;<\/p>\n<p>&nbsp;<\/p>\n<div class=\"row features\">\n<div class=\"col-md-12\">\n<div class=\"media\">\n<div class=\"mr-3 feature-icon\"><img loading=\"lazy\" decoding=\"async\" class=\"alignleft wp-image-62756 size-full\" title=\"WPDM WP Pro Membership Addon 06\" src=\"https:\/\/dai323vbo0kfx.cloudfront.net\/wp-content\/uploads\/2014\/12\/Forum-Access-Control.png\" alt=\"WPDM WP Pro Membership Addon 06\" width=\"64\" height=\"64\" \/><\/div>\n<div class=\"media-body\">\n<h3 class=\"wppmt m-0\">Control de acceso al foro<\/h3>\n<p>Complementos para gestionar el control de acceso a los foros de bbPress. Puede crear foros privados para diferentes niveles de miembros. Esta opci\u00f3n le permitir\u00e1 hacer que parte de la publicaci\u00f3n (por ejemplo, el enlace de descarga) sea privada.<\/p>\n<\/div>\n<\/div>\n<\/div>\n<\/div>\n<p>&nbsp;<\/p>\n<p>&nbsp;<\/p>\n<div class=\"row features\">\n<div class=\"col-md-12\">\n<div class=\"media\">\n<div class=\"mr-3 feature-icon\"><img loading=\"lazy\" decoding=\"async\" class=\"alignleft wp-image-62756 size-full\" title=\"WPDM WP Pro Membership Addon 07\" src=\"https:\/\/dai323vbo0kfx.cloudfront.net\/wp-content\/uploads\/2014\/12\/Lock-Down-Full-Site.png\" alt=\"WPDM WP Pro Membership Addon 07\" width=\"64\" height=\"64\" \/><\/div>\n<div class=\"media-body\">\n<h3 class=\"wppmt m-0\">Bloqueo en todo el sitio<\/h3>\n<p>Haga que el sitio completo sea solo para miembros con solo hacer clic. Permitir que solo los miembros vean cualquier contenido del sitio. Todos los visitantes ver\u00e1n una p\u00e1gina de inicio de sesi\u00f3n hasta que inicien sesi\u00f3n.<\/p>\n<\/div>\n<\/div>\n<\/div>\n<\/div>\n<p>&nbsp;<\/p>\n<p>&nbsp;<\/p>\n<div class=\"row features\">\n<div class=\"col-md-12\">\n<div class=\"media\">\n<div class=\"mr-3 feature-icon\"><img loading=\"lazy\" decoding=\"async\" class=\"alignleft wp-image-62748 size-full\" title=\"WPDM WP Pro Membership Addon 08\" src=\"https:\/\/dai323vbo0kfx.cloudfront.net\/wp-content\/uploads\/2014\/12\/Easy-to-Use-Admin-Panel.png\" alt=\"WPDM WP Pro Membership Addon 08\" width=\"64\" height=\"64\" \/><\/div>\n<div class=\"media-body\">\n<h3 class=\"wppmt m-0\">Panel de administraci\u00f3n f\u00e1cil de usar<\/h3>\n<p>Panel de administraci\u00f3n f\u00e1cil de usar para ver a todos los miembros, su estado, niveles, estad\u00edsticas de ventas y otra informaci\u00f3n en una ubicaci\u00f3n f\u00e1cil de leer.<\/p>\n<\/div>\n<\/div>\n<\/div>\n<\/div>\n<p>&nbsp;<\/p>\n<p>&nbsp;<\/p>\n<div class=\"row features\">\n<div class=\"col-md-12\">\n<div class=\"media\">\n<div class=\"mr-3 feature-icon\"><img loading=\"lazy\" decoding=\"async\" class=\"alignleft wp-image-62747 size-full\" title=\"WPDM WP Pro Membership Addon 09\" src=\"https:\/\/dai323vbo0kfx.cloudfront.net\/wp-content\/uploads\/2014\/12\/Multilevel-Referring-Promotion.png\" alt=\"WPDM WP Pro Membership Addon 09\" width=\"64\" height=\"64\" \/><\/div>\n<div class=\"media-body\">\n<h3 class=\"wppmt m-0\">Promoci\u00f3n de referencia multinivel<\/h3>\n<p>Sistema MLM (Marketing multinivel) con todas las funciones integrado. Esta opci\u00f3n puede aumentar exponencialmente las ventas de sus afiliados.<\/p>\n<\/div>\n<\/div>\n<\/div>\n<\/div>\n<p>&nbsp;<\/p>\n<p>&nbsp;<\/p>\n<div class=\"row features\">\n<div class=\"col-md-12\">\n<div class=\"media\">\n<div class=\"mr-3 feature-icon\"><a href=\"https:\/\/dai323vbo0kfx.cloudfront.net\/wp-content\/uploads\/2014\/12\/email-template.png\" target=\"_blank\" rel=\"noopener\"><img loading=\"lazy\" decoding=\"async\" class=\"alignleft wp-image-110953 size-full\" title=\"WPDM WP Pro Membership Addon 10\" src=\"https:\/\/dai323vbo0kfx.cloudfront.net\/wp-content\/uploads\/2014\/12\/email-template.png\" alt=\"WPDM WP Pro Membership Addon 10\" width=\"64\" height=\"64\" \/><\/a><\/div>\n<div class=\"media-body\">\n<h3 class=\"wppmt m-0\">Administrador de plantillas de correo electr\u00f3nico<\/h3>\n<p>Administrador de plantillas de correo electr\u00f3nico para personalizar f\u00e1cilmente todos sus correos electr\u00f3nicos salientes. M\u00e1s de 20 plantillas de correo electr\u00f3nico integradas y personalizador de edici\u00f3n in situ.<\/p>\n<\/div>\n<\/div>\n<\/div>\n<\/div>\n<p>&nbsp;<\/p>\n<p>&nbsp;<\/p>\n<div class=\"row features\">\n<div class=\"col-md-12\">\n<div class=\"media\">\n<div class=\"mr-3 feature-icon\"><img loading=\"lazy\" decoding=\"async\" class=\"alignleft wp-image-62745 size-full\" title=\"WPDM WP Pro Membership Addon 11\" src=\"https:\/\/dai323vbo0kfx.cloudfront.net\/wp-content\/uploads\/2014\/12\/Autoresponder-Integrations.png\" alt=\"WPDM WP Pro Membership Addon 11\" width=\"64\" height=\"64\" \/><\/div>\n<div class=\"media-body\">\n<h3 class=\"wppmt m-0\">Integraciones de respuesta autom\u00e1tica<\/h3>\n<p>Integraciones de respuesta autom\u00e1tica para MailChimp, con configuraciones f\u00e1ciles de usar tanto para el front-end como para el back-end.<\/p>\n<\/div>\n<\/div>\n<\/div>\n<\/div>\n<p>&nbsp;<\/p>\n<p>&nbsp;<\/p>\n<div class=\"row features\">\n<div class=\"col-md-12\">\n<div class=\"media\">\n<div class=\"mr-3 feature-icon\"><img loading=\"lazy\" decoding=\"async\" class=\"alignleft wp-image-62744 size-full\" title=\"WPDM WP Pro Membership Addon 12\" src=\"https:\/\/dai323vbo0kfx.cloudfront.net\/wp-content\/uploads\/2014\/12\/Detailed-Sales-Report.png\" alt=\"WPDM WP Pro Membership Addon 12\" width=\"64\" height=\"64\" \/><\/div>\n<div class=\"media-body\">\n<h3 class=\"wppmt m-0\">Informe de ventas detallado<\/h3>\n<p>Puede ver su gr\u00e1fico de ventas e ingresos, estad\u00edsticas de membres\u00eda, etc. desde su panel de administraci\u00f3n de WordPress.<\/p>\n<\/div>\n<\/div>\n<\/div>\n<\/div>\n<p>&nbsp;<\/p>\n<p>&nbsp;<\/p>\n<div class=\"row features\">\n<div class=\"col-md-12\">\n<div class=\"media\">\n<div class=\"mr-3 feature-icon\"><img loading=\"lazy\" decoding=\"async\" class=\"alignleft wp-image-62743 size-full\" title=\"WPDM WP Pro Membership Addon 13\" src=\"https:\/\/dai323vbo0kfx.cloudfront.net\/wp-content\/uploads\/2014\/12\/Highly-Extendable.png\" alt=\"WPDM WP Pro Membership Addon 13\" width=\"64\" height=\"64\" \/><\/div>\n<div class=\"media-body\">\n<h3 class=\"wppmt m-0\">Altamente extensible<\/h3>\n<p>Muchos filtros y ganchos de acci\u00f3n permitir\u00e1n al desarrollador ampliarlo de muchas maneras seg\u00fan sus necesidades, aunque ya estamos agregando todos los complementos posibles.<\/p>\n<\/div>\n<\/div>\n<\/div>\n<\/div>\n<p>&nbsp;<\/p>\n<p>&nbsp;<\/p>\n<p>Adquiera ahora WPDM WP Pro Membership Addon.[\/vc_column_text][\/vc_column][\/vc_row] css=\u00bb.vc_custom_1629733150529{margin-top: 30px !important;}\u00bb mobile_bg_img_hidden=\u00bbno\u00bb tablet_bg_img_hidden=\u00bbno\u00bb woodmart_parallax=\u00bb0&#8243; woodmart_gradient_switch=\u00bbno\u00bb row_reverse_mobile=\u00bb0&#8243; row_reverse_tablet=\u00bb0&#8243; woodmart_disable_overflow=\u00bb0&#8243;] css=\u00bb.vc_custom_1629733167411{background-color: #f4f4f4 !important;border-radius: 5px !important;}\u00bb mobile_bg_img_hidden=\u00bbno\u00bb tablet_bg_img_hidden=\u00bbno\u00bb woodmart_parallax=\u00bb0&#8243; woodmart_sticky_column=\u00bbfalse\u00bb parallax_scroll=\u00bbno\u00bb mobile_reset_margin=\u00bbno\u00bb tablet_reset_margin=\u00bbno\u00bb]_text woodmart_inline=\u00bbno\u00bb text_larger=\u00bbno\u00bb]<\/p>\n<p style=\"text-align: center;\">Los productos publicados en el sitio son distribuimos bajo licenciamiento <a href=\"https:\/\/www.gnu.org\/licenses\/licenses.es.html\" target=\"_blank\" rel=\"noopener\" data-schema-attribute=\"\"><strong>GPL \/ GNU<\/strong><\/a>. Recuerda siempre revisar nuestros <strong><a href=\"https:\/\/wpclub.pro\/terminos-de-uso\/\" target=\"_blank\" rel=\"noopener\" data-schema-attribute=\"\">T\u00e9rminos de Uso<\/a><\/strong> y <strong><a href=\"https:\/\/wpclub.pro\/politica-de-privacidad\/\" target=\"_blank\" rel=\"noopener\" data-schema-attribute=\"\">Pol\u00edtica de Privacidad<\/a><\/strong>.<\/p>\n<p>[\/vc_column_text][\/vc_column][\/vc_row]<\/p>\n","protected":false},"excerpt":{"rendered":"<p>] css=\u00bb.vc_custom_1629733467375{margin-right: 15px !important;padding-top: 30px !important;padding-right: 30px !important;padding-bottom: 30px !important;padding-left: 30px !important;background-color: #f4f4f4 !important;border-radius: 5px !important;}\u00bb width=\u00bb1\/1&#8243; mobile_bg_img_hidden=\u00bbno\u00bb tablet_bg_img_hidden=\u00bbno\u00bb woodmart_parallax=\u00bb0&#8243;<\/p>","protected":false},"featured_media":40348,"comment_status":"closed","ping_status":"closed","template":"","meta":{"_acf_changed":false},"product_brand":[],"product_cat":[67],"product_tag":[183],"class_list":{"0":"post-40347","1":"product","2":"type-product","3":"status-publish","4":"has-post-thumbnail","6":"product_cat-wordpress-plugins","7":"product_tag-plugins-para-descargas-y-mapas","8":"pa_autores-wp-download-manager","10":"first","11":"instock","12":"sale","13":"featured","14":"downloadable","15":"virtual","16":"sold-individually","17":"purchasable","18":"product-type-simple"},"acf":[],"_links":{"self":[{"href":"https:\/\/wpclub.pro\/en\/wp-json\/wp\/v2\/product\/40347","targetHints":{"allow":["GET"]}}],"collection":[{"href":"https:\/\/wpclub.pro\/en\/wp-json\/wp\/v2\/product"}],"about":[{"href":"https:\/\/wpclub.pro\/en\/wp-json\/wp\/v2\/types\/product"}],"replies":[{"embeddable":true,"href":"https:\/\/wpclub.pro\/en\/wp-json\/wp\/v2\/comments?post=40347"}],"version-history":[{"count":0,"href":"https:\/\/wpclub.pro\/en\/wp-json\/wp\/v2\/product\/40347\/revisions"}],"wp:featuredmedia":[{"embeddable":true,"href":"https:\/\/wpclub.pro\/en\/wp-json\/wp\/v2\/media\/40348"}],"wp:attachment":[{"href":"https:\/\/wpclub.pro\/en\/wp-json\/wp\/v2\/media?parent=40347"}],"wp:term":[{"taxonomy":"product_brand","embeddable":true,"href":"https:\/\/wpclub.pro\/en\/wp-json\/wp\/v2\/product_brand?post=40347"},{"taxonomy":"product_cat","embeddable":true,"href":"https:\/\/wpclub.pro\/en\/wp-json\/wp\/v2\/product_cat?post=40347"},{"taxonomy":"product_tag","embeddable":true,"href":"https:\/\/wpclub.pro\/en\/wp-json\/wp\/v2\/product_tag?post=40347"}],"curies":[{"name":"wp","href":"https:\/\/api.w.org\/{rel}","templated":true}]}}