{"id":40349,"date":"2024-04-25T16:20:24","date_gmt":"2024-04-25T20:20:24","guid":{"rendered":"https:\/\/wpclub.pro\/?post_type=product&#038;p=40349"},"modified":"2024-10-03T12:43:59","modified_gmt":"2024-10-03T15:43:59","slug":"wpdm-advanced-access-control-addon","status":"publish","type":"product","link":"https:\/\/wpclub.pro\/en\/item\/wpdm-advanced-access-control-addon\/","title":{"rendered":"WPDM Advanced Access Control Addon 3.3.0"},"content":{"rendered":"<p>] css=\u00bb.vc_custom_1629733467375{margin-right: 15px !important;padding-top: 30px !important;padding-right: 30px !important;padding-bottom: 30px !important;padding-left: 30px !important;background-color: #f4f4f4 !important;border-radius: 5px !important;}\u00bb width=\u00bb1\/1&#8243; mobile_bg_img_hidden=\u00bbno\u00bb tablet_bg_img_hidden=\u00bbno\u00bb woodmart_parallax=\u00bb0&#8243; woodmart_sticky_column=\u00bbfalse\u00bb parallax_scroll=\u00bbno\u00bb mobile_reset_margin=\u00bbno\u00bb tablet_reset_margin=\u00bbno\u00bb]_text woodmart_inline=\u00bbno\u00bb text_larger=\u00bbno\u00bb]<\/p>\n<h2><strong>WPDM Advanced Access Control Addon<\/strong><\/h2>\n<p>&nbsp;<\/p>\n<p>El complemento WPDM Advanced Access Control Addon le ayudar\u00e1 a controlar el acceso espec\u00edfico del usuario a sus archivos y descargas de documentos. Cuando desee que solo los usuarios seleccionados permitan el acceso a una descarga, este complemento le dar\u00e1 la opci\u00f3n de seleccionar esos usuarios espec\u00edficos f\u00e1cilmente y bloquear a todos los dem\u00e1s usuarios de una descarga.<\/p>\n<h4><strong>C\u00f3mo utilizar el control de acceso avanzado:<\/strong><\/h4>\n<ul>\n<li>Descargue e instale el complemento<\/li>\n<li>Act\u00edvalo desde el administrador de complementos de WordPress<\/li>\n<li>Ahora vaya al\u00a0<strong>Panel &gt;&gt; Descargas &gt;&gt; Agregar nuevo<\/strong><\/li>\n<li>Ahora ver\u00e1 una nueva opci\u00f3n para seleccionar el nombre de usuario en Configuraci\u00f3n del paquete (este campo est\u00e1 etiquetado como\u00a0<strong>Seleccionar miembros<\/strong>\u00a0).<\/li>\n<li>Todas las descargas\/paquetes asignados a un usuario aparecen en el Panel de usuario &gt;&gt;\u00a0Pesta\u00f1a\u00a0<strong>Mis descargas<\/strong><\/li>\n<li>Si lo desea, puede crear una p\u00e1gina especial usando un c\u00f3digo corto\u00a0<code>[wpdm_my_downloads login=1 role=\"0 or 1\" template=\"template-id\" cols=\"1 or 2 or 3 or 4\" cats=1]<\/code>o\u00a0<code>[wpdm_my_downloads login=1]<\/code>enumerar todos los paquetes asignados a un usuario espec\u00edfico; este c\u00f3digo corto es \u00fatil cuando desea crear un \u00e1rea de descarga o un \u00e1rea de miembros espec\u00edfica para el usuario.<\/li>\n<\/ul>\n<p>&nbsp;<\/p>\n<p>Adquiera ahora WPDM Advanced Access Control Addon.[\/vc_column_text][\/vc_column][\/vc_row] css=\u00bb.vc_custom_1629733150529{margin-top: 30px !important;}\u00bb mobile_bg_img_hidden=\u00bbno\u00bb tablet_bg_img_hidden=\u00bbno\u00bb woodmart_parallax=\u00bb0&#8243; woodmart_gradient_switch=\u00bbno\u00bb row_reverse_mobile=\u00bb0&#8243; row_reverse_tablet=\u00bb0&#8243; woodmart_disable_overflow=\u00bb0&#8243;] css=\u00bb.vc_custom_1629733167411{background-color: #f4f4f4 !important;border-radius: 5px !important;}\u00bb mobile_bg_img_hidden=\u00bbno\u00bb tablet_bg_img_hidden=\u00bbno\u00bb woodmart_parallax=\u00bb0&#8243; woodmart_sticky_column=\u00bbfalse\u00bb parallax_scroll=\u00bbno\u00bb mobile_reset_margin=\u00bbno\u00bb tablet_reset_margin=\u00bbno\u00bb]_text woodmart_inline=\u00bbno\u00bb text_larger=\u00bbno\u00bb]<\/p>\n<p style=\"text-align: center;\">Los productos publicados en el sitio son distribuimos bajo licenciamiento <a href=\"https:\/\/www.gnu.org\/licenses\/licenses.es.html\" target=\"_blank\" rel=\"noopener\" data-schema-attribute=\"\"><strong>GPL \/ GNU<\/strong><\/a>. Recuerda siempre revisar nuestros <strong><a href=\"https:\/\/wpclub.pro\/terminos-de-uso\/\" target=\"_blank\" rel=\"noopener\" data-schema-attribute=\"\">T\u00e9rminos de Uso<\/a><\/strong> y <strong><a href=\"https:\/\/wpclub.pro\/politica-de-privacidad\/\" target=\"_blank\" rel=\"noopener\" data-schema-attribute=\"\">Pol\u00edtica de Privacidad<\/a><\/strong>.<\/p>\n<p>[\/vc_column_text][\/vc_column][\/vc_row]<\/p>\n","protected":false},"excerpt":{"rendered":"<p>] css=\u00bb.vc_custom_1629733467375{margin-right: 15px !important;padding-top: 30px !important;padding-right: 30px !important;padding-bottom: 30px !important;padding-left: 30px !important;background-color: #f4f4f4 !important;border-radius: 5px !important;}\u00bb width=\u00bb1\/1&#8243; mobile_bg_img_hidden=\u00bbno\u00bb tablet_bg_img_hidden=\u00bbno\u00bb woodmart_parallax=\u00bb0&#8243;<\/p>","protected":false},"featured_media":40350,"comment_status":"closed","ping_status":"closed","template":"","meta":{"_acf_changed":false},"product_brand":[],"product_cat":[67],"product_tag":[183],"class_list":{"0":"post-40349","1":"product","2":"type-product","3":"status-publish","4":"has-post-thumbnail","6":"product_cat-wordpress-plugins","7":"product_tag-plugins-para-descargas-y-mapas","8":"pa_autores-wp-download-manager","10":"first","11":"instock","12":"sale","13":"featured","14":"downloadable","15":"virtual","16":"sold-individually","17":"purchasable","18":"product-type-simple"},"acf":[],"_links":{"self":[{"href":"https:\/\/wpclub.pro\/en\/wp-json\/wp\/v2\/product\/40349","targetHints":{"allow":["GET"]}}],"collection":[{"href":"https:\/\/wpclub.pro\/en\/wp-json\/wp\/v2\/product"}],"about":[{"href":"https:\/\/wpclub.pro\/en\/wp-json\/wp\/v2\/types\/product"}],"replies":[{"embeddable":true,"href":"https:\/\/wpclub.pro\/en\/wp-json\/wp\/v2\/comments?post=40349"}],"version-history":[{"count":0,"href":"https:\/\/wpclub.pro\/en\/wp-json\/wp\/v2\/product\/40349\/revisions"}],"wp:featuredmedia":[{"embeddable":true,"href":"https:\/\/wpclub.pro\/en\/wp-json\/wp\/v2\/media\/40350"}],"wp:attachment":[{"href":"https:\/\/wpclub.pro\/en\/wp-json\/wp\/v2\/media?parent=40349"}],"wp:term":[{"taxonomy":"product_brand","embeddable":true,"href":"https:\/\/wpclub.pro\/en\/wp-json\/wp\/v2\/product_brand?post=40349"},{"taxonomy":"product_cat","embeddable":true,"href":"https:\/\/wpclub.pro\/en\/wp-json\/wp\/v2\/product_cat?post=40349"},{"taxonomy":"product_tag","embeddable":true,"href":"https:\/\/wpclub.pro\/en\/wp-json\/wp\/v2\/product_tag?post=40349"}],"curies":[{"name":"wp","href":"https:\/\/api.w.org\/{rel}","templated":true}]}}