{"id":40889,"date":"2024-05-07T10:04:57","date_gmt":"2024-05-07T14:04:57","guid":{"rendered":"https:\/\/wpclub.pro\/?post_type=product&#038;p=40889"},"modified":"2024-10-03T12:43:56","modified_gmt":"2024-10-03T15:43:56","slug":"wpdm-file-hosting-and-sharing-addon","status":"publish","type":"product","link":"https:\/\/wpclub.pro\/en\/item\/wpdm-file-hosting-and-sharing-addon\/","title":{"rendered":"WPDM File Hosting and Sharing Addon 1.5.1"},"content":{"rendered":"<p>] css=\u00bb.vc_custom_1629733467375{margin-right: 15px !important;padding-top: 30px !important;padding-right: 30px !important;padding-bottom: 30px !important;padding-left: 30px !important;background-color: #f4f4f4 !important;border-radius: 5px !important;}\u00bb width=\u00bb1\/1&#8243; mobile_bg_img_hidden=\u00bbno\u00bb tablet_bg_img_hidden=\u00bbno\u00bb woodmart_parallax=\u00bb0&#8243; woodmart_sticky_column=\u00bbfalse\u00bb parallax_scroll=\u00bbno\u00bb mobile_reset_margin=\u00bbno\u00bb tablet_reset_margin=\u00bbno\u00bb]_text woodmart_inline=\u00bbno\u00bb text_larger=\u00bbno\u00bb]<\/p>\n<h2><strong>WPDM File Hosting and Sharing Addon<\/strong><\/h2>\n<p>&nbsp;<\/p>\n<p>El complemento WPDM File Hosting and Sharing Addon\u00a0le ayudar\u00e1 a crear un sitio de alojamiento de archivos como DropBox o Box.com con solo unos pocos clics.<\/p>\n<p>Con este complemento, puede permitir que los usuarios de su sitio web alojen archivos desde el front-end, obtengan enlaces para compartir o incrusten c\u00f3digo f\u00e1cilmente.<\/p>\n<h3><strong>Caracter\u00edsticas clave del complemento WPDM File Hosting and Sharing Addon:<\/strong><\/h3>\n<ul>\n<li>Impresionante interfaz de usuario similar a Dropbox con opciones f\u00e1ciles de administrar<\/li>\n<li>Carga de m\u00faltiples archivos<\/li>\n<li>Acceso personalizado a carpetas y archivos<\/li>\n<li>Compartir URL y c\u00f3digo para insertar<\/li>\n<li>+ todas las incre\u00edbles funciones del Administrador de descargas de WordPress para administrar el sistema completo de administraci\u00f3n de archivos<\/li>\n<\/ul>\n<h4><strong>Uso de WPDM File Hosting and Sharing Addon:<\/strong><\/h4>\n<ol>\n<li>Utilice el c\u00f3digo corto [wpdm-file-browser] en su p\u00e1gina y eso le proporcionar\u00e1 la interfaz de usuario para el usuario front-end<\/li>\n<li>Puede controlar el tama\u00f1o m\u00e1ximo de archivo y los tipos de archivos permitidos desde el Men\u00fa de administraci\u00f3n &gt;&gt; Descargar &gt;&gt; Configuraci\u00f3n &gt;&gt; Pesta\u00f1a Front-end, que ya forma parte del complemento principal<\/li>\n<\/ol>\n<p>&nbsp;<\/p>\n<p>Adquiera ahora WPDM File Hosting and Sharing Addon.[\/vc_column_text][\/vc_column][\/vc_row] css=\u00bb.vc_custom_1629733150529{margin-top: 30px !important;}\u00bb mobile_bg_img_hidden=\u00bbno\u00bb tablet_bg_img_hidden=\u00bbno\u00bb woodmart_parallax=\u00bb0&#8243; woodmart_gradient_switch=\u00bbno\u00bb row_reverse_mobile=\u00bb0&#8243; row_reverse_tablet=\u00bb0&#8243; woodmart_disable_overflow=\u00bb0&#8243;] css=\u00bb.vc_custom_1629733167411{background-color: #f4f4f4 !important;border-radius: 5px !important;}\u00bb mobile_bg_img_hidden=\u00bbno\u00bb tablet_bg_img_hidden=\u00bbno\u00bb woodmart_parallax=\u00bb0&#8243; woodmart_sticky_column=\u00bbfalse\u00bb parallax_scroll=\u00bbno\u00bb mobile_reset_margin=\u00bbno\u00bb tablet_reset_margin=\u00bbno\u00bb]_text woodmart_inline=\u00bbno\u00bb text_larger=\u00bbno\u00bb]<\/p>\n<p style=\"text-align: center;\">Los productos publicados en el sitio son distribuimos bajo licenciamiento <a href=\"https:\/\/www.gnu.org\/licenses\/licenses.es.html\" target=\"_blank\" rel=\"noopener\" data-schema-attribute=\"\"><strong>GPL \/ GNU<\/strong><\/a>. Recuerda siempre revisar nuestros <strong><a href=\"https:\/\/wpclub.pro\/terminos-de-uso\/\" target=\"_blank\" rel=\"noopener\" data-schema-attribute=\"\">T\u00e9rminos de Uso<\/a><\/strong> y <strong><a href=\"https:\/\/wpclub.pro\/politica-de-privacidad\/\" target=\"_blank\" rel=\"noopener\" data-schema-attribute=\"\">Pol\u00edtica de Privacidad<\/a><\/strong>.<\/p>\n<p>[\/vc_column_text][\/vc_column][\/vc_row]<\/p>\n","protected":false},"excerpt":{"rendered":"<p>] css=\u00bb.vc_custom_1629733467375{margin-right: 15px !important;padding-top: 30px !important;padding-right: 30px !important;padding-bottom: 30px !important;padding-left: 30px !important;background-color: #f4f4f4 !important;border-radius: 5px !important;}\u00bb width=\u00bb1\/1&#8243; mobile_bg_img_hidden=\u00bbno\u00bb tablet_bg_img_hidden=\u00bbno\u00bb woodmart_parallax=\u00bb0&#8243;<\/p>","protected":false},"featured_media":40890,"comment_status":"closed","ping_status":"closed","template":"","meta":{"_acf_changed":false},"product_brand":[],"product_cat":[67],"product_tag":[183],"class_list":{"0":"post-40889","1":"product","2":"type-product","3":"status-publish","4":"has-post-thumbnail","6":"product_cat-wordpress-plugins","7":"product_tag-plugins-para-descargas-y-mapas","8":"pa_autores-wp-download-manager","10":"first","11":"instock","12":"sale","13":"featured","14":"downloadable","15":"virtual","16":"sold-individually","17":"purchasable","18":"product-type-simple"},"acf":[],"_links":{"self":[{"href":"https:\/\/wpclub.pro\/en\/wp-json\/wp\/v2\/product\/40889","targetHints":{"allow":["GET"]}}],"collection":[{"href":"https:\/\/wpclub.pro\/en\/wp-json\/wp\/v2\/product"}],"about":[{"href":"https:\/\/wpclub.pro\/en\/wp-json\/wp\/v2\/types\/product"}],"replies":[{"embeddable":true,"href":"https:\/\/wpclub.pro\/en\/wp-json\/wp\/v2\/comments?post=40889"}],"version-history":[{"count":0,"href":"https:\/\/wpclub.pro\/en\/wp-json\/wp\/v2\/product\/40889\/revisions"}],"wp:featuredmedia":[{"embeddable":true,"href":"https:\/\/wpclub.pro\/en\/wp-json\/wp\/v2\/media\/40890"}],"wp:attachment":[{"href":"https:\/\/wpclub.pro\/en\/wp-json\/wp\/v2\/media?parent=40889"}],"wp:term":[{"taxonomy":"product_brand","embeddable":true,"href":"https:\/\/wpclub.pro\/en\/wp-json\/wp\/v2\/product_brand?post=40889"},{"taxonomy":"product_cat","embeddable":true,"href":"https:\/\/wpclub.pro\/en\/wp-json\/wp\/v2\/product_cat?post=40889"},{"taxonomy":"product_tag","embeddable":true,"href":"https:\/\/wpclub.pro\/en\/wp-json\/wp\/v2\/product_tag?post=40889"}],"curies":[{"name":"wp","href":"https:\/\/api.w.org\/{rel}","templated":true}]}}