{"id":40962,"date":"2024-05-08T10:15:45","date_gmt":"2024-05-08T14:15:45","guid":{"rendered":"https:\/\/wpclub.pro\/?post_type=product&#038;p=40962"},"modified":"2024-10-03T12:43:55","modified_gmt":"2024-10-03T15:43:55","slug":"wpdm-lazy-download-addon","status":"publish","type":"product","link":"https:\/\/wpclub.pro\/en\/item\/wpdm-lazy-download-addon\/","title":{"rendered":"WPDM Lazy Download Addon 2.7.4"},"content":{"rendered":"<p>] css=\u00bb.vc_custom_1629733467375{margin-right: 15px !important;padding-top: 30px !important;padding-right: 30px !important;padding-bottom: 30px !important;padding-left: 30px !important;background-color: #f4f4f4 !important;border-radius: 5px !important;}\u00bb width=\u00bb1\/1&#8243; mobile_bg_img_hidden=\u00bbno\u00bb tablet_bg_img_hidden=\u00bbno\u00bb woodmart_parallax=\u00bb0&#8243; woodmart_sticky_column=\u00bbfalse\u00bb parallax_scroll=\u00bbno\u00bb mobile_reset_margin=\u00bbno\u00bb tablet_reset_margin=\u00bbno\u00bb]_text woodmart_inline=\u00bbno\u00bb text_larger=\u00bbno\u00bb]<\/p>\n<div class=\"tab-body\">\n<h2><strong>WPDM Lazy Download Addon<\/strong><\/h2>\n<p>&nbsp;<\/p>\n<p>El complemento WPDM Lazy Download Addon le permitir\u00e1 establecer un retraso antes de que comience la descarga. Puede establecer diferentes retrasos de tiempo para diferentes roles de usuario. Adem\u00e1s, puede seleccionar d\u00f3nde un paquete debe aplicar el retraso de tiempo o no.<\/p>\n<h4><strong>Opci\u00f3n de administrador para configurar el retardo de tiempo:<\/strong><\/h4>\n<p><img loading=\"lazy\" decoding=\"async\" class=\"thumbnail aligncenter wp-image-54917 \" title=\"WPDM Lazy Download Addon\" src=\"https:\/\/dai323vbo0kfx.cloudfront.net\/wp-content\/uploads\/2012\/12\/lazy-download-global-settings.png\" sizes=\"auto, (max-width: 2000px) 100vw, 2000px\" srcset=\"https:\/\/dai323vbo0kfx.cloudfront.net\/wp-content\/uploads\/2012\/12\/lazy-download-global-settings.png 2000w, https:\/\/dai323vbo0kfx.cloudfront.net\/wp-content\/uploads\/2012\/12\/lazy-download-global-settings-350x305.png 350w, https:\/\/dai323vbo0kfx.cloudfront.net\/wp-content\/uploads\/2012\/12\/lazy-download-global-settings-768x669.png 768w, https:\/\/dai323vbo0kfx.cloudfront.net\/wp-content\/uploads\/2012\/12\/lazy-download-global-settings-1024x892.png 1024w\" alt=\"WPDM Lazy Download Addon 01\" width=\"532\" height=\"468\" \/><\/p>\n<h4><strong>Activar\/desactivar la descarga diferida de un paquete:<\/strong><\/h4>\n<p><img loading=\"lazy\" decoding=\"async\" class=\"thumbnail aligncenter wp-image-54918 \" title=\"WPDM Lazy Download Addon 02\" src=\"https:\/\/dai323vbo0kfx.cloudfront.net\/wp-content\/uploads\/2012\/12\/lazy-download-package-settings.png\" sizes=\"auto, (max-width: 1708px) 100vw, 1708px\" srcset=\"https:\/\/dai323vbo0kfx.cloudfront.net\/wp-content\/uploads\/2012\/12\/lazy-download-package-settings.png 1708w, https:\/\/dai323vbo0kfx.cloudfront.net\/wp-content\/uploads\/2012\/12\/lazy-download-package-settings-350x346.png 350w, https:\/\/dai323vbo0kfx.cloudfront.net\/wp-content\/uploads\/2012\/12\/lazy-download-package-settings-768x760.png 768w, https:\/\/dai323vbo0kfx.cloudfront.net\/wp-content\/uploads\/2012\/12\/lazy-download-package-settings-1024x1013.png 1024w\" alt=\"WPDM Lazy Download Addon 02\" width=\"525\" height=\"528\" \/><\/p>\n<p>Para los paquetes habilitados para descarga diferida, los visitantes ser\u00e1n redirigidos a la p\u00e1gina de espera. La p\u00e1gina de espera mostrar\u00e1 una barra de progreso del tiempo de espera como la siguiente imagen:<\/p>\n<p><img loading=\"lazy\" decoding=\"async\" class=\"aligncenter wp-image-88760 \" title=\"WPDM Lazy Download Addon 03\" src=\"https:\/\/dai323vbo0kfx.cloudfront.net\/wp-content\/uploads\/2012\/12\/Progress-Bar-Lazy-Download-WordPress-Download-Manager.png\" sizes=\"auto, (max-width: 858px) 100vw, 858px\" srcset=\"https:\/\/dai323vbo0kfx.cloudfront.net\/wp-content\/uploads\/2012\/12\/Progress-Bar-Lazy-Download-WordPress-Download-Manager.png 858w, https:\/\/dai323vbo0kfx.cloudfront.net\/wp-content\/uploads\/2012\/12\/Progress-Bar-Lazy-Download-WordPress-Download-Manager-350x120.png 350w, https:\/\/dai323vbo0kfx.cloudfront.net\/wp-content\/uploads\/2012\/12\/Progress-Bar-Lazy-Download-WordPress-Download-Manager-768x264.png 768w\" alt=\"WPDM Lazy Download Addon 03\" width=\"524\" height=\"164\" \/><\/p>\n<p>&nbsp;<\/p>\n<p>O un temporizador de cuenta regresiva como la siguiente imagen seg\u00fan su selecci\u00f3n:<\/p>\n<p><img loading=\"lazy\" decoding=\"async\" class=\"aligncenter wp-image-88761 \" title=\"WPDM Lazy Download Addon 04\" src=\"https:\/\/dai323vbo0kfx.cloudfront.net\/wp-content\/uploads\/2012\/12\/CountDown-Timer-Lazy-Download-WordPress-Download-Manager.png\" sizes=\"auto, (max-width: 456px) 100vw, 456px\" srcset=\"https:\/\/dai323vbo0kfx.cloudfront.net\/wp-content\/uploads\/2012\/12\/CountDown-Timer-Lazy-Download-WordPress-Download-Manager.png 456w, https:\/\/dai323vbo0kfx.cloudfront.net\/wp-content\/uploads\/2012\/12\/CountDown-Timer-Lazy-Download-WordPress-Download-Manager-350x243.png 350w\" alt=\"WPDM Lazy Download Addon 04\" width=\"444\" height=\"311\" \/><\/p>\n<p>&nbsp;<\/p>\n<h4><strong>Desde la opci\u00f3n de administrador, puede seleccionar la opci\u00f3n de interfaz para la barra de progreso o el temporizador de cuenta regresiva.<\/strong><\/h4>\n<p>En el contenido de la p\u00e1gina, tendr\u00e1s que usar el shortcode <strong>[wpdm_lazy_download]<\/strong>\u00a0para mostrar la barra de progreso del tiempo de espera.\u00a0Puede agregar su propio contenido, como c\u00f3digo de seguimiento, anuncios o cualquier cosa encima o debajo del c\u00f3digo corto o en ambos lugares<strong>.<\/strong><\/p>\n<\/div>\n<p>&nbsp;<\/p>\n<p>Adquiera ahora WPDM Lazy Download Addon.<\/p>\n<p>&nbsp;<\/p>\n<p>[\/vc_column_text][\/vc_column][\/vc_row] css=\u00bb.vc_custom_1629733150529{margin-top: 30px !important;}\u00bb mobile_bg_img_hidden=\u00bbno\u00bb tablet_bg_img_hidden=\u00bbno\u00bb woodmart_parallax=\u00bb0&#8243; woodmart_gradient_switch=\u00bbno\u00bb row_reverse_mobile=\u00bb0&#8243; row_reverse_tablet=\u00bb0&#8243; woodmart_disable_overflow=\u00bb0&#8243;] css=\u00bb.vc_custom_1629733167411{background-color: #f4f4f4 !important;border-radius: 5px !important;}\u00bb mobile_bg_img_hidden=\u00bbno\u00bb tablet_bg_img_hidden=\u00bbno\u00bb woodmart_parallax=\u00bb0&#8243; woodmart_sticky_column=\u00bbfalse\u00bb parallax_scroll=\u00bbno\u00bb mobile_reset_margin=\u00bbno\u00bb tablet_reset_margin=\u00bbno\u00bb]_text woodmart_inline=\u00bbno\u00bb text_larger=\u00bbno\u00bb]<\/p>\n<p style=\"text-align: center;\">Los productos publicados en el sitio son distribuimos bajo licenciamiento <a href=\"https:\/\/www.gnu.org\/licenses\/licenses.es.html\" target=\"_blank\" rel=\"noopener\" data-schema-attribute=\"\"><strong>GPL \/ GNU<\/strong><\/a>. Recuerda siempre revisar nuestros <strong><a href=\"https:\/\/wpclub.pro\/terminos-de-uso\/\" target=\"_blank\" rel=\"noopener\" data-schema-attribute=\"\">T\u00e9rminos de Uso<\/a><\/strong> y <strong><a href=\"https:\/\/wpclub.pro\/politica-de-privacidad\/\" target=\"_blank\" rel=\"noopener\" data-schema-attribute=\"\">Pol\u00edtica de Privacidad<\/a><\/strong>.<\/p>\n<p>[\/vc_column_text][\/vc_column][\/vc_row]<\/p>\n","protected":false},"excerpt":{"rendered":"<p>] css=\u00bb.vc_custom_1629733467375{margin-right: 15px !important;padding-top: 30px !important;padding-right: 30px !important;padding-bottom: 30px !important;padding-left: 30px !important;background-color: #f4f4f4 !important;border-radius: 5px !important;}\u00bb width=\u00bb1\/1&#8243; mobile_bg_img_hidden=\u00bbno\u00bb tablet_bg_img_hidden=\u00bbno\u00bb woodmart_parallax=\u00bb0&#8243;<\/p>","protected":false},"featured_media":40963,"comment_status":"closed","ping_status":"closed","template":"","meta":{"_acf_changed":false},"product_brand":[],"product_cat":[67],"product_tag":[183],"class_list":{"0":"post-40962","1":"product","2":"type-product","3":"status-publish","4":"has-post-thumbnail","6":"product_cat-wordpress-plugins","7":"product_tag-plugins-para-descargas-y-mapas","8":"pa_autores-wp-download-manager","10":"first","11":"instock","12":"sale","13":"featured","14":"downloadable","15":"virtual","16":"sold-individually","17":"purchasable","18":"product-type-simple"},"acf":[],"_links":{"self":[{"href":"https:\/\/wpclub.pro\/en\/wp-json\/wp\/v2\/product\/40962","targetHints":{"allow":["GET"]}}],"collection":[{"href":"https:\/\/wpclub.pro\/en\/wp-json\/wp\/v2\/product"}],"about":[{"href":"https:\/\/wpclub.pro\/en\/wp-json\/wp\/v2\/types\/product"}],"replies":[{"embeddable":true,"href":"https:\/\/wpclub.pro\/en\/wp-json\/wp\/v2\/comments?post=40962"}],"version-history":[{"count":0,"href":"https:\/\/wpclub.pro\/en\/wp-json\/wp\/v2\/product\/40962\/revisions"}],"wp:featuredmedia":[{"embeddable":true,"href":"https:\/\/wpclub.pro\/en\/wp-json\/wp\/v2\/media\/40963"}],"wp:attachment":[{"href":"https:\/\/wpclub.pro\/en\/wp-json\/wp\/v2\/media?parent=40962"}],"wp:term":[{"taxonomy":"product_brand","embeddable":true,"href":"https:\/\/wpclub.pro\/en\/wp-json\/wp\/v2\/product_brand?post=40962"},{"taxonomy":"product_cat","embeddable":true,"href":"https:\/\/wpclub.pro\/en\/wp-json\/wp\/v2\/product_cat?post=40962"},{"taxonomy":"product_tag","embeddable":true,"href":"https:\/\/wpclub.pro\/en\/wp-json\/wp\/v2\/product_tag?post=40962"}],"curies":[{"name":"wp","href":"https:\/\/api.w.org\/{rel}","templated":true}]}}