{"id":41032,"date":"2024-05-09T13:29:42","date_gmt":"2024-05-09T17:29:42","guid":{"rendered":"https:\/\/wpclub.pro\/?post_type=product&#038;p=41032"},"modified":"2024-10-03T12:43:55","modified_gmt":"2024-10-03T15:43:55","slug":"wpdm-wordpress-pad-importer-addon","status":"publish","type":"product","link":"https:\/\/wpclub.pro\/en\/item\/wpdm-wordpress-pad-importer-addon\/","title":{"rendered":"WPDM WordPress PAD Importer Addon 1.0.0"},"content":{"rendered":"<p>] css=\u00bb.vc_custom_1629733467375{margin-right: 15px !important;padding-top: 30px !important;padding-right: 30px !important;padding-bottom: 30px !important;padding-left: 30px !important;background-color: #f4f4f4 !important;border-radius: 5px !important;}\u00bb width=\u00bb1\/1&#8243; mobile_bg_img_hidden=\u00bbno\u00bb tablet_bg_img_hidden=\u00bbno\u00bb woodmart_parallax=\u00bb0&#8243; woodmart_sticky_column=\u00bbfalse\u00bb parallax_scroll=\u00bbno\u00bb mobile_reset_margin=\u00bbno\u00bb tablet_reset_margin=\u00bbno\u00bb]_text woodmart_inline=\u00bbno\u00bb text_larger=\u00bbno\u00bb]<\/p>\n<h2><strong>WPDM WordPress PAD Importer Addon<\/strong><\/h2>\n<p>&nbsp;<\/p>\n<p>Puede crear un portal de descarga de software\/aplicaci\u00f3n de terceros utilizando el complemento WPDM WordPress PAD Importer Addon. PAD Importer crea nuevos paquetes\/descargas desde una URL de archivo PAD proporcionada.<\/p>\n<p>PAD\u00ae\u00a0significa especificaci\u00f3n\u00a0de descripci\u00f3n de aplicaci\u00f3n port\u00e1til\u00a0y formato XML. Los autores y editores de software\/aplicaciones proporcionan descripciones de productos, requisitos y otros detalles espec\u00edficos del producto a fuentes, sitios web y cat\u00e1logos en l\u00ednea mediante el archivo PAD. Existe un\u00a0repositorio PAD oficial\u00a0donde los editores enumeran sus archivos PAD.<\/p>\n<h4><strong>WPDM WordPress PAD Importer Addon es lo que necesitabas<\/strong><\/h4>\n<p>El est\u00e1ndar PAD ahorra tiempo a los editores en la distribuci\u00f3n de sus productos y a los webmasters en la actualizaci\u00f3n, mantenimiento y publicaci\u00f3n de productos en sus sitios. Si desea crear un portal de descargas como Softpedia, Softonic debe proporcionar una forma de crear descargas a partir de archivos PAD, ya que es la forma ampliamente reconocida de distribuci\u00f3n de software.<\/p>\n<h3>Caracter\u00edsticas de WPDM WordPress PAD Importer Addon:<\/h3>\n<ol>\n<li>Control basado en roles para el env\u00edo de archivos PAD<\/li>\n<li>Activar\/desactivar el env\u00edo de invitados<\/li>\n<li>Volver a sincronizar el paquete desde el archivo PAD<\/li>\n<li>Etiquetas de plantilla personalizadas para varios datos de archivos PAD personalizados<\/li>\n<li>Formulario de env\u00edo de PAD simple<\/li>\n<li>Establecer plantilla de enlace\/p\u00e1gina predeterminada para nuevos paquetes creados a partir de un archivo PAD<\/li>\n<\/ol>\n<h4><strong>C\u00f3digo corto:<\/strong><\/h4>\n<p><code>[pad-submission-form]<\/code><\/p>\n<p><img loading=\"lazy\" decoding=\"async\" class=\"aligncenter\" title=\"WPDM WordPress PAD Importer Addon 01\" src=\"https:\/\/dai323vbo0kfx.cloudfront.net\/wp-content\/uploads\/2017\/04\/pad-submission-form-1024x469.png\" sizes=\"auto, (max-width: 960px) 100vw, 960px\" srcset=\"https:\/\/dai323vbo0kfx.cloudfront.net\/wp-content\/uploads\/2017\/04\/pad-submission-form-1024x469.png 1024w, https:\/\/dai323vbo0kfx.cloudfront.net\/wp-content\/uploads\/2017\/04\/pad-submission-form-350x160.png 350w, https:\/\/dai323vbo0kfx.cloudfront.net\/wp-content\/uploads\/2017\/04\/pad-submission-form-768x351.png 768w, https:\/\/dai323vbo0kfx.cloudfront.net\/wp-content\/uploads\/2017\/04\/pad-submission-form.png 1320w\" alt=\"WPDM WordPress PAD Importer Addon 01\" width=\"534\" height=\"233\" \/><\/p>\n<p>&nbsp;<\/p>\n<p>Adquiera ahora WPDM WordPress PAD Importer Addon[\/vc_column_text][\/vc_column][\/vc_row] css=\u00bb.vc_custom_1629733150529{margin-top: 30px !important;}\u00bb mobile_bg_img_hidden=\u00bbno\u00bb tablet_bg_img_hidden=\u00bbno\u00bb woodmart_parallax=\u00bb0&#8243; woodmart_gradient_switch=\u00bbno\u00bb row_reverse_mobile=\u00bb0&#8243; row_reverse_tablet=\u00bb0&#8243; woodmart_disable_overflow=\u00bb0&#8243;] css=\u00bb.vc_custom_1629733167411{background-color: #f4f4f4 !important;border-radius: 5px !important;}\u00bb mobile_bg_img_hidden=\u00bbno\u00bb tablet_bg_img_hidden=\u00bbno\u00bb woodmart_parallax=\u00bb0&#8243; woodmart_sticky_column=\u00bbfalse\u00bb parallax_scroll=\u00bbno\u00bb mobile_reset_margin=\u00bbno\u00bb tablet_reset_margin=\u00bbno\u00bb]_text woodmart_inline=\u00bbno\u00bb text_larger=\u00bbno\u00bb]<\/p>\n<p style=\"text-align: center;\">Los productos publicados en el sitio son distribuimos bajo licenciamiento <a href=\"https:\/\/www.gnu.org\/licenses\/licenses.es.html\" target=\"_blank\" rel=\"noopener\" data-schema-attribute=\"\"><strong>GPL \/ GNU<\/strong><\/a>. Recuerda siempre revisar nuestros <strong><a href=\"https:\/\/wpclub.pro\/terminos-de-uso\/\" target=\"_blank\" rel=\"noopener\" data-schema-attribute=\"\">T\u00e9rminos de Uso<\/a><\/strong> y <strong><a href=\"https:\/\/wpclub.pro\/politica-de-privacidad\/\" target=\"_blank\" rel=\"noopener\" data-schema-attribute=\"\">Pol\u00edtica de Privacidad<\/a><\/strong>.<\/p>\n<p>[\/vc_column_text][\/vc_column][\/vc_row]<\/p>\n","protected":false},"excerpt":{"rendered":"<p>] css=\u00bb.vc_custom_1629733467375{margin-right: 15px !important;padding-top: 30px !important;padding-right: 30px !important;padding-bottom: 30px !important;padding-left: 30px !important;background-color: #f4f4f4 !important;border-radius: 5px !important;}\u00bb width=\u00bb1\/1&#8243; mobile_bg_img_hidden=\u00bbno\u00bb tablet_bg_img_hidden=\u00bbno\u00bb woodmart_parallax=\u00bb0&#8243;<\/p>","protected":false},"featured_media":41033,"comment_status":"closed","ping_status":"closed","template":"","meta":{"_acf_changed":false},"product_brand":[],"product_cat":[67],"product_tag":[183],"class_list":{"0":"post-41032","1":"product","2":"type-product","3":"status-publish","4":"has-post-thumbnail","6":"product_cat-wordpress-plugins","7":"product_tag-plugins-para-descargas-y-mapas","8":"pa_autores-wp-download-manager","10":"first","11":"instock","12":"sale","13":"featured","14":"downloadable","15":"virtual","16":"sold-individually","17":"purchasable","18":"product-type-simple"},"acf":[],"_links":{"self":[{"href":"https:\/\/wpclub.pro\/en\/wp-json\/wp\/v2\/product\/41032","targetHints":{"allow":["GET"]}}],"collection":[{"href":"https:\/\/wpclub.pro\/en\/wp-json\/wp\/v2\/product"}],"about":[{"href":"https:\/\/wpclub.pro\/en\/wp-json\/wp\/v2\/types\/product"}],"replies":[{"embeddable":true,"href":"https:\/\/wpclub.pro\/en\/wp-json\/wp\/v2\/comments?post=41032"}],"version-history":[{"count":0,"href":"https:\/\/wpclub.pro\/en\/wp-json\/wp\/v2\/product\/41032\/revisions"}],"wp:featuredmedia":[{"embeddable":true,"href":"https:\/\/wpclub.pro\/en\/wp-json\/wp\/v2\/media\/41033"}],"wp:attachment":[{"href":"https:\/\/wpclub.pro\/en\/wp-json\/wp\/v2\/media?parent=41032"}],"wp:term":[{"taxonomy":"product_brand","embeddable":true,"href":"https:\/\/wpclub.pro\/en\/wp-json\/wp\/v2\/product_brand?post=41032"},{"taxonomy":"product_cat","embeddable":true,"href":"https:\/\/wpclub.pro\/en\/wp-json\/wp\/v2\/product_cat?post=41032"},{"taxonomy":"product_tag","embeddable":true,"href":"https:\/\/wpclub.pro\/en\/wp-json\/wp\/v2\/product_tag?post=41032"}],"curies":[{"name":"wp","href":"https:\/\/api.w.org\/{rel}","templated":true}]}}