{"id":41044,"date":"2024-05-09T14:08:12","date_gmt":"2024-05-09T18:08:12","guid":{"rendered":"https:\/\/wpclub.pro\/?post_type=product&#038;p=41044"},"modified":"2024-10-03T12:43:54","modified_gmt":"2024-10-03T15:43:54","slug":"wpdm-accordion-addon","status":"publish","type":"product","link":"https:\/\/wpclub.pro\/en\/item\/wpdm-accordion-addon\/","title":{"rendered":"WPDM Accordion Addon 2.1.2"},"content":{"rendered":"<p>] css=\u00bb.vc_custom_1629733467375{margin-right: 15px !important;padding-top: 30px !important;padding-right: 30px !important;padding-bottom: 30px !important;padding-left: 30px !important;background-color: #f4f4f4 !important;border-radius: 5px !important;}\u00bb width=\u00bb1\/1&#8243; mobile_bg_img_hidden=\u00bbno\u00bb tablet_bg_img_hidden=\u00bbno\u00bb woodmart_parallax=\u00bb0&#8243; woodmart_sticky_column=\u00bbfalse\u00bb parallax_scroll=\u00bbno\u00bb mobile_reset_margin=\u00bbno\u00bb tablet_reset_margin=\u00bbno\u00bb]_text woodmart_inline=\u00bbno\u00bb text_larger=\u00bbno\u00bb]<\/p>\n<h2><strong>WPDM Accordion Addon<\/strong><\/h2>\n<p>&nbsp;<\/p>\n<p>Genera un men\u00fa de acorde\u00f3n multinivel utilizando las categor\u00edas y paquetes del Administrador de descargas de WordPress. Simplemente necesitas usar un c\u00f3digo corto\u00a0<code>[wpdm-accordion]<\/code>para mostrar el acorde\u00f3n. Sin embargo, aqu\u00ed est\u00e1 el c\u00f3digo corto con todos los par\u00e1metros posibles:<\/p>\n<pre>[wpdm-accordion template=\"link-template-id\" cats=\"catid1,id2,id3\" cat_style=\"info\" subcat_style=\"default\" orderby=\"download_count\" order=\"desc\" ]<\/pre>\n<h4><strong>Par\u00e1metros:<\/strong><\/h4>\n<ul>\n<li>plantilla: puede utilizar este par\u00e1metro para una plantilla de enlace espec\u00edfica para paquetes<\/li>\n<li>gatos: use identificadores de categor\u00eda separados por coma si desea mostrar el acorde\u00f3n para categor\u00edas espec\u00edficas<\/li>\n<li>cat_style: estilo de acorde\u00f3n de nivel superior<\/li>\n<li>subcat_style: estilo acorde\u00f3n de nivel interior<\/li>\n<li>ordenar por: si desea ordenar el paquete por un campo espec\u00edfico<\/li>\n<li>orden: orden de clasificaci\u00f3n, asc o desc<\/li>\n<\/ul>\n<h4><strong>Generador de c\u00f3digos cortos:<\/strong><\/h4>\n<p>Utilice\u00a0el complemento del bot\u00f3n TinyMce\u00a0para generar el c\u00f3digo corto de acorde\u00f3n:<br \/>\n<img loading=\"lazy\" decoding=\"async\" class=\"aligncenter\" title=\"WPDM Accordion Addon 01\" src=\"https:\/\/www.evernote.com\/l\/AV17JbmnBwJMTrZrhDWnZ2vzwfF7qvpfqlIB\/image.png\" alt=\"WPDM Accordion Addon 01\" width=\"530\" height=\"610\" \/><\/p>\n<p>&nbsp;<\/p>\n<p>Adquiera ahora WPDM Accordion Addon.[\/vc_column_text][\/vc_column][\/vc_row] css=\u00bb.vc_custom_1629733150529{margin-top: 30px !important;}\u00bb mobile_bg_img_hidden=\u00bbno\u00bb tablet_bg_img_hidden=\u00bbno\u00bb woodmart_parallax=\u00bb0&#8243; woodmart_gradient_switch=\u00bbno\u00bb row_reverse_mobile=\u00bb0&#8243; row_reverse_tablet=\u00bb0&#8243; woodmart_disable_overflow=\u00bb0&#8243;] css=\u00bb.vc_custom_1629733167411{background-color: #f4f4f4 !important;border-radius: 5px !important;}\u00bb mobile_bg_img_hidden=\u00bbno\u00bb tablet_bg_img_hidden=\u00bbno\u00bb woodmart_parallax=\u00bb0&#8243; woodmart_sticky_column=\u00bbfalse\u00bb parallax_scroll=\u00bbno\u00bb mobile_reset_margin=\u00bbno\u00bb tablet_reset_margin=\u00bbno\u00bb]_text woodmart_inline=\u00bbno\u00bb text_larger=\u00bbno\u00bb]<\/p>\n<p style=\"text-align: center;\">Los productos publicados en el sitio son distribuimos bajo licenciamiento <a href=\"https:\/\/www.gnu.org\/licenses\/licenses.es.html\" target=\"_blank\" rel=\"noopener\" data-schema-attribute=\"\"><strong>GPL \/ GNU<\/strong><\/a>. Recuerda siempre revisar nuestros <strong><a href=\"https:\/\/wpclub.pro\/terminos-de-uso\/\" target=\"_blank\" rel=\"noopener\" data-schema-attribute=\"\">T\u00e9rminos de Uso<\/a><\/strong> y <strong><a href=\"https:\/\/wpclub.pro\/politica-de-privacidad\/\" target=\"_blank\" rel=\"noopener\" data-schema-attribute=\"\">Pol\u00edtica de Privacidad<\/a><\/strong>.<\/p>\n<p>[\/vc_column_text][\/vc_column][\/vc_row]<\/p>\n","protected":false},"excerpt":{"rendered":"<p>] css=\u00bb.vc_custom_1629733467375{margin-right: 15px !important;padding-top: 30px !important;padding-right: 30px !important;padding-bottom: 30px !important;padding-left: 30px !important;background-color: #f4f4f4 !important;border-radius: 5px !important;}\u00bb width=\u00bb1\/1&#8243; mobile_bg_img_hidden=\u00bbno\u00bb tablet_bg_img_hidden=\u00bbno\u00bb woodmart_parallax=\u00bb0&#8243;<\/p>","protected":false},"featured_media":41045,"comment_status":"closed","ping_status":"closed","template":"","meta":{"_acf_changed":false},"product_brand":[],"product_cat":[67],"product_tag":[183],"class_list":{"0":"post-41044","1":"product","2":"type-product","3":"status-publish","4":"has-post-thumbnail","6":"product_cat-wordpress-plugins","7":"product_tag-plugins-para-descargas-y-mapas","8":"pa_autores-wp-download-manager","10":"first","11":"instock","12":"sale","13":"featured","14":"downloadable","15":"virtual","16":"sold-individually","17":"purchasable","18":"product-type-simple"},"acf":[],"_links":{"self":[{"href":"https:\/\/wpclub.pro\/en\/wp-json\/wp\/v2\/product\/41044","targetHints":{"allow":["GET"]}}],"collection":[{"href":"https:\/\/wpclub.pro\/en\/wp-json\/wp\/v2\/product"}],"about":[{"href":"https:\/\/wpclub.pro\/en\/wp-json\/wp\/v2\/types\/product"}],"replies":[{"embeddable":true,"href":"https:\/\/wpclub.pro\/en\/wp-json\/wp\/v2\/comments?post=41044"}],"version-history":[{"count":0,"href":"https:\/\/wpclub.pro\/en\/wp-json\/wp\/v2\/product\/41044\/revisions"}],"wp:featuredmedia":[{"embeddable":true,"href":"https:\/\/wpclub.pro\/en\/wp-json\/wp\/v2\/media\/41045"}],"wp:attachment":[{"href":"https:\/\/wpclub.pro\/en\/wp-json\/wp\/v2\/media?parent=41044"}],"wp:term":[{"taxonomy":"product_brand","embeddable":true,"href":"https:\/\/wpclub.pro\/en\/wp-json\/wp\/v2\/product_brand?post=41044"},{"taxonomy":"product_cat","embeddable":true,"href":"https:\/\/wpclub.pro\/en\/wp-json\/wp\/v2\/product_cat?post=41044"},{"taxonomy":"product_tag","embeddable":true,"href":"https:\/\/wpclub.pro\/en\/wp-json\/wp\/v2\/product_tag?post=41044"}],"curies":[{"name":"wp","href":"https:\/\/api.w.org\/{rel}","templated":true}]}}