{"id":41048,"date":"2024-05-09T14:18:17","date_gmt":"2024-05-09T18:18:17","guid":{"rendered":"https:\/\/wpclub.pro\/?post_type=product&#038;p=41048"},"modified":"2024-10-03T12:43:54","modified_gmt":"2024-10-03T15:43:54","slug":"wpdm-share-on-facebook-to-download-addon","status":"publish","type":"product","link":"https:\/\/wpclub.pro\/en\/item\/wpdm-share-on-facebook-to-download-addon\/","title":{"rendered":"WPDM Share on Facebook to Download Addon 1.5.3"},"content":{"rendered":"<p>] css=\u00bb.vc_custom_1629733467375{margin-right: 15px !important;padding-top: 30px !important;padding-right: 30px !important;padding-bottom: 30px !important;padding-left: 30px !important;background-color: #f4f4f4 !important;border-radius: 5px !important;}\u00bb width=\u00bb1\/1&#8243; mobile_bg_img_hidden=\u00bbno\u00bb tablet_bg_img_hidden=\u00bbno\u00bb woodmart_parallax=\u00bb0&#8243; woodmart_sticky_column=\u00bbfalse\u00bb parallax_scroll=\u00bbno\u00bb mobile_reset_margin=\u00bbno\u00bb tablet_reset_margin=\u00bbno\u00bb]_text woodmart_inline=\u00bbno\u00bb text_larger=\u00bbno\u00bb]<\/p>\n<h2><strong>WPDM Share on Facebook to Download Addon<\/strong><\/h2>\n<p>&nbsp;<\/p>\n<p>El complemento WPDM Share on Facebook to Download Addon agregar\u00e1 una nueva opci\u00f3n de bloqueo con el Administrador de descargas de WordPress (requiere WPDM v4+), para que pueda bloquear un paquete con compartir en Facebook. Los visitantes podr\u00e1n descargar el paquete despu\u00e9s de compartirlo en Facebook.<\/p>\n<h4><strong>C\u00f3mo configurar el bloqueo compartido de Facebook:<\/strong><\/h4>\n<ol>\n<li>Descargue e instale\u00a0<strong>W<\/strong>ordPress Download Manager\u00a0si a\u00fan no lo tiene instalado<\/li>\n<li>Descargue e instale\u00a0Compartir en Facebook para descargar<\/li>\n<li>Crea una nueva aplicaci\u00f3n de Facebook\u00a0<a href=\"https:\/\/developers.facebook.com\/apps\" target=\"_blank\" rel=\"nofollow noopener\">aqu\u00ed<\/a>\u00a0<img loading=\"lazy\" decoding=\"async\" class=\"aligncenter\" title=\"WPDM Share on Facebook to Download Addon 01\" src=\"https:\/\/dai323vbo0kfx.cloudfront.net\/wp-content\/uploads\/2014\/04\/add-facebook-app.png\" sizes=\"auto, (max-width: 2118px) 100vw, 2118px\" srcset=\"https:\/\/dai323vbo0kfx.cloudfront.net\/wp-content\/uploads\/2014\/04\/add-facebook-app.png 2118w, https:\/\/dai323vbo0kfx.cloudfront.net\/wp-content\/uploads\/2014\/04\/add-facebook-app-350x68.png 350w, https:\/\/dai323vbo0kfx.cloudfront.net\/wp-content\/uploads\/2014\/04\/add-facebook-app-768x149.png 768w, https:\/\/dai323vbo0kfx.cloudfront.net\/wp-content\/uploads\/2014\/04\/add-facebook-app-1024x198.png 1024w\" alt=\"WPDM Share on Facebook to Download Addon 01\" width=\"495\" height=\"90\" \/><\/li>\n<li>Obtenga el ID de la aplicaci\u00f3n en la p\u00e1gina de configuraci\u00f3n de la aplicaci\u00f3n y gu\u00e1rdelo en la configuraci\u00f3n de WPDM Facebook Share Lock.<img loading=\"lazy\" decoding=\"async\" class=\"aligncenter\" title=\"WPDM Share on Facebook to Download Addon 02\" src=\"https:\/\/dai323vbo0kfx.cloudfront.net\/wp-content\/uploads\/2014\/04\/add-platform.png\" sizes=\"auto, (max-width: 2240px) 100vw, 2240px\" srcset=\"https:\/\/dai323vbo0kfx.cloudfront.net\/wp-content\/uploads\/2014\/04\/add-platform.png 2240w, https:\/\/dai323vbo0kfx.cloudfront.net\/wp-content\/uploads\/2014\/04\/add-platform-350x208.png 350w, https:\/\/dai323vbo0kfx.cloudfront.net\/wp-content\/uploads\/2014\/04\/add-platform-768x457.png 768w, https:\/\/dai323vbo0kfx.cloudfront.net\/wp-content\/uploads\/2014\/04\/add-platform-1024x609.png 1024w\" alt=\"WPDM Share on Facebook to Download Addon 02\" width=\"495\" height=\"290\" \/><\/li>\n<li>Luego haga clic en el bot\u00f3n\u00a0<strong>Agregar plataforma<\/strong>\u00a0y seleccione\u00a0<strong>Web<\/strong><\/li>\n<li>Agregue la URL de su sitio y guarde la configuraci\u00f3n<img loading=\"lazy\" decoding=\"async\" class=\"aligncenter\" title=\"WPDM Share on Facebook to Download Addon 03\" src=\"https:\/\/dai323vbo0kfx.cloudfront.net\/wp-content\/uploads\/2014\/04\/WPDM_Share_Lock.png\" sizes=\"auto, (max-width: 1734px) 100vw, 1734px\" srcset=\"https:\/\/dai323vbo0kfx.cloudfront.net\/wp-content\/uploads\/2014\/04\/WPDM_Share_Lock.png 1734w, https:\/\/dai323vbo0kfx.cloudfront.net\/wp-content\/uploads\/2014\/04\/WPDM_Share_Lock-318x350.png 318w, https:\/\/dai323vbo0kfx.cloudfront.net\/wp-content\/uploads\/2014\/04\/WPDM_Share_Lock-768x845.png 768w, https:\/\/dai323vbo0kfx.cloudfront.net\/wp-content\/uploads\/2014\/04\/WPDM_Share_Lock-931x1024.png 931w\" alt=\"WPDM Share on Facebook to Download Addon 03\" width=\"482\" height=\"554\" \/><\/li>\n<li>Ahora est\u00e1s listo para usar Facebook Share Lock. Para habilitar este bloqueo en una descarga, vaya a la configuraci\u00f3n del paquete y verifique el bloqueo compartido de Facebook en la pesta\u00f1a Opciones de bloqueo.<\/li>\n<\/ol>\n<p>&nbsp;<\/p>\n<p>Adquiera ahora WPDM Share on Facebook to Download Addon.[\/vc_column_text][\/vc_column][\/vc_row] css=\u00bb.vc_custom_1629733150529{margin-top: 30px !important;}\u00bb mobile_bg_img_hidden=\u00bbno\u00bb tablet_bg_img_hidden=\u00bbno\u00bb woodmart_parallax=\u00bb0&#8243; woodmart_gradient_switch=\u00bbno\u00bb row_reverse_mobile=\u00bb0&#8243; row_reverse_tablet=\u00bb0&#8243; woodmart_disable_overflow=\u00bb0&#8243;] css=\u00bb.vc_custom_1629733167411{background-color: #f4f4f4 !important;border-radius: 5px !important;}\u00bb mobile_bg_img_hidden=\u00bbno\u00bb tablet_bg_img_hidden=\u00bbno\u00bb woodmart_parallax=\u00bb0&#8243; woodmart_sticky_column=\u00bbfalse\u00bb parallax_scroll=\u00bbno\u00bb mobile_reset_margin=\u00bbno\u00bb tablet_reset_margin=\u00bbno\u00bb]_text woodmart_inline=\u00bbno\u00bb text_larger=\u00bbno\u00bb]<\/p>\n<p style=\"text-align: center;\">Los productos publicados en el sitio son distribuimos bajo licenciamiento <a href=\"https:\/\/www.gnu.org\/licenses\/licenses.es.html\" target=\"_blank\" rel=\"noopener\" data-schema-attribute=\"\"><strong>GPL \/ GNU<\/strong><\/a>. Recuerda siempre revisar nuestros <strong><a href=\"https:\/\/wpclub.pro\/terminos-de-uso\/\" target=\"_blank\" rel=\"noopener\" data-schema-attribute=\"\">T\u00e9rminos de Uso<\/a><\/strong> y <strong><a href=\"https:\/\/wpclub.pro\/politica-de-privacidad\/\" target=\"_blank\" rel=\"noopener\" data-schema-attribute=\"\">Pol\u00edtica de Privacidad<\/a><\/strong>.<\/p>\n<p>[\/vc_column_text][\/vc_column][\/vc_row]<\/p>\n","protected":false},"excerpt":{"rendered":"<p>] css=\u00bb.vc_custom_1629733467375{margin-right: 15px !important;padding-top: 30px !important;padding-right: 30px !important;padding-bottom: 30px !important;padding-left: 30px !important;background-color: #f4f4f4 !important;border-radius: 5px !important;}\u00bb width=\u00bb1\/1&#8243; mobile_bg_img_hidden=\u00bbno\u00bb tablet_bg_img_hidden=\u00bbno\u00bb woodmart_parallax=\u00bb0&#8243;<\/p>","protected":false},"featured_media":41049,"comment_status":"closed","ping_status":"closed","template":"","meta":{"_acf_changed":false},"product_brand":[],"product_cat":[67],"product_tag":[183],"class_list":{"0":"post-41048","1":"product","2":"type-product","3":"status-publish","4":"has-post-thumbnail","6":"product_cat-wordpress-plugins","7":"product_tag-plugins-para-descargas-y-mapas","8":"pa_autores-wp-download-manager","10":"first","11":"instock","12":"sale","13":"featured","14":"downloadable","15":"virtual","16":"sold-individually","17":"purchasable","18":"product-type-simple"},"acf":[],"_links":{"self":[{"href":"https:\/\/wpclub.pro\/en\/wp-json\/wp\/v2\/product\/41048","targetHints":{"allow":["GET"]}}],"collection":[{"href":"https:\/\/wpclub.pro\/en\/wp-json\/wp\/v2\/product"}],"about":[{"href":"https:\/\/wpclub.pro\/en\/wp-json\/wp\/v2\/types\/product"}],"replies":[{"embeddable":true,"href":"https:\/\/wpclub.pro\/en\/wp-json\/wp\/v2\/comments?post=41048"}],"version-history":[{"count":0,"href":"https:\/\/wpclub.pro\/en\/wp-json\/wp\/v2\/product\/41048\/revisions"}],"wp:featuredmedia":[{"embeddable":true,"href":"https:\/\/wpclub.pro\/en\/wp-json\/wp\/v2\/media\/41049"}],"wp:attachment":[{"href":"https:\/\/wpclub.pro\/en\/wp-json\/wp\/v2\/media?parent=41048"}],"wp:term":[{"taxonomy":"product_brand","embeddable":true,"href":"https:\/\/wpclub.pro\/en\/wp-json\/wp\/v2\/product_brand?post=41048"},{"taxonomy":"product_cat","embeddable":true,"href":"https:\/\/wpclub.pro\/en\/wp-json\/wp\/v2\/product_cat?post=41048"},{"taxonomy":"product_tag","embeddable":true,"href":"https:\/\/wpclub.pro\/en\/wp-json\/wp\/v2\/product_tag?post=41048"}],"curies":[{"name":"wp","href":"https:\/\/api.w.org\/{rel}","templated":true}]}}