{"id":41050,"date":"2024-05-09T14:30:05","date_gmt":"2024-05-09T18:30:05","guid":{"rendered":"https:\/\/wpclub.pro\/?post_type=product&#038;p=41050"},"modified":"2024-10-03T12:43:54","modified_gmt":"2024-10-03T15:43:54","slug":"wpdm-wordpress-pdf-stamper-addon","status":"publish","type":"product","link":"https:\/\/wpclub.pro\/en\/item\/wpdm-wordpress-pdf-stamper-addon\/","title":{"rendered":"WPDM WordPress PDF Stamper Addon 3.0.4"},"content":{"rendered":"<p>] css=\u00bb.vc_custom_1629733467375{margin-right: 15px !important;padding-top: 30px !important;padding-right: 30px !important;padding-bottom: 30px !important;padding-left: 30px !important;background-color: #f4f4f4 !important;border-radius: 5px !important;}\u00bb width=\u00bb1\/1&#8243; mobile_bg_img_hidden=\u00bbno\u00bb tablet_bg_img_hidden=\u00bbno\u00bb woodmart_parallax=\u00bb0&#8243; woodmart_sticky_column=\u00bbfalse\u00bb parallax_scroll=\u00bbno\u00bb mobile_reset_margin=\u00bbno\u00bb tablet_reset_margin=\u00bbno\u00bb]_text woodmart_inline=\u00bbno\u00bb text_larger=\u00bbno\u00bb]<\/p>\n<h2><strong>WPDM WordPress PDF Stamper Addon<\/strong><\/h2>\n<p>&nbsp;<\/p>\n<p>El complemento WPDM WordPress PDF Stamper Addon est\u00e1 especialmente desarrollado para WordPress Download Manager para proteger archivos PDF con derechos de autor incluso despu\u00e9s de que un usuario los descargue.<\/p>\n<p>Con este complemento, puede sellar sus libros electr\u00f3nicos con los detalles del cliente para desalentar el intercambio de archivos. Se aplicar\u00e1 un sello personalizado din\u00e1micamente antes de descargar el archivo.<\/p>\n<h4><strong>Lo que buscabas<\/strong><\/h4>\n<p>Puede configurar opciones espec\u00edficas como texto del sello, posiciones y colores f\u00e1cilmente desde la p\u00e1gina de configuraci\u00f3n. Si vende libros electr\u00f3nicos, el complemento de estampado de PDF con el administrador de descargas de WordPress y el complemento del paquete premium\u00a0podr\u00edan ser una soluci\u00f3n perfecta para usted.<\/p>\n<h3>Caracter\u00edsticas del complemento WPDM WordPress PDF Stamper Addon:<\/h3>\n<ul>\n<li>\n<h3>F\u00e1cil de usar<\/h3>\n<p>F\u00e1cil instalaci\u00f3n, como cualquier otro complemento normal, c\u00e1rguelo y act\u00edvelo, sin opciones de configuraci\u00f3n complicadas, solo una p\u00e1gina de configuraci\u00f3n simple con opciones simples pero que cubre todo lo que necesita.<br \/>\n<img loading=\"lazy\" decoding=\"async\" class=\"aligncenter\" title=\"WPDM WordPress PDF Stamper Addon 01\" src=\"https:\/\/dai323vbo0kfx.cloudfront.net\/wp-content\/uploads\/2014\/11\/WordPress-PDF-Stamper-Options.png\" sizes=\"auto, (max-width: 767px) 100vw, 767px\" srcset=\"https:\/\/dai323vbo0kfx.cloudfront.net\/wp-content\/uploads\/2014\/11\/WordPress-PDF-Stamper-Options.png 767w, https:\/\/dai323vbo0kfx.cloudfront.net\/wp-content\/uploads\/2014\/11\/WordPress-PDF-Stamper-Options-161x350.png 161w, https:\/\/dai323vbo0kfx.cloudfront.net\/wp-content\/uploads\/2014\/11\/WordPress-PDF-Stamper-Options-471x1024.png 471w, https:\/\/dai323vbo0kfx.cloudfront.net\/wp-content\/uploads\/2014\/11\/WordPress-PDF-Stamper-Options-706x1536.png 706w\" alt=\"WPDM WordPress PDF Stamper Addon 01\" width=\"476\" height=\"1098\" \/><\/li>\n<\/ul>\n<h4>Proteger libro electr\u00f3nico<\/h4>\n<p>Proteja sus libros electr\u00f3nicos para que no se compartan ilegalmente en sitios de intercambio de archivos.<\/p>\n<h4>Cifrar archivos PDF<\/h4>\n<p>Cifre los archivos PDF estampados para evitar que los usuarios puedan copiar, modificar o imprimir el contenido del archivo.<\/p>\n<h4>Libros electr\u00f3nicos de sellos<\/h4>\n<p>Selle los datos del cliente en el encabezado o pie de p\u00e1gina de cada libro electr\u00f3nico (archivo PDF) que venda.<\/p>\n<h4>Imagen de marca de agua<\/h4>\n<p>Adem\u00e1s del texto, tambi\u00e9n puedes agregar una marca de agua de imagen a tu archivo PDF con el nivel de transparencia especificado.<\/p>\n<p>&nbsp;<\/p>\n<p>Adquiera ahora WPDM WordPress PDF Stamper Addon.[\/vc_column_text][\/vc_column][\/vc_row] css=\u00bb.vc_custom_1629733150529{margin-top: 30px !important;}\u00bb mobile_bg_img_hidden=\u00bbno\u00bb tablet_bg_img_hidden=\u00bbno\u00bb woodmart_parallax=\u00bb0&#8243; woodmart_gradient_switch=\u00bbno\u00bb row_reverse_mobile=\u00bb0&#8243; row_reverse_tablet=\u00bb0&#8243; woodmart_disable_overflow=\u00bb0&#8243;] css=\u00bb.vc_custom_1629733167411{background-color: #f4f4f4 !important;border-radius: 5px !important;}\u00bb mobile_bg_img_hidden=\u00bbno\u00bb tablet_bg_img_hidden=\u00bbno\u00bb woodmart_parallax=\u00bb0&#8243; woodmart_sticky_column=\u00bbfalse\u00bb parallax_scroll=\u00bbno\u00bb mobile_reset_margin=\u00bbno\u00bb tablet_reset_margin=\u00bbno\u00bb]_text woodmart_inline=\u00bbno\u00bb text_larger=\u00bbno\u00bb]<\/p>\n<p style=\"text-align: center;\">Los productos publicados en el sitio son distribuimos bajo licenciamiento <a href=\"https:\/\/www.gnu.org\/licenses\/licenses.es.html\" target=\"_blank\" rel=\"noopener\" data-schema-attribute=\"\"><strong>GPL \/ GNU<\/strong><\/a>. Recuerda siempre revisar nuestros <strong><a href=\"https:\/\/wpclub.pro\/terminos-de-uso\/\" target=\"_blank\" rel=\"noopener\" data-schema-attribute=\"\">T\u00e9rminos de Uso<\/a><\/strong> y <strong><a href=\"https:\/\/wpclub.pro\/politica-de-privacidad\/\" target=\"_blank\" rel=\"noopener\" data-schema-attribute=\"\">Pol\u00edtica de Privacidad<\/a><\/strong>.<\/p>\n<p>[\/vc_column_text][\/vc_column][\/vc_row]<\/p>\n","protected":false},"excerpt":{"rendered":"<p>] css=\u00bb.vc_custom_1629733467375{margin-right: 15px !important;padding-top: 30px !important;padding-right: 30px !important;padding-bottom: 30px !important;padding-left: 30px !important;background-color: #f4f4f4 !important;border-radius: 5px !important;}\u00bb width=\u00bb1\/1&#8243; mobile_bg_img_hidden=\u00bbno\u00bb tablet_bg_img_hidden=\u00bbno\u00bb woodmart_parallax=\u00bb0&#8243;<\/p>","protected":false},"featured_media":41052,"comment_status":"closed","ping_status":"closed","template":"","meta":{"_acf_changed":false},"product_brand":[],"product_cat":[67],"product_tag":[183],"class_list":{"0":"post-41050","1":"product","2":"type-product","3":"status-publish","4":"has-post-thumbnail","6":"product_cat-wordpress-plugins","7":"product_tag-plugins-para-descargas-y-mapas","8":"pa_autores-wp-download-manager","10":"first","11":"instock","12":"sale","13":"featured","14":"downloadable","15":"virtual","16":"sold-individually","17":"purchasable","18":"product-type-simple"},"acf":[],"_links":{"self":[{"href":"https:\/\/wpclub.pro\/en\/wp-json\/wp\/v2\/product\/41050","targetHints":{"allow":["GET"]}}],"collection":[{"href":"https:\/\/wpclub.pro\/en\/wp-json\/wp\/v2\/product"}],"about":[{"href":"https:\/\/wpclub.pro\/en\/wp-json\/wp\/v2\/types\/product"}],"replies":[{"embeddable":true,"href":"https:\/\/wpclub.pro\/en\/wp-json\/wp\/v2\/comments?post=41050"}],"version-history":[{"count":0,"href":"https:\/\/wpclub.pro\/en\/wp-json\/wp\/v2\/product\/41050\/revisions"}],"wp:featuredmedia":[{"embeddable":true,"href":"https:\/\/wpclub.pro\/en\/wp-json\/wp\/v2\/media\/41052"}],"wp:attachment":[{"href":"https:\/\/wpclub.pro\/en\/wp-json\/wp\/v2\/media?parent=41050"}],"wp:term":[{"taxonomy":"product_brand","embeddable":true,"href":"https:\/\/wpclub.pro\/en\/wp-json\/wp\/v2\/product_brand?post=41050"},{"taxonomy":"product_cat","embeddable":true,"href":"https:\/\/wpclub.pro\/en\/wp-json\/wp\/v2\/product_cat?post=41050"},{"taxonomy":"product_tag","embeddable":true,"href":"https:\/\/wpclub.pro\/en\/wp-json\/wp\/v2\/product_tag?post=41050"}],"curies":[{"name":"wp","href":"https:\/\/api.w.org\/{rel}","templated":true}]}}