{"id":42190,"date":"2024-06-14T12:16:23","date_gmt":"2024-06-14T16:16:23","guid":{"rendered":"https:\/\/wpclub.pro\/?post_type=product&#038;p=42190"},"modified":"2024-10-03T12:39:00","modified_gmt":"2024-10-03T15:39:00","slug":"genida-rough-font","status":"publish","type":"product","link":"https:\/\/wpclub.pro\/en\/item\/genida-rough-font\/","title":{"rendered":"Genida Rough Font"},"content":{"rendered":"<p>] css=\u00bb.vc_custom_1629733467375{margin-right: 15px !important;padding-top: 30px !important;padding-right: 30px !important;padding-bottom: 30px !important;padding-left: 30px !important;background-color: #f4f4f4 !important;border-radius: 5px !important;}\u00bb width=\u00bb1\/1&#8243; mobile_bg_img_hidden=\u00bbno\u00bb tablet_bg_img_hidden=\u00bbno\u00bb woodmart_parallax=\u00bb0&#8243; woodmart_sticky_column=\u00bbfalse\u00bb parallax_scroll=\u00bbno\u00bb mobile_reset_margin=\u00bbno\u00bb tablet_reset_margin=\u00bbno\u00bb]_text woodmart_inline=\u00bbno\u00bb text_larger=\u00bbno\u00bb]<\/p>\n<h2><strong><span>Genida Rough Font <\/span><\/strong><\/h2>\n<p>&nbsp;<\/p>\n<p>Donde el funk se encuentra con las vibraciones<\/p>\n<p>&nbsp;<\/p>\n<h4><strong><span>Fuente de visualizaci\u00f3n funky y psicod\u00e9lica<\/span><\/strong><\/h4>\n<p><span>Genida Rough Font es una fuente <\/span><span>de visualizaci\u00f3n<\/span><span>\u00a0original y psicod\u00e9lica con un ambiente \u00e1spero, dise\u00f1ada para inyectar diversi\u00f3n y compromiso en tus dise\u00f1os. Su estilo \u00fanico a\u00f1ade un toque divertido a cualquier proyecto, lo que lo hace perfecto para carteles, portadas de \u00e1lbumes y otros trabajos creativos en los que quieras destacar.<\/span><\/p>\n<h4><strong><span>Rugosidad expresiva para el impacto<\/span><\/strong><\/h4>\n<p><span>Con su aspereza expresiva, Genida Rough Font garantiza que su mensaje resuene con impacto. Cada letra irradia personalidad y energ\u00eda, lo que contribuye a un dise\u00f1o din\u00e1mico y atractivo que capta la atenci\u00f3n y deja una impresi\u00f3n duradera.<\/span><\/p>\n<h4><strong><span>Vers\u00e1til para una creatividad diversa<\/span><\/strong><\/h4>\n<p><span>A pesar de su aspecto \u00e1spero, Genida Rough Font ofrece versatilidad para diversas aplicaciones de dise\u00f1o. Desde titulares atrevidos hasta marcas extravagantes, su comportamiento divertido y su encanto psicod\u00e9lico lo hacen adecuado para una amplia gama de proyectos, incluidos anuncios, empaques y promociones de eventos. <\/span><\/p>\n<p><span>Ya sea que est\u00e9s dando rienda suelta al artista que llevas dentro o elevando la personalidad de tu marca, Genida Rough aporta la combinaci\u00f3n perfecta de funk y vibraciones a tu kit de herramientas de dise\u00f1o.<\/span><\/p>\n<h4><strong><span>Lo que obtienes :<\/span><\/strong><\/h4>\n<ol>\n<li>Genida Rough Regular<\/li>\n<li>Genida Rough Italic<\/li>\n<\/ol>\n<h3><strong><span>Caracter\u00edsticas :<\/span><\/strong><\/h3>\n<ol>\n<li><span>Caracteres en may\u00fasculas y min\u00fasculas<\/span><\/li>\n<li><span>N\u00fameros y puntuaci\u00f3n (est\u00e1ndar OpenType)<\/span><\/li>\n<li><span>Acentos (admite caracteres multiling\u00fces)<\/span><\/li>\n<li><span>Codificaci\u00f3n PUA<\/span><\/li>\n<\/ol>\n<p><em><span>Puedes utilizar este tipo de letra sin necesidad de ning\u00fan software especializado.<\/span><\/em><\/p>\n<p>&nbsp;<\/p>\n<p>Adquiera ahora Genida Rough Font.[\/vc_column_text][\/vc_column][\/vc_row] css=\u00bb.vc_custom_1629733150529{margin-top: 30px !important;}\u00bb mobile_bg_img_hidden=\u00bbno\u00bb tablet_bg_img_hidden=\u00bbno\u00bb woodmart_parallax=\u00bb0&#8243; woodmart_gradient_switch=\u00bbno\u00bb row_reverse_mobile=\u00bb0&#8243; row_reverse_tablet=\u00bb0&#8243; woodmart_disable_overflow=\u00bb0&#8243;] css=\u00bb.vc_custom_1629733167411{background-color: #f4f4f4 !important;border-radius: 5px !important;}\u00bb mobile_bg_img_hidden=\u00bbno\u00bb tablet_bg_img_hidden=\u00bbno\u00bb woodmart_parallax=\u00bb0&#8243; woodmart_sticky_column=\u00bbfalse\u00bb parallax_scroll=\u00bbno\u00bb mobile_reset_margin=\u00bbno\u00bb tablet_reset_margin=\u00bbno\u00bb]_text woodmart_inline=\u00bbno\u00bb text_larger=\u00bbno\u00bb]<\/p>\n<p style=\"text-align: center;\">Los productos publicados en el sitio son distribuimos bajo licenciamiento <a href=\"https:\/\/www.gnu.org\/licenses\/licenses.es.html\" target=\"_blank\" rel=\"noopener\" data-schema-attribute=\"\"><strong>GPL \/ GNU<\/strong><\/a>. Recuerda siempre revisar nuestros <strong><a href=\"https:\/\/wpclub.pro\/terminos-de-uso\/\" target=\"_blank\" rel=\"noopener\" data-schema-attribute=\"\">T\u00e9rminos de Uso<\/a><\/strong> y <strong><a href=\"https:\/\/wpclub.pro\/politica-de-privacidad\/\" target=\"_blank\" rel=\"noopener\" data-schema-attribute=\"\">Pol\u00edtica de Privacidad<\/a><\/strong>.<\/p>\n<p>[\/vc_column_text][\/vc_column][\/vc_row]<\/p>\n","protected":false},"excerpt":{"rendered":"<p>] css=\u00bb.vc_custom_1629733467375{margin-right: 15px !important;padding-top: 30px !important;padding-right: 30px !important;padding-bottom: 30px !important;padding-left: 30px !important;background-color: #f4f4f4 !important;border-radius: 5px !important;}\u00bb width=\u00bb1\/1&#8243; mobile_bg_img_hidden=\u00bbno\u00bb tablet_bg_img_hidden=\u00bbno\u00bb woodmart_parallax=\u00bb0&#8243;<\/p>","protected":false},"featured_media":42191,"comment_status":"closed","ping_status":"closed","template":"","meta":{"_acf_changed":false},"product_brand":[],"product_cat":[438],"product_tag":[440,441],"class_list":{"0":"post-42190","1":"product","2":"type-product","3":"status-publish","4":"has-post-thumbnail","6":"product_cat-fuentes","7":"product_tag-otf","8":"product_tag-ttf","9":"pa_autores-craftsupply","11":"first","12":"instock","13":"sale","14":"downloadable","15":"virtual","16":"sold-individually","17":"purchasable","18":"product-type-simple"},"acf":[],"_links":{"self":[{"href":"https:\/\/wpclub.pro\/en\/wp-json\/wp\/v2\/product\/42190","targetHints":{"allow":["GET"]}}],"collection":[{"href":"https:\/\/wpclub.pro\/en\/wp-json\/wp\/v2\/product"}],"about":[{"href":"https:\/\/wpclub.pro\/en\/wp-json\/wp\/v2\/types\/product"}],"replies":[{"embeddable":true,"href":"https:\/\/wpclub.pro\/en\/wp-json\/wp\/v2\/comments?post=42190"}],"version-history":[{"count":0,"href":"https:\/\/wpclub.pro\/en\/wp-json\/wp\/v2\/product\/42190\/revisions"}],"wp:featuredmedia":[{"embeddable":true,"href":"https:\/\/wpclub.pro\/en\/wp-json\/wp\/v2\/media\/42191"}],"wp:attachment":[{"href":"https:\/\/wpclub.pro\/en\/wp-json\/wp\/v2\/media?parent=42190"}],"wp:term":[{"taxonomy":"product_brand","embeddable":true,"href":"https:\/\/wpclub.pro\/en\/wp-json\/wp\/v2\/product_brand?post=42190"},{"taxonomy":"product_cat","embeddable":true,"href":"https:\/\/wpclub.pro\/en\/wp-json\/wp\/v2\/product_cat?post=42190"},{"taxonomy":"product_tag","embeddable":true,"href":"https:\/\/wpclub.pro\/en\/wp-json\/wp\/v2\/product_tag?post=42190"}],"curies":[{"name":"wp","href":"https:\/\/api.w.org\/{rel}","templated":true}]}}