{"id":42783,"date":"2025-09-09T11:18:44","date_gmt":"2025-09-09T14:18:44","guid":{"rendered":"https:\/\/wpclub.pro\/?post_type=product&#038;p=42783"},"modified":"2025-09-09T11:20:52","modified_gmt":"2025-09-09T14:20:52","slug":"pmpro-group-accounts","status":"publish","type":"product","link":"https:\/\/wpclub.pro\/en\/item\/pmpro-group-accounts\/","title":{"rendered":"PMPRO Group Accounts Addon 1.5.1"},"content":{"rendered":"<div data-elementor-type=\"product-post\" data-elementor-id=\"42783\" class=\"elementor elementor-42783\" data-elementor-post-type=\"product\">\n\t\t\t\t<div class=\"wd-negative-gap elementor-element elementor-element-5843a41f e-flex e-con-boxed e-con e-parent\" data-id=\"5843a41f\" data-element_type=\"container\" data-e-type=\"container\">\n\t\t\t\t\t<div class=\"e-con-inner\">\n\t\t\t\t<div class=\"elementor-element elementor-element-643ff944 color-scheme-inherit text-left elementor-widget elementor-widget-text-editor\" data-id=\"643ff944\" data-element_type=\"widget\" data-e-type=\"widget\" data-widget_type=\"text-editor.default\">\n\t\t\t\t<div class=\"elementor-widget-container\">\n\t\t\t\t\t\t\t\t\t<h2><strong style=\"color: var(--wd-title-color); font-family: var(--wd-title-font); font-size: 24px; font-style: var(--wd-title-font-style); text-transform: var(--wd-title-transform); text-align: var(--text-align);\">PMPRO Group Accounts Addon<\/strong><\/h2><p>Con PMPRO Group Accounts Addon venda membres\u00edas grupales a organizaciones corporativas, familias, equipos o cualquier grupo de personas donde un miembro paga para que un grupo de personas acceda a su contenido individualmente.<\/p><h4><strong>What you were looking for<\/strong><\/h4><p>El complemento PMPRO Group Accounts Addon le permite vender membres\u00edas grupales, donde una cuenta (la cuenta principal) administra y paga a un grupo de miembros (cuentas secundarias).<\/p><p>Con la capacidad de agregar varios miembros en una cuenta principal, las empresas pueden ampliar significativamente su base de usuarios y sus ingresos.<\/p><h3 id=\"h-popular-use-cases-for-group-accounts\" class=\"wp-block-heading\">Casos de uso populares de PMPRO Group Accounts Addon<\/h3><p>El complemento Group Accounts Addon se puede utilizar en muchos tipos de sitios de membres\u00eda y suscripci\u00f3n. Algunos de los escenarios m\u00e1s populares para cuentas de grupo o de equipo incluyen:<\/p><ol><li><strong>Capacitaci\u00f3n y recursos corporativos<\/strong>\u00a0: Las corporaciones compran membres\u00edas para sus empleados, brind\u00e1ndoles acceso a materiales de capacitaci\u00f3n y recursos exclusivos para el desarrollo profesional.<\/li><li><strong>Instituciones educativas<\/strong>\u00a0: Las escuelas o universidades pueden ofrecer acceso a\u00a0cursos y contenido acad\u00e9mico\u00a0a estudiantes y profesores a trav\u00e9s de una \u00fanica cuenta grupal.<\/li><li><strong>Planes Familiares<\/strong>\u00a0: Ideales para servicios o contenidos orientados a la familia, permitiendo que un miembro de la familia administre y pague el acceso para toda la familia.<\/li><li><strong>Programas de salud y bienestar<\/strong>\u00a0: Los gimnasios o centros de bienestar pueden ofrecer membres\u00edas grupales a clientes corporativos o familias, promoviendo la salud y el fitness.<\/li><li><strong>Comunidades y clubes en l\u00ednea<\/strong>\u00a0: los clubes o\u00a0plataformas de comunidades en l\u00ednea\u00a0pueden configurar cuentas grupales para administrar membres\u00edas de diferentes grupos de inter\u00e9s o subcomunidades.<\/li><li><strong>Servicios basados en suscripci\u00f3n<\/strong>\u00a0: para servicios que ofrecen\u00a0contenido\u00a0o funciones escalonadas, como\u00a0servicios de transmisi\u00f3n de video\u00a0o herramientas de software, que permiten que un titular de cuenta principal administre el acceso para un grupo.<\/li><\/ol><p>No importa lo que est\u00e9s creando, con PMPro puedes crear tu sitio de membres\u00eda a tu manera. Si bien esta lista es un punto de partida \u00fatil, es posible que tengas otras ideas sobre c\u00f3mo vender membres\u00edas grupales de una manera que se adapte mejor a los objetivos de tu sitio de membres\u00eda.<\/p><p>Adquiera ahora PMPRO Group Accounts Addon.<\/p>\t\t\t\t\t\t\t\t<\/div>\n\t\t\t\t<\/div>\n\t\t\t\t\t<\/div>\n\t\t\t\t<\/div>\n\t\t\t\t<\/div>","protected":false},"excerpt":{"rendered":"<p>PMPRO Group Accounts Addon Con PMPRO Group Accounts Addon venda membres\u00edas grupales a organizaciones corporativas, familias, equipos o cualquier grupo<\/p>","protected":false},"featured_media":79581,"comment_status":"closed","ping_status":"closed","template":"","meta":{"_acf_changed":false},"product_brand":[],"product_cat":[67],"product_tag":[128],"class_list":{"0":"post-42783","1":"product","2":"type-product","3":"status-publish","4":"has-post-thumbnail","6":"product_cat-wordpress-plugins","7":"product_tag-plugins-para-membresias-y-suscripciones","8":"pa_autores-paid-memberships-pro","10":"first","11":"instock","12":"sale","13":"downloadable","14":"virtual","15":"sold-individually","16":"purchasable","17":"product-type-simple"},"acf":[],"_links":{"self":[{"href":"https:\/\/wpclub.pro\/en\/wp-json\/wp\/v2\/product\/42783","targetHints":{"allow":["GET"]}}],"collection":[{"href":"https:\/\/wpclub.pro\/en\/wp-json\/wp\/v2\/product"}],"about":[{"href":"https:\/\/wpclub.pro\/en\/wp-json\/wp\/v2\/types\/product"}],"replies":[{"embeddable":true,"href":"https:\/\/wpclub.pro\/en\/wp-json\/wp\/v2\/comments?post=42783"}],"version-history":[{"count":0,"href":"https:\/\/wpclub.pro\/en\/wp-json\/wp\/v2\/product\/42783\/revisions"}],"wp:featuredmedia":[{"embeddable":true,"href":"https:\/\/wpclub.pro\/en\/wp-json\/wp\/v2\/media\/79581"}],"wp:attachment":[{"href":"https:\/\/wpclub.pro\/en\/wp-json\/wp\/v2\/media?parent=42783"}],"wp:term":[{"taxonomy":"product_brand","embeddable":true,"href":"https:\/\/wpclub.pro\/en\/wp-json\/wp\/v2\/product_brand?post=42783"},{"taxonomy":"product_cat","embeddable":true,"href":"https:\/\/wpclub.pro\/en\/wp-json\/wp\/v2\/product_cat?post=42783"},{"taxonomy":"product_tag","embeddable":true,"href":"https:\/\/wpclub.pro\/en\/wp-json\/wp\/v2\/product_tag?post=42783"}],"curies":[{"name":"wp","href":"https:\/\/api.w.org\/{rel}","templated":true}]}}