{"id":43514,"date":"2024-07-30T12:22:35","date_gmt":"2024-07-30T16:22:35","guid":{"rendered":"https:\/\/wpclub.pro\/?post_type=product&#038;p=43514"},"modified":"2025-08-21T13:55:08","modified_gmt":"2025-08-21T17:55:08","slug":"apex-construction-elementor-kit","status":"publish","type":"product","link":"https:\/\/wpclub.pro\/en\/item\/apex-construction-elementor-kit\/","title":{"rendered":"Apex Construction Elementor Kit"},"content":{"rendered":"<p>] css=\u00bb.vc_custom_1629733467375{margin-right: 15px !important;padding-top: 30px !important;padding-right: 30px !important;padding-bottom: 30px !important;padding-left: 30px !important;background-color: #f4f4f4 !important;border-radius: 5px !important;}\u00bb width=\u00bb1\/1&#8243; mobile_bg_img_hidden=\u00bbno\u00bb tablet_bg_img_hidden=\u00bbno\u00bb woodmart_parallax=\u00bb0&#8243; woodmart_sticky_column=\u00bbfalse\u00bb parallax_scroll=\u00bbno\u00bb mobile_reset_margin=\u00bbno\u00bb tablet_reset_margin=\u00bbno\u00bb]_text woodmart_inline=\u00bbno\u00bb text_larger=\u00bbno\u00bb]<\/p>\n<h2>Apex Construction Elementor Kit<\/h2>\n<p>&nbsp;<\/p>\n<p>Apex es un moderno y elegante kit de plantillas de Elementor para empresas de construcci\u00f3n. Tambi\u00e9n puede utilizar este kit de plantillas creativas para empresas de arquitectura, agencias de construcci\u00f3n, fabricaci\u00f3n, industria, f\u00e1bricas, almacenes y m\u00e1s.<\/p>\n<p>Los kits de plantillas de Elementor contienen contenido de p\u00e1gina para el generador de p\u00e1ginas de Elementor. Este kit se ha optimizado para su uso con el tema gratuito Hello Elementor, pero se puede utilizar con la mayor\u00eda de los temas compatibles con Elementor.<\/p>\n<h3>Caracter\u00edsticas de Apex Construction Elementor Kit<\/h3>\n<ul>\n<li>100% responsivo y compatible con dispositivos m\u00f3viles<\/li>\n<li>Dise\u00f1o moderno y limpio<\/li>\n<li>F\u00e1cil de editar y personalizar<\/li>\n<li>M\u00e1s de 12 plantillas predise\u00f1adas listas para usar<\/li>\n<li>Kit de plantillas creado con el tema Hello Elementor<\/li>\n<\/ul>\n<h3>Plugins Necesarios para Apex Construction Elementor Kit<\/h3>\n<ul>\n<li>Elementor<\/li>\n<li>ElementsKit Lite<\/li>\n<li>MetForm<\/li>\n<\/ul>\n<h3>C\u00f3mo Utilizar Apex Construction Elementor Kit<\/h3>\n<ul>\n<li>Descarga desde el repositorio de WordPress el plugin \u00abEnvato Elements\u00bb o \u201cTemplate Kit Import\u201d.<\/li>\n<li>Importa tu Elementor Template Kit adquirido.<\/li>\n<li>Cargar los estilos globales y utiliza todo seg\u00fan desees al momento de crear una nueva p\u00e1gina.<\/li>\n<\/ul>\n<p>[\/vc_column_text][\/vc_column][\/vc_row] css=\u00bb.vc_custom_1629733150529{margin-top: 30px !important;}\u00bb mobile_bg_img_hidden=\u00bbno\u00bb tablet_bg_img_hidden=\u00bbno\u00bb woodmart_parallax=\u00bb0&#8243; woodmart_gradient_switch=\u00bbno\u00bb row_reverse_mobile=\u00bb0&#8243; row_reverse_tablet=\u00bb0&#8243; woodmart_disable_overflow=\u00bb0&#8243;] css=\u00bb.vc_custom_1629733167411{background-color: #f4f4f4 !important;border-radius: 5px !important;}\u00bb mobile_bg_img_hidden=\u00bbno\u00bb tablet_bg_img_hidden=\u00bbno\u00bb woodmart_parallax=\u00bb0&#8243; woodmart_sticky_column=\u00bbfalse\u00bb parallax_scroll=\u00bbno\u00bb mobile_reset_margin=\u00bbno\u00bb tablet_reset_margin=\u00bbno\u00bb]_text woodmart_inline=\u00bbno\u00bb text_larger=\u00bbno\u00bb]<\/p>\n<p style=\"text-align: center;\">Los productos publicados en el sitio son distribuimos bajo licenciamiento <a href=\"https:\/\/www.gnu.org\/licenses\/licenses.es.html\" target=\"_blank\" rel=\"noopener\" data-schema-attribute=\"\"><strong>GPL \/ GNU<\/strong><\/a>. Recuerda siempre revisar nuestros <strong><a href=\"https:\/\/wpclub.pro\/terminos-de-uso\/\" target=\"_blank\" rel=\"noopener\" data-schema-attribute=\"\">T\u00e9rminos de Uso<\/a><\/strong> y <strong><a href=\"https:\/\/wpclub.pro\/politica-de-privacidad\/\" target=\"_blank\" rel=\"noopener\" data-schema-attribute=\"\">Pol\u00edtica de Privacidad<\/a><\/strong>.<\/p>\n<p>[\/vc_column_text][\/vc_column][\/vc_row]<\/p>\n","protected":false},"excerpt":{"rendered":"<p>] css=\u00bb.vc_custom_1629733467375{margin-right: 15px !important;padding-top: 30px !important;padding-right: 30px !important;padding-bottom: 30px !important;padding-left: 30px !important;background-color: #f4f4f4 !important;border-radius: 5px !important;}\u00bb width=\u00bb1\/1&#8243; mobile_bg_img_hidden=\u00bbno\u00bb tablet_bg_img_hidden=\u00bbno\u00bb woodmart_parallax=\u00bb0&#8243;<\/p>","protected":false},"featured_media":43515,"comment_status":"closed","ping_status":"closed","template":"","meta":{"_acf_changed":false},"product_brand":[],"product_cat":[457],"product_tag":[553],"class_list":{"0":"post-43514","1":"product","2":"type-product","3":"status-publish","4":"has-post-thumbnail","6":"product_cat-elementor-template-kit","7":"product_tag-temas-para-construccion-y-bienes-raices","8":"pa_autores-themeforest","10":"first","11":"instock","12":"sale","13":"downloadable","14":"virtual","15":"sold-individually","16":"purchasable","17":"product-type-simple"},"acf":[],"_links":{"self":[{"href":"https:\/\/wpclub.pro\/en\/wp-json\/wp\/v2\/product\/43514","targetHints":{"allow":["GET"]}}],"collection":[{"href":"https:\/\/wpclub.pro\/en\/wp-json\/wp\/v2\/product"}],"about":[{"href":"https:\/\/wpclub.pro\/en\/wp-json\/wp\/v2\/types\/product"}],"replies":[{"embeddable":true,"href":"https:\/\/wpclub.pro\/en\/wp-json\/wp\/v2\/comments?post=43514"}],"version-history":[{"count":0,"href":"https:\/\/wpclub.pro\/en\/wp-json\/wp\/v2\/product\/43514\/revisions"}],"wp:featuredmedia":[{"embeddable":true,"href":"https:\/\/wpclub.pro\/en\/wp-json\/wp\/v2\/media\/43515"}],"wp:attachment":[{"href":"https:\/\/wpclub.pro\/en\/wp-json\/wp\/v2\/media?parent=43514"}],"wp:term":[{"taxonomy":"product_brand","embeddable":true,"href":"https:\/\/wpclub.pro\/en\/wp-json\/wp\/v2\/product_brand?post=43514"},{"taxonomy":"product_cat","embeddable":true,"href":"https:\/\/wpclub.pro\/en\/wp-json\/wp\/v2\/product_cat?post=43514"},{"taxonomy":"product_tag","embeddable":true,"href":"https:\/\/wpclub.pro\/en\/wp-json\/wp\/v2\/product_tag?post=43514"}],"curies":[{"name":"wp","href":"https:\/\/api.w.org\/{rel}","templated":true}]}}