{"id":43672,"date":"2025-09-19T10:44:43","date_gmt":"2025-09-19T13:44:43","guid":{"rendered":"https:\/\/wpclub.pro\/?post_type=product&#038;p=43672"},"modified":"2025-09-19T10:46:27","modified_gmt":"2025-09-19T13:46:27","slug":"wp-adverts-buddypress-integration","status":"publish","type":"product","link":"https:\/\/wpclub.pro\/en\/item\/wp-adverts-buddypress-integration\/","title":{"rendered":"WP Adverts BuddyPress Integration 1.2.2"},"content":{"rendered":"\t\t<div data-elementor-type=\"product-post\" data-elementor-id=\"43672\" class=\"elementor elementor-43672\" data-elementor-post-type=\"product\">\n\t\t\t\t<div class=\"wd-negative-gap elementor-element elementor-element-115bbc28 e-flex e-con-boxed e-con e-parent\" data-id=\"115bbc28\" data-element_type=\"container\" data-e-type=\"container\">\n\t\t\t\t\t<div class=\"e-con-inner\">\n\t\t\t\t<div class=\"elementor-element elementor-element-1bd57eb5 color-scheme-inherit text-left elementor-widget elementor-widget-text-editor\" data-id=\"1bd57eb5\" data-element_type=\"widget\" data-e-type=\"widget\" data-widget_type=\"text-editor.default\">\n\t\t\t\t<div class=\"elementor-widget-container\">\n\t\t\t\t\t\t\t\t\t<p><em><strong>Importante<\/strong>: Debe instalar WpAdverts Core antes de agregar este complemento.<\/em><\/p><h2><strong>WP Adverts BuddyPress Integration<\/strong><\/h2><p>Si quieres tener tu propia red social para tu deporte, afici\u00f3n o nicho, BuddyPress y la versi\u00f3n premium BuddyBoss son los complementos de redes sociales est\u00e1ndar de facto, \u00a1y WPAdvert funciona con ambos a la perfecci\u00f3n!<\/p><p>\u00bfPor qu\u00e9 BuddyPress es importante para ti? Porque a la gente le ENCANTA comprarle a gente que conoce, o al menos a gente que otras personas conocen y cuya reputaci\u00f3n est\u00e1 en juego.<\/p><p>La preocupaci\u00f3n sobre si se puede confiar en un vendedor es el factor n\u00famero uno que frena a los compradores en Internet, por eso, cuando combina el poder social de BuddyPress con las capacidades comprobadas de WPAdverts, obtiene una combinaci\u00f3n ganadora.<\/p><h4><strong>WP Adverts BuddyPress Integration es lo que buscabas<\/strong><\/h4><p>La extensi\u00f3n BuddyPress se integra perfectamente con WPAdverts, lo que permite a los usuarios gestionar sus anuncios directamente desde su perfil de BuddyPress. Si ya utiliza BuddyPress en su sitio basado en WordPress, simplemente habilite este complemento y se encargar\u00e1 de todo el trabajo duro por usted.<\/p><p>S\u00cd, eso significa que puede usar el registro e inicio de sesi\u00f3n de BuddyPress, por lo que ya no molestar\u00e1 a sus visitantes pidi\u00e9ndoles que creen un nombre de usuario y una contrase\u00f1a diferentes para diferentes partes de su sitio. WPAdverts y esta extensi\u00f3n se combinan con BuddyPress para brindarle un sitio web tan sofisticado que parece simple. \u00a1As\u00ed es como deber\u00eda ser!<\/p><h3>Con WP Adverts BuddyPress Integration puedes<\/h3><ul><li>Mostrar la pesta\u00f1a \u201cListados\u201d en los perfiles de usuario, que mostrar\u00e1 todos los anuncios creados por este usuario.<\/li><li>Permita que los usuarios administren sus anuncios de WPAdverts directamente desde su perfil de BuddyPress.<\/li><li>Agrega autom\u00e1ticamente nueva actividad a los flujos de usuarios cuando los usuarios publican un nuevo anuncio.<\/li><li>Utilice el sistema de registro de BuddyPress para registrar nuevos usuarios al publicar un anuncio de [adverts_add].<\/li><li>Muestra el bot\u00f3n \u201cEnviar mensaje privado\u201d en todos los anuncios creados por usuarios con perfiles de BuddyPress. \u00a1Ingenioso!<\/li><\/ul><h4><strong>C\u00f3mo funciona WP Adverts BuddyPress Integration<\/strong><\/h4><ol><li>Instalar y activar la integraci\u00f3n de BuddyPress (y el complemento BuddyPress o BuddyBoss).<\/li><li>Vaya al panel de integraci\u00f3n wp-admin \/ Clasificados \/ BuddyPress y configure la integraci\u00f3n.<\/li><li>Todos los usuarios existentes que ya tienen un perfil de BuddyPress o BuddyBoss y han publicado algunos anuncios tendr\u00e1n todos sus anuncios asignados autom\u00e1ticamente y se mostrar\u00e1n en el panel de Listados.<\/li><\/ol><p>\u00a0<\/p><p>Adquiera ahora WP Adverts BuddyPress Integration.<\/p>\t\t\t\t\t\t\t\t<\/div>\n\t\t\t\t<\/div>\n\t\t\t\t\t<\/div>\n\t\t\t\t<\/div>\n\t\t\t\t<\/div>\n\t\t","protected":false},"excerpt":{"rendered":"<p>Importante: Debe instalar WpAdverts Core antes de agregar este complemento. WP Adverts BuddyPress Integration Si quieres tener tu propia red<\/p>","protected":false},"featured_media":95041,"comment_status":"closed","ping_status":"closed","template":"","meta":{"_acf_changed":false},"product_brand":[],"product_cat":[67],"product_tag":[418],"class_list":{"0":"post-43672","1":"product","2":"type-product","3":"status-publish","4":"has-post-thumbnail","6":"product_cat-wordpress-plugins","7":"product_tag-plugins-para-marketing-digital","8":"pa_autores-wp-adverts","10":"first","11":"instock","12":"sale","13":"downloadable","14":"virtual","15":"sold-individually","16":"purchasable","17":"product-type-simple"},"acf":[],"_links":{"self":[{"href":"https:\/\/wpclub.pro\/en\/wp-json\/wp\/v2\/product\/43672","targetHints":{"allow":["GET"]}}],"collection":[{"href":"https:\/\/wpclub.pro\/en\/wp-json\/wp\/v2\/product"}],"about":[{"href":"https:\/\/wpclub.pro\/en\/wp-json\/wp\/v2\/types\/product"}],"replies":[{"embeddable":true,"href":"https:\/\/wpclub.pro\/en\/wp-json\/wp\/v2\/comments?post=43672"}],"version-history":[{"count":0,"href":"https:\/\/wpclub.pro\/en\/wp-json\/wp\/v2\/product\/43672\/revisions"}],"wp:featuredmedia":[{"embeddable":true,"href":"https:\/\/wpclub.pro\/en\/wp-json\/wp\/v2\/media\/95041"}],"wp:attachment":[{"href":"https:\/\/wpclub.pro\/en\/wp-json\/wp\/v2\/media?parent=43672"}],"wp:term":[{"taxonomy":"product_brand","embeddable":true,"href":"https:\/\/wpclub.pro\/en\/wp-json\/wp\/v2\/product_brand?post=43672"},{"taxonomy":"product_cat","embeddable":true,"href":"https:\/\/wpclub.pro\/en\/wp-json\/wp\/v2\/product_cat?post=43672"},{"taxonomy":"product_tag","embeddable":true,"href":"https:\/\/wpclub.pro\/en\/wp-json\/wp\/v2\/product_tag?post=43672"}],"curies":[{"name":"wp","href":"https:\/\/api.w.org\/{rel}","templated":true}]}}