{"id":43901,"date":"2024-08-13T14:29:11","date_gmt":"2024-08-13T18:29:11","guid":{"rendered":"https:\/\/wpclub.pro\/?post_type=product&#038;p=43901"},"modified":"2024-10-03T12:33:53","modified_gmt":"2024-10-03T15:33:53","slug":"creatix-personal-portfolio-and-resume","status":"publish","type":"product","link":"https:\/\/wpclub.pro\/en\/item\/creatix-personal-portfolio-and-resume\/","title":{"rendered":"Creatix Personal Portfolio and Resume Elementor Kit"},"content":{"rendered":"<p>] css=\u00bb.vc_custom_1629733467375{margin-right: 15px !important;padding-top: 30px !important;padding-right: 30px !important;padding-bottom: 30px !important;padding-left: 30px !important;background-color: #f4f4f4 !important;border-radius: 5px !important;}\u00bb width=\u00bb1\/1&#8243; mobile_bg_img_hidden=\u00bbno\u00bb tablet_bg_img_hidden=\u00bbno\u00bb woodmart_parallax=\u00bb0&#8243; woodmart_sticky_column=\u00bbfalse\u00bb parallax_scroll=\u00bbno\u00bb mobile_reset_margin=\u00bbno\u00bb tablet_reset_margin=\u00bbno\u00bb]_text woodmart_inline=\u00bbno\u00bb text_larger=\u00bbno\u00bb]<\/p>\n<h2>Creatix Personal Portfolio and Resume Elementor Kit<\/h2>\n<p>&nbsp;<\/p>\n<p>Creatix es un kit de plantillas de Elementor con todas las funciones, creado especialmente para crear un sitio web personal para mostrar sus trabajos. Esta plantilla tiene un dise\u00f1o moderno, limpio y \u00fanico con un dise\u00f1o 100 % responsivo y f\u00e1cil de personalizar.<\/p>\n<h3>Caracter\u00edsticas de Creatix Personal Portfolio and Resume Elementor Kit<\/h3>\n<ul>\n<li>Dise\u00f1o de 15 p\u00e1ginas<\/li>\n<li>Generador de p\u00e1ginas de arrastrar y soltar<\/li>\n<li>Construya con Elemtor Free (no se requiere Elementor Pro)<\/li>\n<li>Usando un complemento gratuito<\/li>\n<li>F\u00e1cil y totalmente personalizable<\/li>\n<\/ul>\n<h3>Plugins Necesarios para Creatix Personal Portfolio and Resume Elementor Kit<\/h3>\n<ul>\n<li>Elementor<\/li>\n<li>MetForm<\/li>\n<li>Envato Elements<\/li>\n<li>Jeg Elementor Kit<\/li>\n<\/ul>\n<h3>C\u00f3mo Utilizar Creatix Personal Portfolio and Resume Elementor Kit<\/h3>\n<ul>\n<li>Descarga desde el repositorio de WordPress el plugin \u00abEnvato Elements\u00bb o \u201cTemplate Kit Import\u201d.<\/li>\n<li>Importa tu Elementor Template Kit adquirido.<\/li>\n<li>Cargar los estilos globales y utiliza todo seg\u00fan desees al momento de crear una nueva p\u00e1gina.<\/li>\n<\/ul>\n<p>[\/vc_column_text][\/vc_column][\/vc_row] css=\u00bb.vc_custom_1629733150529{margin-top: 30px !important;}\u00bb mobile_bg_img_hidden=\u00bbno\u00bb tablet_bg_img_hidden=\u00bbno\u00bb woodmart_parallax=\u00bb0&#8243; woodmart_gradient_switch=\u00bbno\u00bb row_reverse_mobile=\u00bb0&#8243; row_reverse_tablet=\u00bb0&#8243; woodmart_disable_overflow=\u00bb0&#8243;] css=\u00bb.vc_custom_1629733167411{background-color: #f4f4f4 !important;border-radius: 5px !important;}\u00bb mobile_bg_img_hidden=\u00bbno\u00bb tablet_bg_img_hidden=\u00bbno\u00bb woodmart_parallax=\u00bb0&#8243; woodmart_sticky_column=\u00bbfalse\u00bb parallax_scroll=\u00bbno\u00bb mobile_reset_margin=\u00bbno\u00bb tablet_reset_margin=\u00bbno\u00bb]_text woodmart_inline=\u00bbno\u00bb text_larger=\u00bbno\u00bb]<\/p>\n<p style=\"text-align: center;\">Los productos publicados en el sitio son distribuimos bajo licenciamiento <a href=\"https:\/\/www.gnu.org\/licenses\/licenses.es.html\" target=\"_blank\" rel=\"noopener\" data-schema-attribute=\"\"><strong>GPL \/ GNU<\/strong><\/a>. Recuerda siempre revisar nuestros <strong><a href=\"https:\/\/wpclub.pro\/terminos-de-uso\/\" target=\"_blank\" rel=\"noopener\" data-schema-attribute=\"\">T\u00e9rminos de Uso<\/a><\/strong> y <strong><a href=\"https:\/\/wpclub.pro\/politica-de-privacidad\/\" target=\"_blank\" rel=\"noopener\" data-schema-attribute=\"\">Pol\u00edtica de Privacidad<\/a><\/strong>.<\/p>\n<p>[\/vc_column_text][\/vc_column][\/vc_row]<\/p>\n","protected":false},"excerpt":{"rendered":"<p>] css=\u00bb.vc_custom_1629733467375{margin-right: 15px !important;padding-top: 30px !important;padding-right: 30px !important;padding-bottom: 30px !important;padding-left: 30px !important;background-color: #f4f4f4 !important;border-radius: 5px !important;}\u00bb width=\u00bb1\/1&#8243; mobile_bg_img_hidden=\u00bbno\u00bb tablet_bg_img_hidden=\u00bbno\u00bb woodmart_parallax=\u00bb0&#8243;<\/p>","protected":false},"featured_media":43896,"comment_status":"closed","ping_status":"closed","template":"","meta":{"_acf_changed":false},"product_brand":[],"product_cat":[457],"product_tag":[146],"class_list":{"0":"post-43901","1":"product","2":"type-product","3":"status-publish","4":"has-post-thumbnail","6":"product_cat-elementor-template-kit","7":"product_tag-temas-para-portafolios-y-cv","8":"pa_autores-themeforest","10":"first","11":"instock","12":"sale","13":"downloadable","14":"virtual","15":"sold-individually","16":"purchasable","17":"product-type-simple"},"acf":[],"_links":{"self":[{"href":"https:\/\/wpclub.pro\/en\/wp-json\/wp\/v2\/product\/43901","targetHints":{"allow":["GET"]}}],"collection":[{"href":"https:\/\/wpclub.pro\/en\/wp-json\/wp\/v2\/product"}],"about":[{"href":"https:\/\/wpclub.pro\/en\/wp-json\/wp\/v2\/types\/product"}],"replies":[{"embeddable":true,"href":"https:\/\/wpclub.pro\/en\/wp-json\/wp\/v2\/comments?post=43901"}],"version-history":[{"count":0,"href":"https:\/\/wpclub.pro\/en\/wp-json\/wp\/v2\/product\/43901\/revisions"}],"wp:featuredmedia":[{"embeddable":true,"href":"https:\/\/wpclub.pro\/en\/wp-json\/wp\/v2\/media\/43896"}],"wp:attachment":[{"href":"https:\/\/wpclub.pro\/en\/wp-json\/wp\/v2\/media?parent=43901"}],"wp:term":[{"taxonomy":"product_brand","embeddable":true,"href":"https:\/\/wpclub.pro\/en\/wp-json\/wp\/v2\/product_brand?post=43901"},{"taxonomy":"product_cat","embeddable":true,"href":"https:\/\/wpclub.pro\/en\/wp-json\/wp\/v2\/product_cat?post=43901"},{"taxonomy":"product_tag","embeddable":true,"href":"https:\/\/wpclub.pro\/en\/wp-json\/wp\/v2\/product_tag?post=43901"}],"curies":[{"name":"wp","href":"https:\/\/api.w.org\/{rel}","templated":true}]}}