{"id":45616,"date":"2024-10-17T11:52:51","date_gmt":"2024-10-17T14:52:51","guid":{"rendered":"https:\/\/wpclub.pro\/?post_type=product&#038;p=45616"},"modified":"2024-10-17T11:55:43","modified_gmt":"2024-10-17T14:55:43","slug":"aity-it-and-software-service-elementor-kit","status":"publish","type":"product","link":"https:\/\/wpclub.pro\/en\/item\/aity-it-and-software-service-elementor-kit\/","title":{"rendered":"Aity IT and Software Service Elementor Kit"},"content":{"rendered":"<p>] css=\u00bb.vc_custom_1629733467375{margin-right: 15px !important;padding-top: 30px !important;padding-right: 30px !important;padding-bottom: 30px !important;padding-left: 30px !important;background-color: #f4f4f4 !important;border-radius: 5px !important;}\u00bb width=\u00bb1\/1&#8243; mobile_bg_img_hidden=\u00bbno\u00bb tablet_bg_img_hidden=\u00bbno\u00bb woodmart_parallax=\u00bb0&#8243; woodmart_sticky_column=\u00bbfalse\u00bb parallax_scroll=\u00bbno\u00bb mobile_reset_margin=\u00bbno\u00bb tablet_reset_margin=\u00bbno\u00bb]_text woodmart_inline=\u00bbno\u00bb text_larger=\u00bbno\u00bb]<\/p>\n<h2>Aity IT and Software Service Elementor Kit<\/h2>\n<p>&nbsp;<\/p>\n<p>Aity \u2013 IT &amp; Software Service Website Template es un elegante y profesional kit de Elementor dise\u00f1ado para empresas de TI y proveedores de servicios de software. Su dise\u00f1o moderno y limpio son perfectos para mostrar la experiencia de su empresa en ofrecer soluciones de TI innovadoras. Con un dise\u00f1o totalmente responsivo, Aity garantiza que su sitio web se vea genial en todos los dispositivos. Este kit de plantillas est\u00e1 repleto de p\u00e1ginas y caracter\u00edsticas esenciales que le permiten presentar sus servicios, equipo, planes de precios y oportunidades profesionales de una manera clara y profesional.<\/p>\n<p>Aity est\u00e1 optimizado para tiempos de carga r\u00e1pidos, lo que ayuda a que su empresa se destaque en un mercado competitivo. Est\u00e1 creado con Elementor, lo que facilita la personalizaci\u00f3n con una interfaz de arrastrar y soltar. Este kit proporciona todo lo que necesita para crear un sitio web de servicios de TI completamente funcional.<\/p>\n<h3>Caracter\u00edsticas de Aity IT and Software Service Elementor Kit<\/h3>\n<ul>\n<li>Personalizaci\u00f3n real sin c\u00f3digo con un generador visual de arrastrar y soltar<\/li>\n<li>Personalice fuentes y colores en un solo lugar o ajuste elementos individuales<\/li>\n<li>Dise\u00f1o moderno y profesional.<\/li>\n<li>Carga r\u00e1pida<\/li>\n<li>Funciona con la mayor\u00eda de los temas de Elementor.<\/li>\n<li><strong>Nota<\/strong>: Esta es una soluci\u00f3n de comercio electr\u00f3nico sin interfaz gr\u00e1fica que se puede integrar con el complemento o la plataforma de carrito de compras que elija.<\/li>\n<\/ul>\n<h3>Plugins Necesarios para Aity IT and Software Service Elementor Kit<\/h3>\n<ul>\n<li>Jeg Elementor Kit<\/li>\n<li>Metform<\/li>\n<\/ul>\n<h3>C\u00f3mo Utilizar Aity IT and Software Service Elementor Kit<\/h3>\n<ul>\n<li>Descarga desde el repositorio de WordPress el plugin \u00abEnvato Elements\u00bb o \u201cTemplate Kit Import\u201d.<\/li>\n<li>Importa tu Elementor Template Kit adquirido.<\/li>\n<li>Cargar los estilos globales y utiliza todo seg\u00fan desees al momento de crear una nueva p\u00e1gina.<\/li>\n<\/ul>\n<p>[\/vc_column_text][\/vc_column][\/vc_row] css=\u00bb.vc_custom_1629733150529{margin-top: 30px !important;}\u00bb mobile_bg_img_hidden=\u00bbno\u00bb tablet_bg_img_hidden=\u00bbno\u00bb woodmart_parallax=\u00bb0&#8243; woodmart_gradient_switch=\u00bbno\u00bb row_reverse_mobile=\u00bb0&#8243; row_reverse_tablet=\u00bb0&#8243; woodmart_disable_overflow=\u00bb0&#8243;] css=\u00bb.vc_custom_1629733167411{background-color: #f4f4f4 !important;border-radius: 5px !important;}\u00bb mobile_bg_img_hidden=\u00bbno\u00bb tablet_bg_img_hidden=\u00bbno\u00bb woodmart_parallax=\u00bb0&#8243; woodmart_sticky_column=\u00bbfalse\u00bb parallax_scroll=\u00bbno\u00bb mobile_reset_margin=\u00bbno\u00bb tablet_reset_margin=\u00bbno\u00bb]_text woodmart_inline=\u00bbno\u00bb text_larger=\u00bbno\u00bb]<\/p>\n<p style=\"text-align: center;\">Los productos publicados en el sitio son distribuimos bajo licenciamiento <a href=\"https:\/\/www.gnu.org\/licenses\/licenses.es.html\" target=\"_blank\" rel=\"noopener\" data-schema-attribute=\"\"><strong>GPL \/ GNU<\/strong><\/a>. Recuerda siempre revisar nuestros <strong><a href=\"https:\/\/wpclub.pro\/terminos-de-uso\/\" target=\"_blank\" rel=\"noopener\" data-schema-attribute=\"\">T\u00e9rminos de Uso<\/a><\/strong> y <strong><a href=\"https:\/\/wpclub.pro\/politica-de-privacidad\/\" target=\"_blank\" rel=\"noopener\" data-schema-attribute=\"\">Pol\u00edtica de Privacidad<\/a><\/strong>.<\/p>\n<p>[\/vc_column_text][\/vc_column][\/vc_row]<\/p>\n","protected":false},"excerpt":{"rendered":"<p>] css=\u00bb.vc_custom_1629733467375{margin-right: 15px !important;padding-top: 30px !important;padding-right: 30px !important;padding-bottom: 30px !important;padding-left: 30px !important;background-color: #f4f4f4 !important;border-radius: 5px !important;}\u00bb width=\u00bb1\/1&#8243; mobile_bg_img_hidden=\u00bbno\u00bb tablet_bg_img_hidden=\u00bbno\u00bb woodmart_parallax=\u00bb0&#8243;<\/p>","protected":false},"featured_media":45617,"comment_status":"closed","ping_status":"closed","template":"","meta":{"_acf_changed":false},"product_brand":[],"product_cat":[457],"product_tag":[461],"class_list":{"0":"post-45616","1":"product","2":"type-product","3":"status-publish","4":"has-post-thumbnail","6":"product_cat-elementor-template-kit","7":"product_tag-temas-para-tecnologia-y-webhosting","8":"pa_autores-themeforest","10":"first","11":"instock","12":"sale","13":"downloadable","14":"virtual","15":"sold-individually","16":"purchasable","17":"product-type-simple"},"acf":[],"_links":{"self":[{"href":"https:\/\/wpclub.pro\/en\/wp-json\/wp\/v2\/product\/45616","targetHints":{"allow":["GET"]}}],"collection":[{"href":"https:\/\/wpclub.pro\/en\/wp-json\/wp\/v2\/product"}],"about":[{"href":"https:\/\/wpclub.pro\/en\/wp-json\/wp\/v2\/types\/product"}],"replies":[{"embeddable":true,"href":"https:\/\/wpclub.pro\/en\/wp-json\/wp\/v2\/comments?post=45616"}],"version-history":[{"count":0,"href":"https:\/\/wpclub.pro\/en\/wp-json\/wp\/v2\/product\/45616\/revisions"}],"wp:featuredmedia":[{"embeddable":true,"href":"https:\/\/wpclub.pro\/en\/wp-json\/wp\/v2\/media\/45617"}],"wp:attachment":[{"href":"https:\/\/wpclub.pro\/en\/wp-json\/wp\/v2\/media?parent=45616"}],"wp:term":[{"taxonomy":"product_brand","embeddable":true,"href":"https:\/\/wpclub.pro\/en\/wp-json\/wp\/v2\/product_brand?post=45616"},{"taxonomy":"product_cat","embeddable":true,"href":"https:\/\/wpclub.pro\/en\/wp-json\/wp\/v2\/product_cat?post=45616"},{"taxonomy":"product_tag","embeddable":true,"href":"https:\/\/wpclub.pro\/en\/wp-json\/wp\/v2\/product_tag?post=45616"}],"curies":[{"name":"wp","href":"https:\/\/api.w.org\/{rel}","templated":true}]}}