{"id":51691,"date":"2024-11-11T16:43:10","date_gmt":"2024-11-11T19:43:10","guid":{"rendered":"https:\/\/wpclub.pro\/?post_type=product&#038;p=51691"},"modified":"2025-12-06T10:54:27","modified_gmt":"2025-12-06T13:54:27","slug":"edger-personal-portfolios-and-resume","status":"publish","type":"product","link":"https:\/\/wpclub.pro\/en\/item\/edger-personal-portfolios-and-resume\/","title":{"rendered":"Edger Personal Portfolios and Resume Elementor Kit"},"content":{"rendered":"<div data-elementor-type=\"product-post\" data-elementor-id=\"51691\" class=\"elementor elementor-51691\" data-elementor-post-type=\"product\">\n\t\t\t\t<div class=\"wd-negative-gap elementor-element elementor-element-78259038 e-flex e-con-boxed e-con e-parent\" data-id=\"78259038\" data-element_type=\"container\" data-e-type=\"container\">\n\t\t\t\t\t<div class=\"e-con-inner\">\n\t\t\t\t<div class=\"elementor-element elementor-element-27d9a33e color-scheme-inherit text-left elementor-widget elementor-widget-text-editor\" data-id=\"27d9a33e\" data-element_type=\"widget\" data-e-type=\"widget\" data-widget_type=\"text-editor.default\">\n\t\t\t\t<div class=\"elementor-widget-container\">\n\t\t\t\t\t\t\t\t\t<h2><strong>Edger Personal Portfolios and Resume Elementor Kit<\/strong><\/h2><p>Es una soluci\u00f3n integral para dise\u00f1adores, freelancers, profesionales creativos, y cualquier persona que quiera mostrar su portafolio, curr\u00edculum o informaci\u00f3n profesional de manera impactante y visualmente atractiva.\u00a0<\/p><p>Este kit, dise\u00f1ado espec\u00edficamente para el popular constructor de p\u00e1ginas Elementor, te permite crear un sitio web elegante y funcional en cuesti\u00f3n de minutos, sin necesidad de conocimientos avanzados en dise\u00f1o o programaci\u00f3n.<\/p><h3>\u00bfQu\u00e9 es Edger Personal Portfolios and Resume Elementor Kit?<\/h3><p>Edger Personal Portfolios and Resume Elementor Kit es un conjunto preconstruido de plantillas y elementos optimizados que te ayudan a construir un sitio web personalizado para mostrar tu portafolio y curr\u00edculum de forma profesional. Dise\u00f1ado con un enfoque moderno y minimalista, este kit es ideal para aquellos que desean destacarse en el competitivo mundo digital.\u00a0<\/p><p>Ya sea que busques atraer nuevos clientes, destacar tus habilidades o aplicar a nuevos proyectos, este kit te proporciona todas las herramientas necesarias para causar una gran impresi\u00f3n.<\/p><h3>\u00bfPara qui\u00e9n est\u00e1 pensado este Kit?<\/h3><p>Edger Personal Portfolios and Resume Elementor Kit est\u00e1 dirigido a profesionales como dise\u00f1adores gr\u00e1ficos, desarrolladores web, fot\u00f3grafos, consultores, escritores, y cualquier persona que necesite un portafolio online. Adem\u00e1s, es ideal para quienes desean tener un curr\u00edculum digital que destaque frente a los reclutadores, especialmente en industrias creativas donde la presentaci\u00f3n visual es crucial.<\/p><h3>Beneficios de utilizar Edger Personal Portfolios and Resume Elementor Kit<\/h3><ol><li><p><strong>Ahorro de tiempo y esfuerzo<\/strong>: No necesitas empezar desde cero para crear un sitio web atractivo. Con Edger Personal Portfolios and Resume Elementor Kit, simplemente importas las plantillas preconfiguradas y personalizas los detalles seg\u00fan tus necesidades.<\/p><\/li><li><p><strong>100% personalizable<\/strong>: Todas las plantillas y secciones son completamente editables utilizando el editor drag-and-drop de Elementor. Cambia colores, fuentes, im\u00e1genes y disposiciones sin tocar una sola l\u00ednea de c\u00f3digo.<\/p><\/li><li><p><strong>Dise\u00f1o moderno y responsivo<\/strong>: Edger Personal Portfolios and Resume Elementor Kit est\u00e1 optimizado para dispositivos m\u00f3viles, tabletas y escritorios, garantizando que tu portafolio se vea impresionante en cualquier dispositivo.<\/p><\/li><li><p><strong>SEO optimized<\/strong>: Las plantillas incluidas est\u00e1n dise\u00f1adas teniendo en cuenta las mejores pr\u00e1cticas de SEO, lo que te ayudar\u00e1 a mejorar tu visibilidad en motores de b\u00fasqueda y atraer m\u00e1s tr\u00e1fico org\u00e1nico.<\/p><\/li><li><p><strong>Full compatibility with Elementor<\/strong>: Aprovecha al m\u00e1ximo el potencial del constructor de p\u00e1ginas Elementor, con widgets personalizados y bloques dise\u00f1ados espec\u00edficamente para potenciar tu portafolio.<\/p><\/li><\/ol><h3>Caracter\u00edsticas del Edger Personal Portfolios and Resume Elementor Kit<\/h3><ul><li><strong>Pre-built templates<\/strong>: Incluye una variedad de p\u00e1ginas esenciales como Inicio, Sobre m\u00ed, Servicios, Portafolio, Curr\u00edculum y Contacto. Cada una est\u00e1 dise\u00f1ada para resaltar tu perfil profesional.<\/li><li><strong>Bloques de portafolio avanzados<\/strong>: Presenta tus proyectos de manera impactante con galer\u00edas, carouseles y cuadr\u00edculas personalizables.<\/li><li><strong>Secci\u00f3n de curr\u00edculum detallada<\/strong>: Incluye un \u00e1rea dedicada para destacar tu experiencia laboral, educaci\u00f3n, habilidades y certificaciones.<\/li><li><strong>Formulario de contacto<\/strong>: Facilita que tus clientes potenciales se comuniquen contigo r\u00e1pidamente a trav\u00e9s de formularios integrados.<\/li><li><strong>Velocidad de carga optimizada<\/strong>: Las plantillas est\u00e1n dise\u00f1adas para cargarse r\u00e1pidamente, lo que mejora la experiencia del usuario y ayuda en tu posicionamiento SEO.<\/li><\/ul><h3>\u00bfPor qu\u00e9 elegir Edger Personal Portfolios and Resume Elementor Kit?<\/h3><p>Edger Personal Portfolios and Resume Elementor Kit no solo te permite destacar visualmente, sino que tambi\u00e9n est\u00e1 dise\u00f1ado para ayudarte a captar la atenci\u00f3n de los motores de b\u00fasqueda. Con plantillas que priorizan la velocidad y el SEO, este kit se convierte en una herramienta esencial para cualquier profesional que quiera dejar una marca online.<\/p><p>A diferencia de otros kits, Edger Personal Portfolios and Resume Elementor Kit est\u00e1 orientado a maximizar la eficiencia sin sacrificar la calidad. Las plantillas est\u00e1n cuidadosamente optimizadas para ser ligeras y r\u00e1pidas, garantizando una experiencia de usuario fluida, lo que tambi\u00e9n contribuye a un mejor posicionamiento en Google.<\/p><h3>Conclusion<\/h3><p>En resumen, Edger Personal Portfolios and Resume Elementor Kit es la soluci\u00f3n perfecta para aquellos que desean un portafolio profesional de alto impacto sin la necesidad de invertir tiempo y dinero en desarrolladores web. Gracias a su dise\u00f1o responsivo, flexibilidad y optimizaci\u00f3n SEO, este kit te ayudar\u00e1 a posicionarte r\u00e1pidamente en las SERPs y atraer m\u00e1s tr\u00e1fico a tu sitio.<\/p><p>\u00a1Haz que tu portafolio destaque hoy mismo con Edger Personal Portfolios and Resume Elementor Kit y lleva tu carrera profesional al siguiente nivel!<\/p><h3>Required Plugins<\/h3><ul><li><span style=\"font-size: 16px; color: var(--wd-text-color);\">ElementsKit Lite<\/span><\/li><li>Metform<\/li><\/ul><h3>How to Use This Elementor Kit<\/h3><ul><li>Download the &quot;Envato Elements&quot; or &quot;Template Kit Import&quot; plugin from the WordPress repository.<\/li><li>Import your purchased Elementor Template Kit.<\/li><li>Load the global styles and use everything as you wish when creating a new page.<\/li><\/ul>\t\t\t\t\t\t\t\t<\/div>\n\t\t\t\t<\/div>\n\t\t\t\t\t<\/div>\n\t\t\t\t<\/div>\n\t\t\t\t<\/div>","protected":false},"excerpt":{"rendered":"<p>Edger Personal Portfolios and Resume Elementor Kit Es una soluci\u00f3n integral para dise\u00f1adores, freelancers, profesionales creativos, y cualquier persona que<\/p>","protected":false},"featured_media":51699,"comment_status":"closed","ping_status":"closed","template":"","meta":{"_acf_changed":false},"product_brand":[],"product_cat":[457],"product_tag":[146],"class_list":{"0":"post-51691","1":"product","2":"type-product","3":"status-publish","4":"has-post-thumbnail","6":"product_cat-elementor-template-kit","7":"product_tag-temas-para-portafolios-y-cv","8":"pa_autores-themeforest","10":"first","11":"instock","12":"sale","13":"downloadable","14":"virtual","15":"sold-individually","16":"purchasable","17":"product-type-simple"},"acf":[],"_links":{"self":[{"href":"https:\/\/wpclub.pro\/en\/wp-json\/wp\/v2\/product\/51691","targetHints":{"allow":["GET"]}}],"collection":[{"href":"https:\/\/wpclub.pro\/en\/wp-json\/wp\/v2\/product"}],"about":[{"href":"https:\/\/wpclub.pro\/en\/wp-json\/wp\/v2\/types\/product"}],"replies":[{"embeddable":true,"href":"https:\/\/wpclub.pro\/en\/wp-json\/wp\/v2\/comments?post=51691"}],"version-history":[{"count":0,"href":"https:\/\/wpclub.pro\/en\/wp-json\/wp\/v2\/product\/51691\/revisions"}],"wp:featuredmedia":[{"embeddable":true,"href":"https:\/\/wpclub.pro\/en\/wp-json\/wp\/v2\/media\/51699"}],"wp:attachment":[{"href":"https:\/\/wpclub.pro\/en\/wp-json\/wp\/v2\/media?parent=51691"}],"wp:term":[{"taxonomy":"product_brand","embeddable":true,"href":"https:\/\/wpclub.pro\/en\/wp-json\/wp\/v2\/product_brand?post=51691"},{"taxonomy":"product_cat","embeddable":true,"href":"https:\/\/wpclub.pro\/en\/wp-json\/wp\/v2\/product_cat?post=51691"},{"taxonomy":"product_tag","embeddable":true,"href":"https:\/\/wpclub.pro\/en\/wp-json\/wp\/v2\/product_tag?post=51691"}],"curies":[{"name":"wp","href":"https:\/\/api.w.org\/{rel}","templated":true}]}}