{"id":57369,"date":"2024-12-05T10:41:01","date_gmt":"2024-12-05T13:41:01","guid":{"rendered":"https:\/\/wpclub.pro\/?post_type=product&#038;p=57369"},"modified":"2025-12-06T10:52:16","modified_gmt":"2025-12-06T13:52:16","slug":"workio-digital-service-and-creative-portfolio","status":"publish","type":"product","link":"https:\/\/wpclub.pro\/en\/item\/workio-digital-service-and-creative-portfolio\/","title":{"rendered":"Workio Digital Service and Creative Portfolio Elementor Kit"},"content":{"rendered":"<div data-elementor-type=\"product-post\" data-elementor-id=\"57369\" class=\"elementor elementor-57369\" data-elementor-post-type=\"product\">\n\t\t\t\t<div class=\"wd-negative-gap elementor-element elementor-element-78259038 e-flex e-con-boxed e-con e-parent\" data-id=\"78259038\" data-element_type=\"container\" data-e-type=\"container\">\n\t\t\t\t\t<div class=\"e-con-inner\">\n\t\t\t\t<div class=\"elementor-element elementor-element-27d9a33e color-scheme-inherit text-left elementor-widget elementor-widget-text-editor\" data-id=\"27d9a33e\" data-element_type=\"widget\" data-e-type=\"widget\" data-widget_type=\"text-editor.default\">\n\t\t\t\t<div class=\"elementor-widget-container\">\n\t\t\t\t\t\t\t\t\t<h2><strong>Workio Digital Service and Creative Portfolio Elementor Kit<\/strong><\/h2><p>Es un conjunto de plantillas cuidadosamente dise\u00f1ado para creativos, agencias digitales, freelancers y empresas de servicios digitales que desean construir un sitio web profesional y moderno con facilidad. Este kit, dise\u00f1ado para Elementor, te permite destacar tus servicios, proyectos y habilidades en una plataforma visualmente atractiva y completamente funcional, sin necesidad de conocimientos avanzados de dise\u00f1o web.<\/p><p>Con Workio Digital Service and Creative Portfolio Elementor Kit, puedes ahorrar tiempo y recursos mientras creas un sitio web que impacta y convierte visitantes en clientes.<\/p><h3>\u00bfQu\u00e9 es Workio Digital Service and Creative Portfolio Elementor Kit?<\/h3><p>Workio Digital Service and Creative Portfolio Elementor Kit es una colecci\u00f3n de plantillas predefinidas que permite a creativos y empresas construir sitios web impresionantes en WordPress utilizando Elementor. Este kit est\u00e1 optimizado para profesionales que desean mostrar su portafolio, promocionar sus servicios digitales y captar la atenci\u00f3n de su p\u00fablico objetivo con un dise\u00f1o profesional y responsivo.<\/p><p>Ideal para agencias creativas, dise\u00f1adores gr\u00e1ficos, desarrolladores web y cualquier profesional del \u00e1mbito digital, Workio Digital Service and Creative Portfolio Elementor Kit combina dise\u00f1o moderno con funcionalidad avanzada, asegurando una experiencia de usuario fluida y atractiva.<\/p><h3>Beneficios clave de Workio Digital Service and Creative Portfolio Elementor Kit<\/h3><ol><li><p><strong>Dise\u00f1o profesional y moderno<\/strong>: Cada plantilla est\u00e1 dise\u00f1ada con un enfoque visual atractivo y alineado con las \u00faltimas tendencias del dise\u00f1o web.<\/p><\/li><li><p><strong>Easy to customize<\/strong>: Gracias a Elementor, puedes personalizar cada detalle del dise\u00f1o sin necesidad de conocimientos t\u00e9cnicos, adapt\u00e1ndolo a tus necesidades y estilo.<\/p><\/li><li><p><strong>Optimizaci\u00f3n m\u00f3vil y SEO-friendly<\/strong>: Workio Digital Service and Creative Portfolio Elementor Kit asegura un dise\u00f1o completamente responsivo, ofreciendo una experiencia \u00f3ptima en dispositivos m\u00f3viles, adem\u00e1s de estar optimizado para motores de b\u00fasqueda.<\/p><\/li><li><p><strong>Presentaci\u00f3n efectiva del portafolio<\/strong>: Destaca tus proyectos de manera profesional y organizada con galer\u00edas visuales y secciones dedicadas al portafolio.<\/p><\/li><li><p><strong>Ideal para servicios digitales<\/strong>: Promociona tus servicios con secciones espec\u00edficas que destacan tus habilidades, testimonios de clientes y casos de \u00e9xito.<\/p><\/li><li><p><strong>Saving time and resources<\/strong>: Construye un sitio web de calidad profesional en una fracci\u00f3n del tiempo que tomar\u00eda empezar desde cero o contratar un dise\u00f1ador.<\/p><\/li><\/ol><h3>Caracter\u00edsticas destacadas de Workio Digital Service and Creative Portfolio Elementor Kit<\/h3><ul><li><p><strong>Pre-designed pages<\/strong>: Incluye plantillas para p\u00e1gina de inicio, servicios, portafolio, blog, contacto y m\u00e1s, todas dise\u00f1adas para cumplir con las necesidades de creativos y empresas digitales.<\/p><\/li><li><p><strong>Fully customizable<\/strong>: Cambia colores, fuentes, im\u00e1genes y textos con facilidad utilizando el editor de arrastrar y soltar de Elementor.<\/p><\/li><li><p><strong>Responsive design<\/strong>: Asegura que tu sitio web se vea y funcione perfectamente en cualquier dispositivo, desde computadoras de escritorio hasta tel\u00e9fonos inteligentes.<\/p><\/li><li><p><strong>Secciones espec\u00edficas para servicios<\/strong>: Destaca tus ofertas y habilidades con bloques dise\u00f1ados estrat\u00e9gicamente para captar la atenci\u00f3n de tu p\u00fablico objetivo.<\/p><\/li><li><p><strong>Integraci\u00f3n con WordPress<\/strong>: Funciona a la perfecci\u00f3n con cualquier instalaci\u00f3n de WordPress compatible con Elementor.<\/p><\/li><li><p><strong>Elementos interactivos<\/strong>: Incorpora animaciones y efectos modernos para mejorar la experiencia del usuario y hacer que tu sitio web sea memorable.<\/p><\/li><li><p><strong>Formulario de contacto incluido<\/strong>: Facilita que tus visitantes se comuniquen contigo directamente desde tu sitio.<\/p><\/li><\/ul><h3>\u00bfC\u00f3mo funciona Workio Digital Service and Creative Portfolio Elementor Kit?<\/h3><p>Workio Digital Service and Creative Portfolio Elementor Kit se instala f\u00e1cilmente en cualquier sitio WordPress que utilice Elementor. Una vez importado, puedes comenzar a personalizar las plantillas incluidas con unos pocos clics. El kit incluye plantillas predise\u00f1adas para las p\u00e1ginas clave de tu sitio web, como la p\u00e1gina de inicio, portafolio, servicios y contacto.<\/p><p>Cada plantilla est\u00e1 dise\u00f1ada para ser completamente personalizable, lo que significa que puedes cambiar cualquier aspecto del dise\u00f1o, como colores, tipograf\u00edas y contenido, para adaptarlo a tu marca personal o empresarial. Adem\u00e1s, su dise\u00f1o responsivo asegura que tu sitio web se vea profesional en cualquier dispositivo.<\/p><h3>\u00bfPor qu\u00e9 elegir Workio Digital Service and Creative Portfolio Elementor Kit?<\/h3><p>Workio Digital Service and Creative Portfolio Elementor Kit es la herramienta perfecta para cualquier profesional o agencia que busque destacar en un mercado competitivo. Este kit no solo ofrece plantillas de alta calidad, sino que tambi\u00e9n proporciona una experiencia de usuario sin complicaciones gracias a su integraci\u00f3n con Elementor.<\/p><p>Ya sea que desees mostrar tus habilidades como freelance, promover los servicios de tu agencia digital o construir un portafolio en l\u00ednea, Workio Digital Service and Creative Portfolio Elementor Kit te brinda todas las herramientas necesarias para crear un sitio web impactante y funcional.<\/p><p>Su dise\u00f1o profesional, combinado con su facilidad de uso, lo convierte en una soluci\u00f3n ideal para ahorrar tiempo y recursos mientras creas un sitio web que refleje tu experiencia y creatividad.<\/p><h3>Conclusion<\/h3><p>Workio Digital Service and Creative Portfolio Elementor Kit es una soluci\u00f3n completa para profesionales y empresas del sector creativo que desean construir un sitio web impresionante y funcional con rapidez y eficiencia. Con plantillas dise\u00f1adas para destacar servicios digitales y portafolios, este kit te proporciona todo lo que necesitas para establecer una presencia en l\u00ednea s\u00f3lida y atractiva.<\/p><p>Si est\u00e1s listo para elevar tu marca y destacar en el mundo digital, Workio Digital Service and Creative Portfolio Elementor Kit es la elecci\u00f3n perfecta. \u00a1Empieza hoy mismo y crea un sitio web que impresione y convierta a tus visitantes en clientes!<\/p><h3>Required Plugins<\/h3><ul><li>ElementsKit Lite<\/li><li>Skyboot Icons<\/li><\/ul><h3>How to Use This Elementor Kit<\/h3><ul><li>Download the &quot;Envato Elements&quot; or &quot;Template Kit Import&quot; plugin from the WordPress repository.<\/li><li>Import your purchased Elementor Template Kit.<\/li><li>Load the global styles and use everything as you wish when creating a new page.<\/li><\/ul>\t\t\t\t\t\t\t\t<\/div>\n\t\t\t\t<\/div>\n\t\t\t\t\t<\/div>\n\t\t\t\t<\/div>\n\t\t\t\t<\/div>","protected":false},"excerpt":{"rendered":"<p>Workio Digital Service and Creative Portfolio Elementor Kit Es un conjunto de plantillas cuidadosamente dise\u00f1ado para creativos, agencias digitales, freelancers<\/p>","protected":false},"featured_media":57373,"comment_status":"closed","ping_status":"closed","template":"","meta":{"_acf_changed":false},"product_brand":[],"product_cat":[457],"product_tag":[146],"class_list":{"0":"post-57369","1":"product","2":"type-product","3":"status-publish","4":"has-post-thumbnail","6":"product_cat-elementor-template-kit","7":"product_tag-temas-para-portafolios-y-cv","8":"pa_autores-themeforest","10":"first","11":"instock","12":"sale","13":"downloadable","14":"virtual","15":"sold-individually","16":"purchasable","17":"product-type-simple"},"acf":[],"_links":{"self":[{"href":"https:\/\/wpclub.pro\/en\/wp-json\/wp\/v2\/product\/57369","targetHints":{"allow":["GET"]}}],"collection":[{"href":"https:\/\/wpclub.pro\/en\/wp-json\/wp\/v2\/product"}],"about":[{"href":"https:\/\/wpclub.pro\/en\/wp-json\/wp\/v2\/types\/product"}],"replies":[{"embeddable":true,"href":"https:\/\/wpclub.pro\/en\/wp-json\/wp\/v2\/comments?post=57369"}],"version-history":[{"count":0,"href":"https:\/\/wpclub.pro\/en\/wp-json\/wp\/v2\/product\/57369\/revisions"}],"wp:featuredmedia":[{"embeddable":true,"href":"https:\/\/wpclub.pro\/en\/wp-json\/wp\/v2\/media\/57373"}],"wp:attachment":[{"href":"https:\/\/wpclub.pro\/en\/wp-json\/wp\/v2\/media?parent=57369"}],"wp:term":[{"taxonomy":"product_brand","embeddable":true,"href":"https:\/\/wpclub.pro\/en\/wp-json\/wp\/v2\/product_brand?post=57369"},{"taxonomy":"product_cat","embeddable":true,"href":"https:\/\/wpclub.pro\/en\/wp-json\/wp\/v2\/product_cat?post=57369"},{"taxonomy":"product_tag","embeddable":true,"href":"https:\/\/wpclub.pro\/en\/wp-json\/wp\/v2\/product_tag?post=57369"}],"curies":[{"name":"wp","href":"https:\/\/api.w.org\/{rel}","templated":true}]}}