{"id":61880,"date":"2025-01-03T10:42:54","date_gmt":"2025-01-03T13:42:54","guid":{"rendered":"https:\/\/wpclub.pro\/?post_type=product&#038;p=61880"},"modified":"2026-04-12T13:58:52","modified_gmt":"2026-04-12T17:58:52","slug":"hirealves-cv-and-portfolio-elementor-kit","status":"publish","type":"product","link":"https:\/\/wpclub.pro\/en\/item\/hirealves-cv-and-portfolio-elementor-kit\/","title":{"rendered":"HireAlves CV and Portfolio Elementor Kit"},"content":{"rendered":"<div data-elementor-type=\"product-post\" data-elementor-id=\"61880\" class=\"elementor elementor-61880\" data-elementor-post-type=\"product\">\n\t\t\t\t<div class=\"wd-negative-gap elementor-element elementor-element-78259038 e-flex e-con-boxed e-con e-parent\" data-id=\"78259038\" data-element_type=\"container\" data-e-type=\"container\">\n\t\t\t\t\t<div class=\"e-con-inner\">\n\t\t\t\t<div class=\"elementor-element elementor-element-27d9a33e color-scheme-inherit text-left elementor-widget elementor-widget-text-editor\" data-id=\"27d9a33e\" data-element_type=\"widget\" data-e-type=\"widget\" data-widget_type=\"text-editor.default\">\n\t\t\t\t<div class=\"elementor-widget-container\">\n\t\t\t\t\t\t\t\t\t<h2><strong>HireAlves CV and Portfolio Elementor Kit<\/strong><\/h2><p>Es un conjunto de plantillas dise\u00f1ado espec\u00edficamente para profesionales, freelancers, creativos y estudiantes que desean crear un curr\u00edculum en l\u00ednea, un portafolio o una p\u00e1gina personal profesional. Compatible con Elementor, este kit permite construir sitios web modernos, funcionales y personalizados sin necesidad de conocimientos avanzados de programaci\u00f3n.<\/p><h3>Caracter\u00edsticas destacadas de HireAlves CV and Portfolio Elementor Kit<\/h3><ul><li><p><strong>Dise\u00f1o Moderno y Profesional<\/strong>: Incluye plantillas elegantes y limpias, ideales para resaltar tus habilidades, experiencia y logros.<\/p><\/li><li><p><strong>Totalmente Personalizable<\/strong>: Al ser compatible con Elementor, permite modificar f\u00e1cilmente colores, fuentes, im\u00e1genes y disposiciones con un editor visual de arrastrar y soltar.<\/p><\/li><li><p><strong>Responsive Design<\/strong>: Optimizado para dispositivos m\u00f3viles, tabletas y computadoras de escritorio, garantizando una excelente experiencia de usuario en cualquier pantalla.<\/p><\/li><li><p><strong>Pre-designed Sections<\/strong>: Ofrece m\u00f3dulos espec\u00edficos como \u201cSobre m\u00ed\u201d, \u201cHabilidades\u201d, \u201cExperiencia laboral\u201d, \u201cPortafolio de proyectos\u201d y \u201cContacto\u201d.<\/p><\/li><li><p><strong>Integraci\u00f3n con Formularios<\/strong>: Compatible con plugins como WPForms para facilitar la recepci\u00f3n de mensajes y oportunidades laborales directamente desde tu sitio web.<\/p><\/li><li><p><strong>SEO Optimization<\/strong>: Desarrollado con las mejores pr\u00e1cticas de SEO, ayudando a que tu curr\u00edculum o portafolio sea encontrado f\u00e1cilmente en los motores de b\u00fasqueda.<\/p><\/li><li><p><strong>Ligero y R\u00e1pido<\/strong>: C\u00f3digo optimizado para tiempos de carga r\u00e1pidos, asegurando un rendimiento fluido del sitio web.<\/p><\/li><li><p><strong>Compatibilidad Multilenguaje<\/strong>: Funciona con herramientas como WPML para crear un sitio web en m\u00faltiples idiomas y expandir tu alcance internacional.<\/p><\/li><\/ul><h3>Beneficios de utilizar HireAlves CV and Portfolio Elementor Kit<\/h3><ul><li><p><strong>Impulsa Tu Marca Personal<\/strong>: Proporciona un dise\u00f1o profesional que te ayuda a destacar en un mercado competitivo.<\/p><\/li><li><p><strong>F\u00e1cil de Usar<\/strong>: No se requieren conocimientos t\u00e9cnicos; puedes personalizar el dise\u00f1o y las funciones con unos pocos clics.<\/p><\/li><li><p><strong>Greater Online Visibility<\/strong>: Su dise\u00f1o optimizado para SEO aumenta las posibilidades de que empleadores y clientes potenciales encuentren tu sitio web.<\/p><\/li><li><p><strong>Flexibilidad para Diversas Profesiones<\/strong>: Perfecto para dise\u00f1adores, desarrolladores, fot\u00f3grafos, escritores, y cualquier profesional que desee mostrar su trabajo de manera visual y atractiva.<\/p><\/li><li><p><strong>Interacci\u00f3n Eficiente<\/strong>: Facilita el contacto directo a trav\u00e9s de formularios integrados y enlaces a redes sociales.<\/p><\/li><li><p><strong>Ahorro de Tiempo<\/strong>: Con plantillas predise\u00f1adas, puedes crear un sitio web funcional en cuesti\u00f3n de horas.<\/p><\/li><\/ul><h3>Conclusion<\/h3><p>HireAlves CV and Portfolio Elementor Kit es la herramienta perfecta para cualquier profesional que desee construir una presencia en l\u00ednea impactante. Con plantillas modernas, funcionalidad avanzada y la facilidad de personalizaci\u00f3n de Elementor, este kit permite destacar tus habilidades y experiencia de manera profesional y atractiva. Si buscas un sitio web que potencie tu marca personal y atraiga nuevas oportunidades, HireAlves CV and Portfolio Elementor Kit es la soluci\u00f3n ideal.<\/p><h3>Required Plugins<\/h3><ul><li>Jeg Elementor Kit<\/li><li>Metform<\/li><\/ul><h3>How to Use This Elementor Kit<\/h3><ul><li>Download the &quot;Envato Elements&quot; or &quot;Template Kit Import&quot; plugin from the WordPress repository.<\/li><li>Import your purchased Elementor Template Kit.<\/li><li>Load the global styles and use everything as you wish when creating a new page.<\/li><\/ul>\t\t\t\t\t\t\t\t<\/div>\n\t\t\t\t<\/div>\n\t\t\t\t\t<\/div>\n\t\t\t\t<\/div>\n\t\t\t\t<\/div>","protected":false},"excerpt":{"rendered":"<p>HireAlves CV and Portfolio Elementor Kit Es un conjunto de plantillas dise\u00f1ado espec\u00edficamente para profesionales, freelancers, creativos y estudiantes que<\/p>","protected":false},"featured_media":61884,"comment_status":"closed","ping_status":"closed","template":"","meta":{"_acf_changed":false},"product_brand":[],"product_cat":[457],"product_tag":[146],"class_list":{"0":"post-61880","1":"product","2":"type-product","3":"status-publish","4":"has-post-thumbnail","6":"product_cat-elementor-template-kit","7":"product_tag-temas-para-portafolios-y-cv","8":"pa_autores-themeforest","10":"first","11":"instock","12":"sale","13":"downloadable","14":"virtual","15":"sold-individually","16":"purchasable","17":"product-type-simple"},"acf":[],"_links":{"self":[{"href":"https:\/\/wpclub.pro\/en\/wp-json\/wp\/v2\/product\/61880","targetHints":{"allow":["GET"]}}],"collection":[{"href":"https:\/\/wpclub.pro\/en\/wp-json\/wp\/v2\/product"}],"about":[{"href":"https:\/\/wpclub.pro\/en\/wp-json\/wp\/v2\/types\/product"}],"replies":[{"embeddable":true,"href":"https:\/\/wpclub.pro\/en\/wp-json\/wp\/v2\/comments?post=61880"}],"version-history":[{"count":0,"href":"https:\/\/wpclub.pro\/en\/wp-json\/wp\/v2\/product\/61880\/revisions"}],"wp:featuredmedia":[{"embeddable":true,"href":"https:\/\/wpclub.pro\/en\/wp-json\/wp\/v2\/media\/61884"}],"wp:attachment":[{"href":"https:\/\/wpclub.pro\/en\/wp-json\/wp\/v2\/media?parent=61880"}],"wp:term":[{"taxonomy":"product_brand","embeddable":true,"href":"https:\/\/wpclub.pro\/en\/wp-json\/wp\/v2\/product_brand?post=61880"},{"taxonomy":"product_cat","embeddable":true,"href":"https:\/\/wpclub.pro\/en\/wp-json\/wp\/v2\/product_cat?post=61880"},{"taxonomy":"product_tag","embeddable":true,"href":"https:\/\/wpclub.pro\/en\/wp-json\/wp\/v2\/product_tag?post=61880"}],"curies":[{"name":"wp","href":"https:\/\/api.w.org\/{rel}","templated":true}]}}