{"id":68627,"date":"2025-02-18T15:25:21","date_gmt":"2025-02-18T18:25:21","guid":{"rendered":"https:\/\/wpclub.pro\/?post_type=product&#038;p=68627"},"modified":"2026-04-12T13:57:17","modified_gmt":"2026-04-12T17:57:17","slug":"teamhelp-help-desk-saas-elementor-kit","status":"publish","type":"product","link":"https:\/\/wpclub.pro\/en\/item\/teamhelp-help-desk-saas-elementor-kit\/","title":{"rendered":"Teamhelp Help Desk SaaS Elementor Kit"},"content":{"rendered":"<div data-elementor-type=\"wp-post\" data-elementor-id=\"68627\" class=\"elementor elementor-68627\">\n\t\t\t\t<div class=\"wd-negative-gap elementor-element elementor-element-53d94b21 e-flex e-con-boxed e-con e-parent\" data-id=\"53d94b21\" data-element_type=\"container\" data-e-type=\"container\">\n\t\t\t\t\t<div class=\"e-con-inner\">\n\t\t\t\t<div class=\"elementor-element elementor-element-7b6cf88c color-scheme-inherit text-left elementor-widget elementor-widget-text-editor\" data-id=\"7b6cf88c\" data-element_type=\"widget\" data-e-type=\"widget\" data-widget_type=\"text-editor.default\">\n\t\t\t\t<div class=\"elementor-widget-container\">\n\t\t\t\t\t\t\t\t\t<h2 data-pm-slice=\"1 1 []\">Teamhelp Help Desk SaaS Elementor Kit<\/h2><p data-pm-slice=\"1 1 []\">Es una soluci\u00f3n integral dise\u00f1ada para crear sitios web de soporte t\u00e9cnico y atenci\u00f3n al cliente para plataformas SaaS. Este kit proporciona plantillas y herramientas avanzadas que facilitan la creaci\u00f3n de p\u00e1ginas profesionales, sin necesidad de conocimientos t\u00e9cnicos profundos.<\/p><h3><strong>\u00bfQu\u00e9 es Teamhelp Help Desk SaaS Elementor Kit?<\/strong><\/h3><p>Teamhelp Help Desk SaaS Elementor Kit es un conjunto de plantillas predise\u00f1adas compatibles con Elementor, ideal para crear portales de soporte, centros de ayuda y p\u00e1ginas de contacto. Su dise\u00f1o est\u00e1 optimizado para empresas de software como servicio (SaaS), ofreciendo soluciones funcionales y est\u00e9ticamente atractivas.<\/p><h3><strong>Beneficios de Teamhelp Help Desk SaaS Elementor Kit<\/strong><\/h3><ul data-spread=\"false\"><li><p>Experiencia profesional: Plantillas adaptadas para cubrir necesidades de atenci\u00f3n al cliente, desde preguntas frecuentes hasta tickets de soporte.<\/p><\/li><li><p>F\u00e1cil personalizaci\u00f3n: Ajusta todos los elementos visuales con la interfaz de arrastrar y soltar de Elementor.<\/p><\/li><li><p>SEO optimizado: Estructuras preparadas para mejorar tu posicionamiento en buscadores.<\/p><\/li><li><p>Dise\u00f1o responsive: Adaptaci\u00f3n completa a m\u00f3viles, tabletas y ordenadores.<\/p><\/li><li><p>Compatibilidad total: Funciona con plugins esenciales como formularios, chat en vivo y sistemas CRM.<\/p><\/li><\/ul><h3><strong>Caracter\u00edsticas de Teamhelp Help Desk SaaS Elementor Kit<\/strong><\/h3><ul data-spread=\"false\"><li><p><strong>Inicio atractivo:<\/strong> Plantillas para resaltar servicios y guiar a los usuarios.<\/p><\/li><li><p><strong>Base de conocimiento:<\/strong> Secciones para art\u00edculos de ayuda y documentaci\u00f3n.<\/p><\/li><li><p><strong>Formularios inteligentes:<\/strong> Soluciones adaptables para solicitudes y tickets.<\/p><\/li><li><p><strong>Testimonios de clientes:<\/strong> Bloques integrados para rese\u00f1as y opiniones.<\/p><\/li><li><p><strong>Integraci\u00f3n de chat:<\/strong> Widgets listos para agregar soporte en tiempo real.<\/p><\/li><\/ul><p>Teamhelp Help Desk SaaS Elementor Kit es la opci\u00f3n perfecta para negocios SaaS que buscan ofrecer atenci\u00f3n al cliente eficaz y profesional. Con sus completas plantillas y facilidad de uso, podr\u00e1s crear un sitio web eficiente y bien posicionado en buscadores.<\/p><h3>Plugins Necesarios para Teamhelp Help Desk SaaS Elementor Kit<\/h3><ul><li>Elementor Pro es necesario para algunos templates y caracter\u00edsticas (no incluido)<\/li><\/ul><h3>C\u00f3mo Utilizar Teamhelp Help Desk SaaS Elementor Kit<\/h3><ul><li>Download the &quot;Envato Elements&quot; or &quot;Template Kit Import&quot; plugin from the WordPress repository.<\/li><li>Import your purchased Elementor Template Kit.<\/li><li>Load the global styles and use everything as you wish when creating a new page.<\/li><\/ul>\t\t\t\t\t\t\t\t<\/div>\n\t\t\t\t<\/div>\n\t\t\t\t\t<\/div>\n\t\t\t\t<\/div>\n\t\t\t\t<\/div>","protected":false},"excerpt":{"rendered":"<p>Teamhelp Help Desk SaaS Elementor Kit Es una soluci\u00f3n integral dise\u00f1ada para crear sitios web de soporte t\u00e9cnico y atenci\u00f3n<\/p>","protected":false},"featured_media":68631,"comment_status":"closed","ping_status":"closed","template":"","meta":{"_acf_changed":false},"product_brand":[],"product_cat":[457],"product_tag":[149],"class_list":{"0":"post-68627","1":"product","2":"type-product","3":"status-publish","4":"has-post-thumbnail","6":"product_cat-elementor-template-kit","7":"product_tag-plugins-para-comunicacion-y-soporte","8":"pa_autores-themeforest","10":"first","11":"instock","12":"sale","13":"downloadable","14":"virtual","15":"sold-individually","16":"purchasable","17":"product-type-simple"},"acf":[],"_links":{"self":[{"href":"https:\/\/wpclub.pro\/en\/wp-json\/wp\/v2\/product\/68627","targetHints":{"allow":["GET"]}}],"collection":[{"href":"https:\/\/wpclub.pro\/en\/wp-json\/wp\/v2\/product"}],"about":[{"href":"https:\/\/wpclub.pro\/en\/wp-json\/wp\/v2\/types\/product"}],"replies":[{"embeddable":true,"href":"https:\/\/wpclub.pro\/en\/wp-json\/wp\/v2\/comments?post=68627"}],"version-history":[{"count":0,"href":"https:\/\/wpclub.pro\/en\/wp-json\/wp\/v2\/product\/68627\/revisions"}],"wp:featuredmedia":[{"embeddable":true,"href":"https:\/\/wpclub.pro\/en\/wp-json\/wp\/v2\/media\/68631"}],"wp:attachment":[{"href":"https:\/\/wpclub.pro\/en\/wp-json\/wp\/v2\/media?parent=68627"}],"wp:term":[{"taxonomy":"product_brand","embeddable":true,"href":"https:\/\/wpclub.pro\/en\/wp-json\/wp\/v2\/product_brand?post=68627"},{"taxonomy":"product_cat","embeddable":true,"href":"https:\/\/wpclub.pro\/en\/wp-json\/wp\/v2\/product_cat?post=68627"},{"taxonomy":"product_tag","embeddable":true,"href":"https:\/\/wpclub.pro\/en\/wp-json\/wp\/v2\/product_tag?post=68627"}],"curies":[{"name":"wp","href":"https:\/\/api.w.org\/{rel}","templated":true}]}}